{"id":991,"date":"2011-10-30T11:44:25","date_gmt":"2011-10-30T09:44:25","guid":{"rendered":"http:\/\/xn--hftessamlarna-bfb.se\/?page_id=991"},"modified":"2014-10-13T11:00:53","modified_gmt":"2014-10-13T10:00:53","slug":"h555-nobelpris-i-litteratur","status":"publish","type":"page","link":"https:\/\/xn--hftessamlarna-bfb.se\/?page_id=991","title":{"rendered":"H555 Nobelpris i litteratur"},"content":{"rendered":"<p><a href=\"http:\/\/xn--hftessamlarna-bfb.se\/wp-content\/uploads\/H555.jpg\" rel=\"attachment wp-att-2244\"><img loading=\"lazy\" decoding=\"async\" class=\"aligncenter wp-image-2244 size-full\" title=\"H555\" src=\"http:\/\/xn--hftessamlarna-bfb.se\/wp-content\/uploads\/H555.jpg\" alt=\"\" width=\"960\" height=\"548\" srcset=\"https:\/\/xn--hftessamlarna-bfb.se\/wp-content\/uploads\/H555.jpg 960w, https:\/\/xn--hftessamlarna-bfb.se\/wp-content\/uploads\/H555-150x85.jpg 150w, https:\/\/xn--hftessamlarna-bfb.se\/wp-content\/uploads\/H555-300x171.jpg 300w, https:\/\/xn--hftessamlarna-bfb.se\/wp-content\/uploads\/H555-500x285.jpg 500w\" sizes=\"auto, (max-width: 960px) 100vw, 960px\" \/><\/a>Utgivningsdag 2004-10-01<br \/>\nF 2439 &#8211; 2442<br \/>\nSamutg\u00e5va Sverige \u2013 Irland<br \/>\n4 x 10 kr, fyra motiv<br \/>\nTryckta i kombination 1 f\u00e4rg st\u00e5ltryck och 4 f\u00e4rger offset i 3:e Goebelpressen.<br \/>\nOmslaget \u00e4r tryckt i Giebelerpressen.<br \/>\n14 punkters streckperforering.<br \/>\n53,7 mm\u00a0breda, 14 inlagor\/varv, 1 kn per varv.<\/p>\n<h2>Typer<\/h2>\n<p><strong>A<\/strong> Sl\u00e4tt omslag utan punktm\u00f6nster p\u00e5 sidan 1.<br \/>\n<strong>A:0<\/strong> Kantremsa utan extra perforeringsh\u00e5l.<br \/>\n<strong>A:1<\/strong> Kantremsa med \u00bd extra perforeringsh\u00e5l l\u00e4ngst ut. Ovanligare.<br \/>\n<strong><br \/>\nB<\/strong> Omslag med punktm\u00f6nster p\u00e5 sidan 1<\/p>\n<p>H555B med punktm\u00f6nster p\u00e5 framsidan \u00e4r ovanlig. En liten del av h\u00e4ftena har del av perforeringsh\u00e5l i kanten av KR (H555A:1, ej k\u00e4nt f\u00f6r H555B). Det \u00e4r 2*14 inlagor per cylindervarv. Det finns hela cyls 1 och 2 p\u00e5 b\u00e5de \u00f6vre och undre cylinderhalvan. Man har satt ett kn per cylindervarv p\u00e5 IR.<\/p>\n<h2>Markeringar<\/h2>\n<p><strong>A:0<\/strong><br \/>\nRT 7,2 x 1,8 mm svart<br \/>\ncyls 1 (p\u00e5 KR)<br \/>\ncyls 2 (p\u00e5 KR)<br \/>\nhelt kn BS p\u00e5 IR<\/p>\n<p><strong>A:1<\/strong><br \/>\nRT 7,2 x 1,8 mm svart<br \/>\ncyls 1 (p\u00e5 KR)<br \/>\ncyls 2 (p\u00e5 KR)<br \/>\nhelt kn BS p\u00e5 IR<strong><br \/>\n<\/strong><\/p>\n<p><strong>B<\/strong><br \/>\nRT 7,2 x 1,8 mm svart<br \/>\ncyls 1 (p\u00e5 KR)<br \/>\ncyls 2 (p\u00e5 KR)<br \/>\nhelt kn BS p\u00e5 IR<\/p>\n<h2>K\u00e4nda kombinationer<\/h2>\n<p><a href=\"http:\/\/xn--hftessamlarna-bfb.se\/wp-content\/uploads\/H555tabell.jpg\"><img loading=\"lazy\" decoding=\"async\" class=\"alignleft wp-image-4653 size-large\" src=\"http:\/\/xn--hftessamlarna-bfb.se\/wp-content\/uploads\/H555tabell-1024x262.jpg\" alt=\"H555tabell\" width=\"584\" height=\"149\" srcset=\"https:\/\/xn--hftessamlarna-bfb.se\/wp-content\/uploads\/H555tabell-1024x262.jpg 1024w, https:\/\/xn--hftessamlarna-bfb.se\/wp-content\/uploads\/H555tabell-150x38.jpg 150w, https:\/\/xn--hftessamlarna-bfb.se\/wp-content\/uploads\/H555tabell-300x76.jpg 300w, https:\/\/xn--hftessamlarna-bfb.se\/wp-content\/uploads\/H555tabell-500x127.jpg 500w, https:\/\/xn--hftessamlarna-bfb.se\/wp-content\/uploads\/H555tabell.jpg 1235w\" sizes=\"auto, (max-width: 584px) 100vw, 584px\" \/><\/a><\/p>\n","protected":false},"excerpt":{"rendered":"<p>Utgivningsdag 2004-10-01 F 2439 &#8211; 2442 Samutg\u00e5va Sverige \u2013 Irland 4 x 10 kr, fyra motiv Tryckta i kombination 1 f\u00e4rg st\u00e5ltryck och 4 f\u00e4rger offset i 3:e Goebelpressen. Omslaget \u00e4r tryckt i Giebelerpressen. 14 punkters streckperforering. 53,7 mm\u00a0breda, 14 &hellip; <a href=\"https:\/\/xn--hftessamlarna-bfb.se\/?page_id=991\">Forts\u00e4tt l\u00e4sa <span class=\"meta-nav\">&rarr;<\/span><\/a><\/p>\n","protected":false},"author":1,"featured_media":0,"parent":2372,"menu_order":555,"comment_status":"open","ping_status":"open","template":"","meta":{"footnotes":""},"class_list":["post-991","page","type-page","status-publish","hentry"],"_links":{"self":[{"href":"https:\/\/xn--hftessamlarna-bfb.se\/index.php?rest_route=\/wp\/v2\/pages\/991","targetHints":{"allow":["GET"]}}],"collection":[{"href":"https:\/\/xn--hftessamlarna-bfb.se\/index.php?rest_route=\/wp\/v2\/pages"}],"about":[{"href":"https:\/\/xn--hftessamlarna-bfb.se\/index.php?rest_route=\/wp\/v2\/types\/page"}],"author":[{"embeddable":true,"href":"https:\/\/xn--hftessamlarna-bfb.se\/index.php?rest_route=\/wp\/v2\/users\/1"}],"replies":[{"embeddable":true,"href":"https:\/\/xn--hftessamlarna-bfb.se\/index.php?rest_route=%2Fwp%2Fv2%2Fcomments&post=991"}],"version-history":[{"count":0,"href":"https:\/\/xn--hftessamlarna-bfb.se\/index.php?rest_route=\/wp\/v2\/pages\/991\/revisions"}],"up":[{"embeddable":true,"href":"https:\/\/xn--hftessamlarna-bfb.se\/index.php?rest_route=\/wp\/v2\/pages\/2372"}],"wp:attachment":[{"href":"https:\/\/xn--hftessamlarna-bfb.se\/index.php?rest_route=%2Fwp%2Fv2%2Fmedia&parent=991"}],"curies":[{"name":"wp","href":"https:\/\/api.w.org\/{rel}","templated":true}]}}