{"id":972,"date":"2011-10-30T11:28:47","date_gmt":"2011-10-30T09:28:47","guid":{"rendered":"http:\/\/xn--hftessamlarna-bfb.se\/?page_id=972"},"modified":"2017-10-02T12:39:23","modified_gmt":"2017-10-02T11:39:23","slug":"h560-svenska-frimarket-150-ar","status":"publish","type":"page","link":"https:\/\/xn--hftessamlarna-bfb.se\/?page_id=972","title":{"rendered":"H560 Svenska frim\u00e4rket 150 \u00e5r"},"content":{"rendered":"<p><a href=\"http:\/\/xn--hftessamlarna-bfb.se\/wp-content\/uploads\/H560.jpg\" rel=\"attachment wp-att-2255\"><img loading=\"lazy\" decoding=\"async\" class=\"aligncenter wp-image-2255 size-full\" title=\"H560\" src=\"http:\/\/xn--hftessamlarna-bfb.se\/wp-content\/uploads\/H560.jpg\" alt=\"\" width=\"960\" height=\"763\" srcset=\"https:\/\/xn--hftessamlarna-bfb.se\/wp-content\/uploads\/H560.jpg 960w, https:\/\/xn--hftessamlarna-bfb.se\/wp-content\/uploads\/H560-150x119.jpg 150w, https:\/\/xn--hftessamlarna-bfb.se\/wp-content\/uploads\/H560-300x238.jpg 300w, https:\/\/xn--hftessamlarna-bfb.se\/wp-content\/uploads\/H560-377x300.jpg 377w\" sizes=\"auto, (max-width: 960px) 100vw, 960px\" \/><\/a>Utgivningsdag 2005-05-26<br \/>\nF 2491 &#8211; 2498<br \/>\n8\u00a0 inrikes brev, \u00e5tta motiv<br \/>\nFrim\u00e4rkena i det v\u00e4nstra blocket \u00e4r tryckta i 4 f\u00e4rger offset, medan frim\u00e4rkena i det h\u00f6gra blocket \u00e4r tryckta i kombination 1 f\u00e4rg st\u00e5ltryck och 4 f\u00e4rger offset i 3:e Goebelpressen. H\u00e4ftesomslaget \u00e4r tryckt i Giebelerpressen.<br \/>\n20 punkters streckperforering i rygg<br \/>\nSid I med punktm\u00f6nster<br \/>\n75,0 mm\u00a0breda, 10 inlagor\/varv, 1 kn per varv<\/p>\n<h2>Typer<\/h2>\n<p><strong>A<\/strong> Sl\u00e4tt omslag<br \/>\n<strong>B<\/strong> Omslag med punktm\u00f6nster<\/p>\n<h2>Markeringar<\/h2>\n<p>delat regm<br \/>\nRT 7,2 x 1,8 mm svart<br \/>\ncyls 1 (mellan blocken)<br \/>\ncyls 2 (mellan blocken)<br \/>\nhelt kn BS p\u00e5 KR<\/p>\n<h2>Bild p\u00e5 variant<\/h2>\n<div id=\"attachment_4673\" style=\"width: 310px\" class=\"wp-caption alignleft\"><a href=\"http:\/\/xn--hftessamlarna-bfb.se\/wp-content\/uploads\/H560punkter.jpg\"><img loading=\"lazy\" decoding=\"async\" aria-describedby=\"caption-attachment-4673\" class=\"wp-image-4673 size-medium\" src=\"http:\/\/xn--hftessamlarna-bfb.se\/wp-content\/uploads\/H560punkter-300x226.jpg\" alt=\"H560punkter\" width=\"300\" height=\"226\" srcset=\"https:\/\/xn--hftessamlarna-bfb.se\/wp-content\/uploads\/H560punkter-300x226.jpg 300w, https:\/\/xn--hftessamlarna-bfb.se\/wp-content\/uploads\/H560punkter-150x113.jpg 150w, https:\/\/xn--hftessamlarna-bfb.se\/wp-content\/uploads\/H560punkter-398x300.jpg 398w, https:\/\/xn--hftessamlarna-bfb.se\/wp-content\/uploads\/H560punkter.jpg 649w\" sizes=\"auto, (max-width: 300px) 100vw, 300px\" \/><\/a><p id=\"caption-attachment-4673\" class=\"wp-caption-text\">f\u00f6rutom det vanliga punktm\u00f6nstret har gula sm\u00e5 prickar<\/p><\/div>\n<h2>Mer fakta om utgivningen<\/h2>\n<p>De f\u00f6rsta svenska frim\u00e4rkena gavs ut den 1 juli 1855. Avgiften var d\u00e5 fyra skilling banco f\u00f6r brev upp till drygt 16 gram. N\u00e4r Sveriges riksdag beslutade att enhetsporto skulle inf\u00f6ras, fanns det redan frim\u00e4rken i ett femtiotal andra l\u00e4nder. V\u00e4rldens f\u00f6rsta frim\u00e4rke var det engelska One Penny Black, som gavs ut \u00e5r 1840. Inf\u00f6randet av enhetsportot gjorde det m\u00f6jligt att skicka brev inom hela Sverige till samma porto. Det innebar en samh\u00e4llsrevolution eftersom rik som fattig nu kunde anv\u00e4nda brevet som kommunikationsmedel till samma kostnad.<\/p>\n<p>Den f\u00f6rsta svenska frim\u00e4rksutg\u00e5van bestod av fem val\u00f6rer skilling banco, med riksvapnet som motiv. Redan tre \u00e5r senare ersattes skillingfrim\u00e4rkena av liknande frim\u00e4rken med val\u00f6rangivelsen i \u00f6ren. Idag har de f\u00f6rsta svenska frim\u00e4rkena ett h\u00f6gt samlarv\u00e4rde, d\u00e4r kronan p\u00e5 verket \u00e4r det feltryck som resulterade i en gul treskilling banco. Treskillingen skulle egentligen vara gr\u00f6n. Idag \u00e4r den gula treskillingen v\u00e4rldens mest dyrbara f\u00f6rem\u00e5l m\u00e4tt i kronor per kilo.<\/p>\n<p>Posten firar frim\u00e4rkets 150-\u00e5rsjubileum genom att ge ut jubileumsutg\u00e5van Svenska frim\u00e4rket 150 \u00e5r i ett h\u00e4fte om \u00e5tta motiv. P\u00e5 fyra motiv syns detaljer fr\u00e5n k\u00e4nda svenska frim\u00e4rken ur tidigare utgivningar. H\u00e4r ligger fokus p\u00e5 frim\u00e4rkets form och konstn\u00e4rliga uttryck. Motiven visar <strong>Damen med sl\u00f6jan<\/strong> fr\u00e5n utg\u00e5van Gustaviansk konst \u00e5r 1972, <strong>5 \u00f6re<\/strong> fr\u00e5n utg\u00e5van Ny siffertyp \u00e5r 1951, <strong>Postryttaren<\/strong> fr\u00e5n utg\u00e5van Postverkets 300-\u00e5rsjubileum \u00e5r 1936 och <strong>Fj\u00e4llkvanne<\/strong> fr\u00e5n utg\u00e5van Fj\u00e4llv\u00e4rd \u00e5r 1984.<\/p>\n","protected":false},"excerpt":{"rendered":"<p>Utgivningsdag 2005-05-26 F 2491 &#8211; 2498 8\u00a0 inrikes brev, \u00e5tta motiv Frim\u00e4rkena i det v\u00e4nstra blocket \u00e4r tryckta i 4 f\u00e4rger offset, medan frim\u00e4rkena i det h\u00f6gra blocket \u00e4r tryckta i kombination 1 f\u00e4rg st\u00e5ltryck och 4 f\u00e4rger offset i &hellip; <a href=\"https:\/\/xn--hftessamlarna-bfb.se\/?page_id=972\">Forts\u00e4tt l\u00e4sa <span class=\"meta-nav\">&rarr;<\/span><\/a><\/p>\n","protected":false},"author":1,"featured_media":0,"parent":2372,"menu_order":560,"comment_status":"open","ping_status":"open","template":"","meta":{"footnotes":""},"class_list":["post-972","page","type-page","status-publish","hentry"],"_links":{"self":[{"href":"https:\/\/xn--hftessamlarna-bfb.se\/index.php?rest_route=\/wp\/v2\/pages\/972","targetHints":{"allow":["GET"]}}],"collection":[{"href":"https:\/\/xn--hftessamlarna-bfb.se\/index.php?rest_route=\/wp\/v2\/pages"}],"about":[{"href":"https:\/\/xn--hftessamlarna-bfb.se\/index.php?rest_route=\/wp\/v2\/types\/page"}],"author":[{"embeddable":true,"href":"https:\/\/xn--hftessamlarna-bfb.se\/index.php?rest_route=\/wp\/v2\/users\/1"}],"replies":[{"embeddable":true,"href":"https:\/\/xn--hftessamlarna-bfb.se\/index.php?rest_route=%2Fwp%2Fv2%2Fcomments&post=972"}],"version-history":[{"count":0,"href":"https:\/\/xn--hftessamlarna-bfb.se\/index.php?rest_route=\/wp\/v2\/pages\/972\/revisions"}],"up":[{"embeddable":true,"href":"https:\/\/xn--hftessamlarna-bfb.se\/index.php?rest_route=\/wp\/v2\/pages\/2372"}],"wp:attachment":[{"href":"https:\/\/xn--hftessamlarna-bfb.se\/index.php?rest_route=%2Fwp%2Fv2%2Fmedia&parent=972"}],"curies":[{"name":"wp","href":"https:\/\/api.w.org\/{rel}","templated":true}]}}