{"id":965,"date":"2011-10-30T11:20:53","date_gmt":"2011-10-30T09:20:53","guid":{"rendered":"http:\/\/xn--hftessamlarna-bfb.se\/?page_id=965"},"modified":"2023-09-30T11:08:24","modified_gmt":"2023-09-30T10:08:24","slug":"h562-alskade-mopeder","status":"publish","type":"page","link":"https:\/\/xn--hftessamlarna-bfb.se\/?page_id=965","title":{"rendered":"H562 \u00c4lskade mopeder"},"content":{"rendered":"<p><a href=\"https:\/\/xn--hftessamlarna-bfb.se\/wp-content\/uploads\/H-0562-header-2005.jpg\" rel=\"attachment wp-att-2251\"><img loading=\"lazy\" decoding=\"async\" class=\"alignnone wp-image-7267 size-full\" title=\"H562\" src=\"https:\/\/xn--hftessamlarna-bfb.se\/wp-content\/uploads\/H-0562-header-2005.jpg\" alt=\"\" width=\"960\" height=\"1149\" srcset=\"https:\/\/xn--hftessamlarna-bfb.se\/wp-content\/uploads\/H-0562-header-2005.jpg 960w, https:\/\/xn--hftessamlarna-bfb.se\/wp-content\/uploads\/H-0562-header-2005-251x300.jpg 251w, https:\/\/xn--hftessamlarna-bfb.se\/wp-content\/uploads\/H-0562-header-2005-856x1024.jpg 856w, https:\/\/xn--hftessamlarna-bfb.se\/wp-content\/uploads\/H-0562-header-2005-125x150.jpg 125w, https:\/\/xn--hftessamlarna-bfb.se\/wp-content\/uploads\/H-0562-header-2005-768x919.jpg 768w\" sizes=\"auto, (max-width: 960px) 100vw, 960px\" \/><\/a>Utgivningsdag 2005-09-24<br \/>\nF 2510 &#8211; 2517<br \/>\n8 \u00d7 5,50 kr, \u00e5tta motiv<br \/>\nDet \u00f6vre v\u00e4nstra frim\u00e4rket samt det nedre h\u00f6gra frim\u00e4rket i b\u00e5da blocken \u00e4r tryckta i 4 f\u00e4rger offset, medan de \u00f6vriga 4 frim\u00e4rkena \u00e4r tryckta i kombination 1 f\u00e4rg st\u00e5ltryck och 4 f\u00e4rger offset i 3:e Goebelpressen.<br \/>\nOmslaget \u00e4r tryckt i Giebelerpressen.<br \/>\n20 punkters streckperforering.<br \/>\n75 mm\u00a0breda, 10 inlagor\/varv, 1 kn per varv<\/p>\n<h2>Ny indelning juni 2018<\/h2>\n<p><strong>1<\/strong> Omslag med smutsig vitmedelsreaktion i UV-ljus<br \/>\n<strong>2<\/strong> Omslag med ren, vit vitmedelsreaktion i UV-ljus<\/p>\n<h2>Typer<\/h2>\n<p><strong>A<\/strong> Sid I utan punktm\u00f6nster<br \/>\n<strong>A1<\/strong> Omslag med smutsig vitmedelsreaktion i UV-ljus<br \/>\n<strong>A2<\/strong> Omslag med ren, vit vitmedelsreaktion i UV-ljus<\/p>\n<p><strong>B<\/strong> Sid I med punktm\u00f6nster<br \/>\n<strong>B1<\/strong> Omslag med smutsig vitmedelsreaktion i UV-ljus<\/p>\n<p>Tre varianter finns H562A1, H562A2 och H562B1 d\u00e4r siffran efter A eller B anger vitmedels reaktionen.<\/p>\n<h2>Markeringar<\/h2>\n<p><strong>A<\/strong><br \/>\nRT 7,2 \u00d7 1,8 mm svart<br \/>\ncyls 1 (p\u00e5 h\u00f6ger kant)<br \/>\ncyls 2 (p\u00e5 h\u00f6ger kant)<br \/>\nhelt kn BS p\u00e5 h\u00f6ger kant<\/p>\n<p><strong>B<\/strong><br \/>\nRT 7,2 \u00d7 1,8 mm svart<br \/>\ncyls 1 (p\u00e5 h\u00f6ger kant)<br \/>\ncyls 2 (p\u00e5 h\u00f6ger kant)<br \/>\nhelt kn BS p\u00e5 h\u00f6ger kant<\/p>\n<h2>Fakta om utgivningen<\/h2>\n<p>Tv\u00e5 hjul och en motor g\u00f6r kulturhistoria. Mopedernas storhetstid var mellan 1950 och 1970. Mopedlagen, som inf\u00f6rdes 1952. innebar att motoriserade cyklar kunde k\u00f6ras utan k\u00f6rkort, f\u00f6rs\u00e4kring och registrering. Det b\u00e4ddade f\u00f6r en rekordartad f\u00f6rs\u00e4ljning av mopeder som n\u00e5dde sin kulmen \u00e5r 1955 med 123 000 s\u00e5lda mopeder i Sverige. Mopeden blev snabbt en ungdomssymbol och bidrar \u00e4n idag till frihetsk\u00e4nslan hos m\u00e5nga unga. Efter v\u00e5rens och sommarens moped\u00e5kande ger Posten ut mopeder genom tiderna i frim\u00e4rksutg\u00e5van \u00c4lskade mopeder. P\u00e5 s\u00e5 s\u00e4tt kan vi njuta av dessa fordon \u00e4ven under den kallare delen av \u00e5ret.<\/p>\n<p>Frim\u00e4rkena motiv ges ut i ett h\u00e4fte om \u00e5tta frim\u00e4rken och lika m\u00e5nga motiv. Ol\u00f6f<br \/>\nBaldursdottir har formgivit efter fotografier av bl.a. Claes Johansson. Utg\u00e5van \u00e4r graverad av Lars Sj\u00f6\u00f6blom (Kuli), Piotr Nazrowski (Flakmoped), Martin M\u00f6rck (Fram, 60-tal, Crescent, Z\u00fcndap och EU-typ)\u00a0och Gunnar Nehls (Novolette). Fyra av frim\u00e4rkena trycks i en kombination av st\u00e5ltryck och offset och fyra trycks bara i offset. Val\u00f6ren \u00e4r 1:a klass inrikes brev.<\/p>\n<h2>L\u00e4s mer<\/h2>\n<p>L\u00e4nk till <a href=\"http:\/\/sv.wikipedia.org\/wiki\/Moped\" target=\"_blank\" rel=\"noopener\">Wikipedia<\/a><\/p>\n","protected":false},"excerpt":{"rendered":"<p>Utgivningsdag 2005-09-24 F 2510 &#8211; 2517 8 \u00d7 5,50 kr, \u00e5tta motiv Det \u00f6vre v\u00e4nstra frim\u00e4rket samt det nedre h\u00f6gra frim\u00e4rket i b\u00e5da blocken \u00e4r tryckta i 4 f\u00e4rger offset, medan de \u00f6vriga 4 frim\u00e4rkena \u00e4r tryckta i kombination 1 &hellip; <a href=\"https:\/\/xn--hftessamlarna-bfb.se\/?page_id=965\">Forts\u00e4tt l\u00e4sa <span class=\"meta-nav\">&rarr;<\/span><\/a><\/p>\n","protected":false},"author":1,"featured_media":0,"parent":2372,"menu_order":562,"comment_status":"open","ping_status":"open","template":"","meta":{"footnotes":""},"class_list":["post-965","page","type-page","status-publish","hentry"],"_links":{"self":[{"href":"https:\/\/xn--hftessamlarna-bfb.se\/index.php?rest_route=\/wp\/v2\/pages\/965","targetHints":{"allow":["GET"]}}],"collection":[{"href":"https:\/\/xn--hftessamlarna-bfb.se\/index.php?rest_route=\/wp\/v2\/pages"}],"about":[{"href":"https:\/\/xn--hftessamlarna-bfb.se\/index.php?rest_route=\/wp\/v2\/types\/page"}],"author":[{"embeddable":true,"href":"https:\/\/xn--hftessamlarna-bfb.se\/index.php?rest_route=\/wp\/v2\/users\/1"}],"replies":[{"embeddable":true,"href":"https:\/\/xn--hftessamlarna-bfb.se\/index.php?rest_route=%2Fwp%2Fv2%2Fcomments&post=965"}],"version-history":[{"count":0,"href":"https:\/\/xn--hftessamlarna-bfb.se\/index.php?rest_route=\/wp\/v2\/pages\/965\/revisions"}],"up":[{"embeddable":true,"href":"https:\/\/xn--hftessamlarna-bfb.se\/index.php?rest_route=\/wp\/v2\/pages\/2372"}],"wp:attachment":[{"href":"https:\/\/xn--hftessamlarna-bfb.se\/index.php?rest_route=%2Fwp%2Fv2%2Fmedia&parent=965"}],"curies":[{"name":"wp","href":"https:\/\/api.w.org\/{rel}","templated":true}]}}