{"id":959,"date":"2011-10-30T08:49:03","date_gmt":"2011-10-30T06:49:03","guid":{"rendered":"http:\/\/xn--hftessamlarna-bfb.se\/?page_id=959"},"modified":"2014-01-22T08:03:39","modified_gmt":"2014-01-22T07:03:39","slug":"h563-anglar-pa-millesgarden","status":"publish","type":"page","link":"https:\/\/xn--hftessamlarna-bfb.se\/?page_id=959","title":{"rendered":"H563 Julpost 2005 &#8211; \u00c4nglar p\u00e5 Millesg\u00e5rden"},"content":{"rendered":"<p><a href=\"http:\/\/xn--hftessamlarna-bfb.se\/?attachment_id=2828\" rel=\"attachment wp-att-2828\"><img loading=\"lazy\" decoding=\"async\" class=\"aligncenter size-full wp-image-2828\" title=\"H563\" alt=\"\" src=\"http:\/\/xn--hftessamlarna-bfb.se\/wp-content\/uploads\/H563.jpg\" width=\"960\" height=\"650\" srcset=\"https:\/\/xn--hftessamlarna-bfb.se\/wp-content\/uploads\/H563.jpg 960w, https:\/\/xn--hftessamlarna-bfb.se\/wp-content\/uploads\/H563-150x101.jpg 150w, https:\/\/xn--hftessamlarna-bfb.se\/wp-content\/uploads\/H563-300x203.jpg 300w, https:\/\/xn--hftessamlarna-bfb.se\/wp-content\/uploads\/H563-443x300.jpg 443w\" sizes=\"auto, (max-width: 960px) 100vw, 960px\" \/><\/a>Utgivningsdag 2005-11-10<br \/>\nF 2523 &#8211; 2526<br \/>\n4 x 10 kr, fyra motiv<br \/>\nTryckta i kombination 1 f\u00e4rg st\u00e5ltryck och 2 f\u00e4rger offset i 3:e Goebelpressen<br \/>\nOmslaget \u00e4r tryckt i Giebelerpressen<br \/>\n17 punkters streckperforering.<\/p>\n<h2>Typer<\/h2>\n<p><strong>A<\/strong> Sid I utan punktm\u00f6nster<br \/>\n<strong>B<\/strong> Sid I med punktm\u00f6nster<\/p>\n<h2>Markeringar<\/h2>\n<p><strong>A<br \/>\n<\/strong>delat regm<br \/>\nRT 7,2 x 1,4 mm svart (smalt)<br \/>\nRT 7,2 x 1,8 mm svart (brett)<br \/>\ncyls 1<br \/>\ncyls 2<br \/>\nhelt kn BS<\/p>\n<p><strong>B<br \/>\n<\/strong>delat regm<br \/>\nRT 7,2 x 1,4 mm svart (smalt)<br \/>\nRT 7,2 x 1,8 mm svart (brett)<br \/>\ncyls 1<br \/>\ncyls 2<br \/>\nhelt kn BS<\/p>\n<h2>Fakta om utgivningen<\/h2>\n<p>Carl Milles himmelska \u00c4nglar p\u00e5 Millesg\u00e5rden blir motiv p\u00e5 julens frim\u00e4rken f\u00f6r utrikes brev. Milles f\u00f6ddes \u00e5r 1875 p\u00e5 \u00d6rby G\u00e5rd i Uppland och b\u00f6rjade sin bana som snickarl\u00e4rling. Med ett sl\u00f6jdstipendium p\u00e5 200 kronor p\u00e5 fickan reste han till Paris, d\u00e4r han bland annat f\u00f6rs\u00f6rjde sig som ornamentsnickare. Han blev kvar i Paris i flera \u00e5r och inspirerades starkt av skulpt\u00f6ren Auguste Rodin.<\/p>\n<p>Med sina skulpturer vann Milles stora framg\u00e5ngar, bl.a. i USA d\u00e4r han ocks\u00e5 bodde under ett antal \u00e5r. Fr\u00e5n 1908 var Carl Milles och hans hustru Olga bosatta p\u00e5 Millesg\u00e5rden i norra Stockholm. H\u00e4r skapade han en milj\u00f6 med f\u00f6rebilder fr\u00e5n italienska ren\u00e4ssanstr\u00e4dg\u00e5rdar. Resultatet blev ett m\u00e4sterligt samspel mellan konst och natur &#8211; en skulpturpark med trappor, kolonner och font\u00e4ner inramad av en prunkande tr\u00e4dg\u00e5rd samt ett bostadshus med atelj\u00e9. Carl Milles dog 1955 och ligger begravd p\u00e5 Millesg\u00e5rden, som han sk\u00e4nkte till svenska folket \u00e5r 1936.<\/p>\n<p>Frim\u00e4rksmotiven \u00e4r h\u00e4mtade fr\u00e5n skulpturgruppen &#8221;Musicerande \u00e4nglar&#8221; fr\u00e5n 1948, som finns att se p\u00e5 Millesg\u00e5rden i Stockholm. Konstverk av Carl Milles har \u00e4ven tidigare getts ut p\u00e5 frim\u00e4rke. Till minnet av 100-\u00e5rsdagen f\u00f6r Milles f\u00f6delse gav Posten ut statyn Folke Filbyter p\u00e5 frim\u00e4rke och Milles byst av Hugo Alfv\u00e9n gavs ut p\u00e5<br \/>\nfrim\u00e4rke \u00e5r 1972.<\/p>\n<h2>L\u00e4s mer<\/h2>\n<p>L\u00e4nk till <a href=\"http:\/\/sv.wikipedia.org\/wiki\/Millesg%C3%A5rden\" target=\"_blank\">Wikipedia<\/a><\/p>\n","protected":false},"excerpt":{"rendered":"<p>Utgivningsdag 2005-11-10 F 2523 &#8211; 2526 4 x 10 kr, fyra motiv Tryckta i kombination 1 f\u00e4rg st\u00e5ltryck och 2 f\u00e4rger offset i 3:e Goebelpressen Omslaget \u00e4r tryckt i Giebelerpressen 17 punkters streckperforering. Typer A Sid I utan punktm\u00f6nster B &hellip; <a href=\"https:\/\/xn--hftessamlarna-bfb.se\/?page_id=959\">Forts\u00e4tt l\u00e4sa <span class=\"meta-nav\">&rarr;<\/span><\/a><\/p>\n","protected":false},"author":1,"featured_media":0,"parent":2372,"menu_order":563,"comment_status":"open","ping_status":"open","template":"","meta":{"footnotes":""},"class_list":["post-959","page","type-page","status-publish","hentry"],"_links":{"self":[{"href":"https:\/\/xn--hftessamlarna-bfb.se\/index.php?rest_route=\/wp\/v2\/pages\/959","targetHints":{"allow":["GET"]}}],"collection":[{"href":"https:\/\/xn--hftessamlarna-bfb.se\/index.php?rest_route=\/wp\/v2\/pages"}],"about":[{"href":"https:\/\/xn--hftessamlarna-bfb.se\/index.php?rest_route=\/wp\/v2\/types\/page"}],"author":[{"embeddable":true,"href":"https:\/\/xn--hftessamlarna-bfb.se\/index.php?rest_route=\/wp\/v2\/users\/1"}],"replies":[{"embeddable":true,"href":"https:\/\/xn--hftessamlarna-bfb.se\/index.php?rest_route=%2Fwp%2Fv2%2Fcomments&post=959"}],"version-history":[{"count":0,"href":"https:\/\/xn--hftessamlarna-bfb.se\/index.php?rest_route=\/wp\/v2\/pages\/959\/revisions"}],"up":[{"embeddable":true,"href":"https:\/\/xn--hftessamlarna-bfb.se\/index.php?rest_route=\/wp\/v2\/pages\/2372"}],"wp:attachment":[{"href":"https:\/\/xn--hftessamlarna-bfb.se\/index.php?rest_route=%2Fwp%2Fv2%2Fmedia&parent=959"}],"curies":[{"name":"wp","href":"https:\/\/api.w.org\/{rel}","templated":true}]}}