{"id":955,"date":"2011-10-30T08:43:27","date_gmt":"2011-10-30T06:43:27","guid":{"rendered":"http:\/\/xn--hftessamlarna-bfb.se\/?page_id=955"},"modified":"2013-12-16T13:46:23","modified_gmt":"2013-12-16T12:46:23","slug":"h563-harliga-tag","status":"publish","type":"page","link":"https:\/\/xn--hftessamlarna-bfb.se\/?page_id=955","title":{"rendered":"H564 Tuffa t\u00e5g"},"content":{"rendered":"<p><a href=\"http:\/\/xn--hftessamlarna-bfb.se\/?attachment_id=2829\" rel=\"attachment wp-att-2829\"><img loading=\"lazy\" decoding=\"async\" class=\"aligncenter size-full wp-image-2829\" title=\"H564\" alt=\"\" src=\"http:\/\/xn--hftessamlarna-bfb.se\/wp-content\/uploads\/H564.jpg\" width=\"960\" height=\"459\" srcset=\"https:\/\/xn--hftessamlarna-bfb.se\/wp-content\/uploads\/H564.jpg 960w, https:\/\/xn--hftessamlarna-bfb.se\/wp-content\/uploads\/H564-150x71.jpg 150w, https:\/\/xn--hftessamlarna-bfb.se\/wp-content\/uploads\/H564-300x143.jpg 300w, https:\/\/xn--hftessamlarna-bfb.se\/wp-content\/uploads\/H564-500x239.jpg 500w\" sizes=\"auto, (max-width: 960px) 100vw, 960px\" \/><\/a>Utgivningsdag 2006-01-26<br \/>\nF 2531 &#8211; 2535<br \/>\n10 x inrikes brev, 5 motiv<br \/>\nTryckta i kombination 1 f\u00e4rg st\u00e5ltryck och 4 f\u00e4rger offset i 3:e Goebelpressen.<br \/>\nOmslaget \u00e4r tryckt i Giebelerpressen.<br \/>\n12 punkters streckperforering.<\/p>\n<h2>Typer<\/h2>\n<p><strong>A<\/strong> Ogl\u00e4ttat eller n\u00e5got gl\u00e4ttat omslag, 5-siffrigt kontrollnummer<br \/>\n<strong>B<\/strong> Gl\u00e4ttat omslag, mattare &#8221;gr\u00f6naktig&#8221; bl\u00e5ton \u00f6ver bilden, 6-siffrigt kontrollnummer<\/p>\n<div id=\"attachment_3932\" style=\"width: 287px\" class=\"wp-caption alignleft\"><a href=\"http:\/\/xn--hftessamlarna-bfb.se\/?attachment_id=3932\" rel=\"attachment wp-att-3932\"><img loading=\"lazy\" decoding=\"async\" aria-describedby=\"caption-attachment-3932\" class=\" wp-image-3932  \" alt=\"H564AB\" src=\"http:\/\/xn--hftessamlarna-bfb.se\/wp-content\/uploads\/H564AB.jpg\" width=\"277\" height=\"292\" srcset=\"https:\/\/xn--hftessamlarna-bfb.se\/wp-content\/uploads\/H564AB.jpg 960w, https:\/\/xn--hftessamlarna-bfb.se\/wp-content\/uploads\/H564AB-142x150.jpg 142w, https:\/\/xn--hftessamlarna-bfb.se\/wp-content\/uploads\/H564AB-284x300.jpg 284w\" sizes=\"auto, (max-width: 277px) 100vw, 277px\" \/><\/a><p id=\"caption-attachment-3932\" class=\"wp-caption-text\">Omslag A &#8211; B<\/p><\/div>\n<h2>Markeringar<\/h2>\n<p><strong>A<\/strong><br \/>\nRT 7,2 x 1,8 mm svart<br \/>\ncyls 1<br \/>\ncyls 2 fot\/slinga<br \/>\nHelt 5-siffrigt kn BS, gammal 6\/9<\/p>\n<p><strong>B<\/strong><br \/>\nRT 7,2 x 1,8 mm svart<br \/>\ncyls 1<br \/>\ncyls 2 fot\/slinga<br \/>\nHelt 6-siffrigt kn BS, gammal 6\/9<\/p>\n<h2>Nyanser p\u00e5 omslag<\/h2>\n<p>Tydligen kan nyansen p\u00e5 omslag skifta:<\/p>\n<div id=\"attachment_3958\" style=\"width: 343px\" class=\"wp-caption alignleft\"><a href=\"http:\/\/xn--hftessamlarna-bfb.se\/?attachment_id=3958\" rel=\"attachment wp-att-3958\"><img loading=\"lazy\" decoding=\"async\" aria-describedby=\"caption-attachment-3958\" class=\" wp-image-3958  \" alt=\"H564Aolikanyans\" src=\"http:\/\/xn--hftessamlarna-bfb.se\/wp-content\/uploads\/H564Aolikanyans.jpg\" width=\"333\" height=\"348\" srcset=\"https:\/\/xn--hftessamlarna-bfb.se\/wp-content\/uploads\/H564Aolikanyans.jpg 1156w, https:\/\/xn--hftessamlarna-bfb.se\/wp-content\/uploads\/H564Aolikanyans-143x150.jpg 143w, https:\/\/xn--hftessamlarna-bfb.se\/wp-content\/uploads\/H564Aolikanyans-287x300.jpg 287w, https:\/\/xn--hftessamlarna-bfb.se\/wp-content\/uploads\/H564Aolikanyans-979x1024.jpg 979w\" sizes=\"auto, (max-width: 333px) 100vw, 333px\" \/><\/a><p id=\"caption-attachment-3958\" class=\"wp-caption-text\">B\u00e5da dessa \u00e4r typ A med 5-siffriga kn<\/p><\/div>\n<p>&nbsp;<\/p>\n","protected":false},"excerpt":{"rendered":"<p>Utgivningsdag 2006-01-26 F 2531 &#8211; 2535 10 x inrikes brev, 5 motiv Tryckta i kombination 1 f\u00e4rg st\u00e5ltryck och 4 f\u00e4rger offset i 3:e Goebelpressen. Omslaget \u00e4r tryckt i Giebelerpressen. 12 punkters streckperforering. Typer A Ogl\u00e4ttat eller n\u00e5got gl\u00e4ttat omslag, &hellip; <a href=\"https:\/\/xn--hftessamlarna-bfb.se\/?page_id=955\">Forts\u00e4tt l\u00e4sa <span class=\"meta-nav\">&rarr;<\/span><\/a><\/p>\n","protected":false},"author":1,"featured_media":0,"parent":2372,"menu_order":563,"comment_status":"open","ping_status":"open","template":"","meta":{"footnotes":""},"class_list":["post-955","page","type-page","status-publish","hentry"],"_links":{"self":[{"href":"https:\/\/xn--hftessamlarna-bfb.se\/index.php?rest_route=\/wp\/v2\/pages\/955","targetHints":{"allow":["GET"]}}],"collection":[{"href":"https:\/\/xn--hftessamlarna-bfb.se\/index.php?rest_route=\/wp\/v2\/pages"}],"about":[{"href":"https:\/\/xn--hftessamlarna-bfb.se\/index.php?rest_route=\/wp\/v2\/types\/page"}],"author":[{"embeddable":true,"href":"https:\/\/xn--hftessamlarna-bfb.se\/index.php?rest_route=\/wp\/v2\/users\/1"}],"replies":[{"embeddable":true,"href":"https:\/\/xn--hftessamlarna-bfb.se\/index.php?rest_route=%2Fwp%2Fv2%2Fcomments&post=955"}],"version-history":[{"count":0,"href":"https:\/\/xn--hftessamlarna-bfb.se\/index.php?rest_route=\/wp\/v2\/pages\/955\/revisions"}],"up":[{"embeddable":true,"href":"https:\/\/xn--hftessamlarna-bfb.se\/index.php?rest_route=\/wp\/v2\/pages\/2372"}],"wp:attachment":[{"href":"https:\/\/xn--hftessamlarna-bfb.se\/index.php?rest_route=%2Fwp%2Fv2%2Fmedia&parent=955"}],"curies":[{"name":"wp","href":"https:\/\/api.w.org\/{rel}","templated":true}]}}