{"id":906,"date":"2011-10-30T08:05:12","date_gmt":"2011-10-30T06:05:12","guid":{"rendered":"http:\/\/xn--hftessamlarna-bfb.se\/?page_id=906"},"modified":"2014-10-13T11:19:43","modified_gmt":"2014-10-13T10:19:43","slug":"h566-brevet-fran-sverige","status":"publish","type":"page","link":"https:\/\/xn--hftessamlarna-bfb.se\/?page_id=906","title":{"rendered":"H566 Europa 2006 \u2013 Brevet fr\u00e5n Sverige"},"content":{"rendered":"<p><a href=\"http:\/\/xn--hftessamlarna-bfb.se\/wp-content\/uploads\/H566.jpg\" rel=\"attachment wp-att-917\"><img loading=\"lazy\" decoding=\"async\" class=\"aligncenter wp-image-917 size-full\" title=\"H566\" src=\"http:\/\/xn--hftessamlarna-bfb.se\/wp-content\/uploads\/H566.jpg\" alt=\"\" width=\"960\" height=\"561\" srcset=\"https:\/\/xn--hftessamlarna-bfb.se\/wp-content\/uploads\/H566.jpg 960w, https:\/\/xn--hftessamlarna-bfb.se\/wp-content\/uploads\/H566-150x87.jpg 150w, https:\/\/xn--hftessamlarna-bfb.se\/wp-content\/uploads\/H566-300x175.jpg 300w, https:\/\/xn--hftessamlarna-bfb.se\/wp-content\/uploads\/H566-500x292.jpg 500w\" sizes=\"auto, (max-width: 960px) 100vw, 960px\" \/><\/a>Utgivningsdag 2006-05-04<br \/>\nF 2557 &#8211; 2558<br \/>\n4 x 10 kr, tv\u00e5 motiv<br \/>\nTryckta i 4 f\u00e4rger offset i 3:e Goebelpressen.<br \/>\nH\u00e4ftesomslaget \u00e4r tryckt i Giebelerpressen.<br \/>\n14 punkters streckperforering<br \/>\n53,7 mm\u00a0breda, 14 inlagor\/varv, 1 kn per varv.<\/p>\n<h2>Markeringar<\/h2>\n<p>RT 7,2 x 1,8 mm svart<br \/>\ncyls 1 (p\u00e5 KR)<br \/>\ncyls 2 (p\u00e5 KR)<br \/>\nhelt kn BS p\u00e5 KR, gammal 6\/9<\/p>\n<h2>K\u00e4nda kombinationer<\/h2>\n<p><a href=\"http:\/\/xn--hftessamlarna-bfb.se\/wp-content\/uploads\/H566tabell.jpg\"><img loading=\"lazy\" decoding=\"async\" class=\"alignleft size-medium wp-image-4656\" src=\"http:\/\/xn--hftessamlarna-bfb.se\/wp-content\/uploads\/H566tabell-300x48.jpg\" alt=\"H566tabell\" width=\"300\" height=\"48\" srcset=\"https:\/\/xn--hftessamlarna-bfb.se\/wp-content\/uploads\/H566tabell-300x48.jpg 300w, https:\/\/xn--hftessamlarna-bfb.se\/wp-content\/uploads\/H566tabell-150x24.jpg 150w, https:\/\/xn--hftessamlarna-bfb.se\/wp-content\/uploads\/H566tabell-1024x167.jpg 1024w, https:\/\/xn--hftessamlarna-bfb.se\/wp-content\/uploads\/H566tabell-500x81.jpg 500w, https:\/\/xn--hftessamlarna-bfb.se\/wp-content\/uploads\/H566tabell.jpg 1054w\" sizes=\"auto, (max-width: 300px) 100vw, 300px\" \/><\/a><\/p>\n<h2>Mer fakta om utgivningen<\/h2>\n<p>H566 har 53,7 mm breda inlagor. Det \u00e4r 2*14 inlagor per cylindervarv. Den \u00f6vre halvan har regm med d=11,1 mm (fr\u00e5n regm till signatur) och den undre halvan (med kn) har d=11,4 mm. Det finns hela c1 och c2. Det \u00e4r ok\u00e4nt om de finns p\u00e5 b\u00e5da cylinderhalvorna. Man har satt ett kn per cylindervarv p\u00e5 KR.<\/p>\n","protected":false},"excerpt":{"rendered":"<p>Utgivningsdag 2006-05-04 F 2557 &#8211; 2558 4 x 10 kr, tv\u00e5 motiv Tryckta i 4 f\u00e4rger offset i 3:e Goebelpressen. H\u00e4ftesomslaget \u00e4r tryckt i Giebelerpressen. 14 punkters streckperforering 53,7 mm\u00a0breda, 14 inlagor\/varv, 1 kn per varv. Markeringar RT 7,2 x &hellip; <a href=\"https:\/\/xn--hftessamlarna-bfb.se\/?page_id=906\">Forts\u00e4tt l\u00e4sa <span class=\"meta-nav\">&rarr;<\/span><\/a><\/p>\n","protected":false},"author":1,"featured_media":0,"parent":2372,"menu_order":566,"comment_status":"open","ping_status":"open","template":"","meta":{"footnotes":""},"class_list":["post-906","page","type-page","status-publish","hentry"],"_links":{"self":[{"href":"https:\/\/xn--hftessamlarna-bfb.se\/index.php?rest_route=\/wp\/v2\/pages\/906","targetHints":{"allow":["GET"]}}],"collection":[{"href":"https:\/\/xn--hftessamlarna-bfb.se\/index.php?rest_route=\/wp\/v2\/pages"}],"about":[{"href":"https:\/\/xn--hftessamlarna-bfb.se\/index.php?rest_route=\/wp\/v2\/types\/page"}],"author":[{"embeddable":true,"href":"https:\/\/xn--hftessamlarna-bfb.se\/index.php?rest_route=\/wp\/v2\/users\/1"}],"replies":[{"embeddable":true,"href":"https:\/\/xn--hftessamlarna-bfb.se\/index.php?rest_route=%2Fwp%2Fv2%2Fcomments&post=906"}],"version-history":[{"count":0,"href":"https:\/\/xn--hftessamlarna-bfb.se\/index.php?rest_route=\/wp\/v2\/pages\/906\/revisions"}],"up":[{"embeddable":true,"href":"https:\/\/xn--hftessamlarna-bfb.se\/index.php?rest_route=\/wp\/v2\/pages\/2372"}],"wp:attachment":[{"href":"https:\/\/xn--hftessamlarna-bfb.se\/index.php?rest_route=%2Fwp%2Fv2%2Fmedia&parent=906"}],"curies":[{"name":"wp","href":"https:\/\/api.w.org\/{rel}","templated":true}]}}