{"id":883,"date":"2011-10-30T07:38:22","date_gmt":"2011-10-30T05:38:22","guid":{"rendered":"http:\/\/xn--hftessamlarna-bfb.se\/?page_id=883"},"modified":"2014-08-02T13:05:18","modified_gmt":"2014-08-02T12:05:18","slug":"h569-vinter-i-konsten","status":"publish","type":"page","link":"https:\/\/xn--hftessamlarna-bfb.se\/?page_id=883","title":{"rendered":"H569 Vinter i konsten"},"content":{"rendered":"<p><a href=\"http:\/\/xn--hftessamlarna-bfb.se\/?attachment_id=887\" rel=\"attachment wp-att-887\"><img loading=\"lazy\" decoding=\"async\" class=\"aligncenter size-full wp-image-887\" title=\"H569\" src=\"http:\/\/xn--hftessamlarna-bfb.se\/wp-content\/uploads\/H5691.jpg\" alt=\"\" width=\"960\" height=\"655\" srcset=\"https:\/\/xn--hftessamlarna-bfb.se\/wp-content\/uploads\/H5691.jpg 960w, https:\/\/xn--hftessamlarna-bfb.se\/wp-content\/uploads\/H5691-150x102.jpg 150w, https:\/\/xn--hftessamlarna-bfb.se\/wp-content\/uploads\/H5691-300x204.jpg 300w, https:\/\/xn--hftessamlarna-bfb.se\/wp-content\/uploads\/H5691-439x300.jpg 439w\" sizes=\"auto, (max-width: 960px) 100vw, 960px\" \/><\/a>Utgivningsdag 2006-11-09<br \/>\nF 2578 &#8211; 2581<br \/>\n4 x 10 kr, fyra motiv<br \/>\nTryckta i 4 f\u00e4rger offset<br \/>\n17-punkters streckperforering<\/p>\n<h2>Typer<\/h2>\n<p><strong>A:1<\/strong> Sid I utan punktm\u00f6nster, extra h\u00e5l p\u00e5 KR<br \/>\n<strong>B:0<\/strong> Sid I med punktm\u00f6nster, inget extra h\u00e5l p\u00e5 KR<\/p>\n<h2>Markeringar<\/h2>\n<p><strong>A:1<\/strong><br \/>\nRT 7,2 x 1,8\u00a0mm svart<br \/>\ncyls 1<br \/>\ncyls 2<br \/>\nhelt kn BS, gammal 6\/9<\/p>\n<p><strong>B:0<br \/>\n<\/strong>RT 7,2 x 1,8 mm svart<br \/>\ncyls 1<br \/>\ncyls 2<br \/>\nhelt kn BS<\/p>\n<h2>Olika f\u00e4rg p\u00e5 omslagen<\/h2>\n<div id=\"attachment_4536\" style=\"width: 310px\" class=\"wp-caption alignleft\"><a href=\"http:\/\/xn--hftessamlarna-bfb.se\/wp-content\/uploads\/H569olikafarg.jpg\"><img loading=\"lazy\" decoding=\"async\" aria-describedby=\"caption-attachment-4536\" class=\"wp-image-4536 size-medium\" src=\"http:\/\/xn--hftessamlarna-bfb.se\/wp-content\/uploads\/H569olikafarg-300x220.jpg\" alt=\"H569olikafarg\" width=\"300\" height=\"220\" srcset=\"https:\/\/xn--hftessamlarna-bfb.se\/wp-content\/uploads\/H569olikafarg-300x220.jpg 300w, https:\/\/xn--hftessamlarna-bfb.se\/wp-content\/uploads\/H569olikafarg-150x110.jpg 150w, https:\/\/xn--hftessamlarna-bfb.se\/wp-content\/uploads\/H569olikafarg-408x300.jpg 408w, https:\/\/xn--hftessamlarna-bfb.se\/wp-content\/uploads\/H569olikafarg.jpg 960w\" sizes=\"auto, (max-width: 300px) 100vw, 300px\" \/><\/a><p id=\"caption-attachment-4536\" class=\"wp-caption-text\">olika f\u00e4rg f\u00f6rekommer p\u00e5 omslaget. B\u00e5da \u00e4r A<\/p><\/div>\n<h2>Mer fakta om utgivningen<\/h2>\n<p>H\u00e4ftet inneh\u00e5ller fyra frim\u00e4rken f\u00f6r utrikes brev samt prioritaire-etiketter.<br \/>\nInlagan \u00e4r tryckt i offset i tv\u00e5 band. Den har en bredd av 62,5 mm, vilket ger 12(x2) p\u00e5 ett cylindervarv. Cylindersiffror och kontrollnummer finns i det \u00f6vre bandet. Kontrollnummer har fem siffror och har tryckts p\u00e5 var 10:de inlaga. Ryggtryck finns.<\/p>\n","protected":false},"excerpt":{"rendered":"<p>Utgivningsdag 2006-11-09 F 2578 &#8211; 2581 4 x 10 kr, fyra motiv Tryckta i 4 f\u00e4rger offset 17-punkters streckperforering Typer A:1 Sid I utan punktm\u00f6nster, extra h\u00e5l p\u00e5 KR B:0 Sid I med punktm\u00f6nster, inget extra h\u00e5l p\u00e5 KR Markeringar &hellip; <a href=\"https:\/\/xn--hftessamlarna-bfb.se\/?page_id=883\">Forts\u00e4tt l\u00e4sa <span class=\"meta-nav\">&rarr;<\/span><\/a><\/p>\n","protected":false},"author":1,"featured_media":0,"parent":2372,"menu_order":569,"comment_status":"open","ping_status":"open","template":"","meta":{"footnotes":""},"class_list":["post-883","page","type-page","status-publish","hentry"],"_links":{"self":[{"href":"https:\/\/xn--hftessamlarna-bfb.se\/index.php?rest_route=\/wp\/v2\/pages\/883","targetHints":{"allow":["GET"]}}],"collection":[{"href":"https:\/\/xn--hftessamlarna-bfb.se\/index.php?rest_route=\/wp\/v2\/pages"}],"about":[{"href":"https:\/\/xn--hftessamlarna-bfb.se\/index.php?rest_route=\/wp\/v2\/types\/page"}],"author":[{"embeddable":true,"href":"https:\/\/xn--hftessamlarna-bfb.se\/index.php?rest_route=\/wp\/v2\/users\/1"}],"replies":[{"embeddable":true,"href":"https:\/\/xn--hftessamlarna-bfb.se\/index.php?rest_route=%2Fwp%2Fv2%2Fcomments&post=883"}],"version-history":[{"count":0,"href":"https:\/\/xn--hftessamlarna-bfb.se\/index.php?rest_route=\/wp\/v2\/pages\/883\/revisions"}],"up":[{"embeddable":true,"href":"https:\/\/xn--hftessamlarna-bfb.se\/index.php?rest_route=\/wp\/v2\/pages\/2372"}],"wp:attachment":[{"href":"https:\/\/xn--hftessamlarna-bfb.se\/index.php?rest_route=%2Fwp%2Fv2%2Fmedia&parent=883"}],"curies":[{"name":"wp","href":"https:\/\/api.w.org\/{rel}","templated":true}]}}