{"id":875,"date":"2011-10-30T07:31:49","date_gmt":"2011-10-30T05:31:49","guid":{"rendered":"http:\/\/xn--hftessamlarna-bfb.se\/?page_id=875"},"modified":"2014-10-13T13:12:24","modified_gmt":"2014-10-13T12:12:24","slug":"h570-europa-2007-scouting","status":"publish","type":"page","link":"https:\/\/xn--hftessamlarna-bfb.se\/?page_id=875","title":{"rendered":"H570 Europa 2007 &#8211; Scouting"},"content":{"rendered":"<p><a href=\"http:\/\/xn--hftessamlarna-bfb.se\/wp-content\/uploads\/H570.jpg\" rel=\"attachment wp-att-879\"><img loading=\"lazy\" decoding=\"async\" class=\"aligncenter wp-image-879 size-full\" title=\"H570\" src=\"http:\/\/xn--hftessamlarna-bfb.se\/wp-content\/uploads\/H570.jpg\" alt=\"\" width=\"960\" height=\"560\" srcset=\"https:\/\/xn--hftessamlarna-bfb.se\/wp-content\/uploads\/H570.jpg 960w, https:\/\/xn--hftessamlarna-bfb.se\/wp-content\/uploads\/H570-150x87.jpg 150w, https:\/\/xn--hftessamlarna-bfb.se\/wp-content\/uploads\/H570-300x175.jpg 300w, https:\/\/xn--hftessamlarna-bfb.se\/wp-content\/uploads\/H570-500x291.jpg 500w\" sizes=\"auto, (max-width: 960px) 100vw, 960px\" \/><\/a>Utgivningsdag 2007-03-22<br \/>\nF 2593 &#8211; 2594<br \/>\n4 x inrikes brev, tv\u00e5 motiv<br \/>\nFrim\u00e4rkena trycktes i 4 f\u00e4rger offset.<br \/>\n14-punkters streckperforering.<br \/>\n53,7 mm\u00a0breda, 14 inlagor\/varv, 1 kn per varv.<\/p>\n<h2>Typer<\/h2>\n<p><strong>A<\/strong> Sid I utan punktm\u00f6nster<br \/>\n<strong>B<\/strong> Sid I med punktm\u00f6nster<\/p>\n<h2>Markeringar<\/h2>\n<p><strong>A<br \/>\n<\/strong>helt regm<br \/>\nRT 7,2 x 1,8 mm svart<br \/>\ncyls 1 (p\u00e5 KR)<br \/>\ncyls 2 (p\u00e5 KR)<br \/>\nhelt kn BS p\u00e5 IR, gammal 6\/9<\/p>\n<p><strong>B<\/strong><br \/>\nHelt regm (+ variant nedan)<br \/>\nRT 7,2 x 1,8 mm svart<br \/>\ncyls 1 (p\u00e5 KR)<br \/>\ncyls 2 (p\u00e5 KR)<br \/>\nhelt kn BS p\u00e5 IR, gammal 6\/9<\/p>\n<h2>K\u00e4nda kombinationer<\/h2>\n<p><a href=\"http:\/\/xn--hftessamlarna-bfb.se\/wp-content\/uploads\/H570tabell.jpg\"><img loading=\"lazy\" decoding=\"async\" class=\"alignleft size-medium wp-image-4659\" src=\"http:\/\/xn--hftessamlarna-bfb.se\/wp-content\/uploads\/H570tabell-300x67.jpg\" alt=\"H570tabell\" width=\"300\" height=\"67\" srcset=\"https:\/\/xn--hftessamlarna-bfb.se\/wp-content\/uploads\/H570tabell-300x67.jpg 300w, https:\/\/xn--hftessamlarna-bfb.se\/wp-content\/uploads\/H570tabell-150x33.jpg 150w, https:\/\/xn--hftessamlarna-bfb.se\/wp-content\/uploads\/H570tabell-1024x230.jpg 1024w, https:\/\/xn--hftessamlarna-bfb.se\/wp-content\/uploads\/H570tabell-500x112.jpg 500w, https:\/\/xn--hftessamlarna-bfb.se\/wp-content\/uploads\/H570tabell.jpg 1087w\" sizes=\"auto, (max-width: 300px) 100vw, 300px\" \/><\/a><\/p>\n<h2>Helt, delat och saknat regm.<\/h2>\n<p>I B-typen har det b\u00e5de av samlare och i auktionskataloger noterats att det finns h\u00e4ften med b\u00e5de delat och helt regm i samma h\u00e4fte. \u00c4ven h\u00e4fte med saknat regm finns. Nedan visas h\u00e4ften med alla tre varianter, delade regm, ett helt och ett delat regm samt ett med delat och saknat regm.<a href=\"http:\/\/xn--hftessamlarna-bfb.se\/?attachment_id=3724\" rel=\"attachment wp-att-3724\"><img loading=\"lazy\" decoding=\"async\" class=\"alignleft size-full wp-image-3724\" src=\"http:\/\/xn--hftessamlarna-bfb.se\/wp-content\/uploads\/H570-olika-regm.jpg\" alt=\"H570 olika regm\" width=\"1398\" height=\"568\" srcset=\"https:\/\/xn--hftessamlarna-bfb.se\/wp-content\/uploads\/H570-olika-regm.jpg 1398w, https:\/\/xn--hftessamlarna-bfb.se\/wp-content\/uploads\/H570-olika-regm-150x60.jpg 150w, https:\/\/xn--hftessamlarna-bfb.se\/wp-content\/uploads\/H570-olika-regm-300x121.jpg 300w, https:\/\/xn--hftessamlarna-bfb.se\/wp-content\/uploads\/H570-olika-regm-1024x416.jpg 1024w, https:\/\/xn--hftessamlarna-bfb.se\/wp-content\/uploads\/H570-olika-regm-500x203.jpg 500w\" sizes=\"auto, (max-width: 1398px) 100vw, 1398px\" \/><\/a><br \/>\nDet intressanta \u00e4r att h\u00e4ftena har n\u00e4stan exakt samma bredd. F\u00f6rklaringen kan d\u00e5 vara att minst ett regm \u00e4r asymmetriskt placerat p\u00e5 offsetpl\u00e5ten. Om n\u00e5gon har en 50-bunt i or\u00f6rd ordning d\u00e4r \u201davvikelsen\u201d f\u00f6rekommer skulle man l\u00e4tt kunna kontrollera frekvensen f\u00f6r \u201davvikelsen\u201d per cylindervarv och om helt och saknat regm kommer parvis. Det \u00e4r inte s\u00e4kert att \u201davvikelsen\u201d f\u00f6rekommer i hela upplagan d\u00e5 mer \u00e4n en offsetpl\u00e5t kan ha anv\u00e4nts vid tryckningen av frim\u00e4rkena. Om \u201davvikelsen\u201d \u00e4ven finns i H570 A \u00e4r sv\u00e5rare att bekr\u00e4fta d\u00e5 h\u00e4ftet \u00e4r betydligt ovanligare \u00e4n typ B.<\/p>\n<h2>Mer fakta om utgivningen<\/h2>\n<p>H\u00e4fte 570 \u00e4r sv\u00e5rt att beskriva i detalj. Hittills har jag endast sett tv\u00e5 kombinationsh\u00e4ften, RT + cyls 1\u00a0 och\u00a0\u00a0 cyls 2 + kn 25895 (rest 9). Inlagan \u00e4r tryckt i tv\u00e5 (tre?) band och har en l\u00e4ngd av ~ 112 mm, vilket skulle till\u00e5ta tre band, n\u00e4r pappersbanan kan vara 350 mm. Den \u00e4r tryckt i Goebelpressen (G3) och m\u00e4rkena \u00e4r slipperforerade. De \u00e4r tryckta i tre f\u00e4rger med fluorescerande tillsats och svart. Fluorescensen smittar \u00f6ver p\u00e5 inh\u00e4ftningsremsan. Omslaget \u00e4r tryckt i Giebeler (G8). Inlagan \u00e4r 53,5 mm, vilket ger 14 per varv. Cylindersiffror finns i kantremsan och femsiffrigt kn i inh\u00e4ftningsremsan. Med detta format kommer alla kombinationer cyls + kn att vara med cyls 2, s\u00e5 vida inte en f\u00f6rskjutning skett i en ny tryckk\u00f6rning. F\u00f6rfr\u00e5gningar runt efter cyls 1 + kn har inte gett n\u00e5got resultat. RT + cyls 2 har inte \u00e4nnu p\u00e5tr\u00e4ffats, men s\u00e4nd g\u00e4rna uppgifter om dessa tv\u00e5 alternativ och om eventuella tripplar.<\/p>\n","protected":false},"excerpt":{"rendered":"<p>Utgivningsdag 2007-03-22 F 2593 &#8211; 2594 4 x inrikes brev, tv\u00e5 motiv Frim\u00e4rkena trycktes i 4 f\u00e4rger offset. 14-punkters streckperforering. 53,7 mm\u00a0breda, 14 inlagor\/varv, 1 kn per varv. Typer A Sid I utan punktm\u00f6nster B Sid I med punktm\u00f6nster Markeringar &hellip; <a href=\"https:\/\/xn--hftessamlarna-bfb.se\/?page_id=875\">Forts\u00e4tt l\u00e4sa <span class=\"meta-nav\">&rarr;<\/span><\/a><\/p>\n","protected":false},"author":1,"featured_media":0,"parent":2372,"menu_order":570,"comment_status":"open","ping_status":"open","template":"","meta":{"footnotes":""},"class_list":["post-875","page","type-page","status-publish","hentry"],"_links":{"self":[{"href":"https:\/\/xn--hftessamlarna-bfb.se\/index.php?rest_route=\/wp\/v2\/pages\/875","targetHints":{"allow":["GET"]}}],"collection":[{"href":"https:\/\/xn--hftessamlarna-bfb.se\/index.php?rest_route=\/wp\/v2\/pages"}],"about":[{"href":"https:\/\/xn--hftessamlarna-bfb.se\/index.php?rest_route=\/wp\/v2\/types\/page"}],"author":[{"embeddable":true,"href":"https:\/\/xn--hftessamlarna-bfb.se\/index.php?rest_route=\/wp\/v2\/users\/1"}],"replies":[{"embeddable":true,"href":"https:\/\/xn--hftessamlarna-bfb.se\/index.php?rest_route=%2Fwp%2Fv2%2Fcomments&post=875"}],"version-history":[{"count":0,"href":"https:\/\/xn--hftessamlarna-bfb.se\/index.php?rest_route=\/wp\/v2\/pages\/875\/revisions"}],"up":[{"embeddable":true,"href":"https:\/\/xn--hftessamlarna-bfb.se\/index.php?rest_route=\/wp\/v2\/pages\/2372"}],"wp:attachment":[{"href":"https:\/\/xn--hftessamlarna-bfb.se\/index.php?rest_route=%2Fwp%2Fv2%2Fmedia&parent=875"}],"curies":[{"name":"wp","href":"https:\/\/api.w.org\/{rel}","templated":true}]}}