{"id":809,"date":"2011-10-29T17:09:57","date_gmt":"2011-10-29T15:09:57","guid":{"rendered":"http:\/\/xn--hftessamlarna-bfb.se\/?page_id=809"},"modified":"2023-09-26T05:21:09","modified_gmt":"2023-09-26T04:21:09","slug":"h577-vinterlek","status":"publish","type":"page","link":"https:\/\/xn--hftessamlarna-bfb.se\/?page_id=809","title":{"rendered":"H577 Vinterlek"},"content":{"rendered":"<p><a href=\"https:\/\/xn--hftessamlarna-bfb.se\/wp-content\/uploads\/H-0577-header-2008.jpg\" rel=\"attachment wp-att-812\"><img loading=\"lazy\" decoding=\"async\" class=\"alignnone wp-image-7254 size-full\" title=\"H577\" src=\"https:\/\/xn--hftessamlarna-bfb.se\/wp-content\/uploads\/H-0577-header-2008.jpg\" alt=\"\" width=\"960\" height=\"987\" srcset=\"https:\/\/xn--hftessamlarna-bfb.se\/wp-content\/uploads\/H-0577-header-2008.jpg 960w, https:\/\/xn--hftessamlarna-bfb.se\/wp-content\/uploads\/H-0577-header-2008-292x300.jpg 292w, https:\/\/xn--hftessamlarna-bfb.se\/wp-content\/uploads\/H-0577-header-2008-146x150.jpg 146w, https:\/\/xn--hftessamlarna-bfb.se\/wp-content\/uploads\/H-0577-header-2008-768x790.jpg 768w\" sizes=\"auto, (max-width: 960px) 100vw, 960px\" \/><\/a>Utgivningsdag 2008-11-13<br \/>\nF 2690 &#8211; 2692<br \/>\n6 \u00d7 11 kr, tre motiv<br \/>\nTryckta i\u00a01 f\u00e4rg st\u00e5ltryck och\u00a04 f\u00e4rger offset<br \/>\n17-punkters streckperforering<br \/>\n62,5 breda, 12 inlagor\/varv<\/p>\n<h2>Markeringar<\/h2>\n<p>delat regm<br \/>\nRT 7,2 \u00d7 1,8 svart<br \/>\ncyls 1 (endast p\u00e5 ena halvan)<br \/>\ncyls 2 (endast p\u00e5 ena halvan)<br \/>\nhelt kn BS, gammal 6\/9 p\u00e5 0*****, ny 6\/9 p\u00e5 5*****<\/p>\n<h2>Bilder p\u00e5 varianter<\/h2>\n<div id=\"attachment_6103\" style=\"width: 298px\" class=\"wp-caption alignnone\"><a href=\"https:\/\/xn--hftessamlarna-bfb.se\/wp-content\/uploads\/H577IIrottlinje-IR.jpg\"><img loading=\"lazy\" decoding=\"async\" aria-describedby=\"caption-attachment-6103\" class=\"size-medium wp-image-6103\" src=\"https:\/\/xn--hftessamlarna-bfb.se\/wp-content\/uploads\/H577IIrottlinje-IR-288x300.jpg\" alt=\"\" width=\"288\" height=\"300\" srcset=\"https:\/\/xn--hftessamlarna-bfb.se\/wp-content\/uploads\/H577IIrottlinje-IR-288x300.jpg 288w, https:\/\/xn--hftessamlarna-bfb.se\/wp-content\/uploads\/H577IIrottlinje-IR-983x1024.jpg 983w, https:\/\/xn--hftessamlarna-bfb.se\/wp-content\/uploads\/H577IIrottlinje-IR-144x150.jpg 144w, https:\/\/xn--hftessamlarna-bfb.se\/wp-content\/uploads\/H577IIrottlinje-IR-768x800.jpg 768w, https:\/\/xn--hftessamlarna-bfb.se\/wp-content\/uploads\/H577IIrottlinje-IR.jpg 1431w\" sizes=\"auto, (max-width: 288px) 100vw, 288px\" \/><\/a><p id=\"caption-attachment-6103\" class=\"wp-caption-text\">r\u00f6tt streck i IR<\/p><\/div>\n<h2>Mer fakta om utgivningen<\/h2>\n<p>H\u00e4ftet inneh\u00e5ller sex m\u00e4rken med tre olika motiv i val\u00f6ren 11 kr f\u00f6r utrikes brev.<br \/>\nDet finns ocks\u00e5 sex prioritaireetiketter. Inlagan har bredden 62,5mm, varf\u00f6r det\u00a0 blir 12 (\u00d72) per varv. Den \u00e4r tryckt i kombinationspressen (G5) med tv\u00e5 f\u00e4rger st\u00e5ltryck &#8211; bl\u00e5svart och m\u00f6rkbl\u00e5 &#8211; och med offsettryck med EU-skalans svart, magenta, cyan och gul.<\/p>\n<p>Cylindersiffror finns denna g\u00e5ng p\u00e5 det undre bandet. Kontrollnummer p\u00e5 var tionde inlaga &#8211; b\u00f6rjar p\u00e5 5 p\u00e5 \u00f6vre och p\u00e5 0 p\u00e5 undre bandet. Markeringarna i nedre kantremsan. Omslaget \u00e4r tryckt i Giebeler (G8). Det har noterats att antalet h\u00e4ften fr\u00e5n \u00f6vre bandet blir klart f\u00e4rre p.g.a. h\u00f6gre makulatur p\u00e5 den halvan.<\/p>\n","protected":false},"excerpt":{"rendered":"<p>Utgivningsdag 2008-11-13 F 2690 &#8211; 2692 6 \u00d7 11 kr, tre motiv Tryckta i\u00a01 f\u00e4rg st\u00e5ltryck och\u00a04 f\u00e4rger offset 17-punkters streckperforering 62,5 breda, 12 inlagor\/varv Markeringar delat regm RT 7,2 \u00d7 1,8 svart cyls 1 (endast p\u00e5 ena halvan) cyls &hellip; <a href=\"https:\/\/xn--hftessamlarna-bfb.se\/?page_id=809\">Forts\u00e4tt l\u00e4sa <span class=\"meta-nav\">&rarr;<\/span><\/a><\/p>\n","protected":false},"author":1,"featured_media":0,"parent":2372,"menu_order":577,"comment_status":"open","ping_status":"open","template":"","meta":{"footnotes":""},"class_list":["post-809","page","type-page","status-publish","hentry"],"_links":{"self":[{"href":"https:\/\/xn--hftessamlarna-bfb.se\/index.php?rest_route=\/wp\/v2\/pages\/809","targetHints":{"allow":["GET"]}}],"collection":[{"href":"https:\/\/xn--hftessamlarna-bfb.se\/index.php?rest_route=\/wp\/v2\/pages"}],"about":[{"href":"https:\/\/xn--hftessamlarna-bfb.se\/index.php?rest_route=\/wp\/v2\/types\/page"}],"author":[{"embeddable":true,"href":"https:\/\/xn--hftessamlarna-bfb.se\/index.php?rest_route=\/wp\/v2\/users\/1"}],"replies":[{"embeddable":true,"href":"https:\/\/xn--hftessamlarna-bfb.se\/index.php?rest_route=%2Fwp%2Fv2%2Fcomments&post=809"}],"version-history":[{"count":0,"href":"https:\/\/xn--hftessamlarna-bfb.se\/index.php?rest_route=\/wp\/v2\/pages\/809\/revisions"}],"up":[{"embeddable":true,"href":"https:\/\/xn--hftessamlarna-bfb.se\/index.php?rest_route=\/wp\/v2\/pages\/2372"}],"wp:attachment":[{"href":"https:\/\/xn--hftessamlarna-bfb.se\/index.php?rest_route=%2Fwp%2Fv2%2Fmedia&parent=809"}],"curies":[{"name":"wp","href":"https:\/\/api.w.org\/{rel}","templated":true}]}}