{"id":7441,"date":"2025-03-25T12:02:11","date_gmt":"2025-03-25T11:02:11","guid":{"rendered":"https:\/\/xn--hftessamlarna-bfb.se\/?page_id=7441"},"modified":"2025-03-25T12:02:11","modified_gmt":"2025-03-25T11:02:11","slug":"arsmote-2025-i-boras","status":"publish","type":"page","link":"https:\/\/xn--hftessamlarna-bfb.se\/?page_id=7441","title":{"rendered":"\u00c5rsm\u00f6te 2025 i Bor\u00e5s"},"content":{"rendered":"\n<p><strong>V\u00c4LKOMMEN TILL \u00c5RSM\u00d6TE MED H\u00c4FTESSAMLARNA<\/strong><\/p>\n<p>L\u00f6rdagen den 26 april, 2025 i Bor\u00e5s kl 10:00 \u2013 15:00<\/p>\n<p>Lokal: Lugnet 4:de v\u00e5ningen, Viskastrandsgatan 5, Bor\u00e5s<\/p>\n<p>Dagordning med ungef\u00e4rlig tidsplan:<\/p>\n<p>10:00 Lokalen \u00f6ppnas f\u00f6r samvaro mellan medlemmarna. Tag g\u00e4rna med era dubbletter f\u00f6r att s\u00e4lja\/byta med varandra. Tag ocks\u00e5 med vinster till v\u00e5rt popul\u00e4ra n\u00e4rvarolotteri. Bor\u00e5s Frim\u00e4rksf\u00f6rening har samtidigt en utst\u00e4llning p\u00e5 1:a v\u00e5ningen d\u00e4r man s\u00e4ljer nya och gamla frim\u00e4rken.<\/p>\n<p>12:00 \u00c5rsm\u00f6tesf\u00f6rhandlingar:<\/p>\n<p>1. M\u00f6tets \u00f6ppnande<br \/>2. Val av ordf\u00f6rande och sekreterare f\u00f6r m\u00f6tet<br \/>3. Val av tv\u00e5 justeringsm\u00e4n, tillika r\u00f6str\u00e4knare, att j\u00e4mte m\u00f6tesordf\u00f6rande justera protokollet<br \/>4. Fr\u00e5gan om m\u00f6tet beh\u00f6rigen utlysts<br \/>5. F\u00f6redragning av styrelsens verksamhetsber\u00e4ttelse.<br \/>6. F\u00f6redragning av revisionsber\u00e4ttelsen<br \/><span style=\"font-size: revert;\">7. Fr\u00e5gan om ansvarsfrihet f\u00f6r styrelsen<br \/><\/span>8. Behandling av ev motioner<br \/>9. Val av ordf\u00f6rande f\u00f6r ett \u00e5r<br \/>10. Val av styrelseledam\u00f6ter p\u00e5 2 \u00e5r. I tur att avg\u00e5 \u00e4r Lars Nordberg och Thomas Kinell<br \/>11. Val av fyra kontaktpersoner<br \/>12. Val av styrelsesuppleanter p\u00e5 1 \u00e5r. Avg\u00e5ende \u00e4r Lars-G\u00f6ran Bertilsson och Lennart Wiberg<br \/>13. Val av 2 revisorer och 1 suppleant p\u00e5 1 \u00e5r<br \/>14. \u00d6vriga fr\u00e5gor<br \/>15. \u00c5rsm\u00f6tesf\u00f6rhandlingarna avslutas<\/p>\n<p>Ca 12:30 F\u00f6reningen bjuder p\u00e5 kaffe och sm\u00f6rg\u00e5st\u00e5rta.<\/p>\n<p>13:00-15:00 Vi forts\u00e4tter att byta och handla av varandra.<\/p>\n","protected":false},"excerpt":{"rendered":"<p>V\u00c4LKOMMEN TILL \u00c5RSM\u00d6TE MED H\u00c4FTESSAMLARNA L\u00f6rdagen den 26 april, 2025 i Bor\u00e5s kl 10:00 \u2013 15:00 Lokal: Lugnet 4:de v\u00e5ningen, Viskastrandsgatan 5, Bor\u00e5s Dagordning med ungef\u00e4rlig tidsplan: 10:00 Lokalen \u00f6ppnas f\u00f6r samvaro mellan medlemmarna. Tag g\u00e4rna med era dubbletter f\u00f6r &hellip; <a href=\"https:\/\/xn--hftessamlarna-bfb.se\/?page_id=7441\">Forts\u00e4tt l\u00e4sa <span class=\"meta-nav\">&rarr;<\/span><\/a><\/p>\n","protected":false},"author":1,"featured_media":0,"parent":0,"menu_order":0,"comment_status":"closed","ping_status":"closed","template":"","meta":{"footnotes":""},"class_list":["post-7441","page","type-page","status-publish","hentry"],"_links":{"self":[{"href":"https:\/\/xn--hftessamlarna-bfb.se\/index.php?rest_route=\/wp\/v2\/pages\/7441","targetHints":{"allow":["GET"]}}],"collection":[{"href":"https:\/\/xn--hftessamlarna-bfb.se\/index.php?rest_route=\/wp\/v2\/pages"}],"about":[{"href":"https:\/\/xn--hftessamlarna-bfb.se\/index.php?rest_route=\/wp\/v2\/types\/page"}],"author":[{"embeddable":true,"href":"https:\/\/xn--hftessamlarna-bfb.se\/index.php?rest_route=\/wp\/v2\/users\/1"}],"replies":[{"embeddable":true,"href":"https:\/\/xn--hftessamlarna-bfb.se\/index.php?rest_route=%2Fwp%2Fv2%2Fcomments&post=7441"}],"version-history":[{"count":0,"href":"https:\/\/xn--hftessamlarna-bfb.se\/index.php?rest_route=\/wp\/v2\/pages\/7441\/revisions"}],"wp:attachment":[{"href":"https:\/\/xn--hftessamlarna-bfb.se\/index.php?rest_route=%2Fwp%2Fv2%2Fmedia&parent=7441"}],"curies":[{"name":"wp","href":"https:\/\/api.w.org\/{rel}","templated":true}]}}