{"id":6725,"date":"2021-10-27T06:41:15","date_gmt":"2021-10-27T05:41:15","guid":{"rendered":"https:\/\/xn--hftessamlarna-bfb.se\/?page_id=6725"},"modified":"2021-10-27T06:41:33","modified_gmt":"2021-10-27T05:41:33","slug":"arsmote-2021","status":"publish","type":"page","link":"https:\/\/xn--hftessamlarna-bfb.se\/?page_id=6725","title":{"rendered":"\u00c5rsm\u00f6te 2021"},"content":{"rendered":"\n<p>\u00c5rsm\u00f6te\/h\u00f6stm\u00f6te i Esl\u00f6v 6\/11-2021<br \/><strong>V\u00c4LKOMMEN TILL KOMBINERAT \u00c5RSM\u00d6TE\/H\u00d6STM\u00d6TE MED H\u00c4FTESSAMLARNA<\/strong><\/p>\n<p>L\u00f6rdagen den 6 november 2021 I Esl\u00f6v kl 14:00 Lokal: Onsj\u00f6v\u00e4gen 3, Esl\u00f6v.<br \/>V\u00e4gbekrivning och rekommenderat hotell finns p\u00e5 Esl\u00f6vias hemsida <a href=\"https:\/\/eslovia2021.se\/\" target=\"_blank\" rel=\"noopener\">eslovia2021.se<\/a><\/p>\n<h2>Program<\/h2>\n<p>14:00-16:00 Samling, bytesverksamhet och n\u00e4rvarolotteri. Det alltid lika popul\u00e4ra lotteriet<br \/>med sk\u00e4nkta vinster finansierar m\u00f6tet. Vinstv\u00e4rdet brukar uppg\u00e5 till l\u00e5ngt \u00f6ver vad<br \/>lotterna sammanlagt kostar. Tag g\u00e4rna med n\u00e5got trevligt h\u00e4fte ur din dubblettsamling<br \/>som ett bidrag f\u00f6r att ytterligare \u00f6ka vinstv\u00e4rdet.<\/p>\n<p>15:00-15:30 \u00c5rsm\u00f6tes\/h\u00f6stm\u00f6tesf\u00f6rhandlingar<\/p>\n<h2>Dagordning:<\/h2>\n<p>\u00a71. M\u00f6tets \u00f6ppnande<br \/>\u00a72. Val av ordf\u00f6rande och sekreterare f\u00f6r m\u00f6tet<br \/>\u00a73. Val av tv\u00e5 justeringsm\u00e4n, tillika r\u00f6str\u00e4knare, att j\u00e4mte m\u00f6tesordf\u00f6rande justera protokollet<br \/>\u00a74. Fr\u00e5gan om m\u00f6tet beh\u00f6rigen utlysts<br \/>\u00a75. F\u00f6redragning av styrelsens verksamhetsber\u00e4ttelse.<br \/>\u00a76. F\u00f6redragning av revisionsber\u00e4ttelsen<br \/>\u00a77. Fr\u00e5gan om ansvarsfrihet f\u00f6r styrelsen<br \/>\u00a78. Behandling av ev motioner<br \/>\u00a79. Val av ordf\u00f6rande f\u00f6r ett \u00e5r<br \/>\u00a710. Val av styrelseledam\u00f6ter p\u00e5 2 \u00e5r. I tur att avg\u00e5 \u00e4r Lars Nordberg och Thomas Kinell<br \/>\u00a711. Val av fyra kontaktpersoner<br \/>\u00a712. Val av styrelsesuppleanter p\u00e5 1 \u00e5r. Per-Anders Berntsson och Lars-G\u00f6ran Bertilsson<br \/>avg\u00e5r<br \/>\u00a713. Val av 2 revisorer och 1 suppleant p\u00e5 1 \u00e5r<br \/>\u00a714. \u00d6vriga fr\u00e5gor<br \/>\u00a715. \u00c5rsm\u00f6tesf\u00f6rhandlingarna avslutas.<\/p>\n<p><strong>Auktion<\/strong><\/p>\n<p>15:30-16:30 Atlas H\u00e4ftes h\u00e5ller en specialauktion. Har du inte f\u00e5tt katalogen s\u00e5 kontakta dem e-post: <a href=\"mailto:stampscovers@atlashaftes.se\" target=\"_blank\" rel=\"noopener\">stampscovers@atlashaftes.se<\/a><\/p>\n<p>Utl\u00e4mning av inropade auktionsobjekt kan ske direkt efter auktionen.<\/p>\n","protected":false},"excerpt":{"rendered":"<p>\u00c5rsm\u00f6te\/h\u00f6stm\u00f6te i Esl\u00f6v 6\/11-2021V\u00c4LKOMMEN TILL KOMBINERAT \u00c5RSM\u00d6TE\/H\u00d6STM\u00d6TE MED H\u00c4FTESSAMLARNA L\u00f6rdagen den 6 november 2021 I Esl\u00f6v kl 14:00 Lokal: Onsj\u00f6v\u00e4gen 3, Esl\u00f6v.V\u00e4gbekrivning och rekommenderat hotell finns p\u00e5 Esl\u00f6vias hemsida eslovia2021.se Program 14:00-16:00 Samling, bytesverksamhet och n\u00e4rvarolotteri. Det alltid lika popul\u00e4ra &hellip; <a href=\"https:\/\/xn--hftessamlarna-bfb.se\/?page_id=6725\">Forts\u00e4tt l\u00e4sa <span class=\"meta-nav\">&rarr;<\/span><\/a><\/p>\n","protected":false},"author":1,"featured_media":0,"parent":0,"menu_order":0,"comment_status":"open","ping_status":"closed","template":"","meta":{"footnotes":""},"class_list":["post-6725","page","type-page","status-publish","hentry"],"_links":{"self":[{"href":"https:\/\/xn--hftessamlarna-bfb.se\/index.php?rest_route=\/wp\/v2\/pages\/6725","targetHints":{"allow":["GET"]}}],"collection":[{"href":"https:\/\/xn--hftessamlarna-bfb.se\/index.php?rest_route=\/wp\/v2\/pages"}],"about":[{"href":"https:\/\/xn--hftessamlarna-bfb.se\/index.php?rest_route=\/wp\/v2\/types\/page"}],"author":[{"embeddable":true,"href":"https:\/\/xn--hftessamlarna-bfb.se\/index.php?rest_route=\/wp\/v2\/users\/1"}],"replies":[{"embeddable":true,"href":"https:\/\/xn--hftessamlarna-bfb.se\/index.php?rest_route=%2Fwp%2Fv2%2Fcomments&post=6725"}],"version-history":[{"count":0,"href":"https:\/\/xn--hftessamlarna-bfb.se\/index.php?rest_route=\/wp\/v2\/pages\/6725\/revisions"}],"wp:attachment":[{"href":"https:\/\/xn--hftessamlarna-bfb.se\/index.php?rest_route=%2Fwp%2Fv2%2Fmedia&parent=6725"}],"curies":[{"name":"wp","href":"https:\/\/api.w.org\/{rel}","templated":true}]}}