{"id":6532,"date":"2021-05-02T11:04:22","date_gmt":"2021-05-02T10:04:22","guid":{"rendered":"https:\/\/xn--hftessamlarna-bfb.se\/?page_id=6532"},"modified":"2023-11-15T06:57:12","modified_gmt":"2023-11-15T05:57:12","slug":"sh125-rostratt-for-kvinnor-100-ar","status":"publish","type":"page","link":"https:\/\/xn--hftessamlarna-bfb.se\/?page_id=6532","title":{"rendered":"SH125 R\u00f6str\u00e4tt f\u00f6r kvinnor 100 \u00e5r"},"content":{"rendered":"\n<p><a href=\"https:\/\/xn--hftessamlarna-bfb.se\/wp-content\/uploads\/SH-0125-header-2021.jpg\"><img loading=\"lazy\" decoding=\"async\" class=\"alignnone wp-image-7298 size-full\" src=\"https:\/\/xn--hftessamlarna-bfb.se\/wp-content\/uploads\/SH-0125-header-2021.jpg\" alt=\"\" width=\"1038\" height=\"960\" srcset=\"https:\/\/xn--hftessamlarna-bfb.se\/wp-content\/uploads\/SH-0125-header-2021.jpg 1038w, https:\/\/xn--hftessamlarna-bfb.se\/wp-content\/uploads\/SH-0125-header-2021-300x277.jpg 300w, https:\/\/xn--hftessamlarna-bfb.se\/wp-content\/uploads\/SH-0125-header-2021-1024x947.jpg 1024w, https:\/\/xn--hftessamlarna-bfb.se\/wp-content\/uploads\/SH-0125-header-2021-150x139.jpg 150w, https:\/\/xn--hftessamlarna-bfb.se\/wp-content\/uploads\/SH-0125-header-2021-768x710.jpg 768w, https:\/\/xn--hftessamlarna-bfb.se\/wp-content\/uploads\/SH-0125-header-2021-324x300.jpg 324w\" sizes=\"auto, (max-width: 1038px) 100vw, 1038px\" \/><\/a><\/p>\n<p>Utgivningsdag 2021-04-29<br \/>10 \u00d7 brevporto, 5 motiv<\/p>\n","protected":false},"excerpt":{"rendered":"<p>Utgivningsdag 2021-04-2910 \u00d7 brevporto, 5 motiv<\/p>\n","protected":false},"author":1,"featured_media":0,"parent":0,"menu_order":0,"comment_status":"closed","ping_status":"closed","template":"","meta":{"footnotes":""},"class_list":["post-6532","page","type-page","status-publish","hentry"],"_links":{"self":[{"href":"https:\/\/xn--hftessamlarna-bfb.se\/index.php?rest_route=\/wp\/v2\/pages\/6532","targetHints":{"allow":["GET"]}}],"collection":[{"href":"https:\/\/xn--hftessamlarna-bfb.se\/index.php?rest_route=\/wp\/v2\/pages"}],"about":[{"href":"https:\/\/xn--hftessamlarna-bfb.se\/index.php?rest_route=\/wp\/v2\/types\/page"}],"author":[{"embeddable":true,"href":"https:\/\/xn--hftessamlarna-bfb.se\/index.php?rest_route=\/wp\/v2\/users\/1"}],"replies":[{"embeddable":true,"href":"https:\/\/xn--hftessamlarna-bfb.se\/index.php?rest_route=%2Fwp%2Fv2%2Fcomments&post=6532"}],"version-history":[{"count":0,"href":"https:\/\/xn--hftessamlarna-bfb.se\/index.php?rest_route=\/wp\/v2\/pages\/6532\/revisions"}],"wp:attachment":[{"href":"https:\/\/xn--hftessamlarna-bfb.se\/index.php?rest_route=%2Fwp%2Fv2%2Fmedia&parent=6532"}],"curies":[{"name":"wp","href":"https:\/\/api.w.org\/{rel}","templated":true}]}}