{"id":613,"date":"2011-10-26T20:19:55","date_gmt":"2011-10-26T18:19:55","guid":{"rendered":"http:\/\/xn--hftessamlarna-bfb.se\/?page_id=613"},"modified":"2023-05-07T17:57:04","modified_gmt":"2023-05-07T16:57:04","slug":"sh43-fest","status":"publish","type":"page","link":"https:\/\/xn--hftessamlarna-bfb.se\/?page_id=613","title":{"rendered":"SH43 Fest!"},"content":{"rendered":"<h2><a href=\"https:\/\/xn--hftessamlarna-bfb.se\/wp-content\/uploads\/SH-0043-header-2010.jpg\" rel=\"attachment wp-att-1904\"><img loading=\"lazy\" decoding=\"async\" class=\"alignnone wp-image-6922 size-full\" title=\"SH43\" src=\"https:\/\/xn--hftessamlarna-bfb.se\/wp-content\/uploads\/SH-0043-header-2010.jpg\" alt=\"\" width=\"960\" height=\"896\" srcset=\"https:\/\/xn--hftessamlarna-bfb.se\/wp-content\/uploads\/SH-0043-header-2010.jpg 960w, https:\/\/xn--hftessamlarna-bfb.se\/wp-content\/uploads\/SH-0043-header-2010-300x280.jpg 300w, https:\/\/xn--hftessamlarna-bfb.se\/wp-content\/uploads\/SH-0043-header-2010-150x140.jpg 150w, https:\/\/xn--hftessamlarna-bfb.se\/wp-content\/uploads\/SH-0043-header-2010-768x717.jpg 768w, https:\/\/xn--hftessamlarna-bfb.se\/wp-content\/uploads\/SH-0043-header-2010-321x300.jpg 321w\" sizes=\"auto, (max-width: 960px) 100vw, 960px\" \/><\/a><\/h2>\n<p>Utgivningsdag 2010-03-24<br \/>\nF 2762 &#8211; 2765<br \/>\n10 \u00d7 inrikes brev, fyra motiv<br \/>\nTryckta i\u00a0fyra f\u00e4rger offset.<br \/>\n75 mm breda, 10 inlagor\/varv<\/p>\n<h2>Typer<\/h2>\n<p>H\u00e4ftet har 38 punkters vikperforering (perf 10) slagen fr\u00e5n frim\u00e4rkssidan, PI<\/p>\n<h2>Markeringar<\/h2>\n<p>FM<br \/>\ncyls 1<br \/>\ncyls 2<br \/>\nhelt kn BS<\/p>\n<div id=\"attachment_7046\" style=\"width: 310px\" class=\"wp-caption alignnone\"><a href=\"https:\/\/xn--hftessamlarna-bfb.se\/wp-content\/uploads\/SH-0043-mark-2010.jpg\"><img loading=\"lazy\" decoding=\"async\" aria-describedby=\"caption-attachment-7046\" class=\"size-medium wp-image-7046\" src=\"https:\/\/xn--hftessamlarna-bfb.se\/wp-content\/uploads\/SH-0043-mark-2010-300x140.jpg\" alt=\"\" width=\"300\" height=\"140\" srcset=\"https:\/\/xn--hftessamlarna-bfb.se\/wp-content\/uploads\/SH-0043-mark-2010-300x140.jpg 300w, https:\/\/xn--hftessamlarna-bfb.se\/wp-content\/uploads\/SH-0043-mark-2010-150x70.jpg 150w, https:\/\/xn--hftessamlarna-bfb.se\/wp-content\/uploads\/SH-0043-mark-2010-768x358.jpg 768w, https:\/\/xn--hftessamlarna-bfb.se\/wp-content\/uploads\/SH-0043-mark-2010-500x233.jpg 500w, https:\/\/xn--hftessamlarna-bfb.se\/wp-content\/uploads\/SH-0043-mark-2010.jpg 960w\" sizes=\"auto, (max-width: 300px) 100vw, 300px\" \/><\/a><p id=\"caption-attachment-7046\" class=\"wp-caption-text\">Illustration \u00f6ver markeringarnas placering<\/p><\/div>\n<h2>K\u00e4nda kombinationer<\/h2>\n<p><a href=\"http:\/\/xn--hftessamlarna-bfb.se\/?attachment_id=4069\" rel=\"attachment wp-att-4069\"><img loading=\"lazy\" decoding=\"async\" class=\"alignleft size-full wp-image-4069\" src=\"http:\/\/xn--hftessamlarna-bfb.se\/wp-content\/uploads\/SH43tabell.jpg\" alt=\"SH43tabell\" width=\"1789\" height=\"500\" srcset=\"https:\/\/xn--hftessamlarna-bfb.se\/wp-content\/uploads\/SH43tabell.jpg 1789w, https:\/\/xn--hftessamlarna-bfb.se\/wp-content\/uploads\/SH43tabell-150x41.jpg 150w, https:\/\/xn--hftessamlarna-bfb.se\/wp-content\/uploads\/SH43tabell-300x83.jpg 300w, https:\/\/xn--hftessamlarna-bfb.se\/wp-content\/uploads\/SH43tabell-1024x286.jpg 1024w, https:\/\/xn--hftessamlarna-bfb.se\/wp-content\/uploads\/SH43tabell-500x139.jpg 500w\" sizes=\"auto, (max-width: 1789px) 100vw, 1789px\" \/><\/a><\/p>\n","protected":false},"excerpt":{"rendered":"<p>Utgivningsdag 2010-03-24 F 2762 &#8211; 2765 10 \u00d7 inrikes brev, fyra motiv Tryckta i\u00a0fyra f\u00e4rger offset. 75 mm breda, 10 inlagor\/varv Typer H\u00e4ftet har 38 punkters vikperforering (perf 10) slagen fr\u00e5n frim\u00e4rkssidan, PI Markeringar FM cyls 1 cyls 2 helt &hellip; <a href=\"https:\/\/xn--hftessamlarna-bfb.se\/?page_id=613\">Forts\u00e4tt l\u00e4sa <span class=\"meta-nav\">&rarr;<\/span><\/a><\/p>\n","protected":false},"author":1,"featured_media":0,"parent":307,"menu_order":43,"comment_status":"open","ping_status":"open","template":"","meta":{"footnotes":""},"class_list":["post-613","page","type-page","status-publish","hentry"],"_links":{"self":[{"href":"https:\/\/xn--hftessamlarna-bfb.se\/index.php?rest_route=\/wp\/v2\/pages\/613","targetHints":{"allow":["GET"]}}],"collection":[{"href":"https:\/\/xn--hftessamlarna-bfb.se\/index.php?rest_route=\/wp\/v2\/pages"}],"about":[{"href":"https:\/\/xn--hftessamlarna-bfb.se\/index.php?rest_route=\/wp\/v2\/types\/page"}],"author":[{"embeddable":true,"href":"https:\/\/xn--hftessamlarna-bfb.se\/index.php?rest_route=\/wp\/v2\/users\/1"}],"replies":[{"embeddable":true,"href":"https:\/\/xn--hftessamlarna-bfb.se\/index.php?rest_route=%2Fwp%2Fv2%2Fcomments&post=613"}],"version-history":[{"count":0,"href":"https:\/\/xn--hftessamlarna-bfb.se\/index.php?rest_route=\/wp\/v2\/pages\/613\/revisions"}],"up":[{"embeddable":true,"href":"https:\/\/xn--hftessamlarna-bfb.se\/index.php?rest_route=\/wp\/v2\/pages\/307"}],"wp:attachment":[{"href":"https:\/\/xn--hftessamlarna-bfb.se\/index.php?rest_route=%2Fwp%2Fv2%2Fmedia&parent=613"}],"curies":[{"name":"wp","href":"https:\/\/api.w.org\/{rel}","templated":true}]}}