{"id":578,"date":"2011-10-26T08:28:54","date_gmt":"2011-10-26T06:28:54","guid":{"rendered":"http:\/\/xn--hftessamlarna-bfb.se\/?page_id=578"},"modified":"2023-05-30T17:05:04","modified_gmt":"2023-05-30T16:05:04","slug":"sh35-julpost-inrikes-2008","status":"publish","type":"page","link":"https:\/\/xn--hftessamlarna-bfb.se\/?page_id=578","title":{"rendered":"SH35 Jul 2008 &#8211; Juld\u00f6rrar"},"content":{"rendered":"<p><a href=\"https:\/\/xn--hftessamlarna-bfb.se\/wp-content\/uploads\/SH-0035-header-2008.jpg\" rel=\"attachment wp-att-1632\"><img loading=\"lazy\" decoding=\"async\" class=\"alignnone wp-image-7143 size-full\" title=\"SH35\" src=\"https:\/\/xn--hftessamlarna-bfb.se\/wp-content\/uploads\/SH-0035-header-2008.jpg\" alt=\"\" width=\"960\" height=\"667\" srcset=\"https:\/\/xn--hftessamlarna-bfb.se\/wp-content\/uploads\/SH-0035-header-2008.jpg 960w, https:\/\/xn--hftessamlarna-bfb.se\/wp-content\/uploads\/SH-0035-header-2008-300x208.jpg 300w, https:\/\/xn--hftessamlarna-bfb.se\/wp-content\/uploads\/SH-0035-header-2008-150x104.jpg 150w, https:\/\/xn--hftessamlarna-bfb.se\/wp-content\/uploads\/SH-0035-header-2008-768x534.jpg 768w, https:\/\/xn--hftessamlarna-bfb.se\/wp-content\/uploads\/SH-0035-header-2008-432x300.jpg 432w\" sizes=\"auto, (max-width: 960px) 100vw, 960px\" \/><\/a>Utgivningsdag 2008-11-13<br \/>\nF 2686 &#8211; 2689<br \/>\n10 \u00d7 inrikes julbrev, fyra motiv<br \/>\nFrim\u00e4rkena trycktes i\u00a0fyra f\u00e4rger offset<br \/>\n57,7 mm breda,13 inlagor\/varv<\/p>\n<h2>Typer<\/h2>\n<p>H\u00e4ftet har 29 punkters vikperforering (perf 10) slagen fr\u00e5n frim\u00e4rkssidan, PI<\/p>\n<h2>Markeringar<\/h2>\n<p>FM, delad FM f\u00f6rekommer<br \/>\ncyls 1<br \/>\ncyls 2<br \/>\nhelt kn BS, gammal 6\/9<\/p>\n<div id=\"attachment_7144\" style=\"width: 310px\" class=\"wp-caption alignnone\"><a href=\"https:\/\/xn--hftessamlarna-bfb.se\/wp-content\/uploads\/SH-0035-mark-2008.jpg\"><img loading=\"lazy\" decoding=\"async\" aria-describedby=\"caption-attachment-7144\" class=\"size-medium wp-image-7144\" src=\"https:\/\/xn--hftessamlarna-bfb.se\/wp-content\/uploads\/SH-0035-mark-2008-300x104.jpg\" alt=\"\" width=\"300\" height=\"104\" srcset=\"https:\/\/xn--hftessamlarna-bfb.se\/wp-content\/uploads\/SH-0035-mark-2008-300x104.jpg 300w, https:\/\/xn--hftessamlarna-bfb.se\/wp-content\/uploads\/SH-0035-mark-2008-150x52.jpg 150w, https:\/\/xn--hftessamlarna-bfb.se\/wp-content\/uploads\/SH-0035-mark-2008-768x266.jpg 768w, https:\/\/xn--hftessamlarna-bfb.se\/wp-content\/uploads\/SH-0035-mark-2008-500x173.jpg 500w, https:\/\/xn--hftessamlarna-bfb.se\/wp-content\/uploads\/SH-0035-mark-2008.jpg 960w\" sizes=\"auto, (max-width: 300px) 100vw, 300px\" \/><\/a><p id=\"caption-attachment-7144\" class=\"wp-caption-text\">Illustration \u00f6ver markeringarnas placering<\/p><\/div>\n<p>kn kan vara v\u00e4nsterplacerad<br \/>\nK\u00e4nt med kn +0,5<\/p>\n<h2>K\u00e4nda kombinationer<\/h2>\n<p><a href=\"http:\/\/xn--hftessamlarna-bfb.se\/wp-content\/uploads\/SH35tabell1.jpg\"><img loading=\"lazy\" decoding=\"async\" class=\"alignleft wp-image-4942 size-large\" src=\"http:\/\/xn--hftessamlarna-bfb.se\/wp-content\/uploads\/SH35tabell1-1024x271.jpg\" alt=\"SH35tabell1\" width=\"584\" height=\"155\" srcset=\"https:\/\/xn--hftessamlarna-bfb.se\/wp-content\/uploads\/SH35tabell1-1024x271.jpg 1024w, https:\/\/xn--hftessamlarna-bfb.se\/wp-content\/uploads\/SH35tabell1-150x40.jpg 150w, https:\/\/xn--hftessamlarna-bfb.se\/wp-content\/uploads\/SH35tabell1-300x79.jpg 300w, https:\/\/xn--hftessamlarna-bfb.se\/wp-content\/uploads\/SH35tabell1-500x132.jpg 500w, https:\/\/xn--hftessamlarna-bfb.se\/wp-content\/uploads\/SH35tabell1.jpg 1775w\" sizes=\"auto, (max-width: 584px) 100vw, 584px\" \/><\/a>I en del av upplagan (med kn i intervallet 024\u2013027-tusen och rest 3 f\u00f6r kn + c 1 och kn 524\u2013527-tusen) sitter kn s\u00e5 l\u00e5ngt till h\u00f6ger att FM blivit delat eller hamnat helt p\u00e5 h\u00e4ftet bredvid. Det ger f\u00f6ljande varianter med FM delat till h\u00f6ger:<\/p>\n<p><a href=\"http:\/\/xn--hftessamlarna-bfb.se\/wp-content\/uploads\/SH35tabell2.jpg\"><img loading=\"lazy\" decoding=\"async\" class=\"alignleft wp-image-4943 size-large\" src=\"http:\/\/xn--hftessamlarna-bfb.se\/wp-content\/uploads\/SH35tabell2-1024x173.jpg\" alt=\"SH35tabell2\" width=\"584\" height=\"99\" srcset=\"https:\/\/xn--hftessamlarna-bfb.se\/wp-content\/uploads\/SH35tabell2-1024x173.jpg 1024w, https:\/\/xn--hftessamlarna-bfb.se\/wp-content\/uploads\/SH35tabell2-150x25.jpg 150w, https:\/\/xn--hftessamlarna-bfb.se\/wp-content\/uploads\/SH35tabell2-300x51.jpg 300w, https:\/\/xn--hftessamlarna-bfb.se\/wp-content\/uploads\/SH35tabell2-500x84.jpg 500w, https:\/\/xn--hftessamlarna-bfb.se\/wp-content\/uploads\/SH35tabell2.jpg 1899w\" sizes=\"auto, (max-width: 584px) 100vw, 584px\" \/><\/a>Tabellen nedan ger varianterna f\u00f6r FM delat till v\u00e4nster och m\u00f6jliga varianter n\u00e4r FM helt hamnar p\u00e5 h\u00e4ftet bredvid.<\/p>\n<p><a href=\"http:\/\/xn--hftessamlarna-bfb.se\/wp-content\/uploads\/SH35tabell3.jpg\"><img loading=\"lazy\" decoding=\"async\" class=\"alignleft wp-image-4944 size-large\" src=\"http:\/\/xn--hftessamlarna-bfb.se\/wp-content\/uploads\/SH35tabell3-1024x105.jpg\" alt=\"SH35tabell3\" width=\"584\" height=\"60\" srcset=\"https:\/\/xn--hftessamlarna-bfb.se\/wp-content\/uploads\/SH35tabell3-1024x105.jpg 1024w, https:\/\/xn--hftessamlarna-bfb.se\/wp-content\/uploads\/SH35tabell3-150x15.jpg 150w, https:\/\/xn--hftessamlarna-bfb.se\/wp-content\/uploads\/SH35tabell3-300x31.jpg 300w, https:\/\/xn--hftessamlarna-bfb.se\/wp-content\/uploads\/SH35tabell3-500x52.jpg 500w\" sizes=\"auto, (max-width: 584px) 100vw, 584px\" \/><\/a>H\u00e4ftena i de tv\u00e5 sista tabellerna kan samlas i \u00e4kta par med delat FM:<\/p>\n<ul>\n<li>utan cyls:\u00a0\u00a0\u00a0\u00a0\u00a0\u00a0\u00a0\u00a0\u00a0\u00a0\u00a0\u00a0\u00a0\u00a0\u00a0\u00a0\u00a0\u00a0\u00a0\u00a0\u00a0 kn (0)+delat FM t.h. | delat FM t.v.,\u00a0 kn (5)+delat FM t.h. | delat FM t.v.<\/li>\n<li>med cyls p\u00e5 1:a delen: kn (0)+c 1+delat FM t.h.| delat t.v.,\u00a0 kn (0)+c 2+delat FM t.h.| delat FM t.v.<\/li>\n<li>med cyls p\u00e5 2:a delen: kn (0)+delat FM t.h.| delat t.v.+c 1,\u00a0 kn (0)+delat FM t.h.| delat t.v.+c 2<\/li>\n<\/ul>\n<p>I obrutna 50-buntar har det hittats ett delat kn +0,5 med FM och 4 hela h\u00f6gerplacerade kn utan FM. Inga h\u00e4ften med kn 5,5+ \u00e4r k\u00e4nda.<\/p>\n<p><a href=\"http:\/\/xn--hftessamlarna-bfb.se\/wp-content\/uploads\/SH35tabell4.jpg\"><img loading=\"lazy\" decoding=\"async\" class=\"alignleft wp-image-4945\" src=\"http:\/\/xn--hftessamlarna-bfb.se\/wp-content\/uploads\/SH35tabell4-300x64.jpg\" alt=\"SH35tabell4\" width=\"200\" height=\"43\" srcset=\"https:\/\/xn--hftessamlarna-bfb.se\/wp-content\/uploads\/SH35tabell4-300x64.jpg 300w, https:\/\/xn--hftessamlarna-bfb.se\/wp-content\/uploads\/SH35tabell4-150x32.jpg 150w, https:\/\/xn--hftessamlarna-bfb.se\/wp-content\/uploads\/SH35tabell4-500x107.jpg 500w, https:\/\/xn--hftessamlarna-bfb.se\/wp-content\/uploads\/SH35tabell4.jpg 797w\" sizes=\"auto, (max-width: 200px) 100vw, 200px\" \/><\/a><\/p>\n<h2>Olika placering av kn<\/h2>\n<p><a href=\"https:\/\/xn--hftessamlarna-bfb.se\/wp-content\/uploads\/SH-0035-kn-2008.jpg\" rel=\"attachment wp-att-3934\"><img loading=\"lazy\" decoding=\"async\" class=\"alignnone wp-image-7145 size-medium\" src=\"https:\/\/xn--hftessamlarna-bfb.se\/wp-content\/uploads\/SH-0035-kn-2008-300x171.jpg\" alt=\"\" width=\"300\" height=\"171\" srcset=\"https:\/\/xn--hftessamlarna-bfb.se\/wp-content\/uploads\/SH-0035-kn-2008-300x171.jpg 300w, https:\/\/xn--hftessamlarna-bfb.se\/wp-content\/uploads\/SH-0035-kn-2008-1024x584.jpg 1024w, https:\/\/xn--hftessamlarna-bfb.se\/wp-content\/uploads\/SH-0035-kn-2008-150x86.jpg 150w, https:\/\/xn--hftessamlarna-bfb.se\/wp-content\/uploads\/SH-0035-kn-2008-768x438.jpg 768w, https:\/\/xn--hftessamlarna-bfb.se\/wp-content\/uploads\/SH-0035-kn-2008-500x285.jpg 500w, https:\/\/xn--hftessamlarna-bfb.se\/wp-content\/uploads\/SH-0035-kn-2008.jpg 1368w\" sizes=\"auto, (max-width: 300px) 100vw, 300px\" \/><\/a><\/p>\n<h2>Fakta om utgivningen<\/h2>\n<p>Arket inneh\u00e5ller tio m\u00e4rken med fyra olika motiv f\u00f6r inrikes julpost. Det har bredden ~57,7mm, varf\u00f6r det blir 13 (\u00d72) per varv. Tryckningen har gjorts i Giebeler (G8). En cylindersiffra \u00e4r flyttad i sidled s\u00e5 att b\u00e5da \u00e4r centralt placerade och de finns p\u00e5 det undre bandet. Kontrollnummer finns p\u00e5 vart tionde ark och b\u00f6rjar p\u00e5 5 p\u00e5 \u00f6vre och p\u00e5 0 p\u00e5 undre bandet. Femtiomarkeringar finns p\u00e5 b\u00e5da banden tillsammans med kn som slutar p\u00e5 0 eller 5. Alla markeringar i nedre marginalen.<\/p>\n<p>I en del av upplagan (vid kn p\u00e5 027- och 057-tusen) har inkjet-markeringarna f\u00f6rskjutits<br \/>\n\u00e5t h\u00f6ger s\u00e5 att FM kan finnas delad p\u00e5 tv\u00e5 ark. Finns ocks\u00e5 med hela FM s\u00e5 l\u00e5ngt till h\u00f6ger att den helt kommer \u00f6ver p\u00e5 n\u00e4sta ark. Att finna \u00e4kta par av delad FM \u00e4r ganska sv\u00e5rt, d\u00e5 delen med kn finns underst i en bunt, medan den andra delen finns \u00f6verst i en annan bunt. Endast om man har tv\u00e5 buntar, d\u00e4r kn kommer i obruten f\u00f6ljd, kan man vara s\u00e4ker p\u00e5 ett \u00e4kta par.<\/p>\n<p>Fr\u00e5n Posten Frim\u00e4rken har f\u00f6ljande f\u00f6rklaring l\u00e4mnats:<br \/>\n&#8221;Under produktionen kan det ibland ske &#8221;banbrott&#8221; p\u00e5 frim\u00e4rkspapper. Det betyder att papperet g\u00e5r av i samband med kantskador eller pappersskarv. Om papperet inte tr\u00e4ds exakt r\u00e4tt runt alla valsar i tryckpressen kan man f\u00e5 en f\u00f6rskjutning av pagineringarna. Detta brukar uppt\u00e4ckas under uttagning av rullen ur tryckpressen, och \u00e5tg\u00e4rdas d\u00e4rmed. Den h\u00e4r rullen har vi godk\u00e4nt eftersom detta inte p\u00e5verkar funktionen p\u00e5 frim\u00e4rkena.&#8221;<\/p>\n","protected":false},"excerpt":{"rendered":"<p>Utgivningsdag 2008-11-13 F 2686 &#8211; 2689 10 \u00d7 inrikes julbrev, fyra motiv Frim\u00e4rkena trycktes i\u00a0fyra f\u00e4rger offset 57,7 mm breda,13 inlagor\/varv Typer H\u00e4ftet har 29 punkters vikperforering (perf 10) slagen fr\u00e5n frim\u00e4rkssidan, PI Markeringar FM, delad FM f\u00f6rekommer cyls 1 &hellip; <a href=\"https:\/\/xn--hftessamlarna-bfb.se\/?page_id=578\">Forts\u00e4tt l\u00e4sa <span class=\"meta-nav\">&rarr;<\/span><\/a><\/p>\n","protected":false},"author":1,"featured_media":0,"parent":307,"menu_order":35,"comment_status":"open","ping_status":"open","template":"","meta":{"footnotes":""},"class_list":["post-578","page","type-page","status-publish","hentry"],"_links":{"self":[{"href":"https:\/\/xn--hftessamlarna-bfb.se\/index.php?rest_route=\/wp\/v2\/pages\/578","targetHints":{"allow":["GET"]}}],"collection":[{"href":"https:\/\/xn--hftessamlarna-bfb.se\/index.php?rest_route=\/wp\/v2\/pages"}],"about":[{"href":"https:\/\/xn--hftessamlarna-bfb.se\/index.php?rest_route=\/wp\/v2\/types\/page"}],"author":[{"embeddable":true,"href":"https:\/\/xn--hftessamlarna-bfb.se\/index.php?rest_route=\/wp\/v2\/users\/1"}],"replies":[{"embeddable":true,"href":"https:\/\/xn--hftessamlarna-bfb.se\/index.php?rest_route=%2Fwp%2Fv2%2Fcomments&post=578"}],"version-history":[{"count":0,"href":"https:\/\/xn--hftessamlarna-bfb.se\/index.php?rest_route=\/wp\/v2\/pages\/578\/revisions"}],"up":[{"embeddable":true,"href":"https:\/\/xn--hftessamlarna-bfb.se\/index.php?rest_route=\/wp\/v2\/pages\/307"}],"wp:attachment":[{"href":"https:\/\/xn--hftessamlarna-bfb.se\/index.php?rest_route=%2Fwp%2Fv2%2Fmedia&parent=578"}],"curies":[{"name":"wp","href":"https:\/\/api.w.org\/{rel}","templated":true}]}}