{"id":5579,"date":"2017-06-25T14:30:09","date_gmt":"2017-06-25T13:30:09","guid":{"rendered":"http:\/\/xn--hftessamlarna-bfb.se\/?page_id=5579"},"modified":"2017-06-25T14:37:06","modified_gmt":"2017-06-25T13:37:06","slug":"protokoll-fran-arsmote-i-malmo-den-8-april","status":"publish","type":"page","link":"https:\/\/xn--hftessamlarna-bfb.se\/?page_id=5579","title":{"rendered":"Protokoll fr\u00e5n \u00e5rsm\u00f6te i Malm\u00f6 den 8 april"},"content":{"rendered":"<p><em><strong>H\u00e4ftessamlarna h\u00f6ll \u00e5rsm\u00f6te i Malm\u00f6 den 8 april 2017. Efter sedvanliga f\u00f6rhandlingar h\u00f6ll Jan Nystr\u00f6m ett f\u00f6redrag om olika tryckmetoder.<\/strong><\/em><\/p>\n<p>Lotteriet inbringade 1.535:-<\/p>\n<p>Vi beslutade att halv\u00e5rsm\u00f6tet blir den 21 oktober i Oxel\u00f6sund i samband med<br \/>\nHuddinge Frim\u00e4rkes auktion.<\/p>\n<p>Protokoll mm finns p\u00e5 h\u00e4r:<\/p>\n<p><a href=\"http:\/\/xn--hftessamlarna-bfb.se\/wp-content\/uploads\/Protokoll.pdf\">Protokoll \u00e5rsm\u00f6te 8 april 2017<\/a><\/p>\n","protected":false},"excerpt":{"rendered":"<p>H\u00e4ftessamlarna h\u00f6ll \u00e5rsm\u00f6te i Malm\u00f6 den 8 april 2017. Efter sedvanliga f\u00f6rhandlingar h\u00f6ll Jan Nystr\u00f6m ett f\u00f6redrag om olika tryckmetoder. Lotteriet inbringade 1.535:- Vi beslutade att halv\u00e5rsm\u00f6tet blir den 21 oktober i Oxel\u00f6sund i samband med Huddinge Frim\u00e4rkes auktion. Protokoll &hellip; <a href=\"https:\/\/xn--hftessamlarna-bfb.se\/?page_id=5579\">Forts\u00e4tt l\u00e4sa <span class=\"meta-nav\">&rarr;<\/span><\/a><\/p>\n","protected":false},"author":1,"featured_media":0,"parent":0,"menu_order":0,"comment_status":"closed","ping_status":"closed","template":"","meta":{"footnotes":""},"class_list":["post-5579","page","type-page","status-publish","hentry"],"_links":{"self":[{"href":"https:\/\/xn--hftessamlarna-bfb.se\/index.php?rest_route=\/wp\/v2\/pages\/5579","targetHints":{"allow":["GET"]}}],"collection":[{"href":"https:\/\/xn--hftessamlarna-bfb.se\/index.php?rest_route=\/wp\/v2\/pages"}],"about":[{"href":"https:\/\/xn--hftessamlarna-bfb.se\/index.php?rest_route=\/wp\/v2\/types\/page"}],"author":[{"embeddable":true,"href":"https:\/\/xn--hftessamlarna-bfb.se\/index.php?rest_route=\/wp\/v2\/users\/1"}],"replies":[{"embeddable":true,"href":"https:\/\/xn--hftessamlarna-bfb.se\/index.php?rest_route=%2Fwp%2Fv2%2Fcomments&post=5579"}],"version-history":[{"count":0,"href":"https:\/\/xn--hftessamlarna-bfb.se\/index.php?rest_route=\/wp\/v2\/pages\/5579\/revisions"}],"wp:attachment":[{"href":"https:\/\/xn--hftessamlarna-bfb.se\/index.php?rest_route=%2Fwp%2Fv2%2Fmedia&parent=5579"}],"curies":[{"name":"wp","href":"https:\/\/api.w.org\/{rel}","templated":true}]}}