{"id":5529,"date":"2017-03-01T13:56:15","date_gmt":"2017-03-01T12:56:15","guid":{"rendered":"http:\/\/xn--hftessamlarna-bfb.se\/?page_id=5529"},"modified":"2017-03-04T14:51:19","modified_gmt":"2017-03-04T13:51:19","slug":"arsmote-2017-i-malmo","status":"publish","type":"page","link":"https:\/\/xn--hftessamlarna-bfb.se\/?page_id=5529","title":{"rendered":"\u00c5rsm\u00f6te 2017 i Malm\u00f6"},"content":{"rendered":"<h2>V\u00c4LKOMMEN TILL \u00c5RSM\u00d6TE MED H\u00c4FTESSAMLARNA<br \/>\nL\u00d6RDAGEN DEN 8 APRIL 2017 I MALM\u00d6<\/h2>\n<p>Lokal: Folkets Hus Limhamn, Linn\u00e9gatan 61, LIMHAMN\/MALM\u00d6. Se <a href=\"https:\/\/www.hitta.se\/folkets+hus+i+limhamn\/limhamn\/xlw4HHqqqb?vad=Folkets+hus+Linn%C3%A9gatan+61%2C+Limhamn\" target=\"_blank\">v\u00e4gbeskrivning<\/a>.<br \/>\nTel. Lars Nordberg 0725-44 65 98<\/p>\n<p><strong>Buss<\/strong><br \/>\nBuss nr 7 och 4 g\u00e5r fr\u00e5n direkt fr\u00e5n Malm\u00f6 Centralstation. L\u00e4s mer:<br \/>\n<a href=\"http:\/\/www.skanetrafiken.se\">www.skanetrafiken.se<\/a><\/p>\n<p><strong>Parkering<\/strong><br \/>\nDet finns gott om parkering i kvarteret runt Folkets hus. Se upp den ena gatan \u00e4r begr\u00e4nsad till 2 timmar, men de andra \u00e4r fri parkering.<\/p>\n<p><strong>Lotteri p\u00e5 \u00c5rsm\u00f6tet 8\/4-2017<\/strong><br \/>\nNi h\u00e4lsas mycket v\u00e4lkomna till \u00e5rsm\u00f6tet i Limhamn utanf\u00f6r Malm\u00f6.<br \/>\nVi kommer liksom tidigare \u00e5r att anordna ett medlemslotteri och de som inte kan n\u00e4rvara har m\u00f6jlighet att \u00e4nd\u00e5 delta genom att skicka \u00f6nskem\u00e5l till undertecknad om hur m\u00e5nga lotter de \u00f6nskar k\u00f6pa. Lottpriset \u00e4r 5 SEK.<\/p>\n<p>Antalet lotter best\u00e4ms efter hur m\u00e5nga som g\u00e5r \u00e5t i f\u00f6rk\u00f6p samt hur m\u00e5nga som s\u00e4ljs p\u00e5 plats. Priserna kommer som alltid att vara rikliga och v\u00e4rdefulla\u00a0 och det har redan kommit bidrag fr\u00e5n tv\u00e5 av v\u00e5ra medlemmar. Vill ni bidra med pris f\u00e5r ni g\u00e4rna skicka det till undertecknad.<br \/>\nBo G\u00f6ransson<\/p>\n<p><strong>Dagordning med ungef\u00e4rlig tidsplan:<\/strong><\/p>\n<p>Kl. 10.00 Samling.<br \/>\nLokalen \u00f6ppen fr\u00e5n 10.00 och st\u00e5r till f\u00f6rfogande f\u00f6r bytesverksamhet, handel, diskussioner och gemytlig samvaro.<br \/>\nKl. 11.00 \u00c5rsm\u00f6tesf\u00f6rhandlingar.<\/p>\n<p><strong>Dagordning:<\/strong><br \/>\n1. M\u00f6tets \u00f6ppnande.<br \/>\n2. Val av ordf\u00f6rande och sekreterare f\u00f6r \u00e5rsm\u00f6tet.<br \/>\n3. Val av tv\u00e5 justeringsm\u00e4n, tillika r\u00f6str\u00e4knare, att j\u00e4mte m\u00f6tesordf\u00f6randen justera<br \/>\nprotokollet.<br \/>\n4. Fr\u00e5gan om m\u00f6tet beh\u00f6rigen utlysts.<br \/>\n5. F\u00f6redragning av styrelsens verksamhetsber\u00e4ttelse.<br \/>\n6. F\u00f6redragning av revisorernas ber\u00e4ttelse.<br \/>\n7. Fr\u00e5gan om ansvarsfrihet f\u00f6r styrelsen.<br \/>\n8. Behandling av ev. motioner.<br \/>\n9. Val av ordf\u00f6rande p\u00e5 1 \u00e5r.<br \/>\n10. Val av tv\u00e5 styrelsemedlemmar p\u00e5 2 \u00e5r. I tur att avg\u00e5 \u00e4r Lars Nordberg och Thomas Kinell.<br \/>\n11. Val av 4 kontaktpersoner<br \/>\n12. Val av tv\u00e5 styrelsesuppleanter p\u00e5 1 \u00e5r. I tur att avg\u00e5 \u00e4r Sven Erik Mattsson och Robert Forsberg.<br \/>\n12. Val av tv\u00e5 revisorer och en suppleant p\u00e5 1 \u00e5r. I tur att avg\u00e5 \u00e4r Lars Blomqvist och Torgny Elofsson, samt suppleant Yngve Hamnerius.<br \/>\n13. Fastst\u00e4llande av tid och plats f\u00f6r h\u00f6stm\u00f6tet.<br \/>\n14. \u00d6vriga fr\u00e5gor.<br \/>\n15. \u00c5rsm\u00f6tesf\u00f6rhandlingarna avslutas.<\/p>\n<p>Efter \u00e5rsm\u00f6tet f\u00e5r vi en presentation Olika tryckmetoder. F\u00f6redragsh\u00e5llare \u00e4r Jan Nystr\u00f6m fr\u00e5n Bor\u00e5s.<\/p>\n<p>Styrelsen \u00f6nskar dig v\u00e4lkommen till en viktig tr\u00e4ff i Malm\u00f6.<\/p>\n","protected":false},"excerpt":{"rendered":"<p>V\u00c4LKOMMEN TILL \u00c5RSM\u00d6TE MED H\u00c4FTESSAMLARNA L\u00d6RDAGEN DEN 8 APRIL 2017 I MALM\u00d6 Lokal: Folkets Hus Limhamn, Linn\u00e9gatan 61, LIMHAMN\/MALM\u00d6. Se v\u00e4gbeskrivning. Tel. Lars Nordberg 0725-44 65 98 Buss Buss nr 7 och 4 g\u00e5r fr\u00e5n direkt fr\u00e5n Malm\u00f6 Centralstation. L\u00e4s &hellip; <a href=\"https:\/\/xn--hftessamlarna-bfb.se\/?page_id=5529\">Forts\u00e4tt l\u00e4sa <span class=\"meta-nav\">&rarr;<\/span><\/a><\/p>\n","protected":false},"author":1,"featured_media":0,"parent":0,"menu_order":0,"comment_status":"closed","ping_status":"closed","template":"","meta":{"footnotes":""},"class_list":["post-5529","page","type-page","status-publish","hentry"],"_links":{"self":[{"href":"https:\/\/xn--hftessamlarna-bfb.se\/index.php?rest_route=\/wp\/v2\/pages\/5529","targetHints":{"allow":["GET"]}}],"collection":[{"href":"https:\/\/xn--hftessamlarna-bfb.se\/index.php?rest_route=\/wp\/v2\/pages"}],"about":[{"href":"https:\/\/xn--hftessamlarna-bfb.se\/index.php?rest_route=\/wp\/v2\/types\/page"}],"author":[{"embeddable":true,"href":"https:\/\/xn--hftessamlarna-bfb.se\/index.php?rest_route=\/wp\/v2\/users\/1"}],"replies":[{"embeddable":true,"href":"https:\/\/xn--hftessamlarna-bfb.se\/index.php?rest_route=%2Fwp%2Fv2%2Fcomments&post=5529"}],"version-history":[{"count":0,"href":"https:\/\/xn--hftessamlarna-bfb.se\/index.php?rest_route=\/wp\/v2\/pages\/5529\/revisions"}],"wp:attachment":[{"href":"https:\/\/xn--hftessamlarna-bfb.se\/index.php?rest_route=%2Fwp%2Fv2%2Fmedia&parent=5529"}],"curies":[{"name":"wp","href":"https:\/\/api.w.org\/{rel}","templated":true}]}}