{"id":5431,"date":"2016-11-10T09:29:10","date_gmt":"2016-11-10T08:29:10","guid":{"rendered":"http:\/\/xn--hftessamlarna-bfb.se\/?page_id=5431"},"modified":"2021-11-29T11:03:27","modified_gmt":"2021-11-29T10:03:27","slug":"bl45-lunds-universitet-350-ar","status":"publish","type":"page","link":"https:\/\/xn--hftessamlarna-bfb.se\/?page_id=5431","title":{"rendered":"BL45 Lunds Universitet 350 \u00e5r"},"content":{"rendered":"<p><a href=\"http:\/\/xn--hftessamlarna-bfb.se\/wp-content\/uploads\/BL45.jpg\"><img loading=\"lazy\" decoding=\"async\" class=\"alignleft wp-image-5432 size-full\" src=\"http:\/\/xn--hftessamlarna-bfb.se\/wp-content\/uploads\/BL45.jpg\" alt=\"bl45\" width=\"960\" height=\"593\" srcset=\"https:\/\/xn--hftessamlarna-bfb.se\/wp-content\/uploads\/BL45.jpg 960w, https:\/\/xn--hftessamlarna-bfb.se\/wp-content\/uploads\/BL45-150x93.jpg 150w, https:\/\/xn--hftessamlarna-bfb.se\/wp-content\/uploads\/BL45-300x185.jpg 300w, https:\/\/xn--hftessamlarna-bfb.se\/wp-content\/uploads\/BL45-768x474.jpg 768w, https:\/\/xn--hftessamlarna-bfb.se\/wp-content\/uploads\/BL45-486x300.jpg 486w\" sizes=\"auto, (max-width: 960px) 100vw, 960px\" \/><\/a><\/p>\n<p>Utgivningsdag 2016-11-10<br \/>2 x 13:-, 2 motiv<\/p>\n<p>Formatet \u00e4r liggande, 130<strong> * <\/strong>79 mm.<\/p>\n<p>Cylindrarna hade 4 band:<\/p>\n<ol>\n<li>Ett band har kn eller andra markeringar.<\/li>\n<li>Ett band har delade gr\u00e5kilar, men inga kn eller andra markeringar<\/li>\n<li>Ett band har kn (0), men inga andra markeringar.<\/li>\n<li>Ett band har cyls, delade gr\u00e5kilar och kn (5).<\/li>\n<\/ol>\n<p>Blocket \u00e4r tryckt i M5 i kombinerat st\u00e5ltryck och offset. I M5 har cylindrarna f\u00f6r st\u00e5ltryck en omkrets p\u00e5 780 mm, medan omkretsen f\u00f6r offsetcylindrarna \u00e4r 520 mm. Detta betyder att ett band p\u00e5 st\u00e5ltryckscylindrarna omfattar 6 inlagor, medan offsetcylindrarna omfattar endast 4 inlagor. St\u00e5ltryckscylindrarna har 3 cylindersiffror och offsetcylindrarna har 2 cylindersiffor. Cylindersiffrorna ligger i \u00f6verkanten till v\u00e4nster; cylindersiffrorna f\u00f6r fr\u00e5n st\u00e5ltrycket ligger 20 mm fr\u00e5n v\u00e4nsterkant (i handen som h\u00e5ller hatten). Cylindersiffrorna fr\u00e5n offsettrycket tangerar \u00f6verkanten och ligger 27 mm fr\u00e5n v\u00e4nster kanten (d\u00e4r hatten slutar). De delade gr\u00e5kilarna sitter p\u00e5 mitten av v\u00e4nster eller h\u00f6ger kant. Blocken med cyls har alltid en delad gr\u00e5kil i h\u00f6ger kant. Kn h\u00e4nger i \u00f6vre v\u00e4nstra h\u00f6rnet.<\/p>\n<p>De olika cylinderomkretsarna g\u00f6r att blocken f\u00e5r olika kombinationer av cylindersiffror fr\u00e5n offset- och st\u00e5ltryckscylindrarna. Tryckeriet synkroniserar de olika cylindrarna s\u00e5 att cylindersiffrorna sammanfaller. Nedanst\u00e5ende figur illustrerar hur de olika kombinationerna uppst\u00e5r. N\u00e4r offsetcylindern roterat 3 varv och st\u00e5ltryckscylindern 2 varv har de b\u00e5da producerat 12 block och sedan upprepas samma sekvens.<\/p>\n<p><a href=\"http:\/\/xn--hftessamlarna-bfb.se\/wp-content\/uploads\/BL45tabell1.jpg\"><img loading=\"lazy\" decoding=\"async\" class=\"alignleft wp-image-5447 size-medium\" src=\"http:\/\/xn--hftessamlarna-bfb.se\/wp-content\/uploads\/BL45tabell1-300x40.jpg\" alt=\"bl45tabell1\" width=\"300\" height=\"40\" srcset=\"https:\/\/xn--hftessamlarna-bfb.se\/wp-content\/uploads\/BL45tabell1-300x40.jpg 300w, https:\/\/xn--hftessamlarna-bfb.se\/wp-content\/uploads\/BL45tabell1-150x20.jpg 150w, https:\/\/xn--hftessamlarna-bfb.se\/wp-content\/uploads\/BL45tabell1-768x102.jpg 768w, https:\/\/xn--hftessamlarna-bfb.se\/wp-content\/uploads\/BL45tabell1-1024x135.jpg 1024w, https:\/\/xn--hftessamlarna-bfb.se\/wp-content\/uploads\/BL45tabell1-500x66.jpg 500w, https:\/\/xn--hftessamlarna-bfb.se\/wp-content\/uploads\/BL45tabell1.jpg 1271w\" sizes=\"auto, (max-width: 300px) 100vw, 300px\" \/><\/a><\/p>\n<p>\u00a0<\/p>\n<p>Detta har en stor betydelse f\u00f6r f\u00f6rekomsten av varianter. Vi kan se det som om att det finns 12 olika block. I tabellen nedan har vi listat hur alla dessa 12 block kombineras fr\u00e5n de 2 olika cylindrarna och p\u00e5 vilka block de olika cylindersiffrorna sitter. F\u00f6r tydlighets skull har vi utel\u00e4mnat gr\u00e5kilarna. De sitter troligen p\u00e5 offsetcylindrarna s\u00e5 att inlaga 4 och 1 delar en gr\u00e5kil liksom inlaga och inlaga 2 och 3.<\/p>\n<p><a href=\"http:\/\/xn--hftessamlarna-bfb.se\/wp-content\/uploads\/BL45tabell2.jpg\"><img loading=\"lazy\" decoding=\"async\" class=\"alignleft size-medium wp-image-5448\" src=\"http:\/\/xn--hftessamlarna-bfb.se\/wp-content\/uploads\/BL45tabell2-207x300.jpg\" alt=\"bl45tabell2\" width=\"207\" height=\"300\" srcset=\"https:\/\/xn--hftessamlarna-bfb.se\/wp-content\/uploads\/BL45tabell2-207x300.jpg 207w, https:\/\/xn--hftessamlarna-bfb.se\/wp-content\/uploads\/BL45tabell2-104x150.jpg 104w, https:\/\/xn--hftessamlarna-bfb.se\/wp-content\/uploads\/BL45tabell2-768x1112.jpg 768w, https:\/\/xn--hftessamlarna-bfb.se\/wp-content\/uploads\/BL45tabell2-707x1024.jpg 707w, https:\/\/xn--hftessamlarna-bfb.se\/wp-content\/uploads\/BL45tabell2.jpg 776w\" sizes=\"auto, (max-width: 207px) 100vw, 207px\" \/><\/a><\/p>\n<p>Om kn sitter p\u00e5 en udda inlaga s\u00e5 sitter alla kn p\u00e5 en udda inlaga eftersom stegen mellan kn \u00e4r tio som \u00e4r ett j\u00e4mt kn. Detta betyder att efter 6 kn s\u00e5 \u00e4r kn tillbaka p\u00e5 samma inlaga och i denna sekvens s\u00e5 har alla udda inlagor f\u00e5tt kn en g\u00e5ng. I denna variant sitter alla kn (5) i kombination med cyls. Denna variant fanns p\u00e5 utgivningsdagen. Om kn sitter p\u00e5 j\u00e4mn inlaga blir det inga kombinationer kn (5) med cyls, men denna variant \u00e4r inte k\u00e4nd.<\/p>\n<p>Kn (0) finns med FM.<\/p>\n<h2>K\u00e4nda markeringar<\/h2>\n<p><img loading=\"lazy\" decoding=\"async\" class=\"alignnone wp-image-5637 size-large\" src=\"http:\/\/xn--hftessamlarna-bfb.se\/wp-content\/uploads\/BL45tabell3-1-1024x484.jpg\" alt=\"\" width=\"584\" height=\"276\" srcset=\"https:\/\/xn--hftessamlarna-bfb.se\/wp-content\/uploads\/BL45tabell3-1-1024x484.jpg 1024w, https:\/\/xn--hftessamlarna-bfb.se\/wp-content\/uploads\/BL45tabell3-1-150x71.jpg 150w, https:\/\/xn--hftessamlarna-bfb.se\/wp-content\/uploads\/BL45tabell3-1-300x142.jpg 300w, https:\/\/xn--hftessamlarna-bfb.se\/wp-content\/uploads\/BL45tabell3-1-768x363.jpg 768w, https:\/\/xn--hftessamlarna-bfb.se\/wp-content\/uploads\/BL45tabell3-1-500x236.jpg 500w\" sizes=\"auto, (max-width: 584px) 100vw, 584px\" \/><\/p>\n<h2>Femtiomarkering FM f\u00f6r f\u00f6rsta g\u00e5ngen p\u00e5 block<\/h2>\n<p><a href=\"http:\/\/xn--hftessamlarna-bfb.se\/wp-content\/uploads\/BL45FMkn-1.jpg\"><img loading=\"lazy\" decoding=\"async\" class=\"alignleft wp-image-5454 size-medium\" src=\"http:\/\/xn--hftessamlarna-bfb.se\/wp-content\/uploads\/BL45FMkn-1-300x187.jpg\" width=\"300\" height=\"187\" srcset=\"https:\/\/xn--hftessamlarna-bfb.se\/wp-content\/uploads\/BL45FMkn-1-300x187.jpg 300w, https:\/\/xn--hftessamlarna-bfb.se\/wp-content\/uploads\/BL45FMkn-1-150x94.jpg 150w, https:\/\/xn--hftessamlarna-bfb.se\/wp-content\/uploads\/BL45FMkn-1-768x479.jpg 768w, https:\/\/xn--hftessamlarna-bfb.se\/wp-content\/uploads\/BL45FMkn-1-1024x639.jpg 1024w, https:\/\/xn--hftessamlarna-bfb.se\/wp-content\/uploads\/BL45FMkn-1-481x300.jpg 481w, https:\/\/xn--hftessamlarna-bfb.se\/wp-content\/uploads\/BL45FMkn-1.jpg 1708w\" sizes=\"auto, (max-width: 300px) 100vw, 300px\" \/><\/a><\/p>\n\n\n<p>\u00a0<\/p>\n<p>\u00a0<\/p>\n<h2>Otandat block finns<\/h2>\n<div id=\"attachment_6763\" style=\"width: 310px\" class=\"wp-caption alignnone\"><img loading=\"lazy\" decoding=\"async\" aria-describedby=\"caption-attachment-6763\" class=\"wp-image-6763 size-medium\" src=\"https:\/\/xn--hftessamlarna-bfb.se\/wp-content\/uploads\/BL45Otandad-300x182.jpg\" alt=\"\" width=\"300\" height=\"182\" srcset=\"https:\/\/xn--hftessamlarna-bfb.se\/wp-content\/uploads\/BL45Otandad-300x182.jpg 300w, https:\/\/xn--hftessamlarna-bfb.se\/wp-content\/uploads\/BL45Otandad-1024x621.jpg 1024w, https:\/\/xn--hftessamlarna-bfb.se\/wp-content\/uploads\/BL45Otandad-150x91.jpg 150w, https:\/\/xn--hftessamlarna-bfb.se\/wp-content\/uploads\/BL45Otandad-768x465.jpg 768w, https:\/\/xn--hftessamlarna-bfb.se\/wp-content\/uploads\/BL45Otandad-1536x931.jpg 1536w, https:\/\/xn--hftessamlarna-bfb.se\/wp-content\/uploads\/BL45Otandad-495x300.jpg 495w, https:\/\/xn--hftessamlarna-bfb.se\/wp-content\/uploads\/BL45Otandad.jpg 1556w\" sizes=\"auto, (max-width: 300px) 100vw, 300px\" \/><p id=\"caption-attachment-6763\" class=\"wp-caption-text\">Otandade Block finns med neutrala och kn (006371 (006372)<\/p><\/div>\n","protected":false},"excerpt":{"rendered":"<p>Utgivningsdag 2016-11-102 x 13:-, 2 motiv Formatet \u00e4r liggande, 130 * 79 mm. Cylindrarna hade 4 band: Ett band har kn eller andra markeringar. Ett band har delade gr\u00e5kilar, men inga kn eller andra markeringar Ett band har kn (0), &hellip; <a href=\"https:\/\/xn--hftessamlarna-bfb.se\/?page_id=5431\">Forts\u00e4tt l\u00e4sa <span class=\"meta-nav\">&rarr;<\/span><\/a><\/p>\n","protected":false},"author":1,"featured_media":0,"parent":3642,"menu_order":45,"comment_status":"open","ping_status":"closed","template":"","meta":{"footnotes":""},"class_list":["post-5431","page","type-page","status-publish","hentry"],"_links":{"self":[{"href":"https:\/\/xn--hftessamlarna-bfb.se\/index.php?rest_route=\/wp\/v2\/pages\/5431","targetHints":{"allow":["GET"]}}],"collection":[{"href":"https:\/\/xn--hftessamlarna-bfb.se\/index.php?rest_route=\/wp\/v2\/pages"}],"about":[{"href":"https:\/\/xn--hftessamlarna-bfb.se\/index.php?rest_route=\/wp\/v2\/types\/page"}],"author":[{"embeddable":true,"href":"https:\/\/xn--hftessamlarna-bfb.se\/index.php?rest_route=\/wp\/v2\/users\/1"}],"replies":[{"embeddable":true,"href":"https:\/\/xn--hftessamlarna-bfb.se\/index.php?rest_route=%2Fwp%2Fv2%2Fcomments&post=5431"}],"version-history":[{"count":0,"href":"https:\/\/xn--hftessamlarna-bfb.se\/index.php?rest_route=\/wp\/v2\/pages\/5431\/revisions"}],"up":[{"embeddable":true,"href":"https:\/\/xn--hftessamlarna-bfb.se\/index.php?rest_route=\/wp\/v2\/pages\/3642"}],"wp:attachment":[{"href":"https:\/\/xn--hftessamlarna-bfb.se\/index.php?rest_route=%2Fwp%2Fv2%2Fmedia&parent=5431"}],"curies":[{"name":"wp","href":"https:\/\/api.w.org\/{rel}","templated":true}]}}