{"id":5182,"date":"2015-11-13T07:27:42","date_gmt":"2015-11-13T06:27:42","guid":{"rendered":"http:\/\/xn--hftessamlarna-bfb.se\/?page_id=5182"},"modified":"2017-07-07T06:14:22","modified_gmt":"2017-07-07T05:14:22","slug":"sh86-vintertrad","status":"publish","type":"page","link":"https:\/\/xn--hftessamlarna-bfb.se\/?page_id=5182","title":{"rendered":"SH86 Vintertr\u00e4d"},"content":{"rendered":"<p><a href=\"http:\/\/xn--hftessamlarna-bfb.se\/wp-content\/uploads\/2015vintertrad.jpg\"><img loading=\"lazy\" decoding=\"async\" class=\"alignleft wp-image-5183 size-full\" src=\"http:\/\/xn--hftessamlarna-bfb.se\/wp-content\/uploads\/2015vintertrad.jpg\" alt=\"2015vintertrad\" width=\"960\" height=\"1006\" srcset=\"https:\/\/xn--hftessamlarna-bfb.se\/wp-content\/uploads\/2015vintertrad.jpg 960w, https:\/\/xn--hftessamlarna-bfb.se\/wp-content\/uploads\/2015vintertrad-143x150.jpg 143w, https:\/\/xn--hftessamlarna-bfb.se\/wp-content\/uploads\/2015vintertrad-286x300.jpg 286w\" sizes=\"auto, (max-width: 960px) 100vw, 960px\" \/><\/a><\/p>\n<p>Utgivningsdag 2015-11-12<br \/>\nF 3089 &#8211; 3093<br \/>\n10 x brevporto, 5 motiv<\/p>\n<p>SH86 \u00e4r tryckt i tryckpressen G5. H\u00e4ftet \u00e4r tryckt i det nya formatet i st\u00e5ltryck. Det \u00e4r 83 mm brett och det betyder att cylindern har 9 h\u00e4ften per band. Kn har satts p\u00e5 vart 10 h\u00e4fte och band, vilket betyder att kn vandrar \u00f6ver alla inlagorna. FM finns. Inga gr\u00e5kilar har observerats p\u00e5 detta h\u00e4fte eftersom det \u00e4r ett rent st\u00e5ltryck.<\/p>\n<p>SH86 har 41 punkters vikperforering (perf 10) \u00e4r slagen fr\u00e5n omslagssidan, PU.<\/p>\n<h2><a href=\"http:\/\/xn--hftessamlarna-bfb.se\/wp-content\/uploads\/SH86tabell.jpg\"><img loading=\"lazy\" decoding=\"async\" class=\"alignleft wp-image-5194 size-large\" src=\"http:\/\/xn--hftessamlarna-bfb.se\/wp-content\/uploads\/SH86tabell-1024x320.jpg\" alt=\"SH86tabell\" width=\"584\" height=\"183\" srcset=\"https:\/\/xn--hftessamlarna-bfb.se\/wp-content\/uploads\/SH86tabell-1024x320.jpg 1024w, https:\/\/xn--hftessamlarna-bfb.se\/wp-content\/uploads\/SH86tabell-150x47.jpg 150w, https:\/\/xn--hftessamlarna-bfb.se\/wp-content\/uploads\/SH86tabell-300x94.jpg 300w, https:\/\/xn--hftessamlarna-bfb.se\/wp-content\/uploads\/SH86tabell-500x156.jpg 500w, https:\/\/xn--hftessamlarna-bfb.se\/wp-content\/uploads\/SH86tabell.jpg 1714w\" sizes=\"auto, (max-width: 584px) 100vw, 584px\" \/><\/a>Bild p\u00e5 variant<\/h2>\n<div id=\"attachment_5458\" style=\"width: 310px\" class=\"wp-caption alignleft\"><a href=\"http:\/\/xn--hftessamlarna-bfb.se\/wp-content\/uploads\/SH86k0hfm.jpg\"><img loading=\"lazy\" decoding=\"async\" aria-describedby=\"caption-attachment-5458\" class=\"wp-image-5458 size-medium\" src=\"http:\/\/xn--hftessamlarna-bfb.se\/wp-content\/uploads\/SH86k0hfm-300x156.jpg\" alt=\"sh86k0hfm\" width=\"300\" height=\"156\" srcset=\"https:\/\/xn--hftessamlarna-bfb.se\/wp-content\/uploads\/SH86k0hfm-300x156.jpg 300w, https:\/\/xn--hftessamlarna-bfb.se\/wp-content\/uploads\/SH86k0hfm-150x78.jpg 150w, https:\/\/xn--hftessamlarna-bfb.se\/wp-content\/uploads\/SH86k0hfm-768x398.jpg 768w, https:\/\/xn--hftessamlarna-bfb.se\/wp-content\/uploads\/SH86k0hfm-1024x531.jpg 1024w, https:\/\/xn--hftessamlarna-bfb.se\/wp-content\/uploads\/SH86k0hfm-500x259.jpg 500w\" sizes=\"auto, (max-width: 300px) 100vw, 300px\" \/><\/a><p id=\"caption-attachment-5458\" class=\"wp-caption-text\">h\u00e4fte med h\u00f6gerst\u00e4llt knr (012130) + FM (9 mm fr\u00e5n h\u00f6gerkanten)<\/p><\/div>\n","protected":false},"excerpt":{"rendered":"<p>Utgivningsdag 2015-11-12 F 3089 &#8211; 3093 10 x brevporto, 5 motiv SH86 \u00e4r tryckt i tryckpressen G5. H\u00e4ftet \u00e4r tryckt i det nya formatet i st\u00e5ltryck. Det \u00e4r 83 mm brett och det betyder att cylindern har 9 h\u00e4ften per &hellip; <a href=\"https:\/\/xn--hftessamlarna-bfb.se\/?page_id=5182\">Forts\u00e4tt l\u00e4sa <span class=\"meta-nav\">&rarr;<\/span><\/a><\/p>\n","protected":false},"author":1,"featured_media":0,"parent":307,"menu_order":86,"comment_status":"open","ping_status":"closed","template":"","meta":{"footnotes":""},"class_list":["post-5182","page","type-page","status-publish","hentry"],"_links":{"self":[{"href":"https:\/\/xn--hftessamlarna-bfb.se\/index.php?rest_route=\/wp\/v2\/pages\/5182","targetHints":{"allow":["GET"]}}],"collection":[{"href":"https:\/\/xn--hftessamlarna-bfb.se\/index.php?rest_route=\/wp\/v2\/pages"}],"about":[{"href":"https:\/\/xn--hftessamlarna-bfb.se\/index.php?rest_route=\/wp\/v2\/types\/page"}],"author":[{"embeddable":true,"href":"https:\/\/xn--hftessamlarna-bfb.se\/index.php?rest_route=\/wp\/v2\/users\/1"}],"replies":[{"embeddable":true,"href":"https:\/\/xn--hftessamlarna-bfb.se\/index.php?rest_route=%2Fwp%2Fv2%2Fcomments&post=5182"}],"version-history":[{"count":0,"href":"https:\/\/xn--hftessamlarna-bfb.se\/index.php?rest_route=\/wp\/v2\/pages\/5182\/revisions"}],"up":[{"embeddable":true,"href":"https:\/\/xn--hftessamlarna-bfb.se\/index.php?rest_route=\/wp\/v2\/pages\/307"}],"wp:attachment":[{"href":"https:\/\/xn--hftessamlarna-bfb.se\/index.php?rest_route=%2Fwp%2Fv2%2Fmedia&parent=5182"}],"curies":[{"name":"wp","href":"https:\/\/api.w.org\/{rel}","templated":true}]}}