{"id":4989,"date":"2015-03-24T16:08:17","date_gmt":"2015-03-24T15:08:17","guid":{"rendered":"http:\/\/xn--hftessamlarna-bfb.se\/?page_id=4989"},"modified":"2025-01-14T10:50:16","modified_gmt":"2025-01-14T09:50:16","slug":"h591-yngre-jarnalder-vikingatid","status":"publish","type":"page","link":"https:\/\/xn--hftessamlarna-bfb.se\/?page_id=4989","title":{"rendered":"H591 Yngre j\u00e4rn\u00e5lder &#8211; Vikingatid"},"content":{"rendered":"<p><a href=\"http:\/\/xn--hftessamlarna-bfb.se\/wp-content\/uploads\/H591.jpg\"><img loading=\"lazy\" decoding=\"async\" class=\"alignleft wp-image-4990 size-full\" src=\"http:\/\/xn--hftessamlarna-bfb.se\/wp-content\/uploads\/H591.jpg\" alt=\"H591\" width=\"960\" height=\"476\" srcset=\"https:\/\/xn--hftessamlarna-bfb.se\/wp-content\/uploads\/H591.jpg 960w, https:\/\/xn--hftessamlarna-bfb.se\/wp-content\/uploads\/H591-150x74.jpg 150w, https:\/\/xn--hftessamlarna-bfb.se\/wp-content\/uploads\/H591-300x149.jpg 300w, https:\/\/xn--hftessamlarna-bfb.se\/wp-content\/uploads\/H591-500x248.jpg 500w\" sizes=\"auto, (max-width: 960px) 100vw, 960px\" \/><\/a><\/p>\n<p>Utgivningsdag 2015-03-26<br \/>\nF 3049-3053<br \/>\n10 x inrikesbrev, 5 motiv<br \/>\nTryckta i\u00a01 f\u00e4rg st\u00e5ltryck och 4 f\u00e4rger offset (G:5).<br \/>\nOmslaget trycktes i 4 f\u00e4rger +1 offset (G:8)<br \/>\n17 * 1 band<\/p>\n<p>Detta \u00e4r troligen det sista h\u00e4ftet med gummering som utges i Sverige eftersom h\u00e4ftesmaskinen blir f\u00f6r dyr att underh\u00e5lla.<\/p>\n<h2>Markeringar<\/h2>\n<p>centralt regm<br \/>\nFM 4,5 x 2,2 mm svart som sitter t\u00e4tt intill kn p\u00e5 inlagan<br \/>\ninget RT finns p\u00e5 omslaget<br \/>\ncyls 1<br \/>\ncyls 2<br \/>\nHelt 6-siffrigt kn BS, t\u00e4tare \u00e4n tidigare<\/p>\n<div id=\"attachment_5143\" style=\"width: 310px\" class=\"wp-caption alignleft\"><a href=\"http:\/\/xn--hftessamlarna-bfb.se\/wp-content\/uploads\/H591c1cfmkn.jpg\"><img loading=\"lazy\" decoding=\"async\" aria-describedby=\"caption-attachment-5143\" class=\"wp-image-5143 size-medium\" src=\"http:\/\/xn--hftessamlarna-bfb.se\/wp-content\/uploads\/H591c1cfmkn-300x175.jpg\" alt=\"\" width=\"300\" height=\"175\" srcset=\"https:\/\/xn--hftessamlarna-bfb.se\/wp-content\/uploads\/H591c1cfmkn-300x175.jpg 300w, https:\/\/xn--hftessamlarna-bfb.se\/wp-content\/uploads\/H591c1cfmkn-150x87.jpg 150w, https:\/\/xn--hftessamlarna-bfb.se\/wp-content\/uploads\/H591c1cfmkn-500x291.jpg 500w, https:\/\/xn--hftessamlarna-bfb.se\/wp-content\/uploads\/H591c1cfmkn.jpg 546w\" sizes=\"auto, (max-width: 300px) 100vw, 300px\" \/><\/a><p id=\"caption-attachment-5143\" class=\"wp-caption-text\">femtiomarkering FM, kn samt cyls1 som \u00e4r sv\u00e5r att se<\/p><\/div>\n<div id=\"attachment_5155\" style=\"width: 310px\" class=\"wp-caption alignleft\"><a href=\"http:\/\/xn--hftessamlarna-bfb.se\/wp-content\/uploads\/H591kncyls.jpg\"><img loading=\"lazy\" decoding=\"async\" aria-describedby=\"caption-attachment-5155\" class=\"wp-image-5155 size-medium\" src=\"http:\/\/xn--hftessamlarna-bfb.se\/wp-content\/uploads\/H591kncyls-300x103.jpg\" alt=\"H591kncyls\" width=\"300\" height=\"103\" srcset=\"https:\/\/xn--hftessamlarna-bfb.se\/wp-content\/uploads\/H591kncyls-300x103.jpg 300w, https:\/\/xn--hftessamlarna-bfb.se\/wp-content\/uploads\/H591kncyls-150x51.jpg 150w, https:\/\/xn--hftessamlarna-bfb.se\/wp-content\/uploads\/H591kncyls-500x171.jpg 500w, https:\/\/xn--hftessamlarna-bfb.se\/wp-content\/uploads\/H591kncyls.jpg 972w\" sizes=\"auto, (max-width: 300px) 100vw, 300px\" \/><\/a><p id=\"caption-attachment-5155\" class=\"wp-caption-text\">cyls 1 och cyls 2 \u00e4r sv\u00e5ra att uppt\u00e4cka<\/p><\/div>\n<h2>Helt cylindervarv<\/h2>\n<div id=\"attachment_5162\" style=\"width: 594px\" class=\"wp-caption alignleft\"><a href=\"http:\/\/xn--hftessamlarna-bfb.se\/wp-content\/uploads\/H591svartavdrag.jpg\"><img loading=\"lazy\" decoding=\"async\" aria-describedby=\"caption-attachment-5162\" class=\"wp-image-5162 size-large\" src=\"http:\/\/xn--hftessamlarna-bfb.se\/wp-content\/uploads\/H591svartavdrag-1024x394.jpg\" alt=\"H591svartavdrag\" width=\"584\" height=\"225\" srcset=\"https:\/\/xn--hftessamlarna-bfb.se\/wp-content\/uploads\/H591svartavdrag-1024x394.jpg 1024w, https:\/\/xn--hftessamlarna-bfb.se\/wp-content\/uploads\/H591svartavdrag-150x58.jpg 150w, https:\/\/xn--hftessamlarna-bfb.se\/wp-content\/uploads\/H591svartavdrag-300x116.jpg 300w, https:\/\/xn--hftessamlarna-bfb.se\/wp-content\/uploads\/H591svartavdrag-500x193.jpg 500w\" sizes=\"auto, (max-width: 584px) 100vw, 584px\" \/><\/a><p id=\"caption-attachment-5162\" class=\"wp-caption-text\">svartavdrag helt cylindervarv<\/p><\/div>\n<h2>Varianter<\/h2>\n<div id=\"attachment_5014\" style=\"width: 310px\" class=\"wp-caption alignleft\"><a href=\"http:\/\/xn--hftessamlarna-bfb.se\/wp-content\/uploads\/H591-snedcentrerat-m\u00e4rke-4.jpg\"><img loading=\"lazy\" decoding=\"async\" aria-describedby=\"caption-attachment-5014\" class=\"wp-image-5014 size-medium\" src=\"http:\/\/xn--hftessamlarna-bfb.se\/wp-content\/uploads\/H591-snedcentrerat-m\u00e4rke-4-300x206.jpg\" alt=\"H591-snedcentrerat-m\u00e4rke-4\" width=\"300\" height=\"206\" srcset=\"https:\/\/xn--hftessamlarna-bfb.se\/wp-content\/uploads\/H591-snedcentrerat-m\u00e4rke-4-300x206.jpg 300w, https:\/\/xn--hftessamlarna-bfb.se\/wp-content\/uploads\/H591-snedcentrerat-m\u00e4rke-4-150x103.jpg 150w, https:\/\/xn--hftessamlarna-bfb.se\/wp-content\/uploads\/H591-snedcentrerat-m\u00e4rke-4-438x300.jpg 438w, https:\/\/xn--hftessamlarna-bfb.se\/wp-content\/uploads\/H591-snedcentrerat-m\u00e4rke-4.jpg 960w\" sizes=\"auto, (max-width: 300px) 100vw, 300px\" \/><\/a><p id=\"caption-attachment-5014\" class=\"wp-caption-text\">kraftigt snedcentrerad inlaga med del av frim\u00e4rket fr\u00e5n n\u00e4sta h\u00e4fte, se h\u00f6ger bildkant<\/p><\/div>\n<div id=\"attachment_5027\" style=\"width: 310px\" class=\"wp-caption alignleft\"><a href=\"http:\/\/xn--hftessamlarna-bfb.se\/wp-content\/uploads\/H591snedcentrerat-omslag.jpg\"><img loading=\"lazy\" decoding=\"async\" aria-describedby=\"caption-attachment-5027\" class=\"wp-image-5027 size-medium\" src=\"http:\/\/xn--hftessamlarna-bfb.se\/wp-content\/uploads\/H591snedcentrerat-omslag-300x149.jpg\" alt=\"H591snedcentrerat-omslag\" width=\"300\" height=\"149\" srcset=\"https:\/\/xn--hftessamlarna-bfb.se\/wp-content\/uploads\/H591snedcentrerat-omslag-300x149.jpg 300w, https:\/\/xn--hftessamlarna-bfb.se\/wp-content\/uploads\/H591snedcentrerat-omslag-150x75.jpg 150w, https:\/\/xn--hftessamlarna-bfb.se\/wp-content\/uploads\/H591snedcentrerat-omslag-500x248.jpg 500w, https:\/\/xn--hftessamlarna-bfb.se\/wp-content\/uploads\/H591snedcentrerat-omslag.jpg 960w\" sizes=\"auto, (max-width: 300px) 100vw, 300px\" \/><\/a><p id=\"caption-attachment-5027\" class=\"wp-caption-text\">omslaget kraftigt snedcentrerat sid I+III<\/p><\/div>\n<h2>\u00d6vrigt<\/h2>\n<p>Frim\u00e4rkena har utformats av Martin M\u00f6rck efter fotografier fr\u00e5n Historiska museet (Gabriel Hildebrand och S\u00f6ren Hallgren) och Lunds universitets historiska museum (Bengt Almgren). Bakgrunden till Upp\u00e5krafrim\u00e4rket visar en husrekonstruktion utf\u00f6rd av Lars Larsson och Karl-Magnus Lenntorp. Grav\u00f6rer: Martin M\u00f6rck och Piotr Naszarkowski. Tryckning har skett i kombination st\u00e5ltryck och offset.<\/p>\n<div id=\"attachment_5003\" style=\"width: 310px\" class=\"wp-caption alignleft\"><a href=\"http:\/\/xn--hftessamlarna-bfb.se\/wp-content\/uploads\/H591karta.jpg\"><img loading=\"lazy\" decoding=\"async\" aria-describedby=\"caption-attachment-5003\" class=\"wp-image-5003 size-medium\" src=\"http:\/\/xn--hftessamlarna-bfb.se\/wp-content\/uploads\/H591karta-300x208.jpg\" alt=\"H591karta\" width=\"300\" height=\"208\" srcset=\"https:\/\/xn--hftessamlarna-bfb.se\/wp-content\/uploads\/H591karta-300x208.jpg 300w, https:\/\/xn--hftessamlarna-bfb.se\/wp-content\/uploads\/H591karta-150x104.jpg 150w, https:\/\/xn--hftessamlarna-bfb.se\/wp-content\/uploads\/H591karta-433x300.jpg 433w, https:\/\/xn--hftessamlarna-bfb.se\/wp-content\/uploads\/H591karta.jpg 681w\" sizes=\"auto, (max-width: 300px) 100vw, 300px\" \/><\/a><p id=\"caption-attachment-5003\" class=\"wp-caption-text\">karta fr\u00e5n BULLETIN 2\/2015<\/p><\/div>\n<p>Vikingatiden upph\u00f6r aldrig att fascinera. F\u00f6rem\u00e5l fr\u00e5n denna dynamiska epok i Sveriges<br \/>\nhistoria \u00e4r ocks\u00e5 mycket efterfr\u00e5gade som frim\u00e4rksmotiv. Denna g\u00e5ng presenteras hela den epok vari vikingatiden \u00e4r en del, n\u00e4mligen yngre j\u00e4rn\u00e5ldern som str\u00e4ckte sig fr\u00e5n ca 550 e.Kr. till omkring 1050. De avbildade f\u00f6rem\u00e5len i olika \u00e4delmetaller kommer fr\u00e5n fem fyndplatser i landet, och finns idag p\u00e5 Historiska museet i Stockholm (SHM) och Lunds universitets historiska museum (LUHM).<\/p>\n<p><strong>A)<\/strong> De tre sm\u00e5 nakna figurinerna i guld och f\u00f6rgylld brons har sannolikt tillverkats i n\u00e4rheten av fyndplatsen <strong>Lunda<\/strong> utanf\u00f6r Str\u00e4ngn\u00e4s, S\u00f6dermanland. En av figurinerna hittades vid en stor hallbyggnad d\u00e4r religi\u00f6sa ritualer utspelades under 400\u2013600-talen. M\u00f6jligen f\u00f6rest\u00e4ller figurinerna tre av Lundas \u201dv\u00e4rldsliga\u201d h\u00e4rskare som l\u00e5ter framst\u00e4lla sig sj\u00e4lva p\u00e5 ett gudalikt vis i syfte att legitimera sin makt. (SHM)<\/p>\n<p><strong>B)<\/strong> H\u00e4ngsmycket i form av en kvinnogestalt \u00e4r tillverkat i silver och har sp\u00e5r av f\u00f6rgyllning. Smycket dateras till 800-talet och p\u00e5tr\u00e4ffades i en grav i <strong>Aska<\/strong> i n\u00e4rheten av Vadstena, \u00d6sterg\u00f6tland. Gravens f\u00f6rstklassiga inneh\u00e5ll g\u00f6r den till en av de mest exklusiva\u00a0 kvinnogravar som framkommit inom nuvarande Sveriges gr\u00e4nser. Kvinnogestalten anses av flera forskare avbilda gudinnan Freja. (SHM)<\/p>\n<p><strong>C)<\/strong> \u00c5r 1899 unders\u00f6kte arkeologer en rikt utrustad grav i <strong>Broa<\/strong> p\u00e5 Gotland d\u00e4r en krigare begravts med sin h\u00e4st. Krigaren hade f\u00e5tt med sig sitt sv\u00e4rd och ett str\u00e4nginstrument, passande f\u00f6r en man med en s\u00e5v\u00e4l krigisk som kultiverad sida. Men det som g\u00f6r denna grav s\u00e5 speciell \u00e4r det enast\u00e5ende betsel som hittades. F\u00f6rutom munbettet best\u00e5r fyndet av 21 m\u00e4sterligt utf\u00f6rda och f\u00f6rgyllda remtygsbeslag. (SHM)<\/p>\n<p><strong>D)<\/strong> Det internationellt mest k\u00e4nda fyndet fr\u00e5n <strong>Helg\u00f6<\/strong> i M\u00e4laren \u00e4r utan tvekan den lilla<br \/>\nbuddhafiguren i brons, sannolikt tillverkad under 500-talet i nordv\u00e4stra Indien. Ett par<br \/>\nhundra \u00e5r senare hamnade den av n\u00e5gon f\u00f6r oss obekant anledning i jorden i ett av husen p\u00e5 Helg\u00f6. Under senare delen av j\u00e4rn\u00e5ldern var Helg\u00f6 en l\u00e4nk i ett kontaktn\u00e4t med f\u00f6rgreningar som str\u00e4ckt sig s\u00e5v\u00e4l inom som utom Skandinavien. (SHM)<\/p>\n<p><strong>E)<\/strong> P\u00e5 den stora <strong>Upp\u00e5kraboplatsen<\/strong> utanf\u00f6r Lund i Sk\u00e5ne hittade arkeologerna 2011 ett<br \/>\nf\u00f6rgyllt beslag som f\u00f6rest\u00e4ller en flygande man. Beslaget dateras till 900-talet eller m\u00f6jligen 1000-talet, och har eventuellt suttit p\u00e5 ett skrin. Den flygande mannen kan f\u00f6rest\u00e4lla guden Oden, eller den mytiske m\u00e4stersmeden V\u00f6lund som i en legend flyr ur<br \/>\nf\u00e5ngenskapen med hj\u00e4lp av ett par vingar. (LUHM)<\/p>\n<div id=\"attachment_5028\" style=\"width: 310px\" class=\"wp-caption alignleft\"><a href=\"http:\/\/xn--hftessamlarna-bfb.se\/wp-content\/uploads\/IMG_1507.jpg\"><img loading=\"lazy\" decoding=\"async\" aria-describedby=\"caption-attachment-5028\" class=\"wp-image-5028 size-medium\" src=\"http:\/\/xn--hftessamlarna-bfb.se\/wp-content\/uploads\/IMG_1507-300x272.jpg\" alt=\"IMG_1507\" width=\"300\" height=\"272\" srcset=\"https:\/\/xn--hftessamlarna-bfb.se\/wp-content\/uploads\/IMG_1507-300x272.jpg 300w, https:\/\/xn--hftessamlarna-bfb.se\/wp-content\/uploads\/IMG_1507-150x136.jpg 150w, https:\/\/xn--hftessamlarna-bfb.se\/wp-content\/uploads\/IMG_1507-331x300.jpg 331w, https:\/\/xn--hftessamlarna-bfb.se\/wp-content\/uploads\/IMG_1507.jpg 1014w\" sizes=\"auto, (max-width: 300px) 100vw, 300px\" \/><\/a><p id=\"caption-attachment-5028\" class=\"wp-caption-text\">bild tagen p\u00e5 Historiska museet i Lund. Visar beslaget i original.<\/p><\/div>\n<p>Texter: Gunnar Andersson, 1:e antikvarie vid SHM. Fr\u00e5n BULLETIN 2\/2015<\/p>\n","protected":false},"excerpt":{"rendered":"<p>Utgivningsdag 2015-03-26 F 3049-3053 10 x inrikesbrev, 5 motiv Tryckta i\u00a01 f\u00e4rg st\u00e5ltryck och 4 f\u00e4rger offset (G:5). Omslaget trycktes i 4 f\u00e4rger +1 offset (G:8) 17 * 1 band Detta \u00e4r troligen det sista h\u00e4ftet med gummering som utges &hellip; <a href=\"https:\/\/xn--hftessamlarna-bfb.se\/?page_id=4989\">Forts\u00e4tt l\u00e4sa <span class=\"meta-nav\">&rarr;<\/span><\/a><\/p>\n","protected":false},"author":1,"featured_media":0,"parent":2372,"menu_order":591,"comment_status":"open","ping_status":"closed","template":"","meta":{"footnotes":""},"class_list":["post-4989","page","type-page","status-publish","hentry"],"_links":{"self":[{"href":"https:\/\/xn--hftessamlarna-bfb.se\/index.php?rest_route=\/wp\/v2\/pages\/4989","targetHints":{"allow":["GET"]}}],"collection":[{"href":"https:\/\/xn--hftessamlarna-bfb.se\/index.php?rest_route=\/wp\/v2\/pages"}],"about":[{"href":"https:\/\/xn--hftessamlarna-bfb.se\/index.php?rest_route=\/wp\/v2\/types\/page"}],"author":[{"embeddable":true,"href":"https:\/\/xn--hftessamlarna-bfb.se\/index.php?rest_route=\/wp\/v2\/users\/1"}],"replies":[{"embeddable":true,"href":"https:\/\/xn--hftessamlarna-bfb.se\/index.php?rest_route=%2Fwp%2Fv2%2Fcomments&post=4989"}],"version-history":[{"count":0,"href":"https:\/\/xn--hftessamlarna-bfb.se\/index.php?rest_route=\/wp\/v2\/pages\/4989\/revisions"}],"up":[{"embeddable":true,"href":"https:\/\/xn--hftessamlarna-bfb.se\/index.php?rest_route=\/wp\/v2\/pages\/2372"}],"wp:attachment":[{"href":"https:\/\/xn--hftessamlarna-bfb.se\/index.php?rest_route=%2Fwp%2Fv2%2Fmedia&parent=4989"}],"curies":[{"name":"wp","href":"https:\/\/api.w.org\/{rel}","templated":true}]}}