{"id":4771,"date":"2014-11-22T08:38:43","date_gmt":"2014-11-22T07:38:43","guid":{"rendered":"http:\/\/xn--hftessamlarna-bfb.se\/?page_id=4771"},"modified":"2014-11-27T19:24:49","modified_gmt":"2014-11-27T18:24:49","slug":"protokoll-hostmote-oxelosund-1810-2014","status":"publish","type":"page","link":"https:\/\/xn--hftessamlarna-bfb.se\/?page_id=4771","title":{"rendered":"Protokoll h\u00f6stm\u00f6te Oxel\u00f6sund 18\/10-2014"},"content":{"rendered":"<h2>Protokoll och budget fr\u00e5n h\u00f6stm\u00f6te<\/h2>\n<p><a href=\"http:\/\/xn--hftessamlarna-bfb.se\/wp-content\/uploads\/Protokoll.jpg\"><img loading=\"lazy\" decoding=\"async\" class=\"alignleft wp-image-4768 size-large\" src=\"http:\/\/xn--hftessamlarna-bfb.se\/wp-content\/uploads\/Protokoll-717x1024.jpg\" alt=\"Protokoll\" width=\"584\" height=\"834\" srcset=\"https:\/\/xn--hftessamlarna-bfb.se\/wp-content\/uploads\/Protokoll-717x1024.jpg 717w, https:\/\/xn--hftessamlarna-bfb.se\/wp-content\/uploads\/Protokoll-105x150.jpg 105w, https:\/\/xn--hftessamlarna-bfb.se\/wp-content\/uploads\/Protokoll-210x300.jpg 210w\" sizes=\"auto, (max-width: 584px) 100vw, 584px\" \/><\/a><a href=\"http:\/\/xn--hftessamlarna-bfb.se\/wp-content\/uploads\/Budget.jpg\"><img loading=\"lazy\" decoding=\"async\" class=\"alignleft wp-image-4769 size-large\" src=\"http:\/\/xn--hftessamlarna-bfb.se\/wp-content\/uploads\/Budget-1024x717.jpg\" alt=\"Budget\" width=\"584\" height=\"408\" srcset=\"https:\/\/xn--hftessamlarna-bfb.se\/wp-content\/uploads\/Budget-1024x717.jpg 1024w, https:\/\/xn--hftessamlarna-bfb.se\/wp-content\/uploads\/Budget-150x105.jpg 150w, https:\/\/xn--hftessamlarna-bfb.se\/wp-content\/uploads\/Budget-300x210.jpg 300w, https:\/\/xn--hftessamlarna-bfb.se\/wp-content\/uploads\/Budget-428x300.jpg 428w\" sizes=\"auto, (max-width: 584px) 100vw, 584px\" \/><\/a><\/p>\n","protected":false},"excerpt":{"rendered":"<p>Protokoll och budget fr\u00e5n h\u00f6stm\u00f6te<\/p>\n","protected":false},"author":1,"featured_media":0,"parent":0,"menu_order":0,"comment_status":"open","ping_status":"closed","template":"","meta":{"footnotes":""},"class_list":["post-4771","page","type-page","status-publish","hentry"],"_links":{"self":[{"href":"https:\/\/xn--hftessamlarna-bfb.se\/index.php?rest_route=\/wp\/v2\/pages\/4771","targetHints":{"allow":["GET"]}}],"collection":[{"href":"https:\/\/xn--hftessamlarna-bfb.se\/index.php?rest_route=\/wp\/v2\/pages"}],"about":[{"href":"https:\/\/xn--hftessamlarna-bfb.se\/index.php?rest_route=\/wp\/v2\/types\/page"}],"author":[{"embeddable":true,"href":"https:\/\/xn--hftessamlarna-bfb.se\/index.php?rest_route=\/wp\/v2\/users\/1"}],"replies":[{"embeddable":true,"href":"https:\/\/xn--hftessamlarna-bfb.se\/index.php?rest_route=%2Fwp%2Fv2%2Fcomments&post=4771"}],"version-history":[{"count":0,"href":"https:\/\/xn--hftessamlarna-bfb.se\/index.php?rest_route=\/wp\/v2\/pages\/4771\/revisions"}],"wp:attachment":[{"href":"https:\/\/xn--hftessamlarna-bfb.se\/index.php?rest_route=%2Fwp%2Fv2%2Fmedia&parent=4771"}],"curies":[{"name":"wp","href":"https:\/\/api.w.org\/{rel}","templated":true}]}}