{"id":4759,"date":"2014-11-13T19:07:22","date_gmt":"2014-11-13T18:07:22","guid":{"rendered":"http:\/\/xn--hftessamlarna-bfb.se\/?page_id=4759"},"modified":"2022-12-01T15:41:53","modified_gmt":"2022-12-01T14:41:53","slug":"sh78-julgott","status":"publish","type":"page","link":"https:\/\/xn--hftessamlarna-bfb.se\/?page_id=4759","title":{"rendered":"SH78 Julgott"},"content":{"rendered":"<p><a href=\"http:\/\/xn--hftessamlarna-bfb.se\/wp-content\/uploads\/SH78.jpg\"><img loading=\"lazy\" decoding=\"async\" class=\"alignleft wp-image-4760 size-full\" src=\"http:\/\/xn--hftessamlarna-bfb.se\/wp-content\/uploads\/SH78.jpg\" alt=\"SH78\" width=\"960\" height=\"758\" srcset=\"https:\/\/xn--hftessamlarna-bfb.se\/wp-content\/uploads\/SH78.jpg 960w, https:\/\/xn--hftessamlarna-bfb.se\/wp-content\/uploads\/SH78-150x118.jpg 150w, https:\/\/xn--hftessamlarna-bfb.se\/wp-content\/uploads\/SH78-300x236.jpg 300w, https:\/\/xn--hftessamlarna-bfb.se\/wp-content\/uploads\/SH78-379x300.jpg 379w\" sizes=\"auto, (max-width: 960px) 100vw, 960px\" \/><\/a><\/p>\n<p>Utgivningsdag 2014-11-13<br \/>\n10 x julpost, 5 motiv<br \/>\nFrim\u00e4rkena \u00e4r tryckta i 4-f\u00e4rgsoffset<br \/>\nFrim\u00e4rkena har illustrerats av Molly Bark och f\u00e5tt grafisk form av Gustav M\u00e5rtensson.<\/p>\n<p>SH78 \u00e4r 62 mm brett vilket betyder att offsetcylindern har 12 h\u00e4ften per band.\u00a0 Om vi numrerar inlagorna s\u00e5 att den med c 1 f\u00e5r nummer 1 s\u00e5 sitter c 2 p\u00e5 inlaga 5 och c 3 p\u00e5 inlaga 9. Gr\u00e5kil finns p\u00e5 inlagorna 9 och 10 p\u00e5 b\u00e5da banden.<\/p>\n<p>Bandet med cyls skall normalt ha kn (5), men i en mindre del av upplagan har detta band kn (0).<\/p>\n<p>Avsikten har varit att s\u00e4tta ett kn p\u00e5 vart tionde h\u00e4fte och band. Det betyder att kn i en serie utan avbrott kommer antingen p\u00e5 inlagor med udda nummer eller p\u00e5 inlagor med j\u00e4mna nummer.\u00a0 Om de sitter p\u00e5 inlagor med udda nummer blir det kombination med cyls p\u00e5 vartannat kn. Om kn sitter p\u00e5 j\u00e4mna inlagor blir det inga kombinationer med kn, men vart sj\u00e4tte kn sitter d\u00e5 i kombination med gr\u00e5kil uppe. Man kan allts\u00e5 r\u00e4kna rester \u00e4ven f\u00f6r kn serier utan kombination med cyls. Det finns kn-serier b\u00e5de med och utan kombination med cyls. Tyv\u00e4rr har tryckeriet haft problem med skrivaren av kn och FM, s\u00e5 kn har inte skrivits ut exakt p\u00e5 vart tionde h\u00e4fte. Om kn skrivs ut p\u00e5 vart tionde h\u00e4fte skall precis vart sj\u00e4tte kn p\u00e5 det ena bandet vara i kombination med gr\u00e5kil uppe (ibland med c 3) och vart sj\u00e4tte kn p\u00e5 det andra bandet vara med gr\u00e5kil nere. Ett bevis f\u00f6r att inte placerats ut enligt avsikt \u00e4r att man kan hitta kn i kombination med gr\u00e5 kil till exempel t\u00e4tare, till exempel p\u00e5 vart femte kn s\u00e5som kn 011930 + FM + gr\u00e5kil nere och 011935 + FM + gr\u00e5kil nere. Normalt skall det vara 50 h\u00e4ften mellan FM, men om kn verket trycker ett kn + FM redan efter 48 h\u00e4ften som \u00e4r exakt 4 hela cylindervarv s\u00e5 f\u00e5r man det observerade fallet.<\/p>\n<p>Frim\u00e4rkena har ett s\u00e4kerhetsgenomstick med bl.a. ett posthorn, som normalt \u00e4r r\u00e4ttv\u00e4nt i f\u00f6rh\u00e5llande till frim\u00e4rksbilden. I en del av upplagan har genomsticket blivit omv\u00e4nt p\u00e5 bandet med cyls och kn (5). F\u00f6r att f\u00e5 plats med informationen i tabellerna nedan, betecknar vi dem provisorisk (kan \u00e4ndras)<\/p>\n<p><strong>A<\/strong>: s\u00e4kerhetsgenomstick med r\u00e4ttv\u00e4nt posthor<br \/>\n<strong>B<\/strong>: s\u00e4kerhetsgenomstick med omv\u00e4nt posthorn<\/p>\n<p><img loading=\"lazy\" decoding=\"async\" class=\"alignnone wp-image-6964 size-full\" src=\"https:\/\/xn--hftessamlarna-bfb.se\/wp-content\/uploads\/SH78-tabeller.jpg\" alt=\"\" width=\"1775\" height=\"785\" srcset=\"https:\/\/xn--hftessamlarna-bfb.se\/wp-content\/uploads\/SH78-tabeller.jpg 1775w, https:\/\/xn--hftessamlarna-bfb.se\/wp-content\/uploads\/SH78-tabeller-300x133.jpg 300w, https:\/\/xn--hftessamlarna-bfb.se\/wp-content\/uploads\/SH78-tabeller-1024x453.jpg 1024w, https:\/\/xn--hftessamlarna-bfb.se\/wp-content\/uploads\/SH78-tabeller-150x66.jpg 150w, https:\/\/xn--hftessamlarna-bfb.se\/wp-content\/uploads\/SH78-tabeller-768x340.jpg 768w, https:\/\/xn--hftessamlarna-bfb.se\/wp-content\/uploads\/SH78-tabeller-1536x679.jpg 1536w, https:\/\/xn--hftessamlarna-bfb.se\/wp-content\/uploads\/SH78-tabeller-500x221.jpg 500w\" sizes=\"auto, (max-width: 1775px) 100vw, 1775px\" \/><\/p>\n<p>SH78 har 31 punkters vikperforering (perf 10) \u00e4r slagen fr\u00e5n frim\u00e4rkssidan, PI.<\/p>\n<h2>\u00d6vrigt<\/h2>\n<p>S\u00e4kerhetsstansningen med posthorn finns med r\u00e4ttv\u00e4nt och upp och nedv\u00e4nt tryck.<\/p>\n<h2><a href=\"http:\/\/xn--hftessamlarna-bfb.se\/wp-content\/uploads\/SH78posthorn.jpg\"><img loading=\"lazy\" decoding=\"async\" class=\"alignleft size-medium wp-image-4761\" src=\"http:\/\/xn--hftessamlarna-bfb.se\/wp-content\/uploads\/SH78posthorn-300x201.jpg\" alt=\"SH78posthorn\" width=\"300\" height=\"201\" srcset=\"https:\/\/xn--hftessamlarna-bfb.se\/wp-content\/uploads\/SH78posthorn-300x201.jpg 300w, https:\/\/xn--hftessamlarna-bfb.se\/wp-content\/uploads\/SH78posthorn-150x100.jpg 150w, https:\/\/xn--hftessamlarna-bfb.se\/wp-content\/uploads\/SH78posthorn-447x300.jpg 447w, https:\/\/xn--hftessamlarna-bfb.se\/wp-content\/uploads\/SH78posthorn.jpg 756w\" sizes=\"auto, (max-width: 300px) 100vw, 300px\" \/><\/a><\/h2>\n<h2>Bild p\u00e5 variant<\/h2>\n<div id=\"attachment_4766\" style=\"width: 310px\" class=\"wp-caption alignleft\"><a href=\"http:\/\/xn--hftessamlarna-bfb.se\/wp-content\/uploads\/H78kn.jpg\"><img loading=\"lazy\" decoding=\"async\" aria-describedby=\"caption-attachment-4766\" class=\"wp-image-4766 size-medium\" src=\"http:\/\/xn--hftessamlarna-bfb.se\/wp-content\/uploads\/H78kn-300x244.jpg\" alt=\"H78kn\" width=\"300\" height=\"244\" srcset=\"https:\/\/xn--hftessamlarna-bfb.se\/wp-content\/uploads\/H78kn-300x244.jpg 300w, https:\/\/xn--hftessamlarna-bfb.se\/wp-content\/uploads\/H78kn-150x122.jpg 150w, https:\/\/xn--hftessamlarna-bfb.se\/wp-content\/uploads\/H78kn-368x300.jpg 368w, https:\/\/xn--hftessamlarna-bfb.se\/wp-content\/uploads\/H78kn.jpg 798w\" sizes=\"auto, (max-width: 300px) 100vw, 300px\" \/><\/a><p id=\"caption-attachment-4766\" class=\"wp-caption-text\">delar av kn finns med i frim\u00e4rket<\/p><\/div>\n","protected":false},"excerpt":{"rendered":"<p>Utgivningsdag 2014-11-13 10 x julpost, 5 motiv Frim\u00e4rkena \u00e4r tryckta i 4-f\u00e4rgsoffset Frim\u00e4rkena har illustrerats av Molly Bark och f\u00e5tt grafisk form av Gustav M\u00e5rtensson. SH78 \u00e4r 62 mm brett vilket betyder att offsetcylindern har 12 h\u00e4ften per band.\u00a0 Om &hellip; <a href=\"https:\/\/xn--hftessamlarna-bfb.se\/?page_id=4759\">Forts\u00e4tt l\u00e4sa <span class=\"meta-nav\">&rarr;<\/span><\/a><\/p>\n","protected":false},"author":1,"featured_media":0,"parent":307,"menu_order":78,"comment_status":"open","ping_status":"closed","template":"","meta":{"footnotes":""},"class_list":["post-4759","page","type-page","status-publish","hentry"],"_links":{"self":[{"href":"https:\/\/xn--hftessamlarna-bfb.se\/index.php?rest_route=\/wp\/v2\/pages\/4759","targetHints":{"allow":["GET"]}}],"collection":[{"href":"https:\/\/xn--hftessamlarna-bfb.se\/index.php?rest_route=\/wp\/v2\/pages"}],"about":[{"href":"https:\/\/xn--hftessamlarna-bfb.se\/index.php?rest_route=\/wp\/v2\/types\/page"}],"author":[{"embeddable":true,"href":"https:\/\/xn--hftessamlarna-bfb.se\/index.php?rest_route=\/wp\/v2\/users\/1"}],"replies":[{"embeddable":true,"href":"https:\/\/xn--hftessamlarna-bfb.se\/index.php?rest_route=%2Fwp%2Fv2%2Fcomments&post=4759"}],"version-history":[{"count":0,"href":"https:\/\/xn--hftessamlarna-bfb.se\/index.php?rest_route=\/wp\/v2\/pages\/4759\/revisions"}],"up":[{"embeddable":true,"href":"https:\/\/xn--hftessamlarna-bfb.se\/index.php?rest_route=\/wp\/v2\/pages\/307"}],"wp:attachment":[{"href":"https:\/\/xn--hftessamlarna-bfb.se\/index.php?rest_route=%2Fwp%2Fv2%2Fmedia&parent=4759"}],"curies":[{"name":"wp","href":"https:\/\/api.w.org\/{rel}","templated":true}]}}