{"id":4576,"date":"2014-10-06T13:17:08","date_gmt":"2014-10-06T12:17:08","guid":{"rendered":"http:\/\/xn--hftessamlarna-bfb.se\/?page_id=4576"},"modified":"2014-10-06T13:19:13","modified_gmt":"2014-10-06T12:19:13","slug":"hostmote-i-oxelosund-1810-med-auktion","status":"publish","type":"page","link":"https:\/\/xn--hftessamlarna-bfb.se\/?page_id=4576","title":{"rendered":"H\u00f6stm\u00f6te i Oxel\u00f6sund 18\/10 med auktion"},"content":{"rendered":"<p>B\u00e5de gamla och nya medlemmar \u00e4r v\u00e4lkomna till h\u00f6stm\u00f6te i Oxel\u00f6sund den 18\/10.<\/p>\n<p>Lokal: Alstigen 10, Oxel\u00f6sund.<\/p>\n<h2>Program<\/h2>\n<p>10:00-11:30 Samling, bytesverksamhet<br \/>\n11:30-12:30 H\u00f6stm\u00f6tesf\u00f6rhandlingar<\/p>\n<p>Dagordning:<\/p>\n<ol>\n<li>M\u00f6tets \u00f6ppnande.<\/li>\n<li>Val av ordf\u00f6rande och sekreterare f\u00f6r h\u00f6stm\u00f6tet.<\/li>\n<li>Val av tv\u00e5 justeringsm\u00e4n, tillika r\u00f6str\u00e4knare, att j\u00e4mte m\u00f6tesordf\u00f6rande justera protokollet.<\/li>\n<li>Fastst\u00e4llande av stat f\u00f6r n\u00e4sta verksamhets\u00e5r.<\/li>\n<li>Fastst\u00e4llande av \u00e5rsavgift f\u00f6r n\u00e4sta \u00e5r.<\/li>\n<li>Val av valberedningen sammankallande och tv\u00e5 ledam\u00f6ter<\/li>\n<li>\u00d6vriga fr\u00e5gor<\/li>\n<li>H\u00f6stm\u00f6tesf\u00f6rhandlingarna avslutas.<\/li>\n<\/ol>\n<p>12:30-13:00 N\u00e4rvarolotteri<br \/>\n13:00-14:30 <strong>Huddinge Frim\u00e4rken h\u00e5ller auktion<\/strong>. Auktionskatalogen utskickas separat. Utl\u00e4mning av inropade auktionsobjekt kan ske direkt efter auktionen.<\/p>\n<p>14:30-15:00 Samvaro och aktiviteter \u00e5terupptas<\/p>\n<p>Det alltid lika popul\u00e4ra lotteriet med sk\u00e4nkta vinster finansierar m\u00f6tet. Vinstv\u00e4rdet brukar uppg\u00e5 till l\u00e5ngt \u00f6ver vad lotterna sammanlagt kostar. Tag g\u00e4rna med n\u00e5got trevligt h\u00e4fte ur din dubblettsamling som ett bidrag f\u00f6r att ytterligare \u00f6ka vinstv\u00e4rdet.<\/p>\n<p>F\u00f6reningen bjuder p\u00e5 kaffe och sm\u00f6rg\u00e5s.<\/p>\n<p>Styrelsen \u00f6nskar dig v\u00e4lkommen till en trevlig tr\u00e4ff i Oxel\u00f6sund.<\/p>\n<p><a href=\"http:\/\/www.hitta.se\/s%C3%B6k?vad=Alstigen%2010%20Oxel%C3%B6sund\" target=\"_blank\">Hitta hit&#8230;<\/a><\/p>\n","protected":false},"excerpt":{"rendered":"<p>B\u00e5de gamla och nya medlemmar \u00e4r v\u00e4lkomna till h\u00f6stm\u00f6te i Oxel\u00f6sund den 18\/10. Lokal: Alstigen 10, Oxel\u00f6sund. Program 10:00-11:30 Samling, bytesverksamhet 11:30-12:30 H\u00f6stm\u00f6tesf\u00f6rhandlingar Dagordning: M\u00f6tets \u00f6ppnande. Val av ordf\u00f6rande och sekreterare f\u00f6r h\u00f6stm\u00f6tet. Val av tv\u00e5 justeringsm\u00e4n, tillika r\u00f6str\u00e4knare, att &hellip; <a href=\"https:\/\/xn--hftessamlarna-bfb.se\/?page_id=4576\">Forts\u00e4tt l\u00e4sa <span class=\"meta-nav\">&rarr;<\/span><\/a><\/p>\n","protected":false},"author":1,"featured_media":0,"parent":0,"menu_order":0,"comment_status":"open","ping_status":"closed","template":"","meta":{"footnotes":""},"class_list":["post-4576","page","type-page","status-publish","hentry"],"_links":{"self":[{"href":"https:\/\/xn--hftessamlarna-bfb.se\/index.php?rest_route=\/wp\/v2\/pages\/4576","targetHints":{"allow":["GET"]}}],"collection":[{"href":"https:\/\/xn--hftessamlarna-bfb.se\/index.php?rest_route=\/wp\/v2\/pages"}],"about":[{"href":"https:\/\/xn--hftessamlarna-bfb.se\/index.php?rest_route=\/wp\/v2\/types\/page"}],"author":[{"embeddable":true,"href":"https:\/\/xn--hftessamlarna-bfb.se\/index.php?rest_route=\/wp\/v2\/users\/1"}],"replies":[{"embeddable":true,"href":"https:\/\/xn--hftessamlarna-bfb.se\/index.php?rest_route=%2Fwp%2Fv2%2Fcomments&post=4576"}],"version-history":[{"count":0,"href":"https:\/\/xn--hftessamlarna-bfb.se\/index.php?rest_route=\/wp\/v2\/pages\/4576\/revisions"}],"wp:attachment":[{"href":"https:\/\/xn--hftessamlarna-bfb.se\/index.php?rest_route=%2Fwp%2Fv2%2Fmedia&parent=4576"}],"curies":[{"name":"wp","href":"https:\/\/api.w.org\/{rel}","templated":true}]}}