{"id":4544,"date":"2014-08-21T09:40:20","date_gmt":"2014-08-21T08:40:20","guid":{"rendered":"http:\/\/xn--hftessamlarna-bfb.se\/?page_id=4544"},"modified":"2016-04-27T19:19:13","modified_gmt":"2016-04-27T18:19:13","slug":"sh76-bland-bar-och-blad","status":"publish","type":"page","link":"https:\/\/xn--hftessamlarna-bfb.se\/?page_id=4544","title":{"rendered":"SH76 Bland b\u00e4r och blad"},"content":{"rendered":"<p><a href=\"http:\/\/xn--hftessamlarna-bfb.se\/wp-content\/uploads\/SH76.jpg\"><img loading=\"lazy\" decoding=\"async\" class=\"alignleft size-full wp-image-4545\" src=\"http:\/\/xn--hftessamlarna-bfb.se\/wp-content\/uploads\/SH76.jpg\" alt=\"SH76\" width=\"960\" height=\"1000\" srcset=\"https:\/\/xn--hftessamlarna-bfb.se\/wp-content\/uploads\/SH76.jpg 960w, https:\/\/xn--hftessamlarna-bfb.se\/wp-content\/uploads\/SH76-144x150.jpg 144w, https:\/\/xn--hftessamlarna-bfb.se\/wp-content\/uploads\/SH76-288x300.jpg 288w\" sizes=\"auto, (max-width: 960px) 100vw, 960px\" \/><\/a>Utgivningsdag 2014-08-21<br \/>\n10 x brevporto, 5 motiv<br \/>\nFrim\u00e4rkena \u00e4r tryckta i 4-f\u00e4rgs offset (G:8)<\/p>\n<h2>Typer<\/h2>\n<p>Omslaget f\u00f6rekommer i 2 varianter:<br \/>\n<strong>A<\/strong>: p\u00e5 utsidans \u00f6vre h\u00f6ger h\u00f6rn finns endast ett posthorn<br \/>\n<strong>B<\/strong>: p\u00e5 utsidans \u00f6vre h\u00f6ger h\u00f6rn finns ett posthorn och texten \u201dpostnord\u201d<\/p>\n<p>H\u00e4ftet \u00e4r tryckt i det nya formatet i offset. Det \u00e4r 83 mm brett och det betyder att offsetcylindern har 9 h\u00e4ften per band.\u00a0 Kn har satts p\u00e5 vart 10 h\u00e4fte och band, vilket betyder att kn vandrar \u00f6ver alla inlagorna. FM finns. Gr\u00e5kil finns p\u00e5 h\u00e4fte med c 3 och p\u00e5 direkt efterkommande h\u00e4fte.<\/p>\n<p>Trots mycket letande har inte kn (0) hittats p\u00e5 SH76B. I obrutna buntar med gr\u00e5kil nere som p\u00e5tr\u00e4ffats och unders\u00f6kts har det varken funnits kn eller FM. F\u00f6ljaktligen listas SH76 med kn (0) enkelt eller i kombination med FM och\/eller gr\u00e5kil nere som ok\u00e4nda varianter.<\/p>\n<p>SH76 har 41 punkters vikperforering (perf 10) \u00e4r slagen fr\u00e5n frim\u00e4rkssidan, PI.<\/p>\n<h2>Markeringar<\/h2>\n<p>centralt regm<br \/>\nFM<br \/>\ngr\u00e5kil uppe<br \/>\ngr\u00e5kil nere<br \/>\ncyls 1 offset<br \/>\ncyls 2 offset<br \/>\ncyls 3 offset<br \/>\nhelt kn<\/p>\n<h2>K\u00e4nda kombinationer<\/h2>\n<p><a href=\"http:\/\/xn--hftessamlarna-bfb.se\/wp-content\/uploads\/SH76tabell-1.jpg\"><img loading=\"lazy\" decoding=\"async\" class=\"alignleft wp-image-5305 size-large\" src=\"http:\/\/xn--hftessamlarna-bfb.se\/wp-content\/uploads\/SH76tabell-1-1024x418.jpg\" width=\"584\" height=\"238\" srcset=\"https:\/\/xn--hftessamlarna-bfb.se\/wp-content\/uploads\/SH76tabell-1-1024x418.jpg 1024w, https:\/\/xn--hftessamlarna-bfb.se\/wp-content\/uploads\/SH76tabell-1-150x61.jpg 150w, https:\/\/xn--hftessamlarna-bfb.se\/wp-content\/uploads\/SH76tabell-1-300x122.jpg 300w, https:\/\/xn--hftessamlarna-bfb.se\/wp-content\/uploads\/SH76tabell-1-768x313.jpg 768w, https:\/\/xn--hftessamlarna-bfb.se\/wp-content\/uploads\/SH76tabell-1-500x204.jpg 500w\" sizes=\"auto, (max-width: 584px) 100vw, 584px\" \/><\/a><\/p>\n<h2>Bild p\u00e5 variant<\/h2>\n<div id=\"attachment_5254\" style=\"width: 618px\" class=\"wp-caption alignleft\"><a href=\"http:\/\/xn--hftessamlarna-bfb.se\/wp-content\/uploads\/SH76postnord.jpg\" rel=\"attachment wp-att-5254\"><img loading=\"lazy\" decoding=\"async\" aria-describedby=\"caption-attachment-5254\" class=\"wp-image-5254 size-full\" src=\"http:\/\/xn--hftessamlarna-bfb.se\/wp-content\/uploads\/SH76postnord.jpg\" alt=\"SH76postnord\" width=\"608\" height=\"320\" srcset=\"https:\/\/xn--hftessamlarna-bfb.se\/wp-content\/uploads\/SH76postnord.jpg 608w, https:\/\/xn--hftessamlarna-bfb.se\/wp-content\/uploads\/SH76postnord-150x79.jpg 150w, https:\/\/xn--hftessamlarna-bfb.se\/wp-content\/uploads\/SH76postnord-300x158.jpg 300w, https:\/\/xn--hftessamlarna-bfb.se\/wp-content\/uploads\/SH76postnord-500x263.jpg 500w\" sizes=\"auto, (max-width: 608px) 100vw, 608px\" \/><\/a><p id=\"caption-attachment-5254\" class=\"wp-caption-text\">ny baksida uppt\u00e4ck i jan 2015<\/p><\/div>\n<div id=\"attachment_4778\" style=\"width: 261px\" class=\"wp-caption alignleft\"><a href=\"http:\/\/xn--hftessamlarna-bfb.se\/wp-content\/uploads\/SH76knbredd.jpg\"><img loading=\"lazy\" decoding=\"async\" aria-describedby=\"caption-attachment-4778\" class=\"wp-image-4778 size-medium\" src=\"http:\/\/xn--hftessamlarna-bfb.se\/wp-content\/uploads\/SH76knbredd-251x300.jpg\" alt=\"SH76knbredd\" width=\"251\" height=\"300\" srcset=\"https:\/\/xn--hftessamlarna-bfb.se\/wp-content\/uploads\/SH76knbredd-251x300.jpg 251w, https:\/\/xn--hftessamlarna-bfb.se\/wp-content\/uploads\/SH76knbredd-125x150.jpg 125w, https:\/\/xn--hftessamlarna-bfb.se\/wp-content\/uploads\/SH76knbredd.jpg 562w\" sizes=\"auto, (max-width: 251px) 100vw, 251px\" \/><\/a><p id=\"caption-attachment-4778\" class=\"wp-caption-text\">olika bredd p\u00e5 kn<\/p><\/div>\n<p>S\u00e5 h\u00e4r s\u00e4ger posten: <em>Detta uppst\u00e5r d\u00e5 vi stannar maskinen. Pappersbanan hamna d\u00e5 lite l\u00e4ngre fr\u00e5n skrivaren och d\u00e5 blir det p\u00e5 detta vis. M\u00e4rkena p\u00e5verkas inte, vilket g\u00f6r att vi inte tar bort dessa h\u00e4ften.<\/em><\/p>\n<h2>\u00d6vrigt<\/h2>\n<p>Frim\u00e4rkena har utformats av Jes\u00fas Verona.<\/p>\n<p>&nbsp;<\/p>\n","protected":false},"excerpt":{"rendered":"<p>Utgivningsdag 2014-08-21 10 x brevporto, 5 motiv Frim\u00e4rkena \u00e4r tryckta i 4-f\u00e4rgs offset (G:8) Typer Omslaget f\u00f6rekommer i 2 varianter: A: p\u00e5 utsidans \u00f6vre h\u00f6ger h\u00f6rn finns endast ett posthorn B: p\u00e5 utsidans \u00f6vre h\u00f6ger h\u00f6rn finns ett posthorn och &hellip; <a href=\"https:\/\/xn--hftessamlarna-bfb.se\/?page_id=4544\">Forts\u00e4tt l\u00e4sa <span class=\"meta-nav\">&rarr;<\/span><\/a><\/p>\n","protected":false},"author":1,"featured_media":0,"parent":307,"menu_order":76,"comment_status":"open","ping_status":"closed","template":"","meta":{"footnotes":""},"class_list":["post-4544","page","type-page","status-publish","hentry"],"_links":{"self":[{"href":"https:\/\/xn--hftessamlarna-bfb.se\/index.php?rest_route=\/wp\/v2\/pages\/4544","targetHints":{"allow":["GET"]}}],"collection":[{"href":"https:\/\/xn--hftessamlarna-bfb.se\/index.php?rest_route=\/wp\/v2\/pages"}],"about":[{"href":"https:\/\/xn--hftessamlarna-bfb.se\/index.php?rest_route=\/wp\/v2\/types\/page"}],"author":[{"embeddable":true,"href":"https:\/\/xn--hftessamlarna-bfb.se\/index.php?rest_route=\/wp\/v2\/users\/1"}],"replies":[{"embeddable":true,"href":"https:\/\/xn--hftessamlarna-bfb.se\/index.php?rest_route=%2Fwp%2Fv2%2Fcomments&post=4544"}],"version-history":[{"count":0,"href":"https:\/\/xn--hftessamlarna-bfb.se\/index.php?rest_route=\/wp\/v2\/pages\/4544\/revisions"}],"up":[{"embeddable":true,"href":"https:\/\/xn--hftessamlarna-bfb.se\/index.php?rest_route=\/wp\/v2\/pages\/307"}],"wp:attachment":[{"href":"https:\/\/xn--hftessamlarna-bfb.se\/index.php?rest_route=%2Fwp%2Fv2%2Fmedia&parent=4544"}],"curies":[{"name":"wp","href":"https:\/\/api.w.org\/{rel}","templated":true}]}}