{"id":450,"date":"2011-10-19T15:58:50","date_gmt":"2011-10-19T13:58:50","guid":{"rendered":"http:\/\/xn--hftessamlarna-bfb.se\/?page_id=450"},"modified":"2023-08-19T11:09:08","modified_gmt":"2023-08-19T10:09:08","slug":"sh26-varkarlek","status":"publish","type":"page","link":"https:\/\/xn--hftessamlarna-bfb.se\/?page_id=450","title":{"rendered":"SH26 V\u00e5rk\u00e4nslor"},"content":{"rendered":"<p><a href=\"https:\/\/xn--hftessamlarna-bfb.se\/wp-content\/uploads\/SH-0026-header-2007.jpg\" rel=\"attachment wp-att-459\"><img loading=\"lazy\" decoding=\"async\" class=\"alignnone wp-image-7185 size-full\" title=\"SH26\" src=\"https:\/\/xn--hftessamlarna-bfb.se\/wp-content\/uploads\/SH-0026-header-2007.jpg\" alt=\"\" width=\"960\" height=\"668\" srcset=\"https:\/\/xn--hftessamlarna-bfb.se\/wp-content\/uploads\/SH-0026-header-2007.jpg 960w, https:\/\/xn--hftessamlarna-bfb.se\/wp-content\/uploads\/SH-0026-header-2007-300x209.jpg 300w, https:\/\/xn--hftessamlarna-bfb.se\/wp-content\/uploads\/SH-0026-header-2007-150x104.jpg 150w, https:\/\/xn--hftessamlarna-bfb.se\/wp-content\/uploads\/SH-0026-header-2007-768x534.jpg 768w, https:\/\/xn--hftessamlarna-bfb.se\/wp-content\/uploads\/SH-0026-header-2007-431x300.jpg 431w\" sizes=\"auto, (max-width: 960px) 100vw, 960px\" \/><\/a>Utgivningsdag 2007-01-25<br \/>\nF 2582 &#8211; 2585<br \/>\n10 \u00d7 inrikes brev, fyra motiv<br \/>\nFrim\u00e4rkena trycktes i\u00a0fyra f\u00e4rger offset<br \/>\n57,7 mm breda, 13 inlagor\/varv<\/p>\n<h2>Typer (ny indelning juni 2023)<\/h2>\n<p>H\u00e4ftet har 29 punkters vikperforering (perf 10) slagen fr\u00e5n frim\u00e4rkssidan, PI och med tv\u00e5 olika inlagor och\u00a0indelas med avseende p\u00e5 omslagstryckets utseende i UV-ljus. Omslagstrycket kan i UV-ljus<br \/>\n<strong>A<\/strong> beh\u00e5lla sin bl\u00e5a f\u00e4rg eller<br \/>\n<strong>B<\/strong> f\u00e5 en gr\u00e5aktig ton<br \/>\nSkillnaden g\u00e5r \u00e4ven att se i dagsljus men \u00e4r d\u00e5 inte s\u00e5 tydlig. Varianten A \u00e4r vanligast. Varianten B \u00e4r ovanligare och finns med hela kn i intervallen 000205\u2013005555 och 500126\u2013505575.<\/p>\n<p><strong>SH26A<\/strong> finns med frim\u00e4rken<br \/>\n<strong>a<\/strong>\u00a0utan vitmedel<br \/>\n<strong>b<\/strong> med svagt vitmedel<br \/>\nSH26Ab \u00e4r ovanlig och har hittats vid kn 020\u2013021 och 520\u2013521-tusen med rest 10 vid c 1 och vid kn 042-tusen. SH26B har endast hittats med frim\u00e4rken utan vitmedel.<\/p>\n<h2>Markeringar<\/h2>\n<p><strong>a<\/strong><br \/>\ncentralt regm<br \/>\nFM<br \/>\ncyls 1<br \/>\ncyls 2<br \/>\nhelt kn BS<br \/>\nKn \u00e4r 6-siffriga<\/p>\n<p><strong>b<\/strong><br \/>\ncentralt regm<br \/>\nFM<br \/>\ncyls 1<br \/>\ncyls 2<br \/>\nhelt kn BS<\/p>\n<div id=\"attachment_7186\" style=\"width: 310px\" class=\"wp-caption alignnone\"><a href=\"https:\/\/xn--hftessamlarna-bfb.se\/wp-content\/uploads\/SH-0026-mark-2007.jpg\"><img loading=\"lazy\" decoding=\"async\" aria-describedby=\"caption-attachment-7186\" class=\"size-medium wp-image-7186\" src=\"https:\/\/xn--hftessamlarna-bfb.se\/wp-content\/uploads\/SH-0026-mark-2007-300x103.jpg\" alt=\"\" width=\"300\" height=\"103\" srcset=\"https:\/\/xn--hftessamlarna-bfb.se\/wp-content\/uploads\/SH-0026-mark-2007-300x103.jpg 300w, https:\/\/xn--hftessamlarna-bfb.se\/wp-content\/uploads\/SH-0026-mark-2007-150x52.jpg 150w, https:\/\/xn--hftessamlarna-bfb.se\/wp-content\/uploads\/SH-0026-mark-2007-768x265.jpg 768w, https:\/\/xn--hftessamlarna-bfb.se\/wp-content\/uploads\/SH-0026-mark-2007-500x172.jpg 500w, https:\/\/xn--hftessamlarna-bfb.se\/wp-content\/uploads\/SH-0026-mark-2007.jpg 960w\" sizes=\"auto, (max-width: 300px) 100vw, 300px\" \/><\/a><p id=\"caption-attachment-7186\" class=\"wp-caption-text\">Illustration \u00f6ver markeringarnas placering<\/p><\/div>\n<h2>K\u00e4nda kombinationer<\/h2>\n<p><a href=\"http:\/\/xn--hftessamlarna-bfb.se\/wp-content\/uploads\/SH26tabell-1.jpg\"><img loading=\"lazy\" decoding=\"async\" class=\"alignnone wp-image-5691 size-large\" src=\"http:\/\/xn--hftessamlarna-bfb.se\/wp-content\/uploads\/SH26tabell-1-1024x456.jpg\" alt=\"\" width=\"584\" height=\"260\" srcset=\"https:\/\/xn--hftessamlarna-bfb.se\/wp-content\/uploads\/SH26tabell-1-1024x456.jpg 1024w, https:\/\/xn--hftessamlarna-bfb.se\/wp-content\/uploads\/SH26tabell-1-150x67.jpg 150w, https:\/\/xn--hftessamlarna-bfb.se\/wp-content\/uploads\/SH26tabell-1-300x134.jpg 300w, https:\/\/xn--hftessamlarna-bfb.se\/wp-content\/uploads\/SH26tabell-1-768x342.jpg 768w, https:\/\/xn--hftessamlarna-bfb.se\/wp-content\/uploads\/SH26tabell-1-500x223.jpg 500w, https:\/\/xn--hftessamlarna-bfb.se\/wp-content\/uploads\/SH26tabell-1.jpg 2040w\" sizes=\"auto, (max-width: 584px) 100vw, 584px\" \/><\/a><\/p>\n<p>Det finns cyls p\u00e5 b\u00e5da cylinderhalvorna<\/p>\n<h2>Bild p\u00e5 variant<\/h2>\n<div id=\"attachment_4780\" style=\"width: 310px\" class=\"wp-caption alignleft\"><a href=\"http:\/\/xn--hftessamlarna-bfb.se\/wp-content\/uploads\/SH26otandad.jpg\"><img loading=\"lazy\" decoding=\"async\" aria-describedby=\"caption-attachment-4780\" class=\"wp-image-4780 size-medium\" src=\"http:\/\/xn--hftessamlarna-bfb.se\/wp-content\/uploads\/SH26otandad-300x271.jpg\" alt=\"SH26otandad\" width=\"300\" height=\"271\" srcset=\"https:\/\/xn--hftessamlarna-bfb.se\/wp-content\/uploads\/SH26otandad-300x271.jpg 300w, https:\/\/xn--hftessamlarna-bfb.se\/wp-content\/uploads\/SH26otandad-150x135.jpg 150w, https:\/\/xn--hftessamlarna-bfb.se\/wp-content\/uploads\/SH26otandad-1024x927.jpg 1024w, https:\/\/xn--hftessamlarna-bfb.se\/wp-content\/uploads\/SH26otandad-331x300.jpg 331w, https:\/\/xn--hftessamlarna-bfb.se\/wp-content\/uploads\/SH26otandad.jpg 1463w\" sizes=\"auto, (max-width: 300px) 100vw, 300px\" \/><\/a><p id=\"caption-attachment-4780\" class=\"wp-caption-text\">otandade frim\u00e4rken<\/p><\/div>\n<h2>Fakta om utgivningen<\/h2>\n<p>V\u00e5rk\u00e4nslor inneh\u00e5ller tio m\u00e4rken av fyra olika motiv avsedda f\u00f6r inrikes brev. Arken har bredden 57,7 mm, vilket ger 13 (\u00d72) p\u00e5 ett cylindervarv. Kontrollnummer har tryckts p\u00e5 vart 10:e ark och vart 5:e med kontrollnummer f\u00e5r ocks\u00e5 en femtiomarkering. Den ena cylindersiffran \u00e4r f\u00f6rskjuten, vilket medf\u00f6r att b\u00e5da blir centralt placerade. Cylindersiff-ror finns p\u00e5 b\u00e5da banden, trots att man sagt att avsikten var att de endast skulle finnas p\u00e5 det nedre.<\/p>\n<p>Detta medf\u00f6r att det fr\u00e5n vardera bandet per 650 ark finns:<br \/>\n<em>1 Trippel med cyls 1,\u00a0 1 Trippel med cyls 2,\u00a0 11 FM + kn, 4 cyls 1 + kn, 4 cyls 2 + kn,<\/em><br \/>\n<em>44 kn, 45 cyls 1, 45 cyls 2, 495 neutrala<\/em>.<\/p>\n<p>Det kommer s\u00e5lunda att finnas fyra olika tripplar, tv\u00e5 fr\u00e5n vardera bandet.<br \/>\nOvanst\u00e5ende g\u00e4ller givetvis om inga f\u00f6rskjutningar har r\u00e5kat ske; hittar man ark med endast FM, b\u00f6r det nog anses som sv\u00e5rt.<\/p>\n","protected":false},"excerpt":{"rendered":"<p>Utgivningsdag 2007-01-25 F 2582 &#8211; 2585 10 \u00d7 inrikes brev, fyra motiv Frim\u00e4rkena trycktes i\u00a0fyra f\u00e4rger offset 57,7 mm breda, 13 inlagor\/varv Typer (ny indelning juni 2023) H\u00e4ftet har 29 punkters vikperforering (perf 10) slagen fr\u00e5n frim\u00e4rkssidan, PI och med &hellip; <a href=\"https:\/\/xn--hftessamlarna-bfb.se\/?page_id=450\">Forts\u00e4tt l\u00e4sa <span class=\"meta-nav\">&rarr;<\/span><\/a><\/p>\n","protected":false},"author":1,"featured_media":0,"parent":307,"menu_order":26,"comment_status":"open","ping_status":"closed","template":"","meta":{"footnotes":""},"class_list":["post-450","page","type-page","status-publish","hentry"],"_links":{"self":[{"href":"https:\/\/xn--hftessamlarna-bfb.se\/index.php?rest_route=\/wp\/v2\/pages\/450","targetHints":{"allow":["GET"]}}],"collection":[{"href":"https:\/\/xn--hftessamlarna-bfb.se\/index.php?rest_route=\/wp\/v2\/pages"}],"about":[{"href":"https:\/\/xn--hftessamlarna-bfb.se\/index.php?rest_route=\/wp\/v2\/types\/page"}],"author":[{"embeddable":true,"href":"https:\/\/xn--hftessamlarna-bfb.se\/index.php?rest_route=\/wp\/v2\/users\/1"}],"replies":[{"embeddable":true,"href":"https:\/\/xn--hftessamlarna-bfb.se\/index.php?rest_route=%2Fwp%2Fv2%2Fcomments&post=450"}],"version-history":[{"count":0,"href":"https:\/\/xn--hftessamlarna-bfb.se\/index.php?rest_route=\/wp\/v2\/pages\/450\/revisions"}],"up":[{"embeddable":true,"href":"https:\/\/xn--hftessamlarna-bfb.se\/index.php?rest_route=\/wp\/v2\/pages\/307"}],"wp:attachment":[{"href":"https:\/\/xn--hftessamlarna-bfb.se\/index.php?rest_route=%2Fwp%2Fv2%2Fmedia&parent=450"}],"curies":[{"name":"wp","href":"https:\/\/api.w.org\/{rel}","templated":true}]}}