{"id":4475,"date":"2014-05-08T12:45:00","date_gmt":"2014-05-08T11:45:00","guid":{"rendered":"http:\/\/xn--hftessamlarna-bfb.se\/?page_id=4475"},"modified":"2025-12-21T13:05:23","modified_gmt":"2025-12-21T12:05:23","slug":"artiklar","status":"publish","type":"page","link":"https:\/\/xn--hftessamlarna-bfb.se\/?page_id=4475","title":{"rendered":"Artiklar"},"content":{"rendered":"<h2>H\u00e4r finner du artiklar och annat som kan vara intressant.<\/h2>\n<ul>\n<li><a href=\"https:\/\/xn--hftessamlarna-bfb.se\/?page_id=3509\">F\u00f6rfalskade h\u00e4ften<\/a><\/li>\n<li><a href=\"http:\/\/xn--hftessamlarna-bfb.se\/wp-content\/uploads\/Folkparker-Bo-G\u00f6ransson-Malmex-2018.pdf\">Folkparker Bo G\u00f6ransson Malmex 2018<\/a><\/li>\n<li><a href=\"http:\/\/xn--hftessamlarna-bfb.se\/wp-content\/uploads\/RT-typ-I.pdf\" target=\"_blank\" rel=\"noopener noreferrer\">Olika utseende p\u00e5 Ryggtryck, Gunnar Struck<\/a><\/li>\n<li><a href=\"https:\/\/xn--hftessamlarna-bfb.se\/wp-content\/uploads\/Forekomsten-av-vitmedel-Sven-Erik-Mattsson-20210519.pdf\">F\u00f6rekomsten av vitmedel Sven Erik Mattsson 2021-05-19<\/a><\/li>\n<li><a href=\"http:\/\/xn--hftessamlarna-bfb.se\/wp-content\/uploads\/Turistporto_web.pdf\">Turistporto, Gunnar Struck<\/a><\/li>\n<li><a href=\"https:\/\/xn--hftessamlarna-bfb.se\/wp-content\/uploads\/Forkortningar.pdf\">F\u00f6rkortningar i h\u00e4ftesv\u00e4rlden nr 149 &#8211; UPPDATERAD<\/a><\/li>\n<li><a href=\"http:\/\/xn--hftessamlarna-bfb.se\/wp-content\/uploads\/Sammanst\u00e4llning-\u00f6ver-marginaltecken-i-handgjorda-frim\u00e4rksh\u00e4ften-Per-Lundberg-Nr1995_72.pdf\">Sammanst\u00e4llning \u00f6ver marginaltecken i handgjorda frim\u00e4rksh\u00e4ften Per Lundberg Nr1995_72<\/a><\/li>\n<li><a href=\"https:\/\/xn--hftessamlarna-bfb.se\/wp-content\/uploads\/Kn-i-block-av-Sven-Erik-Mattsson-\u2013-Hans-Backlund-och-Bo-Goransson-2024-11-25.pdf\">Kn i block av Sven Erik Mattsson \u2013 Hans Backlund och Bo Go\u0308ransson 2024-11-25<\/a><\/li>\n<li><a href=\"https:\/\/xn--hftessamlarna-bfb.se\/wp-content\/uploads\/Kn-i-souvenirark-Sven-Erik-Mattsson-\u2013-Hans-Backlund-och-Bo-Goransson-2025-03-24.pdf\">Kn i souvenirark Sven Erik Mattsson \u2013 Hans Backlund och Bo Go\u0308ransson 2025-03-24<\/a><\/li>\n<li><a href=\"https:\/\/xn--hftessamlarna-bfb.se\/wp-content\/uploads\/Varianter-och-markeringar-pa-de-svenska-sjalvhaftande-haftena-SH1-SH97-och-SH100-2024-11-25.pdf\">Varianter och markeringar pa\u030a de svenska sja\u0308lvha\u0308ftande ha\u0308ftena SH1-SH97 och SH100 2024-11-25<\/a><\/li>\n<li><a href=\"https:\/\/xn--hftessamlarna-bfb.se\/wp-content\/uploads\/Kontrollnummer-i-nyare-posthaften-Sven-Erik-Mattsson-2020-12-07.pdf\">Kontrollnummer i nyare posth\u00e4ften Sven Erik Mattsson 2020-12-07<\/a><\/li>\n<li><a title=\"Rabattfrim\u00e4rken hur g\u00e4ller de som porto?\" href=\"http:\/\/xn--hftessamlarna-bfb.se\/?page_id=4472\">Rabattfrim\u00e4rken hur g\u00e4ller de som porto?<\/a><\/li>\n<li><a title=\"Nya format och markeringar fr\u00e5n 2014\" href=\"http:\/\/xn--hftessamlarna-bfb.se\/?page_id=4052\">Nya format och markeringar fr\u00e5n 2014<\/a><\/li>\n<li>Rekryteringsbroschyr <a href=\"http:\/\/h%C3%A4ftessamlarna.se\/wp-content\/uploads\/FFHS-Folder-1-o-2-v%C3%A4nda.pdf\" target=\"_blank\" rel=\"noopener noreferrer\">L<\/a><a href=\"http:\/\/h\u00e4ftessamlarna.se\/wp-content\/uploads\/FFHS-Folder-1-o-2-v%C3%A4nda.pdf\">adda ner broschyr!<\/a><\/li>\n<li><a href=\"https:\/\/xn--hftessamlarna-bfb.se\/wp-content\/uploads\/Cylindrar-for-haftena-H52-H62-och-H64-H112_stora-streckade-cylindersiffror.pdf\">Cylindrar f\u00f6r h\u00e4ftena H52-H62 och H64-H112_stora streckade cylindersiffror<\/a><\/li>\n<li><a href=\"https:\/\/xn--hftessamlarna-bfb.se\/wp-content\/uploads\/H136-Artikel-av-Sven-Erik-Mattsson-uppdaterad-2024-01-10.pdf\">H136 Artikel av Sven Erik Mattsson 2024-01-10<\/a><\/li>\n<li><a href=\"https:\/\/xn--hftessamlarna-bfb.se\/wp-content\/uploads\/H-182-Artikel-av-Sven-Erik-Mattsson-2023-05-07.pdf\">H182 Artikel av Sven Erik Mattsson 2023-05-07<\/a><\/li>\n<li><a href=\"https:\/\/xn--hftessamlarna-bfb.se\/wp-content\/uploads\/H196-artikel-av-Sven-Erik-Mattsson-2020-12-17.pdf\">H196AIO Artikel av Sven Erik Mattsson 2020-12-17<\/a><\/li>\n<li><a href=\"https:\/\/xn--hftessamlarna-bfb.se\/wp-content\/uploads\/H196AIIO-Artikel-av-Sven-Erik-Mattsson-2021-06-07.pdf\">H196AIIO Artikel av Sven Erik Mattsson 2021-06-07<\/a><\/li>\n<li><a href=\"https:\/\/xn--hftessamlarna-bfb.se\/wp-content\/uploads\/H205-Artikel-av-Sven-Erik-Mattsson-uppdaterad-2024-01-10.pdf\">H205 Artikel av Sven Erik Mattsson 2024-01-10<\/a><\/li>\n<li><a href=\"https:\/\/xn--hftessamlarna-bfb.se\/wp-content\/uploads\/H206-Artikel-av-Sven-Erik-Mattsson-20230705.pdf\">H206 Artikel av Sven Erik Mattsson 2023-07-05<\/a><\/li>\n<li><a href=\"https:\/\/xn--hftessamlarna-bfb.se\/wp-content\/uploads\/H214-artikel-av-Sven-Erik-Mattsson-2024-01-10.pdf\">H214 artikel av Sven Erik Mattsson 2024-01-10\u00a0<\/a><\/li>\n<li><a href=\"https:\/\/xn--hftessamlarna-bfb.se\/wp-content\/uploads\/H-226-av-Sven-Erik-Mattsson-20240502.pdf\">H226 artikel av Sven Erik Mattsson 2024-05-02\u00a0<\/a><\/li>\n<li><a href=\"https:\/\/xn--hftessamlarna-bfb.se\/wp-content\/uploads\/H227-Artikel-av-Sven-Erik-Mattsson-2024-11-25.pdf\">H227 Artikel av Sven Erik Mattsson 2024-11-25<\/a><\/li>\n<li><a href=\"https:\/\/xn--hftessamlarna-bfb.se\/wp-content\/uploads\/H228-Artikel-av-Sven-Erik-Mattsson-2024-11-25.pdf\">H228 Artikel av Sven Erik Mattsson 2024-11-25<\/a><\/li>\n<li><a href=\"https:\/\/xn--hftessamlarna-bfb.se\/wp-content\/uploads\/H-230-Artikel-av-Sven-Erik-Mattsson-2024-11-25.pdf\">H230 Artikel av Sven Erik Mattsson 2024-11-25<\/a><\/li>\n<li><a href=\"https:\/\/xn--hftessamlarna-bfb.se\/wp-content\/uploads\/H250B-av-Sven-Erik-Mattsson-2025-11-17.pdf\">H250B Artikel av Sven Erik Mattsson 2025-11-17<\/a><\/li>\n<li><a href=\"https:\/\/xn--hftessamlarna-bfb.se\/wp-content\/uploads\/H253-Artikel-av-Sven-Erik-Mattsson-2025-03-24.pdf\">H253 Artikel av Sven Erik Mattsson 2025-03-24<\/a><\/li>\n<li><a href=\"https:\/\/xn--hftessamlarna-bfb.se\/wp-content\/uploads\/H260-Artikel-av-Sven-Erik-Mattsson-2025-03-24.pdf\">H260 Artikel av Sven Erik Mattsson 2025-03-24<\/a><\/li>\n<li><a href=\"https:\/\/xn--hftessamlarna-bfb.se\/wp-content\/uploads\/H275-artikel-av-Sven-Erik-Mattsson-uppdaterad-2020-05-25.pdf\">H275 Artikel av Sven Erik Mattsson 2020-05-25<\/a><\/li>\n<li><a href=\"https:\/\/xn--hftessamlarna-bfb.se\/wp-content\/uploads\/H276-artikel-av-Sven-Erik-Mattsson-uppdaterad-2020-05-25.pdf\">H276 Artikel av Sven Erik Mattsson 2020-05-25<\/a><\/li>\n<li><a href=\"http:\/\/xn--hftessamlarna-bfb.se\/wp-content\/uploads\/H278-Artikel-av-Sven-Erik-Mattsson-uppdaterad-2017-02-19.pdf\">H278 Artikel av Sven Erik Mattsson 2017-02-19<\/a><\/li>\n<li><a href=\"https:\/\/xn--hftessamlarna-bfb.se\/wp-content\/uploads\/H281-artikel-av-Sven-Erik-Mattsson-2024-01-10.pdf\">H281 artikel av Sven Erik Mattsson 2024-01-10<\/a><\/li>\n<li><a href=\"https:\/\/xn--hftessamlarna-bfb.se\/wp-content\/uploads\/H284-Artikel-av-Sven-Erik-Mattsson-uppdaterad-2024-01-10-1.pdf\">H284 Artikel av Sven Erik Mattsson 2024-01-10<\/a><\/li>\n<li><a href=\"https:\/\/xn--hftessamlarna-bfb.se\/wp-content\/uploads\/H286-Artikel-av-Sven-Erik-Mattsson-2025-03-24.pdf\">H286 Artikel av Sven Erik Mattsson 2025-03-24<\/a><\/li>\n<li><a href=\"https:\/\/xn--hftessamlarna-bfb.se\/wp-content\/uploads\/H287-Artikel-av-Sven-Erik-Mattsson2025-11-17.pdf\">H287 Artikel av Sven Erik Mattsson 2025-11-17<\/a><\/li>\n<li><a href=\"https:\/\/xn--hftessamlarna-bfb.se\/wp-content\/uploads\/H289-Artikel-av-Sven-Erik-Mattsson-2024-11-25.pdf\">H289 Artikel av Sven Erik Mattsson 2024-11-25<\/a><\/li>\n<li><a href=\"https:\/\/xn--hftessamlarna-bfb.se\/wp-content\/uploads\/H291-Artikel-av-Sven-Erik-Mattsson-2025-03-24.pdf\">H291 Artikel av Sven Erik Mattsson 2025-03-24<\/a><\/li>\n<li><a href=\"https:\/\/xn--hftessamlarna-bfb.se\/wp-content\/uploads\/H295-Artikel-av-Sven-Erik-Mattsson-2024-01-10.pdf\">H295 Artikel av Sven Erik Mattsson 2024-01-10<\/a><\/li>\n<li><a href=\"https:\/\/xn--hftessamlarna-bfb.se\/wp-content\/uploads\/H297-Artikel-av-Sven-Erik-Mattsson-2024-01-10.pdf\">H297 Artikel av Sven Erik Mattsson 2024-01-10<\/a><\/li>\n<li><a href=\"https:\/\/xn--hftessamlarna-bfb.se\/wp-content\/uploads\/H305-Artikel-av-Sven-Erik-Mattsson-2025-03-24.pdf\">H305 Artikel av Sven Erik Mattsson 2025-03-24<\/a><\/li>\n<li><a href=\"https:\/\/xn--hftessamlarna-bfb.se\/wp-content\/uploads\/H306-Artikel-av-Sven-Erik-Mattsson-2025-11-18.pdf\">H306 Artikel av Sven Erik Mattsson 2025-11-18<\/a><\/li>\n<li><a href=\"https:\/\/xn--hftessamlarna-bfb.se\/wp-content\/uploads\/H310-Artikel-av-Sven-Erik-Mattsson-2024-01-10.pdf\">H310 Artikel av Sven Erik Mattsson 2024-01-10<\/a><\/li>\n<li><a href=\"http:\/\/h\u00e4ftessamlarna.se\/wp-content\/uploads\/H-316-Havsforskning.pdf\">H316 Artikel 2014-03-05 Bo G\u00f6ransson<\/a><\/li>\n<li><a href=\"https:\/\/xn--hftessamlarna-bfb.se\/wp-content\/uploads\/H319-Artikel-av-Bo-Goransson-och-Sven-Erik-Mattsson-2024-01-10.pdf\">H319 Artikel av Bo Go\u0308ransson och Sven Erik Mattsson 2024-01-10<\/a><\/li>\n<li><a href=\"https:\/\/xn--hftessamlarna-bfb.se\/wp-content\/uploads\/H320-Artikel-av-Sven-Erik-Mattsson-2025-03-24.pdf\">H320 Artikel av Sven Erik Mattsson 2025-03-24<\/a><\/li>\n<li><a href=\"https:\/\/xn--hftessamlarna-bfb.se\/wp-content\/uploads\/H323-Artikel-av-Sven-Erik-Mattsson-2024-01-10.pdf\">H323 Artikel av Sven Erik Mattsson 2024-01-10<\/a><\/li>\n<li><a href=\"http:\/\/h\u00e4ftessamlarna.se\/wp-content\/uploads\/H331.pdf\">H331 Grunnar Struck &#8211; kn-f\u00f6rteckning och klich\u00e9k\u00e4nnetecken<\/a><\/li>\n<li><a href=\"https:\/\/xn--hftessamlarna-bfb.se\/wp-content\/uploads\/H334-Artikel-av-Sven-Erik-Mattsson20230705.pdf\">H334 Artikel av Sven Erik Mattsson 2023-07-05<\/a><\/li>\n<li><a href=\"https:\/\/xn--hftessamlarna-bfb.se\/wp-content\/uploads\/H336-Artikel-av-Sven-Erik-Mattsson-2024-01-10.pdf\">H336 Artikel av Sven Erik Mattsson 2024-01-10<\/a><\/li>\n<li><a href=\"http:\/\/xn--hftessamlarna-bfb.se\/wp-content\/uploads\/H340-av-Thomas-Kinell-dec-2019.pdf\">H340 av Thomas Kinell dec 2019<\/a><\/li>\n<li><a href=\"https:\/\/xn--hftessamlarna-bfb.se\/wp-content\/uploads\/H350-artikel-av-Sven-Erik-Mattsson-2022-05-09.pdf\">H350 artikel av Sven Erik Mattsson 2022-05-09<\/a><\/li>\n<li><a href=\"https:\/\/xn--hftessamlarna-bfb.se\/wp-content\/uploads\/H392-Artikel-av-Sven-Erik-Mattsson-2025-11-18.pdf\">H392 Artikel av Sven Erik Mattsson 2025-11-18<\/a><\/li>\n<li><a href=\"https:\/\/xn--hftessamlarna-bfb.se\/wp-content\/uploads\/H482-Artikel-av-Sven-Erik-Mattsson-2025-11-18.pdf\">H482 Artikel av Sven Erik Mattsson 2025-11-18<\/a><\/li>\n<li><a href=\"https:\/\/xn--hftessamlarna-bfb.se\/wp-content\/uploads\/H532-Pioner-av-Sven-Erik-Mattsson.pdf\">H532 Pioner av Sven Erik Mattsson<\/a><\/li>\n<\/ul>\n","protected":false},"excerpt":{"rendered":"<p>H\u00e4r finner du artiklar och annat som kan vara intressant. F\u00f6rfalskade h\u00e4ften Folkparker Bo G\u00f6ransson Malmex 2018 Olika utseende p\u00e5 Ryggtryck, Gunnar Struck F\u00f6rekomsten av vitmedel Sven Erik Mattsson 2021-05-19 Turistporto, Gunnar Struck F\u00f6rkortningar i h\u00e4ftesv\u00e4rlden nr 149 &#8211; UPPDATERAD &hellip; <a href=\"https:\/\/xn--hftessamlarna-bfb.se\/?page_id=4475\">Forts\u00e4tt l\u00e4sa <span class=\"meta-nav\">&rarr;<\/span><\/a><\/p>\n","protected":false},"author":1,"featured_media":0,"parent":0,"menu_order":0,"comment_status":"closed","ping_status":"closed","template":"","meta":{"footnotes":""},"class_list":["post-4475","page","type-page","status-publish","hentry"],"_links":{"self":[{"href":"https:\/\/xn--hftessamlarna-bfb.se\/index.php?rest_route=\/wp\/v2\/pages\/4475","targetHints":{"allow":["GET"]}}],"collection":[{"href":"https:\/\/xn--hftessamlarna-bfb.se\/index.php?rest_route=\/wp\/v2\/pages"}],"about":[{"href":"https:\/\/xn--hftessamlarna-bfb.se\/index.php?rest_route=\/wp\/v2\/types\/page"}],"author":[{"embeddable":true,"href":"https:\/\/xn--hftessamlarna-bfb.se\/index.php?rest_route=\/wp\/v2\/users\/1"}],"replies":[{"embeddable":true,"href":"https:\/\/xn--hftessamlarna-bfb.se\/index.php?rest_route=%2Fwp%2Fv2%2Fcomments&post=4475"}],"version-history":[{"count":0,"href":"https:\/\/xn--hftessamlarna-bfb.se\/index.php?rest_route=\/wp\/v2\/pages\/4475\/revisions"}],"wp:attachment":[{"href":"https:\/\/xn--hftessamlarna-bfb.se\/index.php?rest_route=%2Fwp%2Fv2%2Fmedia&parent=4475"}],"curies":[{"name":"wp","href":"https:\/\/api.w.org\/{rel}","templated":true}]}}