{"id":4472,"date":"2014-05-08T12:35:25","date_gmt":"2014-05-08T11:35:25","guid":{"rendered":"http:\/\/xn--hftessamlarna-bfb.se\/?page_id=4472"},"modified":"2022-02-14T18:43:01","modified_gmt":"2022-02-14T17:43:01","slug":"rabattfrimarken-hur-galler-de-som-porto","status":"publish","type":"page","link":"https:\/\/xn--hftessamlarna-bfb.se\/?page_id=4472","title":{"rendered":"Rabattfrim\u00e4rken hur g\u00e4ller de som porto?"},"content":{"rendered":"<p>Rabattfrim\u00e4rken utgavs av posten fr\u00e5n 1979-1993. Hur g\u00e4ller de som porto idag?<\/p>\n<h2>Detta g\u00e4ller:<\/h2>\n<p><strong>Julpostm\u00e4rken<\/strong> g\u00e4ller som 11:00 (fr\u00e5n 1\/11-2021, tills n\u00e4sta (julpost)utgivning). \u00c4r v\u00e4rda 1 kr mindre \u00e4n g\u00e4llande brevporto. (1 kr-m\u00e4rken kan k\u00f6pas fr\u00e5n Posten frim\u00e4rken, dock i poster om 10 m\u00e4rken)<\/p>\n<p><strong>Ekonomibrev<\/strong> g\u00e4ller som 6 kr<br \/>\n<strong>F\u00f6reningsbrev<\/strong> g\u00e4ller som 6 kr<\/p>\n<p><strong>F\u00f6retagspost: <\/strong>(f\u00f6r sm\u00e5f\u00f6retagare) g\u00e4ller \u00e4ven som privatperson<\/p>\n<ul>\n<li>1 m\u00e4rke brev upp till 100 gr, \u00e4ven skrymmande<\/li>\n<li>2 m\u00e4rken brev upp till 250 gr, \u00e4ven skrymmande<\/li>\n<li>3 m\u00e4rken brev upp till 500 gr, \u00e4ven skrymmande<\/li>\n<li>4 m\u00e4rken brev upp till 1000 gr, \u00e4ven skrymmande<br \/>\nanv\u00e4nda p\u00e5 annat s\u00e4tt\u00a0 (t.ex brev tyngre \u00e4n 1000 gr) g\u00e4ller val\u00f6ren 2:30<\/li>\n<\/ul>\n<p><strong>Rabattfrim\u00e4rken<\/strong> (f\u00f6r privatpersoner) Duva+hand+penna (<strong>1979<\/strong>), ekorre (<strong>1980<\/strong>)<\/p>\n<p>1 m\u00e4rke brev upp till 100 gr, \u00e4ven skrymmande inom Sverige, anv\u00e4nda p\u00e5 annat s\u00e4tt (t.ex brev tyngre \u00e4n 100 gr)\u00a0 \u00e4r de v\u00e4rda 1 kr<\/p>\n<p><strong>Rabattfrim\u00e4rken<\/strong> (f\u00f6r privatpersoner) landskapsmotiven + senare utg\u00e5vor (<strong>1981-1990<\/strong>)<\/p>\n<ul>\n<li>1 m\u00e4rke brev upp till 100 gr, \u00e4ven skrymmande<\/li>\n<li>3 m\u00e4rken brev upp till 250 gr, \u00e4ven skrymmande<\/li>\n<li>4 m\u00e4rken brev upp till 500 gr, \u00e4ven skrymmande<\/li>\n<li>5 m\u00e4rken brev upp till 1000 gr, \u00e4ven skrymmande<br \/>\nanv\u00e4nda p\u00e5 annat s\u00e4tt (t.ex brev tyngre \u00e4n 1000 gr) g\u00e4ller val\u00f6ren p\u00e5 m\u00e4rket. G\u00e4ller \u00e4ven inom Norden (ej baltikum)<\/li>\n<\/ul>\n<p><strong>Rabattfrim\u00e4rken<\/strong><span style=\"display: inline !important; float: none; background-color: #ffffff; color: #333333; cursor: text; font-family: 'Helvetica Neue',Helvetica,Arial,sans-serif; font-size: 15px; font-style: normal; font-variant: normal; font-weight: 300; letter-spacing: normal; orphans: 2; text-align: left; text-decoration: none; text-indent: 0px; text-transform: none; -webkit-text-stroke-width: 0px; white-space: normal; word-spacing: 0px;\"> fr.o.m 1991 g\u00e4ller bara f\u00f6r det belopp som st\u00e5r p\u00e5 frim\u00e4rket.<\/span><\/p>\n<p><strong>F\u00f6r brev med till\u00e4ggstj\u00e4nster t.ex. REK g\u00e4ller f\u00f6ljande:<\/strong><\/p>\n<p>Grundportot f\u00f6r f\u00f6rs\u00e4ndelsen kan t\u00e4ckas med rabattm\u00e4rken enligt ovan tabeller. REK avgiften (f.n. 84:-) m\u00e5ste dock frankeras med vanliga val\u00f6rfrim\u00e4rken.<\/p>\n<p><a href=\"https:\/\/www.postnord.se\/kundservice#humany-contact-customer-service-new=\/g18905-vad-gaeller-foer-aeldre-rabattfrimaerken;guideCategory:10\" target=\"_blank\" rel=\"noopener\">L\u00e4nk till PostNord<\/a><\/p>\n<p><a href=\"http:\/\/h\u00e4ftessamlarna.se\/wp-content\/uploads\/Rabattfrim%C3%A4rken.pdf\">Ladda plansch som PDF.fil f\u00f6r utskrift<\/a>.<\/p>\n<p><a href=\"http:\/\/xn--hftessamlarna-bfb.se\/?attachment_id=4473\" rel=\"attachment wp-att-4473\"><img loading=\"lazy\" decoding=\"async\" class=\"alignleft size-full wp-image-4473\" src=\"http:\/\/xn--hftessamlarna-bfb.se\/wp-content\/uploads\/Rabattmarken.jpg\" alt=\"Rabattmarken\" width=\"960\" height=\"1287\" srcset=\"https:\/\/xn--hftessamlarna-bfb.se\/wp-content\/uploads\/Rabattmarken.jpg 960w, https:\/\/xn--hftessamlarna-bfb.se\/wp-content\/uploads\/Rabattmarken-111x150.jpg 111w, https:\/\/xn--hftessamlarna-bfb.se\/wp-content\/uploads\/Rabattmarken-223x300.jpg 223w, https:\/\/xn--hftessamlarna-bfb.se\/wp-content\/uploads\/Rabattmarken-763x1024.jpg 763w\" sizes=\"auto, (max-width: 960px) 100vw, 960px\" \/><\/a><\/p>\n","protected":false},"excerpt":{"rendered":"<p>Rabattfrim\u00e4rken utgavs av posten fr\u00e5n 1979-1993. Hur g\u00e4ller de som porto idag? Detta g\u00e4ller: Julpostm\u00e4rken g\u00e4ller som 11:00 (fr\u00e5n 1\/11-2021, tills n\u00e4sta (julpost)utgivning). \u00c4r v\u00e4rda 1 kr mindre \u00e4n g\u00e4llande brevporto. (1 kr-m\u00e4rken kan k\u00f6pas fr\u00e5n Posten frim\u00e4rken, dock i &hellip; <a href=\"https:\/\/xn--hftessamlarna-bfb.se\/?page_id=4472\">Forts\u00e4tt l\u00e4sa <span class=\"meta-nav\">&rarr;<\/span><\/a><\/p>\n","protected":false},"author":1,"featured_media":0,"parent":0,"menu_order":0,"comment_status":"open","ping_status":"closed","template":"","meta":{"footnotes":""},"class_list":["post-4472","page","type-page","status-publish","hentry"],"_links":{"self":[{"href":"https:\/\/xn--hftessamlarna-bfb.se\/index.php?rest_route=\/wp\/v2\/pages\/4472","targetHints":{"allow":["GET"]}}],"collection":[{"href":"https:\/\/xn--hftessamlarna-bfb.se\/index.php?rest_route=\/wp\/v2\/pages"}],"about":[{"href":"https:\/\/xn--hftessamlarna-bfb.se\/index.php?rest_route=\/wp\/v2\/types\/page"}],"author":[{"embeddable":true,"href":"https:\/\/xn--hftessamlarna-bfb.se\/index.php?rest_route=\/wp\/v2\/users\/1"}],"replies":[{"embeddable":true,"href":"https:\/\/xn--hftessamlarna-bfb.se\/index.php?rest_route=%2Fwp%2Fv2%2Fcomments&post=4472"}],"version-history":[{"count":0,"href":"https:\/\/xn--hftessamlarna-bfb.se\/index.php?rest_route=\/wp\/v2\/pages\/4472\/revisions"}],"wp:attachment":[{"href":"https:\/\/xn--hftessamlarna-bfb.se\/index.php?rest_route=%2Fwp%2Fv2%2Fmedia&parent=4472"}],"curies":[{"name":"wp","href":"https:\/\/api.w.org\/{rel}","templated":true}]}}