{"id":4462,"date":"2014-05-07T09:09:42","date_gmt":"2014-05-07T08:09:42","guid":{"rendered":"http:\/\/xn--hftessamlarna-bfb.se\/?page_id=4462"},"modified":"2021-07-28T06:58:59","modified_gmt":"2021-07-28T05:58:59","slug":"bl41-europa-2014-nyckelharpa","status":"publish","type":"page","link":"https:\/\/xn--hftessamlarna-bfb.se\/?page_id=4462","title":{"rendered":"BL41 Europa 2014 &#8211; Nyckelharpa"},"content":{"rendered":"<p><a href=\"https:\/\/xn--hftessamlarna-bfb.se\/wp-content\/uploads\/BL041-header-2014.png\" rel=\"attachment wp-att-4463\"><img loading=\"lazy\" decoding=\"async\" class=\"alignnone wp-image-6646 size-full\" src=\"https:\/\/xn--hftessamlarna-bfb.se\/wp-content\/uploads\/BL041-header-2014.png\" alt=\"\" width=\"960\" height=\"636\" srcset=\"https:\/\/xn--hftessamlarna-bfb.se\/wp-content\/uploads\/BL041-header-2014.png 960w, https:\/\/xn--hftessamlarna-bfb.se\/wp-content\/uploads\/BL041-header-2014-300x199.png 300w, https:\/\/xn--hftessamlarna-bfb.se\/wp-content\/uploads\/BL041-header-2014-150x99.png 150w, https:\/\/xn--hftessamlarna-bfb.se\/wp-content\/uploads\/BL041-header-2014-768x509.png 768w, https:\/\/xn--hftessamlarna-bfb.se\/wp-content\/uploads\/BL041-header-2014-453x300.png 453w\" sizes=\"auto, (max-width: 960px) 100vw, 960px\" \/><\/a><\/p>\n<p>Utgivningsdag 2014-05-08<br \/>\n2 \u00d7 14:-, tv\u00e5 motiv<\/p>\n<p>Formatet \u00e4r liggande, 125 \u00d7 83. Det \u00e4r 9 block\/band. Kn har satts p\u00e5 vart 10:e block p\u00e5 bandet med cyls. F\u00f6r ber\u00e4kning av rest se <a href=\"http:\/\/xn--hftessamlarna-bfb.se\/?page_id=4376\">BL37<\/a>.<\/p>\n<h2>Markeringar<\/h2>\n<p>cyls 1<br \/>\ncyls 2<br \/>\nkn (6-siffrigt)<br \/>\nkn (0) + cyls 1<br \/>\nkn (0) + cyls 2<\/p>\n<h2>K\u00e4nda kombinationer<\/h2>\n<p><img loading=\"lazy\" decoding=\"async\" class=\"alignnone wp-image-5635 size-medium\" src=\"http:\/\/xn--hftessamlarna-bfb.se\/wp-content\/uploads\/BL41tabell-1-300x123.jpg\" alt=\"\" width=\"300\" height=\"123\" srcset=\"https:\/\/xn--hftessamlarna-bfb.se\/wp-content\/uploads\/BL41tabell-1-300x123.jpg 300w, https:\/\/xn--hftessamlarna-bfb.se\/wp-content\/uploads\/BL41tabell-1-150x61.jpg 150w, https:\/\/xn--hftessamlarna-bfb.se\/wp-content\/uploads\/BL41tabell-1-768x314.jpg 768w, https:\/\/xn--hftessamlarna-bfb.se\/wp-content\/uploads\/BL41tabell-1-1024x419.jpg 1024w, https:\/\/xn--hftessamlarna-bfb.se\/wp-content\/uploads\/BL41tabell-1-500x205.jpg 500w, https:\/\/xn--hftessamlarna-bfb.se\/wp-content\/uploads\/BL41tabell-1.jpg 1114w\" sizes=\"auto, (max-width: 300px) 100vw, 300px\" \/><\/p>\n<h2 class=\"MsoNormal\">Fakta om utgivningen<\/h2>\n<p>Nyckelharpan \u00e4r ett av de typiska instrumenten inom svensk folkmusik. Redan under medeltiden spelade man nyckelharpa i Sverige. Bevarade kyrkom\u00e5lningar fr\u00e5n denna tid framf\u00f6r allt i Uppland visar \u00e4nglar som spelar p\u00e5 instrumentet.<\/p>\n<p>Uppland har l\u00e4nge varit nyckelharpans k\u00e4rnomr\u00e5de i Sverige, och det \u00e4r tack vare spelmannen, komposit\u00f6ren och konstrukt\u00f6ren Eric Sahlstr\u00f6m fr\u00e5n Tobo i norra delen av landskapet som instrumentet fick ett uppsving under 1960-talet. Popularitetsv\u00e5gen f\u00f6r nyckelharpan har ocks\u00e5 n\u00e5tt andra l\u00e4nder. I USA finns m\u00e5nga aktiva nyckelharpister, och flera japaner har s\u00f6kt sig till Eric Sahlstr\u00f6m Institutet i Tobo f\u00f6r att l\u00e4ra sig spela.<\/p>\n<p>Grupper och enskilda som framf\u00f6r musik fr\u00e5n medeltiden, ren\u00e4ssansen och barocken<br \/>\nhar infogat nyckelharpan i sina arrangemang, men instrumentet har ocks\u00e5 uppt\u00e4ckts av<br \/>\nsamtida komposit\u00f6rer. V\u00e4rldens antagligen mest spridda musikinslag med en nyckelharpa<br \/>\nfinns i ABBA:s l\u00e5t \u201dDum dum diddle\u201d fr\u00e5n 1976.<\/p>\n<p>Det \u00e4r tredje g\u00e5ngen nyckelharpan uppm\u00e4rksammas p\u00e5 svenska frim\u00e4rken.<br \/>\nPremi\u00e4ren var 1975 d\u00e5 nyckelharpisten Ceylon Wallin avbildades, och andra g\u00e5ngen<br \/>\nd\u00e5 instrumentet representerade svensk musikkultur p\u00e5 frim\u00e4rket till Europeiska musik\u00e5ret 1985. L\u00e4s mer om nyckelharpan p\u00e5 Eric Sahlstr\u00f6m Institutets hemsida <a href=\"http:\/\/www.esitobo.org\" target=\"_blank\" rel=\"noopener\">www.esitobo.org<\/a><\/p>\n","protected":false},"excerpt":{"rendered":"<p>Utgivningsdag 2014-05-08 2 \u00d7 14:-, tv\u00e5 motiv Formatet \u00e4r liggande, 125 \u00d7 83. Det \u00e4r 9 block\/band. Kn har satts p\u00e5 vart 10:e block p\u00e5 bandet med cyls. F\u00f6r ber\u00e4kning av rest se BL37. Markeringar cyls 1 cyls 2 kn &hellip; <a href=\"https:\/\/xn--hftessamlarna-bfb.se\/?page_id=4462\">Forts\u00e4tt l\u00e4sa <span class=\"meta-nav\">&rarr;<\/span><\/a><\/p>\n","protected":false},"author":1,"featured_media":0,"parent":3642,"menu_order":41,"comment_status":"open","ping_status":"closed","template":"","meta":{"footnotes":""},"class_list":["post-4462","page","type-page","status-publish","hentry"],"_links":{"self":[{"href":"https:\/\/xn--hftessamlarna-bfb.se\/index.php?rest_route=\/wp\/v2\/pages\/4462","targetHints":{"allow":["GET"]}}],"collection":[{"href":"https:\/\/xn--hftessamlarna-bfb.se\/index.php?rest_route=\/wp\/v2\/pages"}],"about":[{"href":"https:\/\/xn--hftessamlarna-bfb.se\/index.php?rest_route=\/wp\/v2\/types\/page"}],"author":[{"embeddable":true,"href":"https:\/\/xn--hftessamlarna-bfb.se\/index.php?rest_route=\/wp\/v2\/users\/1"}],"replies":[{"embeddable":true,"href":"https:\/\/xn--hftessamlarna-bfb.se\/index.php?rest_route=%2Fwp%2Fv2%2Fcomments&post=4462"}],"version-history":[{"count":0,"href":"https:\/\/xn--hftessamlarna-bfb.se\/index.php?rest_route=\/wp\/v2\/pages\/4462\/revisions"}],"up":[{"embeddable":true,"href":"https:\/\/xn--hftessamlarna-bfb.se\/index.php?rest_route=\/wp\/v2\/pages\/3642"}],"wp:attachment":[{"href":"https:\/\/xn--hftessamlarna-bfb.se\/index.php?rest_route=%2Fwp%2Fv2%2Fmedia&parent=4462"}],"curies":[{"name":"wp","href":"https:\/\/api.w.org\/{rel}","templated":true}]}}