{"id":4434,"date":"2014-04-20T13:05:22","date_gmt":"2014-04-20T12:05:22","guid":{"rendered":"http:\/\/xn--hftessamlarna-bfb.se\/?page_id=4434"},"modified":"2020-05-03T10:01:14","modified_gmt":"2020-05-03T09:01:14","slug":"bl16-mote-i-valhall","status":"publish","type":"page","link":"https:\/\/xn--hftessamlarna-bfb.se\/?page_id=4434","title":{"rendered":"BL16 Nordisk Mytologi \u2013 M\u00f6te i Valhall"},"content":{"rendered":"<p><a href=\"http:\/\/xn--hftessamlarna-bfb.se\/?attachment_id=4435\" rel=\"attachment wp-att-4435\"><img loading=\"lazy\" decoding=\"async\" class=\"alignleft size-full wp-image-4435\" src=\"http:\/\/xn--hftessamlarna-bfb.se\/wp-content\/uploads\/BL16.jpg\" alt=\"BL16\" width=\"839\" height=\"561\" srcset=\"https:\/\/xn--hftessamlarna-bfb.se\/wp-content\/uploads\/BL16.jpg 839w, https:\/\/xn--hftessamlarna-bfb.se\/wp-content\/uploads\/BL16-150x100.jpg 150w, https:\/\/xn--hftessamlarna-bfb.se\/wp-content\/uploads\/BL16-300x200.jpg 300w, https:\/\/xn--hftessamlarna-bfb.se\/wp-content\/uploads\/BL16-448x300.jpg 448w\" sizes=\"auto, (max-width: 839px) 100vw, 839px\" \/><\/a><\/p>\n<p>Utgivningsdag 2004-03-26<br \/>\n2 x 10:-, tv\u00e5 motiv<\/p>\n<p>Formatet \u00e4r liggande, 104 * 68. Det \u00e4r 11 block\/band. Cyls 1 och 2 st\u00e5r i nedre h\u00f6ger h\u00f6rn. Kn ligger i h\u00f6ger kant nedtill och har satts en g\u00e5ng per varv.<\/p>\n<h2>Markeringar<\/h2>\n<p>cyls 1<br \/>\ncyls 2<br \/>\nKn (5-siffrigt)<br \/>\nKn (5-siffrigt) + cyls 2<\/p>\n<h2>K\u00e4nda kombinationer<\/h2>\n<p><a href=\"http:\/\/xn--hftessamlarna-bfb.se\/wp-content\/uploads\/BL16tabell.jpg\"><img loading=\"lazy\" decoding=\"async\" class=\"alignleft wp-image-5599 size-medium\" src=\"http:\/\/xn--hftessamlarna-bfb.se\/wp-content\/uploads\/BL16tabell-300x137.jpg\" alt=\"\" width=\"300\" height=\"137\" srcset=\"https:\/\/xn--hftessamlarna-bfb.se\/wp-content\/uploads\/BL16tabell-300x137.jpg 300w, https:\/\/xn--hftessamlarna-bfb.se\/wp-content\/uploads\/BL16tabell-150x69.jpg 150w, https:\/\/xn--hftessamlarna-bfb.se\/wp-content\/uploads\/BL16tabell-768x351.jpg 768w, https:\/\/xn--hftessamlarna-bfb.se\/wp-content\/uploads\/BL16tabell-1024x468.jpg 1024w, https:\/\/xn--hftessamlarna-bfb.se\/wp-content\/uploads\/BL16tabell-500x228.jpg 500w, https:\/\/xn--hftessamlarna-bfb.se\/wp-content\/uploads\/BL16tabell.jpg 1167w\" sizes=\"auto, (max-width: 300px) 100vw, 300px\" \/><\/a><\/p>\n","protected":false},"excerpt":{"rendered":"<p>Utgivningsdag 2004-03-26 2 x 10:-, tv\u00e5 motiv Formatet \u00e4r liggande, 104 * 68. Det \u00e4r 11 block\/band. Cyls 1 och 2 st\u00e5r i nedre h\u00f6ger h\u00f6rn. Kn ligger i h\u00f6ger kant nedtill och har satts en g\u00e5ng per varv. Markeringar &hellip; <a href=\"https:\/\/xn--hftessamlarna-bfb.se\/?page_id=4434\">Forts\u00e4tt l\u00e4sa <span class=\"meta-nav\">&rarr;<\/span><\/a><\/p>\n","protected":false},"author":1,"featured_media":0,"parent":3642,"menu_order":16,"comment_status":"open","ping_status":"closed","template":"","meta":{"footnotes":""},"class_list":["post-4434","page","type-page","status-publish","hentry"],"_links":{"self":[{"href":"https:\/\/xn--hftessamlarna-bfb.se\/index.php?rest_route=\/wp\/v2\/pages\/4434","targetHints":{"allow":["GET"]}}],"collection":[{"href":"https:\/\/xn--hftessamlarna-bfb.se\/index.php?rest_route=\/wp\/v2\/pages"}],"about":[{"href":"https:\/\/xn--hftessamlarna-bfb.se\/index.php?rest_route=\/wp\/v2\/types\/page"}],"author":[{"embeddable":true,"href":"https:\/\/xn--hftessamlarna-bfb.se\/index.php?rest_route=\/wp\/v2\/users\/1"}],"replies":[{"embeddable":true,"href":"https:\/\/xn--hftessamlarna-bfb.se\/index.php?rest_route=%2Fwp%2Fv2%2Fcomments&post=4434"}],"version-history":[{"count":0,"href":"https:\/\/xn--hftessamlarna-bfb.se\/index.php?rest_route=\/wp\/v2\/pages\/4434\/revisions"}],"up":[{"embeddable":true,"href":"https:\/\/xn--hftessamlarna-bfb.se\/index.php?rest_route=\/wp\/v2\/pages\/3642"}],"wp:attachment":[{"href":"https:\/\/xn--hftessamlarna-bfb.se\/index.php?rest_route=%2Fwp%2Fv2%2Fmedia&parent=4434"}],"curies":[{"name":"wp","href":"https:\/\/api.w.org\/{rel}","templated":true}]}}