{"id":4412,"date":"2014-04-15T14:53:24","date_gmt":"2014-04-15T13:53:24","guid":{"rendered":"http:\/\/xn--hftessamlarna-bfb.se\/?page_id=4412"},"modified":"2017-08-07T13:40:04","modified_gmt":"2017-08-07T12:40:04","slug":"bl26-albertus-pictor","status":"publish","type":"page","link":"https:\/\/xn--hftessamlarna-bfb.se\/?page_id=4412","title":{"rendered":"BL26 Albertus Pictor"},"content":{"rendered":"<p><a href=\"http:\/\/xn--hftessamlarna-bfb.se\/?attachment_id=4413\" rel=\"attachment wp-att-4413\"><img loading=\"lazy\" decoding=\"async\" class=\"alignleft size-full wp-image-4413\" src=\"http:\/\/xn--hftessamlarna-bfb.se\/wp-content\/uploads\/BL26.jpg\" alt=\"BL26\" width=\"846\" height=\"606\" srcset=\"https:\/\/xn--hftessamlarna-bfb.se\/wp-content\/uploads\/BL26.jpg 846w, https:\/\/xn--hftessamlarna-bfb.se\/wp-content\/uploads\/BL26-150x107.jpg 150w, https:\/\/xn--hftessamlarna-bfb.se\/wp-content\/uploads\/BL26-300x214.jpg 300w, https:\/\/xn--hftessamlarna-bfb.se\/wp-content\/uploads\/BL26-418x300.jpg 418w\" sizes=\"auto, (max-width: 846px) 100vw, 846px\" \/><\/a><\/p>\n<p>Utgivningsdag 2009-03-26<br \/>\n3 x 12:-, tre motiv<\/p>\n<p>Formatet \u00e4r liggande, 105 * 75. Det \u00e4r 10 block\/band. Cyls 1 och 2 st\u00e5r i nedre h\u00f6ger h\u00f6rn. Kn ligger i h\u00f6ger kant och har satts en g\u00e5ng per varv.<\/p>\n<h2>Markeringar<\/h2>\n<p>cyls 1<br \/>\nkn (0) (6-siffriga) + cyls2<\/p>\n<h2>K\u00e4nda kombinationer<\/h2>\n<p><a href=\"http:\/\/xn--hftessamlarna-bfb.se\/wp-content\/uploads\/BL26tabell.jpg\"><img loading=\"lazy\" decoding=\"async\" class=\"alignleft wp-image-5590 size-medium\" src=\"http:\/\/xn--hftessamlarna-bfb.se\/wp-content\/uploads\/BL26tabell-300x99.jpg\" alt=\"\" width=\"300\" height=\"99\" srcset=\"https:\/\/xn--hftessamlarna-bfb.se\/wp-content\/uploads\/BL26tabell-300x99.jpg 300w, https:\/\/xn--hftessamlarna-bfb.se\/wp-content\/uploads\/BL26tabell-150x50.jpg 150w, https:\/\/xn--hftessamlarna-bfb.se\/wp-content\/uploads\/BL26tabell-768x254.jpg 768w, https:\/\/xn--hftessamlarna-bfb.se\/wp-content\/uploads\/BL26tabell-1024x339.jpg 1024w, https:\/\/xn--hftessamlarna-bfb.se\/wp-content\/uploads\/BL26tabell-500x165.jpg 500w, https:\/\/xn--hftessamlarna-bfb.se\/wp-content\/uploads\/BL26tabell.jpg 1170w\" sizes=\"auto, (max-width: 300px) 100vw, 300px\" \/><\/a><\/p>\n","protected":false},"excerpt":{"rendered":"<p>Utgivningsdag 2009-03-26 3 x 12:-, tre motiv Formatet \u00e4r liggande, 105 * 75. Det \u00e4r 10 block\/band. Cyls 1 och 2 st\u00e5r i nedre h\u00f6ger h\u00f6rn. Kn ligger i h\u00f6ger kant och har satts en g\u00e5ng per varv. Markeringar cyls &hellip; <a href=\"https:\/\/xn--hftessamlarna-bfb.se\/?page_id=4412\">Forts\u00e4tt l\u00e4sa <span class=\"meta-nav\">&rarr;<\/span><\/a><\/p>\n","protected":false},"author":1,"featured_media":0,"parent":3642,"menu_order":26,"comment_status":"open","ping_status":"closed","template":"","meta":{"footnotes":""},"class_list":["post-4412","page","type-page","status-publish","hentry"],"_links":{"self":[{"href":"https:\/\/xn--hftessamlarna-bfb.se\/index.php?rest_route=\/wp\/v2\/pages\/4412","targetHints":{"allow":["GET"]}}],"collection":[{"href":"https:\/\/xn--hftessamlarna-bfb.se\/index.php?rest_route=\/wp\/v2\/pages"}],"about":[{"href":"https:\/\/xn--hftessamlarna-bfb.se\/index.php?rest_route=\/wp\/v2\/types\/page"}],"author":[{"embeddable":true,"href":"https:\/\/xn--hftessamlarna-bfb.se\/index.php?rest_route=\/wp\/v2\/users\/1"}],"replies":[{"embeddable":true,"href":"https:\/\/xn--hftessamlarna-bfb.se\/index.php?rest_route=%2Fwp%2Fv2%2Fcomments&post=4412"}],"version-history":[{"count":0,"href":"https:\/\/xn--hftessamlarna-bfb.se\/index.php?rest_route=\/wp\/v2\/pages\/4412\/revisions"}],"up":[{"embeddable":true,"href":"https:\/\/xn--hftessamlarna-bfb.se\/index.php?rest_route=\/wp\/v2\/pages\/3642"}],"wp:attachment":[{"href":"https:\/\/xn--hftessamlarna-bfb.se\/index.php?rest_route=%2Fwp%2Fv2%2Fmedia&parent=4412"}],"curies":[{"name":"wp","href":"https:\/\/api.w.org\/{rel}","templated":true}]}}