{"id":4408,"date":"2014-04-15T14:32:33","date_gmt":"2014-04-15T13:32:33","guid":{"rendered":"http:\/\/xn--hftessamlarna-bfb.se\/?page_id=4408"},"modified":"2018-06-15T06:26:01","modified_gmt":"2018-06-15T05:26:01","slug":"bl28-livet-vid-kusten","status":"publish","type":"page","link":"https:\/\/xn--hftessamlarna-bfb.se\/?page_id=4408","title":{"rendered":"BL28 Norden vid havet \u2013 Livet vid kusten"},"content":{"rendered":"<p><a href=\"http:\/\/xn--hftessamlarna-bfb.se\/?attachment_id=4409\" rel=\"attachment wp-att-4409\"><img loading=\"lazy\" decoding=\"async\" class=\"alignleft size-full wp-image-4409\" src=\"http:\/\/xn--hftessamlarna-bfb.se\/wp-content\/uploads\/BL28.jpg\" alt=\"BL28\" width=\"850\" height=\"565\" srcset=\"https:\/\/xn--hftessamlarna-bfb.se\/wp-content\/uploads\/BL28.jpg 850w, https:\/\/xn--hftessamlarna-bfb.se\/wp-content\/uploads\/BL28-150x99.jpg 150w, https:\/\/xn--hftessamlarna-bfb.se\/wp-content\/uploads\/BL28-300x199.jpg 300w, https:\/\/xn--hftessamlarna-bfb.se\/wp-content\/uploads\/BL28-451x300.jpg 451w\" sizes=\"auto, (max-width: 850px) 100vw, 850px\" \/><\/a><\/p>\n<p>Utgivningsdag 2010-03-24<br \/>\n2 x 12:-, tv\u00e5 motiv<\/p>\n<p>Formatet \u00e4r liggande, 105 * 68. Det \u00e4r 11 block\/band. Cyls 1 och 2 st\u00e5r i nedre h\u00f6ger h\u00f6rn. Kn ligger i h\u00f6ger kant och har satts en g\u00e5ng per varv.<\/p>\n<h2>Markeringar<\/h2>\n<p>cyls 1<br \/>\ncyls 2<br \/>\nkn (5) 6-siffriga<br \/>\nkn (0) + cyls 1<br \/>\nkn (0) + cyls 2<\/p>\n<h2>K\u00e4nda kombinationer<\/h2>\n<p><a href=\"http:\/\/xn--hftessamlarna-bfb.se\/wp-content\/uploads\/BL28tabell.jpg\"><img loading=\"lazy\" decoding=\"async\" class=\"alignnone wp-image-5784 size-large\" src=\"http:\/\/xn--hftessamlarna-bfb.se\/wp-content\/uploads\/BL28tabell-1024x223.jpg\" alt=\"\" width=\"584\" height=\"127\" srcset=\"https:\/\/xn--hftessamlarna-bfb.se\/wp-content\/uploads\/BL28tabell-1024x223.jpg 1024w, https:\/\/xn--hftessamlarna-bfb.se\/wp-content\/uploads\/BL28tabell-150x33.jpg 150w, https:\/\/xn--hftessamlarna-bfb.se\/wp-content\/uploads\/BL28tabell-300x65.jpg 300w, https:\/\/xn--hftessamlarna-bfb.se\/wp-content\/uploads\/BL28tabell-768x167.jpg 768w, https:\/\/xn--hftessamlarna-bfb.se\/wp-content\/uploads\/BL28tabell-500x109.jpg 500w\" sizes=\"auto, (max-width: 584px) 100vw, 584px\" \/><\/a><\/p>\n","protected":false},"excerpt":{"rendered":"<p>Utgivningsdag 2010-03-24 2 x 12:-, tv\u00e5 motiv Formatet \u00e4r liggande, 105 * 68. Det \u00e4r 11 block\/band. Cyls 1 och 2 st\u00e5r i nedre h\u00f6ger h\u00f6rn. Kn ligger i h\u00f6ger kant och har satts en g\u00e5ng per varv. Markeringar cyls &hellip; <a href=\"https:\/\/xn--hftessamlarna-bfb.se\/?page_id=4408\">Forts\u00e4tt l\u00e4sa <span class=\"meta-nav\">&rarr;<\/span><\/a><\/p>\n","protected":false},"author":1,"featured_media":0,"parent":3642,"menu_order":28,"comment_status":"open","ping_status":"closed","template":"","meta":{"footnotes":""},"class_list":["post-4408","page","type-page","status-publish","hentry"],"_links":{"self":[{"href":"https:\/\/xn--hftessamlarna-bfb.se\/index.php?rest_route=\/wp\/v2\/pages\/4408","targetHints":{"allow":["GET"]}}],"collection":[{"href":"https:\/\/xn--hftessamlarna-bfb.se\/index.php?rest_route=\/wp\/v2\/pages"}],"about":[{"href":"https:\/\/xn--hftessamlarna-bfb.se\/index.php?rest_route=\/wp\/v2\/types\/page"}],"author":[{"embeddable":true,"href":"https:\/\/xn--hftessamlarna-bfb.se\/index.php?rest_route=\/wp\/v2\/users\/1"}],"replies":[{"embeddable":true,"href":"https:\/\/xn--hftessamlarna-bfb.se\/index.php?rest_route=%2Fwp%2Fv2%2Fcomments&post=4408"}],"version-history":[{"count":0,"href":"https:\/\/xn--hftessamlarna-bfb.se\/index.php?rest_route=\/wp\/v2\/pages\/4408\/revisions"}],"up":[{"embeddable":true,"href":"https:\/\/xn--hftessamlarna-bfb.se\/index.php?rest_route=\/wp\/v2\/pages\/3642"}],"wp:attachment":[{"href":"https:\/\/xn--hftessamlarna-bfb.se\/index.php?rest_route=%2Fwp%2Fv2%2Fmedia&parent=4408"}],"curies":[{"name":"wp","href":"https:\/\/api.w.org\/{rel}","templated":true}]}}