{"id":4395,"date":"2014-04-15T14:11:04","date_gmt":"2014-04-15T13:11:04","guid":{"rendered":"http:\/\/xn--hftessamlarna-bfb.se\/?page_id=4395"},"modified":"2014-04-15T14:11:04","modified_gmt":"2014-04-15T13:11:04","slug":"sh74-zlatan-ibrahimovic-alla-kombinationer","status":"publish","type":"page","link":"https:\/\/xn--hftessamlarna-bfb.se\/?page_id=4395","title":{"rendered":"SH74 Zlatan Ibrahimovi\u0107 &#8211; alla kombinationer"},"content":{"rendered":"<h2>H\u00e4r visar vi samtliga kombinationer som g\u00e5r att finna p\u00e5 detta h\u00e4ftet.<\/h2>\n<p><a href=\"http:\/\/xn--hftessamlarna-bfb.se\/?attachment_id=4396\" rel=\"attachment wp-att-4396\"><img loading=\"lazy\" decoding=\"async\" class=\"alignleft size-full wp-image-4396\" alt=\"Zlatanallakombin-1\" src=\"http:\/\/xn--hftessamlarna-bfb.se\/wp-content\/uploads\/Zlatanallakombin-1.jpg\" width=\"960\" height=\"628\" srcset=\"https:\/\/xn--hftessamlarna-bfb.se\/wp-content\/uploads\/Zlatanallakombin-1.jpg 960w, https:\/\/xn--hftessamlarna-bfb.se\/wp-content\/uploads\/Zlatanallakombin-1-150x98.jpg 150w, https:\/\/xn--hftessamlarna-bfb.se\/wp-content\/uploads\/Zlatanallakombin-1-300x196.jpg 300w, https:\/\/xn--hftessamlarna-bfb.se\/wp-content\/uploads\/Zlatanallakombin-1-458x300.jpg 458w\" sizes=\"auto, (max-width: 960px) 100vw, 960px\" \/><\/a><a href=\"http:\/\/xn--hftessamlarna-bfb.se\/?attachment_id=4397\" rel=\"attachment wp-att-4397\"><img loading=\"lazy\" decoding=\"async\" class=\"alignleft size-full wp-image-4397\" alt=\"Zlatanallakombin-2\" src=\"http:\/\/xn--hftessamlarna-bfb.se\/wp-content\/uploads\/Zlatanallakombin-2.jpg\" width=\"960\" height=\"600\" srcset=\"https:\/\/xn--hftessamlarna-bfb.se\/wp-content\/uploads\/Zlatanallakombin-2.jpg 960w, https:\/\/xn--hftessamlarna-bfb.se\/wp-content\/uploads\/Zlatanallakombin-2-150x93.jpg 150w, https:\/\/xn--hftessamlarna-bfb.se\/wp-content\/uploads\/Zlatanallakombin-2-300x187.jpg 300w, https:\/\/xn--hftessamlarna-bfb.se\/wp-content\/uploads\/Zlatanallakombin-2-480x300.jpg 480w\" sizes=\"auto, (max-width: 960px) 100vw, 960px\" \/><\/a><a href=\"http:\/\/xn--hftessamlarna-bfb.se\/?attachment_id=4398\" rel=\"attachment wp-att-4398\"><img loading=\"lazy\" decoding=\"async\" class=\"alignleft size-full wp-image-4398\" alt=\"Zlatanallakombin-3\" src=\"http:\/\/xn--hftessamlarna-bfb.se\/wp-content\/uploads\/Zlatanallakombin-3.jpg\" width=\"960\" height=\"590\" srcset=\"https:\/\/xn--hftessamlarna-bfb.se\/wp-content\/uploads\/Zlatanallakombin-3.jpg 960w, https:\/\/xn--hftessamlarna-bfb.se\/wp-content\/uploads\/Zlatanallakombin-3-150x92.jpg 150w, https:\/\/xn--hftessamlarna-bfb.se\/wp-content\/uploads\/Zlatanallakombin-3-300x184.jpg 300w, https:\/\/xn--hftessamlarna-bfb.se\/wp-content\/uploads\/Zlatanallakombin-3-488x300.jpg 488w\" sizes=\"auto, (max-width: 960px) 100vw, 960px\" \/><\/a><a href=\"http:\/\/xn--hftessamlarna-bfb.se\/?attachment_id=4399\" rel=\"attachment wp-att-4399\"><img loading=\"lazy\" decoding=\"async\" class=\"alignleft size-full wp-image-4399\" alt=\"Zlatanallakombin-4\" src=\"http:\/\/xn--hftessamlarna-bfb.se\/wp-content\/uploads\/Zlatanallakombin-4.jpg\" width=\"960\" height=\"584\" srcset=\"https:\/\/xn--hftessamlarna-bfb.se\/wp-content\/uploads\/Zlatanallakombin-4.jpg 960w, https:\/\/xn--hftessamlarna-bfb.se\/wp-content\/uploads\/Zlatanallakombin-4-150x91.jpg 150w, https:\/\/xn--hftessamlarna-bfb.se\/wp-content\/uploads\/Zlatanallakombin-4-300x182.jpg 300w, https:\/\/xn--hftessamlarna-bfb.se\/wp-content\/uploads\/Zlatanallakombin-4-493x300.jpg 493w\" sizes=\"auto, (max-width: 960px) 100vw, 960px\" \/><\/a><a href=\"http:\/\/xn--hftessamlarna-bfb.se\/?attachment_id=4400\" rel=\"attachment wp-att-4400\"><img loading=\"lazy\" decoding=\"async\" class=\"alignleft size-full wp-image-4400\" alt=\"Zlatanallakombin-5\" src=\"http:\/\/xn--hftessamlarna-bfb.se\/wp-content\/uploads\/Zlatanallakombin-5.jpg\" width=\"960\" height=\"600\" srcset=\"https:\/\/xn--hftessamlarna-bfb.se\/wp-content\/uploads\/Zlatanallakombin-5.jpg 960w, https:\/\/xn--hftessamlarna-bfb.se\/wp-content\/uploads\/Zlatanallakombin-5-150x93.jpg 150w, https:\/\/xn--hftessamlarna-bfb.se\/wp-content\/uploads\/Zlatanallakombin-5-300x187.jpg 300w, https:\/\/xn--hftessamlarna-bfb.se\/wp-content\/uploads\/Zlatanallakombin-5-480x300.jpg 480w\" sizes=\"auto, (max-width: 960px) 100vw, 960px\" \/><\/a><a href=\"http:\/\/xn--hftessamlarna-bfb.se\/?attachment_id=4401\" rel=\"attachment wp-att-4401\"><img loading=\"lazy\" decoding=\"async\" class=\"alignleft size-full wp-image-4401\" alt=\"Zlatanallakombin-6\" src=\"http:\/\/xn--hftessamlarna-bfb.se\/wp-content\/uploads\/Zlatanallakombin-6.jpg\" width=\"960\" height=\"587\" srcset=\"https:\/\/xn--hftessamlarna-bfb.se\/wp-content\/uploads\/Zlatanallakombin-6.jpg 960w, https:\/\/xn--hftessamlarna-bfb.se\/wp-content\/uploads\/Zlatanallakombin-6-150x91.jpg 150w, https:\/\/xn--hftessamlarna-bfb.se\/wp-content\/uploads\/Zlatanallakombin-6-300x183.jpg 300w, https:\/\/xn--hftessamlarna-bfb.se\/wp-content\/uploads\/Zlatanallakombin-6-490x300.jpg 490w\" sizes=\"auto, (max-width: 960px) 100vw, 960px\" \/><\/a><a href=\"http:\/\/xn--hftessamlarna-bfb.se\/?attachment_id=4402\" rel=\"attachment wp-att-4402\"><img loading=\"lazy\" decoding=\"async\" class=\"alignleft size-full wp-image-4402\" alt=\"Zlatanallakombin-7\" src=\"http:\/\/xn--hftessamlarna-bfb.se\/wp-content\/uploads\/Zlatanallakombin-7.jpg\" width=\"960\" height=\"886\" srcset=\"https:\/\/xn--hftessamlarna-bfb.se\/wp-content\/uploads\/Zlatanallakombin-7.jpg 960w, https:\/\/xn--hftessamlarna-bfb.se\/wp-content\/uploads\/Zlatanallakombin-7-150x138.jpg 150w, https:\/\/xn--hftessamlarna-bfb.se\/wp-content\/uploads\/Zlatanallakombin-7-300x276.jpg 300w, https:\/\/xn--hftessamlarna-bfb.se\/wp-content\/uploads\/Zlatanallakombin-7-325x300.jpg 325w\" sizes=\"auto, (max-width: 960px) 100vw, 960px\" \/><\/a><\/p>\n","protected":false},"excerpt":{"rendered":"<p>H\u00e4r visar vi samtliga kombinationer som g\u00e5r att finna p\u00e5 detta h\u00e4ftet.<\/p>\n","protected":false},"author":1,"featured_media":0,"parent":307,"menu_order":74,"comment_status":"open","ping_status":"closed","template":"","meta":{"footnotes":""},"class_list":["post-4395","page","type-page","status-publish","hentry"],"_links":{"self":[{"href":"https:\/\/xn--hftessamlarna-bfb.se\/index.php?rest_route=\/wp\/v2\/pages\/4395","targetHints":{"allow":["GET"]}}],"collection":[{"href":"https:\/\/xn--hftessamlarna-bfb.se\/index.php?rest_route=\/wp\/v2\/pages"}],"about":[{"href":"https:\/\/xn--hftessamlarna-bfb.se\/index.php?rest_route=\/wp\/v2\/types\/page"}],"author":[{"embeddable":true,"href":"https:\/\/xn--hftessamlarna-bfb.se\/index.php?rest_route=\/wp\/v2\/users\/1"}],"replies":[{"embeddable":true,"href":"https:\/\/xn--hftessamlarna-bfb.se\/index.php?rest_route=%2Fwp%2Fv2%2Fcomments&post=4395"}],"version-history":[{"count":0,"href":"https:\/\/xn--hftessamlarna-bfb.se\/index.php?rest_route=\/wp\/v2\/pages\/4395\/revisions"}],"up":[{"embeddable":true,"href":"https:\/\/xn--hftessamlarna-bfb.se\/index.php?rest_route=\/wp\/v2\/pages\/307"}],"wp:attachment":[{"href":"https:\/\/xn--hftessamlarna-bfb.se\/index.php?rest_route=%2Fwp%2Fv2%2Fmedia&parent=4395"}],"curies":[{"name":"wp","href":"https:\/\/api.w.org\/{rel}","templated":true}]}}