{"id":4392,"date":"2014-04-14T16:30:34","date_gmt":"2014-04-14T15:30:34","guid":{"rendered":"http:\/\/xn--hftessamlarna-bfb.se\/?page_id=4392"},"modified":"2017-08-07T13:54:58","modified_gmt":"2017-08-07T12:54:58","slug":"bl31-struves-me-ridianbage","status":"publish","type":"page","link":"https:\/\/xn--hftessamlarna-bfb.se\/?page_id=4392","title":{"rendered":"BL31 Struves meridianb\u00e5ge"},"content":{"rendered":"<p><a href=\"http:\/\/xn--hftessamlarna-bfb.se\/?attachment_id=4393\" rel=\"attachment wp-att-4393\"><img loading=\"lazy\" decoding=\"async\" class=\"alignleft wp-image-4393\" src=\"http:\/\/xn--hftessamlarna-bfb.se\/wp-content\/uploads\/BL31.jpg\" alt=\"BL31\" width=\"546\" height=\"798\" srcset=\"https:\/\/xn--hftessamlarna-bfb.se\/wp-content\/uploads\/BL31.jpg 682w, https:\/\/xn--hftessamlarna-bfb.se\/wp-content\/uploads\/BL31-102x150.jpg 102w, https:\/\/xn--hftessamlarna-bfb.se\/wp-content\/uploads\/BL31-205x300.jpg 205w\" sizes=\"auto, (max-width: 546px) 100vw, 546px\" \/><\/a><\/p>\n<p>Utgivningsdag 2011-05-06<br \/>\n2 x 12:-, tv\u00e5 motiv<\/p>\n<p>Formatet \u00e4r st\u00e5ende, 83 * 125. Cylindern har tre band med 6 block vardera. Ett band har cyls 1 och 2 som st\u00e5r i nedre h\u00f6ger h\u00f6rn. Tv\u00e5 band har kn som ligger i h\u00f6ger kant. Kn har satts en g\u00e5ng per varv.<\/p>\n<h2>Markeringar<\/h2>\n<p>cyls 1<br \/>\ncyls 2<br \/>\nkn (5) 6-siffriga<br \/>\nkn (0) + cyls 1<br \/>\nkn (0) + cyls 2<\/p>\n<h2>K\u00e4nda kombinationer<\/h2>\n<p><a href=\"http:\/\/xn--hftessamlarna-bfb.se\/wp-content\/uploads\/BL31tabell-1.jpg\"><img loading=\"lazy\" decoding=\"async\" class=\"alignleft wp-image-5593 size-large\" src=\"http:\/\/xn--hftessamlarna-bfb.se\/wp-content\/uploads\/BL31tabell-1-1024x228.jpg\" alt=\"\" width=\"584\" height=\"130\" srcset=\"https:\/\/xn--hftessamlarna-bfb.se\/wp-content\/uploads\/BL31tabell-1-1024x228.jpg 1024w, https:\/\/xn--hftessamlarna-bfb.se\/wp-content\/uploads\/BL31tabell-1-150x33.jpg 150w, https:\/\/xn--hftessamlarna-bfb.se\/wp-content\/uploads\/BL31tabell-1-300x67.jpg 300w, https:\/\/xn--hftessamlarna-bfb.se\/wp-content\/uploads\/BL31tabell-1-768x171.jpg 768w, https:\/\/xn--hftessamlarna-bfb.se\/wp-content\/uploads\/BL31tabell-1-500x111.jpg 500w\" sizes=\"auto, (max-width: 584px) 100vw, 584px\" \/><\/a><\/p>\n<h2>Information om utgivningen<\/h2>\n<p>UNESCO \u2013 F\u00f6renta Nationernas organ f\u00f6r bland annat vetenskap och kultur \u2013 uts\u00e5g 2005 Struves meridianb\u00e5ge till v\u00e4rldsarv. Meridianb\u00e5gen \u00e4r en cirka 2.800 kilometer l\u00e5ng str\u00e4cka med m\u00e4tpunkter fr\u00e5n Hammerfest vid Norra ishavet till Staro Nekrassowka n\u00e4ra Svarta havet.<\/p>\n<p>Fyra av de svenska m\u00e4tpunkterna ing\u00e5r i v\u00e4rldsarvet. Dessa \u00e4r Per\u00e4vaara i\u00a0 Haparanda kommun, Pullinki i \u00d6vertorne\u00e5 kommun, Jupukka i Pajala kommun och Tynnyrilaki i Kiruna kommun. M\u00e4tningen genomf\u00f6rdes mellan 1816 och 1855 under ledning av den tyskf\u00f6dde astronomen Wilhelm Struve (1793\u20131864) i Tartu och senare S:t Petersburg. Syftet var att verifiera jordens avplattning vid polerna.<\/p>\n<p>Jordens rotation genom \u00e5rmiljonerna har lett till att planeten blivit uppsv\u00e4lld vid ekvatorn<br \/>\nd\u00e4r den roterar som snabbast, och tillplattad vid polerna d\u00e4r rotationen \u00e4r l\u00e5ngsammast. Att jordens form \u00e4r en ellips med avplattade poler var k\u00e4nt sedan 1600-talet. Men Struve<br \/>\noch m\u00e5nga andra f\u00f6re honom var angel\u00e4gna att vetenskapligt bel\u00e4gga detta.<\/p>\n<p>Struves meridianb\u00e5ge passerar Norge, Sverige, Finland, Ryssland, Estland, Lettland, Litauen, Vitryssland, Moldavien och Ukraina. Den svenska m\u00e4tetappen b\u00f6rjar i Torne\u00e5 och<br \/>\nslutar vid ett fj\u00e4ll p\u00e5 gr\u00e4nsen mellan Finland och Norge. Ett v\u00e4rldsarv \u00e4r ett kulturminne<br \/>\neller naturminne som \u00e4r s\u00e5 v\u00e4rdefullt att det \u00e4r en angel\u00e4genhet f\u00f6r hela m\u00e4nskligheten.<\/p>\n<p>Det \u00e4r en plats, ort, milj\u00f6 eller objekt som p\u00e5 ett alldeles unikt s\u00e4tt vittnar om jordens och m\u00e4nniskans historia. Sammanlagt 14 svenska kultur- och naturobjekt har f\u00f6rts upp p\u00e5 listan. (Postens Bulletin 3\/2011)<\/p>\n","protected":false},"excerpt":{"rendered":"<p>Utgivningsdag 2011-05-06 2 x 12:-, tv\u00e5 motiv Formatet \u00e4r st\u00e5ende, 83 * 125. Cylindern har tre band med 6 block vardera. Ett band har cyls 1 och 2 som st\u00e5r i nedre h\u00f6ger h\u00f6rn. Tv\u00e5 band har kn som ligger &hellip; <a href=\"https:\/\/xn--hftessamlarna-bfb.se\/?page_id=4392\">Forts\u00e4tt l\u00e4sa <span class=\"meta-nav\">&rarr;<\/span><\/a><\/p>\n","protected":false},"author":1,"featured_media":0,"parent":3642,"menu_order":31,"comment_status":"open","ping_status":"closed","template":"","meta":{"footnotes":""},"class_list":["post-4392","page","type-page","status-publish","hentry"],"_links":{"self":[{"href":"https:\/\/xn--hftessamlarna-bfb.se\/index.php?rest_route=\/wp\/v2\/pages\/4392","targetHints":{"allow":["GET"]}}],"collection":[{"href":"https:\/\/xn--hftessamlarna-bfb.se\/index.php?rest_route=\/wp\/v2\/pages"}],"about":[{"href":"https:\/\/xn--hftessamlarna-bfb.se\/index.php?rest_route=\/wp\/v2\/types\/page"}],"author":[{"embeddable":true,"href":"https:\/\/xn--hftessamlarna-bfb.se\/index.php?rest_route=\/wp\/v2\/users\/1"}],"replies":[{"embeddable":true,"href":"https:\/\/xn--hftessamlarna-bfb.se\/index.php?rest_route=%2Fwp%2Fv2%2Fcomments&post=4392"}],"version-history":[{"count":0,"href":"https:\/\/xn--hftessamlarna-bfb.se\/index.php?rest_route=\/wp\/v2\/pages\/4392\/revisions"}],"up":[{"embeddable":true,"href":"https:\/\/xn--hftessamlarna-bfb.se\/index.php?rest_route=\/wp\/v2\/pages\/3642"}],"wp:attachment":[{"href":"https:\/\/xn--hftessamlarna-bfb.se\/index.php?rest_route=%2Fwp%2Fv2%2Fmedia&parent=4392"}],"curies":[{"name":"wp","href":"https:\/\/api.w.org\/{rel}","templated":true}]}}