{"id":4376,"date":"2014-04-14T14:55:48","date_gmt":"2014-04-14T13:55:48","guid":{"rendered":"http:\/\/xn--hftessamlarna-bfb.se\/?page_id=4376"},"modified":"2017-08-07T14:15:54","modified_gmt":"2017-08-07T13:15:54","slug":"bl37-carl-xvi-gustaf-40-ar-som-stats-chef","status":"publish","type":"page","link":"https:\/\/xn--hftessamlarna-bfb.se\/?page_id=4376","title":{"rendered":"BL37 Carl XVI Gustaf 40 \u00e5r som statschef"},"content":{"rendered":"<p><a href=\"http:\/\/xn--hftessamlarna-bfb.se\/?attachment_id=4377\" rel=\"attachment wp-att-4377\"><img loading=\"lazy\" decoding=\"async\" class=\"alignleft wp-image-4377\" src=\"http:\/\/xn--hftessamlarna-bfb.se\/wp-content\/uploads\/BL37.jpg\" alt=\"BL37\" width=\"480\" height=\"715\" srcset=\"https:\/\/xn--hftessamlarna-bfb.se\/wp-content\/uploads\/BL37.jpg 987w, https:\/\/xn--hftessamlarna-bfb.se\/wp-content\/uploads\/BL37-100x150.jpg 100w, https:\/\/xn--hftessamlarna-bfb.se\/wp-content\/uploads\/BL37-201x300.jpg 201w, https:\/\/xn--hftessamlarna-bfb.se\/wp-content\/uploads\/BL37-688x1024.jpg 688w\" sizes=\"auto, (max-width: 480px) 100vw, 480px\" \/><\/a><\/p>\n<p>Utgivingsdag 2013-08-22<br \/>\n3 x 6:-, tre motiv<\/p>\n<p>Formatet \u00e4r st\u00e5ende, 83 * 125. Cylindern har 2 band med 9 block vardera. Cyls 1 och 2 st\u00e5r i nedre v\u00e4nster h\u00f6rn. Kn st\u00e5r i nedre kant till h\u00f6ger och har satts p\u00e5 vart 10:e block p\u00e5 bandet med cyls.<\/p>\n<h2>Markeringar<\/h2>\n<p>cyls 1<br \/>\ncyls 2<br \/>\nkn (0) (6-siffrigt)<br \/>\nkn (0) + cyls 1<br \/>\nkn (0) + cyls 2<\/p>\n<h2>K\u00e4nda kombinationer<\/h2>\n<p><a href=\"http:\/\/xn--hftessamlarna-bfb.se\/wp-content\/uploads\/BL37tabell.jpg\"><img loading=\"lazy\" decoding=\"async\" class=\"alignleft size-medium wp-image-5098\" src=\"http:\/\/xn--hftessamlarna-bfb.se\/wp-content\/uploads\/BL37tabell-300x45.jpg\" alt=\"BL37tabell\" width=\"300\" height=\"45\" srcset=\"https:\/\/xn--hftessamlarna-bfb.se\/wp-content\/uploads\/BL37tabell-300x45.jpg 300w, https:\/\/xn--hftessamlarna-bfb.se\/wp-content\/uploads\/BL37tabell-150x22.jpg 150w, https:\/\/xn--hftessamlarna-bfb.se\/wp-content\/uploads\/BL37tabell-1024x153.jpg 1024w, https:\/\/xn--hftessamlarna-bfb.se\/wp-content\/uploads\/BL37tabell-500x75.jpg 500w, https:\/\/xn--hftessamlarna-bfb.se\/wp-content\/uploads\/BL37tabell.jpg 1104w\" sizes=\"auto, (max-width: 300px) 100vw, 300px\" \/><\/a><\/p>\n<p>&nbsp;<\/p>\n<p>&nbsp;<\/p>\n<p>BL37 har stora likheter med <a href=\"http:\/\/xn--hftessamlarna-bfb.se\/?page_id=4406\">BL29 \u201dKronprinsessparet\u201d<\/a>:<\/p>\n<ul>\n<li>Blocken har samma format. Ett cylindervarv omfattar 2 rader med nio block.<\/li>\n<li>Cyls sitter p\u00e5 samma platser p\u00e5 blocket och ocks\u00e5 p\u00e5 cylindervarvet. Om vi ger inlagan d\u00e4r c 1 nummer 1 s\u00e5 har inlagan d\u00e4r c 2 sitter nummer 6.<\/li>\n<\/ul>\n<p>Trots dessa ytliga likheter finns det en viktig skillnad: P\u00e5 BL29 har man satt kn en g\u00e5ng per varv, men p\u00e5 BL37 har man satt kn p\u00e5 var 10:e block i ena cylinderhalvan. Detta betyder lite st\u00f6rre andel block med kn p\u00e5 BL29 och olika f\u00f6rekomst av kombinationer.<\/p>\n<p>F\u00f6r BL29 med ett kn per varv s\u00e5 hamnar kn p\u00e5 samma inlaga s\u00e5 l\u00e4nge det inte blir n\u00e5got fel eller avbrott. Hamnar det f\u00f6rsta kontrollnumret p\u00e5 inlaga 1 med c 1 s\u00e5 g\u00f6r alla de f\u00f6ljande kn det ocks\u00e5 tills n\u00e5got h\u00e4nder. Kn kan placeras p\u00e5 olika inlagor vid olika trycktillf\u00e4llen. BL29 finns med alla varianter: kn, kn + c 1 och kn + c 2 i olika frekvens.<\/p>\n<p>F\u00f6r BL37 med ett kn per varv s\u00e5 flyttar sig kn ett steg \u201dfram\u00e5t\u201d p\u00e5 cylindern. Om det startar p\u00e5 inlaga 1, s\u00e5 kommer n\u00e4sta kn p\u00e5 inlaga 2 p\u00e5 n\u00e4stf\u00f6ljande varv. N\u00e4r kn kommit till inlaga 9, s\u00e5 blir det ett cylindervarv utan kn och kn hamnar p\u00e5 nytt p\u00e5 inlaga 1. Det inneb\u00e4r att det p\u00e5 180 block finns det 9 med kn: 7 enkla kn, 1 kn + c 1 och 1 kn + c 2. Denna frekvens av kombinationer blir det i hela upplagan oberoende av hur man startar. Det \u00e4r samma sak f\u00f6r BL38, BL39 och BL41.<\/p>\n<p>Rest r\u00e4knas ut f\u00f6r division med 9. Man dividerar de 5 sista siffrorna med 9 med en r\u00e4knare. Om man multiplicerar decimaldelen (delen efter decimalkommat) med 9 och eventuellt avrundar till n\u00e4rmsta heltal s\u00e5 f\u00e5r man resten, se ocks\u00e5 nedanst\u00e5ende tabell.<\/p>\n<p><a href=\"http:\/\/xn--hftessamlarna-bfb.se\/wp-content\/uploads\/BL37tabell2.jpg\"><img loading=\"lazy\" decoding=\"async\" class=\"alignleft wp-image-5099 size-large\" src=\"http:\/\/xn--hftessamlarna-bfb.se\/wp-content\/uploads\/BL37tabell2-1024x82.jpg\" alt=\"BL37tabell2\" width=\"584\" height=\"47\" srcset=\"https:\/\/xn--hftessamlarna-bfb.se\/wp-content\/uploads\/BL37tabell2-1024x82.jpg 1024w, https:\/\/xn--hftessamlarna-bfb.se\/wp-content\/uploads\/BL37tabell2-150x12.jpg 150w, https:\/\/xn--hftessamlarna-bfb.se\/wp-content\/uploads\/BL37tabell2-300x24.jpg 300w, https:\/\/xn--hftessamlarna-bfb.se\/wp-content\/uploads\/BL37tabell2-500x40.jpg 500w\" sizes=\"auto, (max-width: 584px) 100vw, 584px\" \/><\/a><\/p>\n<p>Om man har rest f\u00f6r kn + c 1, s\u00e5 \u00e4r rest f\u00f6r kn + c 2 plus 5 eller minus 4. Exempel: Blocket med kn 022987 + c 1 har rest 8. Rest f\u00f6r kn + c 2 blir d\u00e5 8 &#8211; 4 = 4.<\/p>\n<h2>K\u00e4nda kn<\/h2>\n<p><a href=\"http:\/\/xn--hftessamlarna-bfb.se\/wp-content\/uploads\/BL37tabell3-1.jpg\"><img loading=\"lazy\" decoding=\"async\" class=\"alignleft wp-image-5597 size-large\" src=\"http:\/\/xn--hftessamlarna-bfb.se\/wp-content\/uploads\/BL37tabell3-1-1024x353.jpg\" alt=\"\" width=\"584\" height=\"201\" srcset=\"https:\/\/xn--hftessamlarna-bfb.se\/wp-content\/uploads\/BL37tabell3-1-1024x353.jpg 1024w, https:\/\/xn--hftessamlarna-bfb.se\/wp-content\/uploads\/BL37tabell3-1-150x52.jpg 150w, https:\/\/xn--hftessamlarna-bfb.se\/wp-content\/uploads\/BL37tabell3-1-300x104.jpg 300w, https:\/\/xn--hftessamlarna-bfb.se\/wp-content\/uploads\/BL37tabell3-1-768x265.jpg 768w, https:\/\/xn--hftessamlarna-bfb.se\/wp-content\/uploads\/BL37tabell3-1-500x173.jpg 500w, https:\/\/xn--hftessamlarna-bfb.se\/wp-content\/uploads\/BL37tabell3-1.jpg 1327w\" sizes=\"auto, (max-width: 584px) 100vw, 584px\" \/><\/a><\/p>\n<p>En del av blocken s\u00e5ldes med ett tv\u00e5sidigt fodral \u201dSkicka Kungligt\u201d med m\u00e5tten 85 * 135. P\u00e5 insidan finns en ficka f\u00f6r blocket. P\u00e5 baksidan finns text om blocket med Postens logotyp.<\/p>\n<h2>Information om utg\u00e5van<\/h2>\n<p>Den 15 september 1973 avled kung Gustaf VI Adolf och i samma stund fick Sverige en ny<br \/>\nstatschef, Carl XVI Gustaf som \u00e4r den sjunde monarken inom \u00e4tten Bernadotte.<br \/>\nI \u00e5r firas \u00f6ver hela landet 40-\u00e5rsminnet av denna historiska h\u00e4ndelse. Inom ramen f\u00f6r jubileet genomf\u00f6r kungaparet resor till alla l\u00e4n, d\u00e4r V\u00e4rmland och residensstaden Karlstad bes\u00f6ks samma dag frim\u00e4rkena ges ut, den 22 augusti.<\/p>\n<p>L\u00e4nsbes\u00f6ken avslutas i september i kungens eget hertigd\u00f6me J\u00e4mtland.Frim\u00e4rksblocket med de tre frim\u00e4rksmotiven har utformats av Gustav M\u00e5rtensson, grafisk formgivare vid Posten Frim\u00e4rken och upphovsman till \u00f6ver hundra frim\u00e4rken. F\u00f6rlagorna \u00e4r kungens monogram, ett portr\u00e4tt foto av kungen i profil v\u00e4nster \u2013 den klassiska posen p\u00e5 frim\u00e4rken med monarkens bild \u2013 och ett tidigare opublicerat fotografi av kungen och tronf\u00f6ljarna kronprinsessan Victoria och prinsessan Estelle vilket kungafamiljen gener\u00f6st st\u00e4llt till Postens f\u00f6rfogande.<\/p>\n<p>Frim\u00e4rkena inramas av det m\u00f6nster med regelbundet utstr\u00f6dda kungakronor och stj\u00e4rnor<br \/>\nmot sober bl\u00e5 bakgrund som \u00e4r en b\u00e4rande del i den grafiska profil Ola Johansson vid designbyr\u00e5n Destrito utformat speciellt f\u00f6r jubileums\u00e5ret.<br \/>\n\u2013 Ett kungligt jubileum pr\u00e4glas naturligtvis av de traditioner monarkin b\u00e4r p\u00e5. D\u00e4rf\u00f6r var uppdraget fr\u00e5n Hovet att f\u00f6rena det klassiska med en modern form. Vi gjorde ett tjugotal skisser och presenterade ett f\u00f6rslag f\u00f6r Hovet som byggde p\u00e5 den kungliga kronan och en femuddig stj\u00e4rna, en variant p\u00e5 Nordstj\u00e4rnan som finns p\u00e5 m\u00e5nga platser i Kungliga slottet d\u00e4r jag gick runt och spanade under min research, s\u00e4ger OlaJohansson.<\/p>\n<p>Genom de n\u00e4ra kontakterna kring frim\u00e4rksutg\u00e5van mellan Hovet och Posten fick Gustav M\u00e5rtensson p\u00e5 ett tidigt stadium i arbetet med frim\u00e4rkena k\u00e4nnedom om Ola Johanssons uppdrag. (Postens Bulletin 4\/2013)<\/p>\n","protected":false},"excerpt":{"rendered":"<p>Utgivingsdag 2013-08-22 3 x 6:-, tre motiv Formatet \u00e4r st\u00e5ende, 83 * 125. Cylindern har 2 band med 9 block vardera. Cyls 1 och 2 st\u00e5r i nedre v\u00e4nster h\u00f6rn. Kn st\u00e5r i nedre kant till h\u00f6ger och har satts &hellip; <a href=\"https:\/\/xn--hftessamlarna-bfb.se\/?page_id=4376\">Forts\u00e4tt l\u00e4sa <span class=\"meta-nav\">&rarr;<\/span><\/a><\/p>\n","protected":false},"author":1,"featured_media":0,"parent":3642,"menu_order":37,"comment_status":"open","ping_status":"closed","template":"","meta":{"footnotes":""},"class_list":["post-4376","page","type-page","status-publish","hentry"],"_links":{"self":[{"href":"https:\/\/xn--hftessamlarna-bfb.se\/index.php?rest_route=\/wp\/v2\/pages\/4376","targetHints":{"allow":["GET"]}}],"collection":[{"href":"https:\/\/xn--hftessamlarna-bfb.se\/index.php?rest_route=\/wp\/v2\/pages"}],"about":[{"href":"https:\/\/xn--hftessamlarna-bfb.se\/index.php?rest_route=\/wp\/v2\/types\/page"}],"author":[{"embeddable":true,"href":"https:\/\/xn--hftessamlarna-bfb.se\/index.php?rest_route=\/wp\/v2\/users\/1"}],"replies":[{"embeddable":true,"href":"https:\/\/xn--hftessamlarna-bfb.se\/index.php?rest_route=%2Fwp%2Fv2%2Fcomments&post=4376"}],"version-history":[{"count":0,"href":"https:\/\/xn--hftessamlarna-bfb.se\/index.php?rest_route=\/wp\/v2\/pages\/4376\/revisions"}],"up":[{"embeddable":true,"href":"https:\/\/xn--hftessamlarna-bfb.se\/index.php?rest_route=\/wp\/v2\/pages\/3642"}],"wp:attachment":[{"href":"https:\/\/xn--hftessamlarna-bfb.se\/index.php?rest_route=%2Fwp%2Fv2%2Fmedia&parent=4376"}],"curies":[{"name":"wp","href":"https:\/\/api.w.org\/{rel}","templated":true}]}}