{"id":436,"date":"2011-10-19T14:37:10","date_gmt":"2011-10-19T12:37:10","guid":{"rendered":"http:\/\/xn--hftessamlarna-bfb.se\/?page_id=436"},"modified":"2019-07-01T17:53:20","modified_gmt":"2019-07-01T16:53:20","slug":"sh25-julpost-inrikes-2006","status":"publish","type":"page","link":"https:\/\/xn--hftessamlarna-bfb.se\/?page_id=436","title":{"rendered":"SH25 Jul 2006 &#8211; Julf\u00f6nster"},"content":{"rendered":"<p><a href=\"http:\/\/xn--hftessamlarna-bfb.se\/?attachment_id=445\" rel=\"attachment wp-att-445\"><img loading=\"lazy\" decoding=\"async\" class=\"aligncenter size-full wp-image-445\" title=\"SH25\" src=\"http:\/\/h\u00e4ftessamlarna.se\/wp-content\/uploads\/SH25.jpg\" alt=\"\" width=\"984\" height=\"680\" srcset=\"https:\/\/xn--hftessamlarna-bfb.se\/wp-content\/uploads\/SH25.jpg 984w, https:\/\/xn--hftessamlarna-bfb.se\/wp-content\/uploads\/SH25-150x103.jpg 150w, https:\/\/xn--hftessamlarna-bfb.se\/wp-content\/uploads\/SH25-300x207.jpg 300w, https:\/\/xn--hftessamlarna-bfb.se\/wp-content\/uploads\/SH25-434x300.jpg 434w\" sizes=\"auto, (max-width: 984px) 100vw, 984px\" \/><\/a>Utgivningsdag 2006-11-09<br \/>\nF 2574 &#8211; 2577<br \/>\n10 x inrikes julbrev,\u00a0fyra motiv<br \/>\nFrim\u00e4rkena trycktes i\u00a0fyra f\u00e4rger offset<br \/>\n57,7 mm breda, 13 inlagor\/varv<\/p>\n<h2>Typer<\/h2>\n<p>H\u00e4ftet har 29 punkters vikperforering (perf 10) slagen fr\u00e5n frim\u00e4rkssidan.<\/p>\n<h2>Markeringar<\/h2>\n<p>centralt regm<br \/>\nFM i nedre kant efter kn<br \/>\ncyls 1 (i nedre kant, inlaga 1)<br \/>\ncyls 2 (i nedre kant, inlaga 7)<br \/>\nhelt kn BS i nedre kant<\/p>\n<h2>K\u00e4nda kombinationer<\/h2>\n<p><a href=\"http:\/\/xn--hftessamlarna-bfb.se\/?attachment_id=4140\" rel=\"attachment wp-att-4140\"><img loading=\"lazy\" decoding=\"async\" class=\"alignleft size-full wp-image-4140\" src=\"http:\/\/xn--hftessamlarna-bfb.se\/wp-content\/uploads\/SH25tabell.jpg\" alt=\"SH25tabell\" width=\"1802\" height=\"473\" srcset=\"https:\/\/xn--hftessamlarna-bfb.se\/wp-content\/uploads\/SH25tabell.jpg 1802w, https:\/\/xn--hftessamlarna-bfb.se\/wp-content\/uploads\/SH25tabell-150x39.jpg 150w, https:\/\/xn--hftessamlarna-bfb.se\/wp-content\/uploads\/SH25tabell-300x78.jpg 300w, https:\/\/xn--hftessamlarna-bfb.se\/wp-content\/uploads\/SH25tabell-1024x268.jpg 1024w, https:\/\/xn--hftessamlarna-bfb.se\/wp-content\/uploads\/SH25tabell-500x131.jpg 500w\" sizes=\"auto, (max-width: 1802px) 100vw, 1802px\" \/><\/a><\/p>\n<p><b>Det finns cyls p\u00e5 b\u00e5da cylinderhalvorna<\/b><\/p>\n<h2>Fakta om utgivningen<\/h2>\n<p>&#8221;Julf\u00f6nster&#8221; inneh\u00e5ller tio m\u00e4rken av fyra olika motiv avsedda f\u00f6r inrikes julbrev. Det \u00e4r tryckt i offset i Giebelerpressen i tv\u00e5 band. Arken har denna g\u00e5ng bredden 57,7 mm, vilket ger 13(x2) p\u00e5 ett cylindervarv. Om man bortser fr\u00e5n f\u00f6rsta siffrorna, noll p\u00e5 nedre bandet och fem p\u00e5 det \u00f6vre, f\u00e5r ark fr\u00e5n b\u00e5da banden samma kontrollnummer. Kontrollnummer har tryckts p\u00e5 vart 10:de ark. Vart femte med kontrollnummer f\u00e5r ocks\u00e5 femtiomarkering. Cylindersiffror finns endast i det nedre bandet, den ena siffran \u00e4r n\u00e5got f\u00f6rskjuten s\u00e5 att b\u00e5da \u00e4r hela. Tripplar finns nu endast fr\u00e5n nedre bandet, en med cyls 1 och en med cyls 2 p\u00e5 totalt 1300 ark.<\/p>\n","protected":false},"excerpt":{"rendered":"<p>Utgivningsdag 2006-11-09 F 2574 &#8211; 2577 10 x inrikes julbrev,\u00a0fyra motiv Frim\u00e4rkena trycktes i\u00a0fyra f\u00e4rger offset 57,7 mm breda, 13 inlagor\/varv Typer H\u00e4ftet har 29 punkters vikperforering (perf 10) slagen fr\u00e5n frim\u00e4rkssidan. Markeringar centralt regm FM i nedre kant efter &hellip; <a href=\"https:\/\/xn--hftessamlarna-bfb.se\/?page_id=436\">Forts\u00e4tt l\u00e4sa <span class=\"meta-nav\">&rarr;<\/span><\/a><\/p>\n","protected":false},"author":1,"featured_media":0,"parent":307,"menu_order":25,"comment_status":"open","ping_status":"closed","template":"","meta":{"footnotes":""},"class_list":["post-436","page","type-page","status-publish","hentry"],"_links":{"self":[{"href":"https:\/\/xn--hftessamlarna-bfb.se\/index.php?rest_route=\/wp\/v2\/pages\/436","targetHints":{"allow":["GET"]}}],"collection":[{"href":"https:\/\/xn--hftessamlarna-bfb.se\/index.php?rest_route=\/wp\/v2\/pages"}],"about":[{"href":"https:\/\/xn--hftessamlarna-bfb.se\/index.php?rest_route=\/wp\/v2\/types\/page"}],"author":[{"embeddable":true,"href":"https:\/\/xn--hftessamlarna-bfb.se\/index.php?rest_route=\/wp\/v2\/users\/1"}],"replies":[{"embeddable":true,"href":"https:\/\/xn--hftessamlarna-bfb.se\/index.php?rest_route=%2Fwp%2Fv2%2Fcomments&post=436"}],"version-history":[{"count":0,"href":"https:\/\/xn--hftessamlarna-bfb.se\/index.php?rest_route=\/wp\/v2\/pages\/436\/revisions"}],"up":[{"embeddable":true,"href":"https:\/\/xn--hftessamlarna-bfb.se\/index.php?rest_route=\/wp\/v2\/pages\/307"}],"wp:attachment":[{"href":"https:\/\/xn--hftessamlarna-bfb.se\/index.php?rest_route=%2Fwp%2Fv2%2Fmedia&parent=436"}],"curies":[{"name":"wp","href":"https:\/\/api.w.org\/{rel}","templated":true}]}}