{"id":430,"date":"2011-10-19T14:31:58","date_gmt":"2011-10-19T12:31:58","guid":{"rendered":"http:\/\/xn--hftessamlarna-bfb.se\/?page_id=430"},"modified":"2023-08-19T11:05:55","modified_gmt":"2023-08-19T10:05:55","slug":"sh22-mitt-hjarta","status":"publish","type":"page","link":"https:\/\/xn--hftessamlarna-bfb.se\/?page_id=430","title":{"rendered":"SH22 Mitt hj\u00e4rta"},"content":{"rendered":"<p><a href=\"http:\/\/xn--hftessamlarna-bfb.se\/?attachment_id=1901\" rel=\"attachment wp-att-1901\"><img loading=\"lazy\" decoding=\"async\" class=\"aligncenter size-full wp-image-1901\" title=\"SH22\" src=\"http:\/\/xn--hftessamlarna-bfb.se\/wp-content\/uploads\/SH222.jpg\" alt=\"\" width=\"960\" height=\"661\" srcset=\"https:\/\/xn--hftessamlarna-bfb.se\/wp-content\/uploads\/SH222.jpg 960w, https:\/\/xn--hftessamlarna-bfb.se\/wp-content\/uploads\/SH222-150x103.jpg 150w, https:\/\/xn--hftessamlarna-bfb.se\/wp-content\/uploads\/SH222-300x206.jpg 300w, https:\/\/xn--hftessamlarna-bfb.se\/wp-content\/uploads\/SH222-435x300.jpg 435w\" sizes=\"auto, (max-width: 960px) 100vw, 960px\" \/><\/a>Utgivningsdag 2006-01-26<br \/>\nF 2527 &#8211; 2530<br \/>\n10 x inrikes brev,\u00a0fyra motiv.<br \/>\nFrim\u00e4rkena trycktes i fyrf\u00e4rgs offset<br \/>\n57,7 mm breda, 13 inlagor\/varv<\/p>\n<h2>Typer (ny indelning juni 2023)<\/h2>\n<p>H\u00e4ftet har 29 punkters vikperforering (perf 10) slagen fr\u00e5n frim\u00e4rkssidan.<br \/>\n<strong>a<\/strong> frim\u00e4rken utan vitmedel (rosaviolett i UV-ljus)<br \/>\n<strong>b<\/strong> frim\u00e4rken med vitmedel (ljust gr\u00e5violett i UV-ljus)<br \/>\nVarianten med vitmedel, SH22b, \u00e4r ovanlig.<\/p>\n<h2>Markeringar<\/h2>\n<p>del av regm nedtill<br \/>\nFM i nedre kant efter kn<br \/>\ncyls 1 (i nedre kant, inlaga 1)<br \/>\ncyls 2 (i nedre kant, inlaga 8)<br \/>\ncyls 1 + del av regm nedtill<br \/>\ncyls 2 + del av regm nedtill<br \/>\nhelt kn BS i nedre kant<br \/>\nKn \u00e4r 6-siffriga<\/p>\n<h2>K\u00e4nda kombinationer<\/h2>\n<p><a href=\"http:\/\/xn--hftessamlarna-bfb.se\/?attachment_id=4143\" rel=\"attachment wp-att-4143\"><img loading=\"lazy\" decoding=\"async\" class=\"alignleft size-full wp-image-4143\" src=\"http:\/\/xn--hftessamlarna-bfb.se\/wp-content\/uploads\/SH22tabell.jpg\" alt=\"SH22tabell\" width=\"1806\" height=\"476\" srcset=\"https:\/\/xn--hftessamlarna-bfb.se\/wp-content\/uploads\/SH22tabell.jpg 1806w, https:\/\/xn--hftessamlarna-bfb.se\/wp-content\/uploads\/SH22tabell-150x39.jpg 150w, https:\/\/xn--hftessamlarna-bfb.se\/wp-content\/uploads\/SH22tabell-300x79.jpg 300w, https:\/\/xn--hftessamlarna-bfb.se\/wp-content\/uploads\/SH22tabell-1024x269.jpg 1024w, https:\/\/xn--hftessamlarna-bfb.se\/wp-content\/uploads\/SH22tabell-500x131.jpg 500w\" sizes=\"auto, (max-width: 1806px) 100vw, 1806px\" \/><\/a><\/p>\n<p>Det finns cyls p\u00e5 b\u00e5da cylinderhalvorna.<\/p>\n<h2>Fakta om frim\u00e4rkena<\/h2>\n<p>M\u00e4rkena \u00e4r tryckta i offset i Giebelerpressen. Arket inneh\u00e5ller tio m\u00e4rken med fyra olika motiv. De \u00e4r avsedda f\u00f6r inrikes brev upp till 20 gr. Arket har en bredd av 57,7 mm, s\u00e5 det g\u00e5r 13 (x2) p\u00e5 ett cylindervarv. F\u00f6r f\u00f6rsta g\u00e5ngen har man tryckt alla marginaltecknen p\u00e5 b\u00e5da banden, och alla tre finns i arkens nedre marginal. Kombinationer med kontrollnummer finns med b\u00e5de cyl 1 och cyl2. FM \u00e4r tryckt n\u00e5gra mm till h\u00f6ger om de kontrollnummer, som \u00e4r j\u00e4mt delbara med fem. Tripplar finns, men kommer bara en g\u00e5ng i var 13.de bunt, s\u00e5ledes en per 650 ark. Alla m\u00e4rkena har tryckts med bilderna \u00e5t samma h\u00e5ll. Sk\u00e4rningen har gjorts i b\u00e5da arkarna (b\u00e5da klarar numera alla format).<\/p>\n<h2>Fr\u00e5n H\u00e4ftesssamlarna nr 122<\/h2>\n<p>Tripplar finns, men kommer bara en g\u00e5ng i var 13:de bunt, s\u00e5ledes en per 650 ark. En f\u00f6rnyad ber\u00e4kning visar att det finns tv\u00e5 tripplar p\u00e5 650 ark, men i en tabell \u00f6ver 1300 ark fr\u00e5n nedre bandet finner man med kontrollnummer som b\u00f6rjar p\u00e5 noll fyra olika:<\/p>\n<ul>\n<li>med slutsiffra noll:FM +cyls 1 + KN 0\/0 och FM + cyls 2 + KN 0\/0<\/li>\n<li>med slutsiffra fem: FM +cyls 1 + KN 0\/5 och FM + cyls 2 + KN 0\/5<\/li>\n<\/ul>\n<p>Det finns ocks\u00e5 22st FM + KN, 8st cyls 1 + KN och 8st cyls 2 + KN, 90 cyls 1, 90 cyls 2, 88 KN och 990 neutrala.<\/p>\n<p>Motsvarande finns fr\u00e5n det \u00f6vre bandet, men kontrollnummer b\u00f6rjar p\u00e5 fem, s\u00e5 tripplarna blir d\u00e5:<\/p>\n<ul>\n<li>med slutsiffra noll:FM + cyls 1 + KN 5\/0 och FM + cyls 2 + KN 5\/0<\/li>\n<li>med slutsiffra fem: FM + cyls 1 + KN 5\/5 och FM + cyls 2 + KN 5\/5<\/li>\n<\/ul>\n<p>cyls 2 \u00e4r f\u00f6rskjuten ett halvt steg, s\u00e5 mellan cyls 1 och cyls 2 finns sex ark och mellan cyls 2 och cyls 1 finns fem ark.<\/p>\n","protected":false},"excerpt":{"rendered":"<p>Utgivningsdag 2006-01-26 F 2527 &#8211; 2530 10 x inrikes brev,\u00a0fyra motiv. Frim\u00e4rkena trycktes i fyrf\u00e4rgs offset 57,7 mm breda, 13 inlagor\/varv Typer (ny indelning juni 2023) H\u00e4ftet har 29 punkters vikperforering (perf 10) slagen fr\u00e5n frim\u00e4rkssidan. a frim\u00e4rken utan vitmedel &hellip; <a href=\"https:\/\/xn--hftessamlarna-bfb.se\/?page_id=430\">Forts\u00e4tt l\u00e4sa <span class=\"meta-nav\">&rarr;<\/span><\/a><\/p>\n","protected":false},"author":1,"featured_media":0,"parent":307,"menu_order":22,"comment_status":"open","ping_status":"closed","template":"","meta":{"footnotes":""},"class_list":["post-430","page","type-page","status-publish","hentry"],"_links":{"self":[{"href":"https:\/\/xn--hftessamlarna-bfb.se\/index.php?rest_route=\/wp\/v2\/pages\/430","targetHints":{"allow":["GET"]}}],"collection":[{"href":"https:\/\/xn--hftessamlarna-bfb.se\/index.php?rest_route=\/wp\/v2\/pages"}],"about":[{"href":"https:\/\/xn--hftessamlarna-bfb.se\/index.php?rest_route=\/wp\/v2\/types\/page"}],"author":[{"embeddable":true,"href":"https:\/\/xn--hftessamlarna-bfb.se\/index.php?rest_route=\/wp\/v2\/users\/1"}],"replies":[{"embeddable":true,"href":"https:\/\/xn--hftessamlarna-bfb.se\/index.php?rest_route=%2Fwp%2Fv2%2Fcomments&post=430"}],"version-history":[{"count":0,"href":"https:\/\/xn--hftessamlarna-bfb.se\/index.php?rest_route=\/wp\/v2\/pages\/430\/revisions"}],"up":[{"embeddable":true,"href":"https:\/\/xn--hftessamlarna-bfb.se\/index.php?rest_route=\/wp\/v2\/pages\/307"}],"wp:attachment":[{"href":"https:\/\/xn--hftessamlarna-bfb.se\/index.php?rest_route=%2Fwp%2Fv2%2Fmedia&parent=430"}],"curies":[{"name":"wp","href":"https:\/\/api.w.org\/{rel}","templated":true}]}}