{"id":4272,"date":"2014-03-15T05:39:20","date_gmt":"2014-03-15T04:39:20","guid":{"rendered":"http:\/\/xn--hftessamlarna-bfb.se\/?page_id=4272"},"modified":"2023-07-01T07:43:36","modified_gmt":"2023-07-01T06:43:36","slug":"ss1-rock-54%e2%80%9004","status":"publish","type":"page","link":"https:\/\/xn--hftessamlarna-bfb.se\/?page_id=4272","title":{"rendered":"SS1 Rock 54\u201004 &#8211; Elvis Presley"},"content":{"rendered":"<p><a href=\"http:\/\/xn--hftessamlarna-bfb.se\/?attachment_id=4297\" rel=\"attachment wp-att-4297\"><img loading=\"lazy\" decoding=\"async\" class=\"alignleft size-full wp-image-4297\" src=\"http:\/\/xn--hftessamlarna-bfb.se\/wp-content\/uploads\/SS01.jpg\" alt=\"SS01\" width=\"984\" height=\"787\" srcset=\"https:\/\/xn--hftessamlarna-bfb.se\/wp-content\/uploads\/SS01.jpg 984w, https:\/\/xn--hftessamlarna-bfb.se\/wp-content\/uploads\/SS01-150x119.jpg 150w, https:\/\/xn--hftessamlarna-bfb.se\/wp-content\/uploads\/SS01-300x239.jpg 300w, https:\/\/xn--hftessamlarna-bfb.se\/wp-content\/uploads\/SS01-375x300.jpg 375w\" sizes=\"auto, (max-width: 984px) 100vw, 984px\" \/><\/a><\/p>\n<p>Utgivningsdag 2004\u201010\u201002<br \/>\nF 2444<br \/>\n9 x 5:50, motiv Elvis Presley (format ark 187&#215;148 mm)<br \/>\nFrim\u00e4rkena \u00e4r tryckta i 1 f\u00e4rg st\u00e5ltryck, 4 f\u00e4rger offset i 3:e G<br \/>\nUpplaga ok\u00e4nd, st\u00e4mplat &#8221;PROVEX&#8221; 6.000 ark<\/p>\n<p>Formatet \u00e4r stort liggande, 187 *150. Det \u00e4r 4 ark\/band. Cyls 1 och 2 ligger p\u00e5 rygg i nedre h\u00f6ger h\u00f6rn. Kn st\u00e5r i nedre kanten till h\u00f6ger och har satts en g\u00e5ng per varv. Det \u00e4r vanligast i kombination med c 1. Det finns ocks\u00e5 mer ovanligt enkla kn. Detta g\u00f6r att SS 1 borde finnas med enkelt c 1, men tyv\u00e4rr har vi ingen observation eller rapport om ett s\u00e5dant ark.<\/p>\n<h2>Markeringar<\/h2>\n<p>cyls 1<br \/>\ncyls 2<br \/>\nKn (5-siffrigt)<br \/>\nKn (5-siffrigt) + cyls 1<\/p>\n<h2>Markeringar p\u00e5 provex<\/h2>\n<p>cyls 2<br \/>\nKn (5-siffrigt) + cyls 1<\/p>\n<h2>K\u00e4nda kombinationer<\/h2>\n<p><a href=\"http:\/\/xn--hftessamlarna-bfb.se\/wp-content\/uploads\/SS1tabell.jpg\"><img loading=\"lazy\" decoding=\"async\" class=\"alignnone wp-image-5724 size-large\" src=\"http:\/\/xn--hftessamlarna-bfb.se\/wp-content\/uploads\/SS1tabell-1024x414.jpg\" alt=\"\" width=\"584\" height=\"236\" srcset=\"https:\/\/xn--hftessamlarna-bfb.se\/wp-content\/uploads\/SS1tabell-1024x414.jpg 1024w, https:\/\/xn--hftessamlarna-bfb.se\/wp-content\/uploads\/SS1tabell-150x61.jpg 150w, https:\/\/xn--hftessamlarna-bfb.se\/wp-content\/uploads\/SS1tabell-300x121.jpg 300w, https:\/\/xn--hftessamlarna-bfb.se\/wp-content\/uploads\/SS1tabell-768x310.jpg 768w, https:\/\/xn--hftessamlarna-bfb.se\/wp-content\/uploads\/SS1tabell-500x202.jpg 500w, https:\/\/xn--hftessamlarna-bfb.se\/wp-content\/uploads\/SS1tabell.jpg 1698w\" sizes=\"auto, (max-width: 584px) 100vw, 584px\" \/><\/a><\/p>\n<h2>\u00d6vrigt<\/h2>\n<p>Motsvarat h\u00e4fte <a title=\"H556 Rock 54 \u2013 04\" href=\"http:\/\/xn--hftessamlarna-bfb.se\/?page_id=987\">H556<\/a><\/p>\n<div id=\"attachment_7210\" style=\"width: 310px\" class=\"wp-caption alignnone\"><a href=\"https:\/\/xn--hftessamlarna-bfb.se\/wp-content\/uploads\/SS-0001-provex-2004.jpg\"><img loading=\"lazy\" decoding=\"async\" aria-describedby=\"caption-attachment-7210\" class=\"size-medium wp-image-7210\" src=\"https:\/\/xn--hftessamlarna-bfb.se\/wp-content\/uploads\/SS-0001-provex-2004-300x236.jpg\" alt=\"\" width=\"300\" height=\"236\" srcset=\"https:\/\/xn--hftessamlarna-bfb.se\/wp-content\/uploads\/SS-0001-provex-2004-300x236.jpg 300w, https:\/\/xn--hftessamlarna-bfb.se\/wp-content\/uploads\/SS-0001-provex-2004-150x118.jpg 150w, https:\/\/xn--hftessamlarna-bfb.se\/wp-content\/uploads\/SS-0001-provex-2004-768x604.jpg 768w, https:\/\/xn--hftessamlarna-bfb.se\/wp-content\/uploads\/SS-0001-provex-2004-381x300.jpg 381w, https:\/\/xn--hftessamlarna-bfb.se\/wp-content\/uploads\/SS-0001-provex-2004.jpg 960w\" sizes=\"auto, (max-width: 300px) 100vw, 300px\" \/><\/a><p id=\"caption-attachment-7210\" class=\"wp-caption-text\">P\u00e5tryck &#8221;Posten Frim\u00e4rken Provex.&#8221;<\/p><\/div>\n<h2>Saknar kartonginl\u00e4gg<\/h2>\n<p>En av v\u00e5ra medlemmar skickade denna fr\u00e5ga till PostNord:<br \/>\n<em>&#8221;Som stor samlare av Svenska souvenirark, s\u00e5 har jag konstaterat att SS1 <\/em><em>Elvis utgivet 2004, med ok\u00e4nd upplaga har f\u00f6ljande intressanta problem <\/em><em>(f\u00f6r frim\u00e4rkssamlare). Dom 6000 ex som hade st\u00e4mpeln &#8217;PROVEX&#8217; hade en <\/em><em>brun kartonginlaga. \u00d6vriga hade ingen inlaga. Jag undrar varf\u00f6r det blev <\/em><em>s\u00e5? Fanns det en design f\u00f6r baksidan som inte blev leverad i tid? I s\u00e5 <\/em><em>fall, hur s\u00e5g den ut?&#8221;<\/em><\/p>\n<p>F\u00f6ljande svar ficka han:<br \/>\n<em>&#8221;Provexen anv\u00e4ndes som inf\u00f6rs\u00e4ljnings- och skyltmaterial hos \u00e5terf\u00f6rs\u00e4ljare och i samband med Frim\u00e4rkets Dag. Kartonginlagans enda syfte var att ge stadga vid exponering i st\u00e4ll. Det f\u00f6rst souvenirarket hade ingen inlaga i form av textkort. N\u00e5gon design har s\u00e5ledes aldrig funnits. Inlaga var n\u00e5got\u00a0 som tillkom p\u00e5\u00a0 senare souvenirark = produktutveckling.&#8221;<\/em><\/p>\n","protected":false},"excerpt":{"rendered":"<p>Utgivningsdag 2004\u201010\u201002 F 2444 9 x 5:50, motiv Elvis Presley (format ark 187&#215;148 mm) Frim\u00e4rkena \u00e4r tryckta i 1 f\u00e4rg st\u00e5ltryck, 4 f\u00e4rger offset i 3:e G Upplaga ok\u00e4nd, st\u00e4mplat &#8221;PROVEX&#8221; 6.000 ark Formatet \u00e4r stort liggande, 187 *150. Det &hellip; <a href=\"https:\/\/xn--hftessamlarna-bfb.se\/?page_id=4272\">Forts\u00e4tt l\u00e4sa <span class=\"meta-nav\">&rarr;<\/span><\/a><\/p>\n","protected":false},"author":1,"featured_media":0,"parent":3642,"menu_order":1,"comment_status":"open","ping_status":"closed","template":"","meta":{"footnotes":""},"class_list":["post-4272","page","type-page","status-publish","hentry"],"_links":{"self":[{"href":"https:\/\/xn--hftessamlarna-bfb.se\/index.php?rest_route=\/wp\/v2\/pages\/4272","targetHints":{"allow":["GET"]}}],"collection":[{"href":"https:\/\/xn--hftessamlarna-bfb.se\/index.php?rest_route=\/wp\/v2\/pages"}],"about":[{"href":"https:\/\/xn--hftessamlarna-bfb.se\/index.php?rest_route=\/wp\/v2\/types\/page"}],"author":[{"embeddable":true,"href":"https:\/\/xn--hftessamlarna-bfb.se\/index.php?rest_route=\/wp\/v2\/users\/1"}],"replies":[{"embeddable":true,"href":"https:\/\/xn--hftessamlarna-bfb.se\/index.php?rest_route=%2Fwp%2Fv2%2Fcomments&post=4272"}],"version-history":[{"count":0,"href":"https:\/\/xn--hftessamlarna-bfb.se\/index.php?rest_route=\/wp\/v2\/pages\/4272\/revisions"}],"up":[{"embeddable":true,"href":"https:\/\/xn--hftessamlarna-bfb.se\/index.php?rest_route=\/wp\/v2\/pages\/3642"}],"wp:attachment":[{"href":"https:\/\/xn--hftessamlarna-bfb.se\/index.php?rest_route=%2Fwp%2Fv2%2Fmedia&parent=4272"}],"curies":[{"name":"wp","href":"https:\/\/api.w.org\/{rel}","templated":true}]}}