{"id":425,"date":"2011-10-19T14:22:13","date_gmt":"2011-10-19T12:22:13","guid":{"rendered":"http:\/\/xn--hftessamlarna-bfb.se\/?page_id=425"},"modified":"2019-07-01T17:51:20","modified_gmt":"2019-07-01T16:51:20","slug":"sh21-julpost-inrikes-2005","status":"publish","type":"page","link":"https:\/\/xn--hftessamlarna-bfb.se\/?page_id=425","title":{"rendered":"SH21 Jul 2005 &#8211; Jul i Bullerbyn"},"content":{"rendered":"<p><a href=\"http:\/\/xn--hftessamlarna-bfb.se\/?attachment_id=2003\" rel=\"attachment wp-att-2003\"><img loading=\"lazy\" decoding=\"async\" class=\"aligncenter size-full wp-image-2003\" title=\"SH21\" src=\"http:\/\/xn--hftessamlarna-bfb.se\/wp-content\/uploads\/SH21.jpg\" alt=\"\" width=\"960\" height=\"754\" srcset=\"https:\/\/xn--hftessamlarna-bfb.se\/wp-content\/uploads\/SH21.jpg 960w, https:\/\/xn--hftessamlarna-bfb.se\/wp-content\/uploads\/SH21-150x117.jpg 150w, https:\/\/xn--hftessamlarna-bfb.se\/wp-content\/uploads\/SH21-300x235.jpg 300w, https:\/\/xn--hftessamlarna-bfb.se\/wp-content\/uploads\/SH21-381x300.jpg 381w\" sizes=\"auto, (max-width: 960px) 100vw, 960px\" \/><\/a>Utgivningsdag 2005-11-10<br \/>\nF 2519 &#8211; 2522<br \/>\n10 x julporto,\u00a0fyra motiv<br \/>\nFrim\u00e4rkena trycktes i fyrf\u00e4rgs offset<br \/>\n62,5 mm breda, 12 inlagor\/varv<\/p>\n<h2>Typer<\/h2>\n<p>H\u00e4ftet har ingen vikperforering.<\/p>\n<h2>Markeringar<\/h2>\n<p>centralt regm<br \/>\nFM mellan 2:a och 3:e par<br \/>\ncyls 1 (i nedre kant)<br \/>\ncyls 2 (i nedre kant)<br \/>\nhelt kn BS i nedre kant<\/p>\n<h2>K\u00e4nda kombinationer<\/h2>\n<p><a href=\"http:\/\/xn--hftessamlarna-bfb.se\/?attachment_id=4144\" rel=\"attachment wp-att-4144\"><img loading=\"lazy\" decoding=\"async\" class=\"alignleft size-full wp-image-4144\" src=\"http:\/\/xn--hftessamlarna-bfb.se\/wp-content\/uploads\/SH21tabell.jpg\" alt=\"SH21tabell\" width=\"1841\" height=\"185\" srcset=\"https:\/\/xn--hftessamlarna-bfb.se\/wp-content\/uploads\/SH21tabell.jpg 1841w, https:\/\/xn--hftessamlarna-bfb.se\/wp-content\/uploads\/SH21tabell-150x15.jpg 150w, https:\/\/xn--hftessamlarna-bfb.se\/wp-content\/uploads\/SH21tabell-300x30.jpg 300w, https:\/\/xn--hftessamlarna-bfb.se\/wp-content\/uploads\/SH21tabell-1024x102.jpg 1024w, https:\/\/xn--hftessamlarna-bfb.se\/wp-content\/uploads\/SH21tabell-500x50.jpg 500w\" sizes=\"auto, (max-width: 1841px) 100vw, 1841px\" \/><\/a><\/p>\n<h2>Fakta om utgivningen<\/h2>\n<p>Ilon\u00a0Wiklands fina illustrationer fr\u00e5n Astrid Lindgrens Klassiska barnbok Jul i Bullerbyn blir \u00e5rets inrikes julfrim\u00e4rken. I Bullerbyn bor barnen Britta, Olle, Anna och Lasse, Bosse och Lisa. Sen har vi Kerstin ocks\u00e5 &#8211; Olles lillasyster &#8211; men hon \u00e4r s\u00e5 liten att hon inte<br \/>\nr\u00e4knas n\u00e4r barnen ska leka. P\u00e5 Postens julfrim\u00e4rken f\u00e5r hon dock vara med. P\u00e5 rullfrim\u00e4rket Kerstins skidtur ses hon k\u00e4mpa med de alltf\u00f6r stora stavarna n\u00e4r hon skall ut och \u00e5ka. De andra barnen f\u00e5r vi m\u00f6ta i h\u00e4ftet, d\u00e4r de leker, kikar p\u00e5 granen och l\u00e4mnar julklappar.<\/p>\n<p>Illustrat\u00f6ren Ilon Wikland f\u00f6ddes i Estland \u00e5r 1930 och kom som 14-\u00e5ring till Sverige d\u00e4r hon utbildade sig p\u00e5 konstfack och Signe Barths m\u00e5larskola. \u00c5r 1954 fick hon uppdraget att illustrera Astrid Lindgrens bok Mio, min Mio och d\u00e4refter har hon gett ansikte \u00e5t n\u00e4stan alla Astrid Lindgrens ber\u00f6mda figurer. F\u00f6rlagorna \u00e4r gjorda av Ilon Wikland.<\/p>\n","protected":false},"excerpt":{"rendered":"<p>Utgivningsdag 2005-11-10 F 2519 &#8211; 2522 10 x julporto,\u00a0fyra motiv Frim\u00e4rkena trycktes i fyrf\u00e4rgs offset 62,5 mm breda, 12 inlagor\/varv Typer H\u00e4ftet har ingen vikperforering. Markeringar centralt regm FM mellan 2:a och 3:e par cyls 1 (i nedre kant) cyls &hellip; <a href=\"https:\/\/xn--hftessamlarna-bfb.se\/?page_id=425\">Forts\u00e4tt l\u00e4sa <span class=\"meta-nav\">&rarr;<\/span><\/a><\/p>\n","protected":false},"author":1,"featured_media":0,"parent":307,"menu_order":21,"comment_status":"open","ping_status":"closed","template":"","meta":{"footnotes":""},"class_list":["post-425","page","type-page","status-publish","hentry"],"_links":{"self":[{"href":"https:\/\/xn--hftessamlarna-bfb.se\/index.php?rest_route=\/wp\/v2\/pages\/425","targetHints":{"allow":["GET"]}}],"collection":[{"href":"https:\/\/xn--hftessamlarna-bfb.se\/index.php?rest_route=\/wp\/v2\/pages"}],"about":[{"href":"https:\/\/xn--hftessamlarna-bfb.se\/index.php?rest_route=\/wp\/v2\/types\/page"}],"author":[{"embeddable":true,"href":"https:\/\/xn--hftessamlarna-bfb.se\/index.php?rest_route=\/wp\/v2\/users\/1"}],"replies":[{"embeddable":true,"href":"https:\/\/xn--hftessamlarna-bfb.se\/index.php?rest_route=%2Fwp%2Fv2%2Fcomments&post=425"}],"version-history":[{"count":0,"href":"https:\/\/xn--hftessamlarna-bfb.se\/index.php?rest_route=\/wp\/v2\/pages\/425\/revisions"}],"up":[{"embeddable":true,"href":"https:\/\/xn--hftessamlarna-bfb.se\/index.php?rest_route=\/wp\/v2\/pages\/307"}],"wp:attachment":[{"href":"https:\/\/xn--hftessamlarna-bfb.se\/index.php?rest_route=%2Fwp%2Fv2%2Fmedia&parent=425"}],"curies":[{"name":"wp","href":"https:\/\/api.w.org\/{rel}","templated":true}]}}