{"id":4181,"date":"2014-01-16T12:18:27","date_gmt":"2014-01-16T11:18:27","guid":{"rendered":"http:\/\/xn--hftessamlarna-bfb.se\/?page_id=4181"},"modified":"2023-05-13T07:09:00","modified_gmt":"2023-05-13T06:09:00","slug":"sh73-childhood","status":"publish","type":"page","link":"https:\/\/xn--hftessamlarna-bfb.se\/?page_id=4181","title":{"rendered":"SH73 Childhood"},"content":{"rendered":"<p><a href=\"http:\/\/xn--hftessamlarna-bfb.se\/?attachment_id=4182\" rel=\"attachment wp-att-4182\"><img loading=\"lazy\" decoding=\"async\" class=\"alignleft size-full wp-image-4182\" src=\"http:\/\/xn--hftessamlarna-bfb.se\/wp-content\/uploads\/SH73.jpg\" alt=\"SH73\" width=\"960\" height=\"993\" srcset=\"https:\/\/xn--hftessamlarna-bfb.se\/wp-content\/uploads\/SH73.jpg 960w, https:\/\/xn--hftessamlarna-bfb.se\/wp-content\/uploads\/SH73-145x150.jpg 145w, https:\/\/xn--hftessamlarna-bfb.se\/wp-content\/uploads\/SH73-290x300.jpg 290w\" sizes=\"auto, (max-width: 960px) 100vw, 960px\" \/><\/a><\/p>\n<p>Utgivningsdag 2014-01-16<br \/>\n10 x brevporto med 1 kr till\u00e4gg som g\u00e5r till World Childhood Foundation, 2 motiv<br \/>\nFrim\u00e4rkena \u00e4r tryckta i 4-f\u00e4rgs offset (G:8) enligt det nya <a href=\"http:\/\/h\u00e4ftessamlarna.se\/?page_id=4052\">modulsystemet<\/a>.<\/p>\n<p>H\u00e4ftet \u00e4r tryckt i det nya formatet i offset. Det \u00e4r 83 mm brett och det betyder att offsetcylindern har 9 h\u00e4ften per band.\u00a0 Kn har satts p\u00e5 vart 10:e h\u00e4fte och band, vilket betyder att kn vandrar \u00f6ver alla inlagorna. FM finns. Gr\u00e5kil finns p\u00e5 h\u00e4fte med c 3 och p\u00e5 direkt efterkommande h\u00e4fte.<\/p>\n<h2>Typer<\/h2>\n<p>H\u00e4ftet har 41 punkters vikperforering (perf 10) \u00e4r slagen fr\u00e5n frim\u00e4rkssidan<\/p>\n<p><strong>A<\/strong> med portotabell 20g<br \/>\n<strong>B<\/strong> med portotabell 50g<\/p>\n<div id=\"attachment_4450\" style=\"width: 381px\" class=\"wp-caption alignleft\"><a href=\"http:\/\/xn--hftessamlarna-bfb.se\/?attachment_id=4450\" rel=\"attachment wp-att-4450\"><img loading=\"lazy\" decoding=\"async\" aria-describedby=\"caption-attachment-4450\" class=\" wp-image-4450  \" src=\"http:\/\/xn--hftessamlarna-bfb.se\/wp-content\/uploads\/sh73baksida50g.jpg\" alt=\"sh73baksida50g\" width=\"371\" height=\"410\" srcset=\"https:\/\/xn--hftessamlarna-bfb.se\/wp-content\/uploads\/sh73baksida50g.jpg 1290w, https:\/\/xn--hftessamlarna-bfb.se\/wp-content\/uploads\/sh73baksida50g-135x150.jpg 135w, https:\/\/xn--hftessamlarna-bfb.se\/wp-content\/uploads\/sh73baksida50g-271x300.jpg 271w, https:\/\/xn--hftessamlarna-bfb.se\/wp-content\/uploads\/sh73baksida50g-927x1024.jpg 927w\" sizes=\"auto, (max-width: 371px) 100vw, 371px\" \/><\/a><p id=\"caption-attachment-4450\" class=\"wp-caption-text\">ny baksida med portotabell 50 g &#8211; ny placering av kn<\/p><\/div>\n<h2>Markeringar<\/h2>\n<p>centralt regm<br \/>\nFM<br \/>\ngr\u00e5kil uppe<br \/>\ngr\u00e5kil nere<br \/>\ncyls 1 offset<br \/>\ncyls 2 offset<br \/>\ncyls 3 offset<br \/>\nhelt kn<\/p>\n<h2>K\u00e4nda kombinationer<\/h2>\n<p><a href=\"http:\/\/xn--hftessamlarna-bfb.se\/wp-content\/uploads\/SH73tabell.jpg\"><img loading=\"lazy\" decoding=\"async\" class=\"alignleft wp-image-4519 size-full\" src=\"http:\/\/xn--hftessamlarna-bfb.se\/wp-content\/uploads\/SH73tabell.jpg\" alt=\"SH73tabell\" width=\"960\" height=\"401\" srcset=\"https:\/\/xn--hftessamlarna-bfb.se\/wp-content\/uploads\/SH73tabell.jpg 960w, https:\/\/xn--hftessamlarna-bfb.se\/wp-content\/uploads\/SH73tabell-150x62.jpg 150w, https:\/\/xn--hftessamlarna-bfb.se\/wp-content\/uploads\/SH73tabell-300x125.jpg 300w, https:\/\/xn--hftessamlarna-bfb.se\/wp-content\/uploads\/SH73tabell-500x208.jpg 500w\" sizes=\"auto, (max-width: 960px) 100vw, 960px\" \/><\/a><\/p>\n<h2>Fakta om utgivningen<\/h2>\n<p>Childhood g\u00f6r livet l\u00e4ttare f\u00f6r utsatta barn.<\/p>\n<p>World Childhood Foundation \u00e4r mottagar organisation f\u00f6r \u00e5rets V\u00e4lg\u00f6renhets frim\u00e4rke. F\u00f6r varje h\u00e4fte frim\u00e4rken som k\u00f6ps g\u00e5r tio kronor oavkortat till organisationens arbete f\u00f6r allas r\u00e4tt till en barndom. World Childhood Foundation grundades 1999 av drottning Silvia med utg\u00e5ngspunkt fr\u00e5n FN:s barnkonvention.<\/p>\n<p>World Childhood Foundation, i dagligt tal Childhood, \u00e4r en ung och dynamisk organisation med barns b\u00e4sta som m\u00e5l. Fokus ligger p\u00e5 barn som av olika sk\u00e4l riskerar att uts\u00e4ttas f\u00f6r \u00f6vergrepp. Childhood st\u00f6djer omkring 100 olika projekt runt om i v\u00e4rlden med b\u00e5de ekonomiska bidrag och kompetens.<\/p>\n<p>\u2013 V\u00e5rt arbete utg\u00e5r fr\u00e5n FN:s konvention om barnets r\u00e4ttigheter. Vi har ingen f\u00e4ltpersonal utan st\u00f6djer projekt som lokala hj\u00e4lporgan driver. V\u00e5r bed\u00f6mning \u00e4r att dessa \u00e4r b\u00e4ttre p\u00e5 att hantera lokala problem, och har en annan m\u00f6jlighet \u00e4n utomst\u00e5ende att jobba l\u00e5ngsiktigt, s\u00e4ger Anna De Geer, Childhoods generalsekreterare. Ett exempel \u00e4r projekt \u201dMama +\u201d som med Childhoods st\u00f6d genomf\u00f6rs av lokala akt\u00f6rer i S:t Petersburg och flera andra st\u00e4der i v\u00e4stra delen av Ryssland.<\/p>\n<p>\u2013 I omr\u00e5det finns p\u00e5 flera barnhem stora avdelningar d\u00e4r man f\u00f6rvarar barn till HIV positiva m\u00f6drar som av olika sk\u00e4l inte klarar av v\u00e5rdnaden. N\u00e4stan ingen vill ha med dessa barn att g\u00f6ra eftersom man \u00e4r r\u00e4dda f\u00f6r eventuell smitta. Vi tror att det b\u00e4sta f\u00f6r barn \u00e4r att f\u00e5 v\u00e4xa upp i sin egen familj, och hj\u00e4lper d\u00e4rf\u00f6r till att aktivera de sociala n\u00e4tverken.<br \/>\nMammorna \u00e4r centrala men h\u00e4r finns ocks\u00e5 sl\u00e4ktingar och andra st\u00f6dpersoner med,<br \/>\ns\u00e4ger Anna De Geer. Childhood \u00e4r v\u00e4lk\u00e4nt p\u00e5 hemmaplan och ute i v\u00e4rlden.<\/p>\n<p>V\u00e4lg\u00f6renhetsfrim\u00e4rket \u00e4r ytterligare en kanal att \u00f6ka k\u00e4nnedomen hos allm\u00e4nheten. F\u00f6r varje h\u00e4fte frim\u00e4rken som k\u00f6ps g\u00e5r tio kronor oavkortat till Childhood. Pengarna \u00e4r inte \u00f6ronm\u00e4rkta utan investeras i likhet med medlen fr\u00e5n partnerf\u00f6retagen, bland dem ICA, i projektportf\u00f6ljen. H\u00e4rifr\u00e5n slussas medel till angel\u00e4gna projekt \u2013 som \u201dMama +\u201d.<br \/>\nL\u00e4s mer om World Childhood Foundations verksamhet p\u00e5 <a href=\"http:\/\/www.childhood.se\" target=\"_blank\" rel=\"noopener\">www.childhood.se<\/a><\/p>\n","protected":false},"excerpt":{"rendered":"<p>Utgivningsdag 2014-01-16 10 x brevporto med 1 kr till\u00e4gg som g\u00e5r till World Childhood Foundation, 2 motiv Frim\u00e4rkena \u00e4r tryckta i 4-f\u00e4rgs offset (G:8) enligt det nya modulsystemet. H\u00e4ftet \u00e4r tryckt i det nya formatet i offset. Det \u00e4r 83 &hellip; <a href=\"https:\/\/xn--hftessamlarna-bfb.se\/?page_id=4181\">Forts\u00e4tt l\u00e4sa <span class=\"meta-nav\">&rarr;<\/span><\/a><\/p>\n","protected":false},"author":1,"featured_media":0,"parent":307,"menu_order":73,"comment_status":"open","ping_status":"closed","template":"","meta":{"footnotes":""},"class_list":["post-4181","page","type-page","status-publish","hentry"],"_links":{"self":[{"href":"https:\/\/xn--hftessamlarna-bfb.se\/index.php?rest_route=\/wp\/v2\/pages\/4181","targetHints":{"allow":["GET"]}}],"collection":[{"href":"https:\/\/xn--hftessamlarna-bfb.se\/index.php?rest_route=\/wp\/v2\/pages"}],"about":[{"href":"https:\/\/xn--hftessamlarna-bfb.se\/index.php?rest_route=\/wp\/v2\/types\/page"}],"author":[{"embeddable":true,"href":"https:\/\/xn--hftessamlarna-bfb.se\/index.php?rest_route=\/wp\/v2\/users\/1"}],"replies":[{"embeddable":true,"href":"https:\/\/xn--hftessamlarna-bfb.se\/index.php?rest_route=%2Fwp%2Fv2%2Fcomments&post=4181"}],"version-history":[{"count":0,"href":"https:\/\/xn--hftessamlarna-bfb.se\/index.php?rest_route=\/wp\/v2\/pages\/4181\/revisions"}],"up":[{"embeddable":true,"href":"https:\/\/xn--hftessamlarna-bfb.se\/index.php?rest_route=\/wp\/v2\/pages\/307"}],"wp:attachment":[{"href":"https:\/\/xn--hftessamlarna-bfb.se\/index.php?rest_route=%2Fwp%2Fv2%2Fmedia&parent=4181"}],"curies":[{"name":"wp","href":"https:\/\/api.w.org\/{rel}","templated":true}]}}