{"id":411,"date":"2011-10-19T14:02:11","date_gmt":"2011-10-19T12:02:11","guid":{"rendered":"http:\/\/xn--hftessamlarna-bfb.se\/?page_id=411"},"modified":"2023-03-31T10:22:21","modified_gmt":"2023-03-31T09:22:21","slug":"sh18-vartecken","status":"publish","type":"page","link":"https:\/\/xn--hftessamlarna-bfb.se\/?page_id=411","title":{"rendered":"SH18 V\u00e5rtecken"},"content":{"rendered":"<p><a href=\"https:\/\/xn--hftessamlarna-bfb.se\/wp-content\/uploads\/SH-0018-header-2005.jpg\" rel=\"attachment wp-att-1994\"><img loading=\"lazy\" decoding=\"async\" class=\"alignnone wp-image-6813 size-full\" title=\"SH18\" src=\"https:\/\/xn--hftessamlarna-bfb.se\/wp-content\/uploads\/SH-0018-header-2005.jpg\" alt=\"\" width=\"960\" height=\"896\" srcset=\"https:\/\/xn--hftessamlarna-bfb.se\/wp-content\/uploads\/SH-0018-header-2005.jpg 960w, https:\/\/xn--hftessamlarna-bfb.se\/wp-content\/uploads\/SH-0018-header-2005-300x280.jpg 300w, https:\/\/xn--hftessamlarna-bfb.se\/wp-content\/uploads\/SH-0018-header-2005-150x140.jpg 150w, https:\/\/xn--hftessamlarna-bfb.se\/wp-content\/uploads\/SH-0018-header-2005-768x717.jpg 768w, https:\/\/xn--hftessamlarna-bfb.se\/wp-content\/uploads\/SH-0018-header-2005-321x300.jpg 321w\" sizes=\"auto, (max-width: 960px) 100vw, 960px\" \/><\/a>Utgivningsdag 2005-03-10<br \/>\nF 2479 &#8211; 2482<br \/>\n10 \u00d7 inrikes brev, fyra motiv<br \/>\nFrim\u00e4rkena trycktes i fyrf\u00e4rgs offset<br \/>\n75 mm breda, 10 inlagor\/varv<\/p>\n<h2>Typer<\/h2>\n<p>H\u00e4ftet har 38 punkters vikperforering (perf 10) slagen fr\u00e5n frim\u00e4rkssidan och finns med tv\u00e5 olika baksidor samt tv\u00e5 olika tandning:<\/p>\n<p><strong><a href=\"https:\/\/xn--hftessamlarna-bfb.se\/wp-content\/uploads\/SH-0018-AB-2005.jpg\"><img loading=\"lazy\" decoding=\"async\" class=\"alignnone wp-image-6815 size-medium\" src=\"https:\/\/xn--hftessamlarna-bfb.se\/wp-content\/uploads\/SH-0018-AB-2005-300x295.jpg\" alt=\"\" width=\"300\" height=\"295\" srcset=\"https:\/\/xn--hftessamlarna-bfb.se\/wp-content\/uploads\/SH-0018-AB-2005-300x295.jpg 300w, https:\/\/xn--hftessamlarna-bfb.se\/wp-content\/uploads\/SH-0018-AB-2005-150x148.jpg 150w, https:\/\/xn--hftessamlarna-bfb.se\/wp-content\/uploads\/SH-0018-AB-2005-768x755.jpg 768w, https:\/\/xn--hftessamlarna-bfb.se\/wp-content\/uploads\/SH-0018-AB-2005-305x300.jpg 305w, https:\/\/xn--hftessamlarna-bfb.se\/wp-content\/uploads\/SH-0018-AB-2005.jpg 907w\" sizes=\"auto, (max-width: 300px) 100vw, 300px\" \/><\/a><br \/>\nA<\/strong> Med porto f\u00f6r 1500 gram<br \/>\n<strong>B<\/strong> Utan porto f\u00f6r 1500 gram. Otandade f\u00f6rekommer.<strong><br \/>\nB1<\/strong> fin tandning (17\u00d712). H\u00e4ftesl\u00e4ngden varierar mellan 162 mm och 164 mm.<strong><br \/>\nB2<\/strong> grov tandning (10\u00d76)<\/p>\n<h2>Markeringar<\/h2>\n<p><strong>A<\/strong><br \/>\nFM mellan 2:a och 3:e par<br \/>\ncyls 1 (i \u00f6vre kant, p\u00e5 rygg)<br \/>\ncyls 2 (i \u00f6vre kant, p\u00e5 rygg)<br \/>\nhelt kn BS mellan 4:e och 5:e par<\/p>\n<p><strong>B1<\/strong><br \/>\nFM mellan 2:a och 3:e par<br \/>\nFinns med m\u00e4rken utan perforering<br \/>\ncyls 1 (i \u00f6vre kant, p\u00e5 rygg)<br \/>\ncyls 2 (i \u00f6vre kant, p\u00e5 rygg)<br \/>\nhelt kn BS mellan 4:e och 5:e par<br \/>\nOvanligt \u00e4ven utan markeringar<\/p>\n<p><strong>B2<\/strong><br \/>\nFinns med delat regm<br \/>\nFM mellan 2:a och 3:e par<br \/>\ncyls 1 (i \u00f6vre kant, p\u00e5 rygg)<br \/>\ncyls 2 (i \u00f6vre kant, p\u00e5 rygg)<br \/>\ncyls 2 + del regm<br \/>\nhelt kn BS mellan 4:e och 5:e par<br \/>\nOvanligt \u00e4ven utan markeringar<\/p>\n<div id=\"attachment_6814\" style=\"width: 1952px\" class=\"wp-caption alignnone\"><a href=\"https:\/\/xn--hftessamlarna-bfb.se\/wp-content\/uploads\/SH-0018B2-C2-kn-fm-2005.jpg\" rel=\"attachment wp-att-4189\"><img loading=\"lazy\" decoding=\"async\" aria-describedby=\"caption-attachment-6814\" class=\"  wp-image-6814 size-full\" src=\"https:\/\/xn--hftessamlarna-bfb.se\/wp-content\/uploads\/SH-0018B2-C2-kn-fm-2005.jpg\" alt=\"\" width=\"1942\" height=\"924\" srcset=\"https:\/\/xn--hftessamlarna-bfb.se\/wp-content\/uploads\/SH-0018B2-C2-kn-fm-2005.jpg 1942w, https:\/\/xn--hftessamlarna-bfb.se\/wp-content\/uploads\/SH-0018B2-C2-kn-fm-2005-300x143.jpg 300w, https:\/\/xn--hftessamlarna-bfb.se\/wp-content\/uploads\/SH-0018B2-C2-kn-fm-2005-1024x487.jpg 1024w, https:\/\/xn--hftessamlarna-bfb.se\/wp-content\/uploads\/SH-0018B2-C2-kn-fm-2005-150x71.jpg 150w, https:\/\/xn--hftessamlarna-bfb.se\/wp-content\/uploads\/SH-0018B2-C2-kn-fm-2005-768x365.jpg 768w, https:\/\/xn--hftessamlarna-bfb.se\/wp-content\/uploads\/SH-0018B2-C2-kn-fm-2005-1536x731.jpg 1536w, https:\/\/xn--hftessamlarna-bfb.se\/wp-content\/uploads\/SH-0018B2-C2-kn-fm-2005-500x238.jpg 500w\" sizes=\"auto, (max-width: 1942px) 100vw, 1942px\" \/><\/a><p id=\"caption-attachment-6814\" class=\"wp-caption-text\">SH18B2, mycket sv\u00e5r trippel<\/p><\/div>\n<h2>K\u00e4nda kombinationer<\/h2>\n<p><a href=\"http:\/\/xn--hftessamlarna-bfb.se\/?attachment_id=4147\" rel=\"attachment wp-att-4147\"><img loading=\"lazy\" decoding=\"async\" class=\"alignleft size-full wp-image-4147\" src=\"http:\/\/xn--hftessamlarna-bfb.se\/wp-content\/uploads\/SH18tabell.jpg\" alt=\"SH18tabell\" width=\"2104\" height=\"406\" srcset=\"https:\/\/xn--hftessamlarna-bfb.se\/wp-content\/uploads\/SH18tabell.jpg 2104w, https:\/\/xn--hftessamlarna-bfb.se\/wp-content\/uploads\/SH18tabell-150x28.jpg 150w, https:\/\/xn--hftessamlarna-bfb.se\/wp-content\/uploads\/SH18tabell-300x57.jpg 300w, https:\/\/xn--hftessamlarna-bfb.se\/wp-content\/uploads\/SH18tabell-1024x197.jpg 1024w, https:\/\/xn--hftessamlarna-bfb.se\/wp-content\/uploads\/SH18tabell-500x96.jpg 500w\" sizes=\"auto, (max-width: 2104px) 100vw, 2104px\" \/><\/a><\/p>\n<p>SH18B1 finns med kn 08-39- tusen. SH18B1 finns med mycket otydlig stansning eller med helt otandade frim\u00e4rken.<\/p>\n<h2>Varianter<\/h2>\n<div id=\"attachment_6833\" style=\"width: 954px\" class=\"wp-caption alignnone\"><img loading=\"lazy\" decoding=\"async\" aria-describedby=\"caption-attachment-6833\" class=\"wp-image-6833 size-full\" src=\"https:\/\/xn--hftessamlarna-bfb.se\/wp-content\/uploads\/Vartecken_v1.jpg\" alt=\"\" width=\"944\" height=\"422\" srcset=\"https:\/\/xn--hftessamlarna-bfb.se\/wp-content\/uploads\/Vartecken_v1.jpg 944w, https:\/\/xn--hftessamlarna-bfb.se\/wp-content\/uploads\/Vartecken_v1-300x134.jpg 300w, https:\/\/xn--hftessamlarna-bfb.se\/wp-content\/uploads\/Vartecken_v1-150x67.jpg 150w, https:\/\/xn--hftessamlarna-bfb.se\/wp-content\/uploads\/Vartecken_v1-768x343.jpg 768w, https:\/\/xn--hftessamlarna-bfb.se\/wp-content\/uploads\/Vartecken_v1-500x224.jpg 500w\" sizes=\"auto, (max-width: 944px) 100vw, 944px\" \/><p id=\"caption-attachment-6833\" class=\"wp-caption-text\">V1 bl\u00e5 fl\u00e4ckar i h\u00f6rn och blomma<\/p><\/div>\n<h2>Fakta om utgivningen<\/h2>\n<p>Fyra s\u00f6ta v\u00e5rblommor ges ut som motiv i frim\u00e4rksutg\u00e5van V\u00e5rtecken som passar utm\u00e4rkt f\u00f6r p\u00e5skkort och v\u00e5rens alla f\u00f6rs\u00e4ndelser.<\/p>\n<ul>\n<li><strong>Liljekonvalj<\/strong>, Convallaha majalis, blommar i maj-juni. De sm\u00e5 klockformade blomklasarna sprider sin v\u00e4ldoft i lundar och skogsbackar. Liljekonvaljen \u00e4r G\u00e4striklands landskapsblomma och \u00e4r vanlig i mullrik jord. Den v\u00e4xer i st\u00f6rre delen av landet utom i fj\u00e4lltrakterna. I vissa delar av landet \u00e4r den fridlyst. Efter blomningen kommer r\u00f6da b\u00e4r som \u00e4r mycket giftiga. Tidigare har liljekonvaljen anv\u00e4nts som medicinalv\u00e4xt mot t.ex. epilepsi och slaganfall.<\/li>\n<li><strong>V\u00e5rl\u00f6k<\/strong>, Gagea lutea, blommar i april-maj med ganska oansenliga blommor i en gulgr\u00f6n f\u00e4rg.Blommorna har dock en ov\u00e4ntad lyskraft mot den vinterbleka marken och \u00e4r en vanlig syn p\u00e5 frisk och fuktig humusjord i lundar, skogar och parker \u00e4nda upp till s\u00f6dra Norrland. F\u00f6rr anv\u00e4nde man torkade, malda l\u00f6kar till n\u00f6dbr\u00f6d.<\/li>\n<li><strong>Backsippa<\/strong>, Pulsatilla vulgaris, blommar i april-maj med bl\u00e5violetta blommor t\u00e4ckta av vitt ludd p\u00e5 bladens utsidor. Backsippan f\u00f6rekommer sparsamt p\u00e5 \u00f6ppen sand- eller grusmark. Upp till norra Bergslagen hittar man den p\u00e5 gr\u00e4shedar, tallbackar och gravf\u00e4lt. Backsippan, som \u00e4r fler\u00e5rig, anv\u00e4ndes tidigare inom folkmedicinen f\u00f6r att bl.a. lindra f\u00f6rlamning och melankoli. Den \u00e4r fridlyst i hela landet.<\/li>\n<li><strong>Vitsippa<\/strong>, Anemone nemorosa, blommar i april-maj. Oftast f\u00f6rekommer den i stora best\u00e5nd och bildar blommande mattor i v\u00e5rskogen. Vitsippan f\u00f6rekommer \u00f6ver n\u00e4stan hela landet men saknas l\u00e4ngst i norr. Vanligen \u00e4r blomman vit men r\u00f6dvioletta och bl\u00e5a varianter f\u00f6rekommer ocks\u00e5. Blomman \u00e4r bara \u00f6ppen under dagen, till kv\u00e4llen sluter den sig och b\u00f6jer sig ner mot marken.<\/li>\n<\/ul>\n<p>Frim\u00e4rkena V\u00e5rtecken har tecknats av Kerstin Olsson-Gr\u00f6nvik.<\/p>\n","protected":false},"excerpt":{"rendered":"<p>Utgivningsdag 2005-03-10 F 2479 &#8211; 2482 10 \u00d7 inrikes brev, fyra motiv Frim\u00e4rkena trycktes i fyrf\u00e4rgs offset 75 mm breda, 10 inlagor\/varv Typer H\u00e4ftet har 38 punkters vikperforering (perf 10) slagen fr\u00e5n frim\u00e4rkssidan och finns med tv\u00e5 olika baksidor samt &hellip; <a href=\"https:\/\/xn--hftessamlarna-bfb.se\/?page_id=411\">Forts\u00e4tt l\u00e4sa <span class=\"meta-nav\">&rarr;<\/span><\/a><\/p>\n","protected":false},"author":1,"featured_media":0,"parent":307,"menu_order":18,"comment_status":"open","ping_status":"closed","template":"","meta":{"footnotes":""},"class_list":["post-411","page","type-page","status-publish","hentry"],"_links":{"self":[{"href":"https:\/\/xn--hftessamlarna-bfb.se\/index.php?rest_route=\/wp\/v2\/pages\/411","targetHints":{"allow":["GET"]}}],"collection":[{"href":"https:\/\/xn--hftessamlarna-bfb.se\/index.php?rest_route=\/wp\/v2\/pages"}],"about":[{"href":"https:\/\/xn--hftessamlarna-bfb.se\/index.php?rest_route=\/wp\/v2\/types\/page"}],"author":[{"embeddable":true,"href":"https:\/\/xn--hftessamlarna-bfb.se\/index.php?rest_route=\/wp\/v2\/users\/1"}],"replies":[{"embeddable":true,"href":"https:\/\/xn--hftessamlarna-bfb.se\/index.php?rest_route=%2Fwp%2Fv2%2Fcomments&post=411"}],"version-history":[{"count":0,"href":"https:\/\/xn--hftessamlarna-bfb.se\/index.php?rest_route=\/wp\/v2\/pages\/411\/revisions"}],"up":[{"embeddable":true,"href":"https:\/\/xn--hftessamlarna-bfb.se\/index.php?rest_route=\/wp\/v2\/pages\/307"}],"wp:attachment":[{"href":"https:\/\/xn--hftessamlarna-bfb.se\/index.php?rest_route=%2Fwp%2Fv2%2Fmedia&parent=411"}],"curies":[{"name":"wp","href":"https:\/\/api.w.org\/{rel}","templated":true}]}}