{"id":407,"date":"2011-10-19T13:46:14","date_gmt":"2011-10-19T11:46:14","guid":{"rendered":"http:\/\/xn--hftessamlarna-bfb.se\/?page_id=407"},"modified":"2024-12-08T10:31:31","modified_gmt":"2024-12-08T09:31:31","slug":"sh17-svensk-design","status":"publish","type":"page","link":"https:\/\/xn--hftessamlarna-bfb.se\/?page_id=407","title":{"rendered":"SH17 Svensk design"},"content":{"rendered":"<p><a href=\"https:\/\/xn--hftessamlarna-bfb.se\/wp-content\/uploads\/SH-0017-header-2005.jpg\" rel=\"attachment wp-att-1991\"><img loading=\"lazy\" decoding=\"async\" class=\"alignnone wp-image-6804 size-full\" title=\"SH17\" src=\"https:\/\/xn--hftessamlarna-bfb.se\/wp-content\/uploads\/SH-0017-header-2005.jpg\" alt=\"\" width=\"960\" height=\"450\" srcset=\"https:\/\/xn--hftessamlarna-bfb.se\/wp-content\/uploads\/SH-0017-header-2005.jpg 960w, https:\/\/xn--hftessamlarna-bfb.se\/wp-content\/uploads\/SH-0017-header-2005-300x141.jpg 300w, https:\/\/xn--hftessamlarna-bfb.se\/wp-content\/uploads\/SH-0017-header-2005-150x70.jpg 150w, https:\/\/xn--hftessamlarna-bfb.se\/wp-content\/uploads\/SH-0017-header-2005-768x360.jpg 768w, https:\/\/xn--hftessamlarna-bfb.se\/wp-content\/uploads\/SH-0017-header-2005-500x234.jpg 500w\" sizes=\"auto, (max-width: 960px) 100vw, 960px\" \/><\/a>Utgivningsdag 2005-01-27<br \/>\nF 2466 &#8211; 2471<br \/>\n6 \u00d7 inrikes brev, sex motiv<br \/>\nFrim\u00e4rkssidan \u00e4r tryckt i kombinationstryck i G5 med tv\u00e5 f\u00e4rger i st\u00e5lgravyr, bl\u00e5 och svart, och fyra f\u00e4rger offset r\u00f6d, gul, bl\u00e5 och lila. Omslagssidan \u00e4r tryckt i fyrf\u00e4rgsoffset i G8, d\u00e4r ocks\u00e5 femtiomarkeringen med sedvanliga 7\u00d712 punkter p\u00e5f\u00f6rts.<br \/>\nArket har bredden 44,1 mm, varf\u00f6r det g\u00e5r 17 p\u00e5 ett varv.<\/p>\n<p><strong>Ny indelning december 2018<\/strong><\/p>\n<h2>Typer<\/h2>\n<p><strong>SH17 <\/strong>har 22 punkter vikperforering (perf 10)<br \/>\n<strong>A1<\/strong>\u00a0 slagen fr\u00e5n <strong>frim\u00e4rkssidan<br \/>\nA2<\/strong>\u00a0 slagen fr\u00e5n <strong>omslagssidan<br \/>\n<a href=\"https:\/\/xn--hftessamlarna-bfb.se\/wp-content\/uploads\/SH-0017-A12-2005.jpg\"><img loading=\"lazy\" decoding=\"async\" class=\"alignnone wp-image-6805 size-medium\" src=\"https:\/\/xn--hftessamlarna-bfb.se\/wp-content\/uploads\/SH-0017-A12-2005-300x190.jpg\" alt=\"\" width=\"300\" height=\"190\" srcset=\"https:\/\/xn--hftessamlarna-bfb.se\/wp-content\/uploads\/SH-0017-A12-2005-300x190.jpg 300w, https:\/\/xn--hftessamlarna-bfb.se\/wp-content\/uploads\/SH-0017-A12-2005-1024x648.jpg 1024w, https:\/\/xn--hftessamlarna-bfb.se\/wp-content\/uploads\/SH-0017-A12-2005-150x95.jpg 150w, https:\/\/xn--hftessamlarna-bfb.se\/wp-content\/uploads\/SH-0017-A12-2005-768x486.jpg 768w, https:\/\/xn--hftessamlarna-bfb.se\/wp-content\/uploads\/SH-0017-A12-2005-474x300.jpg 474w, https:\/\/xn--hftessamlarna-bfb.se\/wp-content\/uploads\/SH-0017-A12-2005.jpg 1067w\" sizes=\"auto, (max-width: 300px) 100vw, 300px\" \/><\/a><br \/>\n<\/strong>SH17A1 \u00e4r ovanlig<\/p>\n<h2>Markeringar<\/h2>\n<p>RT p\u00e5 baksida (se huvudbild)<br \/>\ncyls 1 (i nedre kant)<br \/>\ncyls 2 fot\/slinga (i nedre kant)<br \/>\nhelt kn BS<\/p>\n<h2>K\u00e4nda kombinationer<\/h2>\n<p><a href=\"https:\/\/xn--hftessamlarna-bfb.se\/wp-content\/uploads\/SH17tabell-1.jpg\"><img loading=\"lazy\" decoding=\"async\" class=\"alignnone size-large wp-image-6070\" src=\"https:\/\/xn--hftessamlarna-bfb.se\/wp-content\/uploads\/SH17tabell-1-1024x339.jpg\" alt=\"\" width=\"584\" height=\"193\" srcset=\"https:\/\/xn--hftessamlarna-bfb.se\/wp-content\/uploads\/SH17tabell-1-1024x339.jpg 1024w, https:\/\/xn--hftessamlarna-bfb.se\/wp-content\/uploads\/SH17tabell-1-300x99.jpg 300w, https:\/\/xn--hftessamlarna-bfb.se\/wp-content\/uploads\/SH17tabell-1-150x50.jpg 150w, https:\/\/xn--hftessamlarna-bfb.se\/wp-content\/uploads\/SH17tabell-1-768x254.jpg 768w, https:\/\/xn--hftessamlarna-bfb.se\/wp-content\/uploads\/SH17tabell-1-1536x508.jpg 1536w, https:\/\/xn--hftessamlarna-bfb.se\/wp-content\/uploads\/SH17tabell-1-500x166.jpg 500w, https:\/\/xn--hftessamlarna-bfb.se\/wp-content\/uploads\/SH17tabell-1.jpg 1604w\" sizes=\"auto, (max-width: 584px) 100vw, 584px\" \/><\/a><\/p>\n<h2>Fakta om utgivningen<\/h2>\n<p>Design \u00e4r inte bara formen p\u00e5 ett f\u00f6rem\u00e5l utan \u00e4ven ett uttryck f\u00f6r den kultur och den tid vi lever i. Att str\u00e4va efter sk\u00f6nhet och funktionalitet \u00e4ven i det enklaste f\u00f6rem\u00e5l anses av m\u00e5nga vara god design. I frim\u00e4rksutg\u00e5van speglas konsthantverk likv\u00e4l som industridesign i en modern och minimalistisk stil.<\/p>\n<p>Frim\u00e4rksmotiven tar avstamp i 60-talet med det exklusiva damuret <strong>Vivianna<\/strong>, designat av Vivianna Torun Bulow-Hube f\u00f6r Georg Jensen. Fr\u00e5n 70-talet minns vi k\u00f6lappsautomaten <strong>Turn-o-Matic<\/strong> som designats av Tom Ahlstr\u00f6m och Hans Ehrich p\u00e5 A&amp;E Design. Litet n\u00e4rmare i tiden finner vi 80-talets stora leksakssucc\u00e9 &#8211; tr\u00e4bilen <strong>Streamliner<\/strong> av Ulf Hanses. Dessutom har den numera klassiska hyllan <strong>Pilaster<\/strong> och den trebenta stolen Camilla av John Kandell f\u00f6revigats p\u00e5 frim\u00e4rke. 90-talets representanter f\u00f6r god design \u00e4r Carl-G\u00f6ran Crafoord och H\u00e5kan Bergkvist med svetshj\u00e4lmen <strong>Speedglas 9000<\/strong>, vars skyddsglas automatiskt anpassar sig till omgivningens ljusstyrka. H\u00e4r \u00e5terfinns \u00e4ven glaskonstn\u00e4rinnan Ingegerd Ramans <strong>konstglas<\/strong> d\u00e4r bland annat &#8221;En droppe klart vatten&#8221; fr\u00e5n \u00e5r 2001 kan urskiljas.<\/p>\n<p>F\u00f6r att ytterligare f\u00f6rst\u00e4rka designens betydelse \u00e4ven f\u00f6r frim\u00e4rkskonsten, trycker Posten utg\u00e5van Svensk Design p\u00e5 sj\u00e4lvh\u00e4ftande papper i en kombination av st\u00e5ltryck och offset. Att trycka kombinationstryck p\u00e5 sj\u00e4lvh\u00e4ftande papper har endast gjorts en g\u00e5ng tidigare i Sverige- \u00e5r 2001 med utg\u00e5van Fiskar &#8211; d\u00e5 Posten var f\u00f6rst i v\u00e4rlden med denna kombination. Posten har tidigare gett ut designf\u00f6rem\u00e5l p\u00e5 frim\u00e4rke i utg\u00e5van Svensk Form fr\u00e5n 1994.<\/p>\n<p>Frim\u00e4rkena \u00e4r sj\u00e4lvh\u00e4ftande och tryckta i en kombination av st\u00e5ltryck och offset. De \u00e4r<br \/>\nformgivna av Sara Lund och f\u00f6r gravyren st\u00e5r Lars Sj\u00f6\u00f6blom.<\/p>\n","protected":false},"excerpt":{"rendered":"<p>Utgivningsdag 2005-01-27 F 2466 &#8211; 2471 6 \u00d7 inrikes brev, sex motiv Frim\u00e4rkssidan \u00e4r tryckt i kombinationstryck i G5 med tv\u00e5 f\u00e4rger i st\u00e5lgravyr, bl\u00e5 och svart, och fyra f\u00e4rger offset r\u00f6d, gul, bl\u00e5 och lila. Omslagssidan \u00e4r tryckt i &hellip; <a href=\"https:\/\/xn--hftessamlarna-bfb.se\/?page_id=407\">Forts\u00e4tt l\u00e4sa <span class=\"meta-nav\">&rarr;<\/span><\/a><\/p>\n","protected":false},"author":1,"featured_media":0,"parent":307,"menu_order":17,"comment_status":"open","ping_status":"closed","template":"","meta":{"footnotes":""},"class_list":["post-407","page","type-page","status-publish","hentry"],"_links":{"self":[{"href":"https:\/\/xn--hftessamlarna-bfb.se\/index.php?rest_route=\/wp\/v2\/pages\/407","targetHints":{"allow":["GET"]}}],"collection":[{"href":"https:\/\/xn--hftessamlarna-bfb.se\/index.php?rest_route=\/wp\/v2\/pages"}],"about":[{"href":"https:\/\/xn--hftessamlarna-bfb.se\/index.php?rest_route=\/wp\/v2\/types\/page"}],"author":[{"embeddable":true,"href":"https:\/\/xn--hftessamlarna-bfb.se\/index.php?rest_route=\/wp\/v2\/users\/1"}],"replies":[{"embeddable":true,"href":"https:\/\/xn--hftessamlarna-bfb.se\/index.php?rest_route=%2Fwp%2Fv2%2Fcomments&post=407"}],"version-history":[{"count":0,"href":"https:\/\/xn--hftessamlarna-bfb.se\/index.php?rest_route=\/wp\/v2\/pages\/407\/revisions"}],"up":[{"embeddable":true,"href":"https:\/\/xn--hftessamlarna-bfb.se\/index.php?rest_route=\/wp\/v2\/pages\/307"}],"wp:attachment":[{"href":"https:\/\/xn--hftessamlarna-bfb.se\/index.php?rest_route=%2Fwp%2Fv2%2Fmedia&parent=407"}],"curies":[{"name":"wp","href":"https:\/\/api.w.org\/{rel}","templated":true}]}}