{"id":4052,"date":"2014-01-07T17:05:41","date_gmt":"2014-01-07T16:05:41","guid":{"rendered":"http:\/\/xn--hftessamlarna-bfb.se\/?page_id=4052"},"modified":"2015-01-24T14:50:49","modified_gmt":"2015-01-24T13:50:49","slug":"nya-format-och-markeringar-fran-2014","status":"publish","type":"page","link":"https:\/\/xn--hftessamlarna-bfb.se\/?page_id=4052","title":{"rendered":"Nya format och markeringar fr\u00e5n 2014"},"content":{"rendered":"<ul>\n<li>Fr\u00e5n och med januari 2014 byter Posten frim\u00e4rksformat<\/li>\n<li>De nya formaten g\u00e4ller sj\u00e4lvh\u00e4ftande h\u00e4ften och rullm\u00e4rken<\/li>\n<li>De nya modulbaserade formaten erbjuder b\u00e5de m\u00f6jligheter att f\u00f6rnya frim\u00e4rksdesignen och att effektivisera resursutnyttjandet<\/li>\n<li>Modult\u00e4nket st\u00f6djer b\u00e5de h\u00e4ften och rullar<\/li>\n<li>Tre grundmoduler A, B och C<\/li>\n<li>Formatet har utg\u00e5tt fr\u00e5n tryckcylindrarna i den befintliga gemensamma maskinparken och en standardiserad pappersbredd<\/li>\n<li>Posten har tre tryckpressar (M5, G5 &amp; G8)<\/li>\n<li>Alla frim\u00e4rken f\u00e5r tandning p\u00e5 alla fyra sidor<\/li>\n<li>Nya markeringar och kombinationer uppst\u00e5r<\/li>\n<\/ul>\n<p><strong>Modul och Format<\/strong><\/p>\n<ul>\n<li>Modul = grundl\u00e4ggande tryckytan, det finns tre olika s\u00e4tt att utnyttja tryckytan med modul <b>A<\/b>, <b>B<\/b> eller <b>C<\/b><\/li>\n<li>Format = storleken p\u00e5 sj\u00e4lva frim\u00e4rket<\/li>\n<li>Frim\u00e4rksformatet kan vara st\u00f6rre eller mindre inom respektive modul<\/li>\n<li>Eftersom det finns papper mellan frim\u00e4rkena \u00e4r det m\u00f6jligt att trycka utfallande p\u00e5 sj\u00e4lvh\u00e4ftande h\u00e4ften. D.v.s. att motivet trycks hela v\u00e4gen ut till frim\u00e4rkskanten utan marginal.<\/li>\n<\/ul>\n<p>Nedan visar vi bild p\u00e5 de tre olika modulerna (bilderna blir lite b\u00e4ttre om du klickar p\u00e5 dem):<\/p>\n<div id=\"attachment_4053\" style=\"width: 791px\" class=\"wp-caption alignleft\"><a href=\"http:\/\/xn--hftessamlarna-bfb.se\/wp-content\/uploads\/ModulA.jpg\" rel=\"attachment wp-att-4053\"><img loading=\"lazy\" decoding=\"async\" aria-describedby=\"caption-attachment-4053\" class=\"wp-image-4053\" src=\"http:\/\/xn--hftessamlarna-bfb.se\/wp-content\/uploads\/ModulA.jpg\" alt=\"ModulA\" width=\"781\" height=\"462\" srcset=\"https:\/\/xn--hftessamlarna-bfb.se\/wp-content\/uploads\/ModulA.jpg 781w, https:\/\/xn--hftessamlarna-bfb.se\/wp-content\/uploads\/ModulA-150x88.jpg 150w, https:\/\/xn--hftessamlarna-bfb.se\/wp-content\/uploads\/ModulA-300x177.jpg 300w, https:\/\/xn--hftessamlarna-bfb.se\/wp-content\/uploads\/ModulA-500x295.jpg 500w\" sizes=\"auto, (max-width: 781px) 100vw, 781px\" \/><\/a><p id=\"caption-attachment-4053\" class=\"wp-caption-text\">Modul A<\/p><\/div>\n<div id=\"attachment_4054\" style=\"width: 759px\" class=\"wp-caption alignleft\"><a href=\"http:\/\/xn--hftessamlarna-bfb.se\/wp-content\/uploads\/ModulB.jpg\" rel=\"attachment wp-att-4054\"><img loading=\"lazy\" decoding=\"async\" aria-describedby=\"caption-attachment-4054\" class=\"wp-image-4054\" src=\"http:\/\/xn--hftessamlarna-bfb.se\/wp-content\/uploads\/ModulB.jpg\" alt=\"ModulB\" width=\"749\" height=\"442\" srcset=\"https:\/\/xn--hftessamlarna-bfb.se\/wp-content\/uploads\/ModulB.jpg 749w, https:\/\/xn--hftessamlarna-bfb.se\/wp-content\/uploads\/ModulB-150x88.jpg 150w, https:\/\/xn--hftessamlarna-bfb.se\/wp-content\/uploads\/ModulB-300x177.jpg 300w, https:\/\/xn--hftessamlarna-bfb.se\/wp-content\/uploads\/ModulB-500x295.jpg 500w\" sizes=\"auto, (max-width: 749px) 100vw, 749px\" \/><\/a><p id=\"caption-attachment-4054\" class=\"wp-caption-text\">Modul B<\/p><\/div>\n<div id=\"attachment_4055\" style=\"width: 786px\" class=\"wp-caption alignleft\"><a href=\"http:\/\/xn--hftessamlarna-bfb.se\/wp-content\/uploads\/ModulC.jpg\" rel=\"attachment wp-att-4055\"><img loading=\"lazy\" decoding=\"async\" aria-describedby=\"caption-attachment-4055\" class=\"wp-image-4055\" src=\"http:\/\/xn--hftessamlarna-bfb.se\/wp-content\/uploads\/ModulC.jpg\" alt=\"ModulC\" width=\"776\" height=\"458\" srcset=\"https:\/\/xn--hftessamlarna-bfb.se\/wp-content\/uploads\/ModulC.jpg 776w, https:\/\/xn--hftessamlarna-bfb.se\/wp-content\/uploads\/ModulC-150x88.jpg 150w, https:\/\/xn--hftessamlarna-bfb.se\/wp-content\/uploads\/ModulC-300x177.jpg 300w, https:\/\/xn--hftessamlarna-bfb.se\/wp-content\/uploads\/ModulC-500x295.jpg 500w\" sizes=\"auto, (max-width: 776px) 100vw, 776px\" \/><\/a><p id=\"caption-attachment-4055\" class=\"wp-caption-text\">Modul C<\/p><\/div>\n<h2><b>Markeringar<\/b><\/h2>\n<p><strong>Cylindersiffror <\/strong>b\u00f6rjade anv\u00e4ndas p\u00e5 den tiden d\u00e5 cylindern byggdes upp av tv\u00e5 pl\u00e5tar som sattes ihop \u2013 cylinderhalva 1 och 2 \u2013 och\u00a0 har beh\u00e5llits eftersom siffran underl\u00e4ttar identifieringen av positionen f\u00f6r ett visst m\u00e4rke p\u00e5 cylindern. Modulsystemet utnyttjar tredjedelsvarv vilket inneb\u00e4r att man kommer att f\u00e5 upp till tre <b>cylindersiffror 1,2,3<\/b><\/p>\n<p><strong>Kontrollnummer <\/strong>&#8211; pagineringssiffra som skapas i ett s\u00e4rskilt r\u00e4kneverk. Kontrollsiffrorna \u00e4r en s\u00e4kerhetsdetalj som ger information om\u00a0 hur m\u00e5nga frim\u00e4rken som tryckts.<\/p>\n<p><strong>50-markering<\/strong> (Ryggtryck) &#8211; \u00a0markeringen anv\u00e4nds f\u00f6r att s\u00e4kerst\u00e4lla att det \u00e4r 50 h\u00e4ften\/f\u00f6rpackning. Ordet ryggtryck kommer ifr\u00e5n de gummerade h\u00e4ftena d\u00e4r den trycktes p\u00e5 h\u00e4ftets rygg f\u00f6r att markera 50 h\u00e4ften. Idag trycks de i samband med pagineringssiffran.<\/p>\n<h2><b>Markeringar idag<\/b><\/h2>\n<p><a href=\"http:\/\/xn--hftessamlarna-bfb.se\/wp-content\/uploads\/markeringar-idag.jpg\" rel=\"attachment wp-att-4056\"><img loading=\"lazy\" decoding=\"async\" class=\"alignleft wp-image-4056 size-full\" src=\"http:\/\/xn--hftessamlarna-bfb.se\/wp-content\/uploads\/markeringar-idag.jpg\" alt=\"markeringar idag\" width=\"1114\" height=\"700\" srcset=\"https:\/\/xn--hftessamlarna-bfb.se\/wp-content\/uploads\/markeringar-idag.jpg 1114w, https:\/\/xn--hftessamlarna-bfb.se\/wp-content\/uploads\/markeringar-idag-150x94.jpg 150w, https:\/\/xn--hftessamlarna-bfb.se\/wp-content\/uploads\/markeringar-idag-300x188.jpg 300w, https:\/\/xn--hftessamlarna-bfb.se\/wp-content\/uploads\/markeringar-idag-1024x643.jpg 1024w, https:\/\/xn--hftessamlarna-bfb.se\/wp-content\/uploads\/markeringar-idag-477x300.jpg 477w\" sizes=\"auto, (max-width: 1114px) 100vw, 1114px\" \/><\/a><\/p>\n<h2>\u00a0Gr\u00e5kil \u2013 ny markering<\/h2>\n<p><a href=\"http:\/\/xn--hftessamlarna-bfb.se\/wp-content\/uploads\/grakil.jpg\" rel=\"attachment wp-att-4057\"><img loading=\"lazy\" decoding=\"async\" class=\"alignleft wp-image-4057\" src=\"http:\/\/xn--hftessamlarna-bfb.se\/wp-content\/uploads\/grakil.jpg\" alt=\"grakil\" width=\"133\" height=\"131\" srcset=\"https:\/\/xn--hftessamlarna-bfb.se\/wp-content\/uploads\/grakil.jpg 221w, https:\/\/xn--hftessamlarna-bfb.se\/wp-content\/uploads\/grakil-150x147.jpg 150w\" sizes=\"auto, (max-width: 133px) 100vw, 133px\" \/><\/a><\/p>\n<p>&#8211; Markeringen \u00e4r till f\u00f6r att styra tryckprocessen avseende f\u00e4rger.<br \/>\n&#8211; Det \u00e4r format och maskinberoende hur ofta den trycks p\u00e5 h\u00e4ftet.<\/p>\n<div id=\"attachment_4058\" style=\"width: 458px\" class=\"wp-caption alignleft\"><a href=\"http:\/\/xn--hftessamlarna-bfb.se\/wp-content\/uploads\/grakil2.jpg\" rel=\"attachment wp-att-4058\"><img loading=\"lazy\" decoding=\"async\" aria-describedby=\"caption-attachment-4058\" class=\"  wp-image-4058\" src=\"http:\/\/xn--hftessamlarna-bfb.se\/wp-content\/uploads\/grakil2.jpg\" alt=\"grakil2\" width=\"448\" height=\"380\" srcset=\"https:\/\/xn--hftessamlarna-bfb.se\/wp-content\/uploads\/grakil2.jpg 746w, https:\/\/xn--hftessamlarna-bfb.se\/wp-content\/uploads\/grakil2-150x127.jpg 150w, https:\/\/xn--hftessamlarna-bfb.se\/wp-content\/uploads\/grakil2-300x254.jpg 300w, https:\/\/xn--hftessamlarna-bfb.se\/wp-content\/uploads\/grakil2-352x300.jpg 352w\" sizes=\"auto, (max-width: 448px) 100vw, 448px\" \/><\/a><p id=\"caption-attachment-4058\" class=\"wp-caption-text\">Gr\u00e5kil &#8211; kan finnas nertill innan de tv\u00e5 sista m\u00e4rkena<br \/> Gr\u00e5kil &#8211; kan finnas upptill under de tv\u00e5 f\u00f6rsta m\u00e4rkena<\/p><\/div>\n<p>&nbsp;<\/p>\n<div id=\"attachment_4059\" style=\"width: 439px\" class=\"wp-caption alignleft\"><a href=\"http:\/\/xn--hftessamlarna-bfb.se\/wp-content\/uploads\/markering1.jpg\" rel=\"attachment wp-att-4059\"><img loading=\"lazy\" decoding=\"async\" aria-describedby=\"caption-attachment-4059\" class=\"wp-image-4059 size-full\" src=\"http:\/\/xn--hftessamlarna-bfb.se\/wp-content\/uploads\/markering1.jpg\" alt=\"markering1\" width=\"429\" height=\"234\" srcset=\"https:\/\/xn--hftessamlarna-bfb.se\/wp-content\/uploads\/markering1.jpg 429w, https:\/\/xn--hftessamlarna-bfb.se\/wp-content\/uploads\/markering1-150x81.jpg 150w, https:\/\/xn--hftessamlarna-bfb.se\/wp-content\/uploads\/markering1-300x163.jpg 300w\" sizes=\"auto, (max-width: 429px) 100vw, 429px\" \/><\/a><p id=\"caption-attachment-4059\" class=\"wp-caption-text\">Gr\u00e5kil, cylindersiffra 1 &amp; 2 och kontrollnummer<\/p><\/div>\n<div id=\"attachment_4060\" style=\"width: 453px\" class=\"wp-caption alignleft\"><a href=\"http:\/\/xn--hftessamlarna-bfb.se\/wp-content\/uploads\/markering2.jpg\" rel=\"attachment wp-att-4060\"><img loading=\"lazy\" decoding=\"async\" aria-describedby=\"caption-attachment-4060\" class=\"wp-image-4060 size-full\" src=\"http:\/\/xn--hftessamlarna-bfb.se\/wp-content\/uploads\/markering2.jpg\" alt=\"markering2\" width=\"443\" height=\"241\" srcset=\"https:\/\/xn--hftessamlarna-bfb.se\/wp-content\/uploads\/markering2.jpg 443w, https:\/\/xn--hftessamlarna-bfb.se\/wp-content\/uploads\/markering2-150x81.jpg 150w, https:\/\/xn--hftessamlarna-bfb.se\/wp-content\/uploads\/markering2-300x163.jpg 300w\" sizes=\"auto, (max-width: 443px) 100vw, 443px\" \/><\/a><p id=\"caption-attachment-4060\" class=\"wp-caption-text\">Cylindersiffra 1 &amp; 1<\/p><\/div>\n<p>&nbsp;<\/p>\n<p>&nbsp;<\/p>\n<p>&nbsp;<\/p>\n<p>&nbsp;<\/p>\n<p>&nbsp;<\/p>\n<p>&nbsp;<\/p>\n<p>&nbsp;<\/p>\n<p>&nbsp;<\/p>\n<p>&nbsp;<\/p>\n<p>&nbsp;<\/p>\n<p>&nbsp;<\/p>\n<p>&nbsp;<\/p>\n<p>&nbsp;<\/p>\n<p>&nbsp;<\/p>\n<p>&nbsp;<\/p>\n<p>&nbsp;<\/p>\n<p>&nbsp;<\/p>\n<p>&nbsp;<\/p>\n<p>&nbsp;<\/p>\n<p>&nbsp;<\/p>\n<p>&nbsp;<\/p>\n<p>&nbsp;<\/p>\n<p>&nbsp;<\/p>\n<p>&nbsp;<\/p>\n<h2><b>Aktuella markeringar per press<br \/>\n<\/b><\/h2>\n<p><a href=\"http:\/\/xn--hftessamlarna-bfb.se\/wp-content\/uploads\/tabelltryckpress.jpg\" rel=\"attachment wp-att-4061\"><img loading=\"lazy\" decoding=\"async\" class=\"alignleft wp-image-4061 size-full\" src=\"http:\/\/xn--hftessamlarna-bfb.se\/wp-content\/uploads\/tabelltryckpress.jpg\" alt=\"tabelltryckpress\" width=\"2134\" height=\"1851\" srcset=\"https:\/\/xn--hftessamlarna-bfb.se\/wp-content\/uploads\/tabelltryckpress.jpg 2134w, https:\/\/xn--hftessamlarna-bfb.se\/wp-content\/uploads\/tabelltryckpress-150x130.jpg 150w, https:\/\/xn--hftessamlarna-bfb.se\/wp-content\/uploads\/tabelltryckpress-300x260.jpg 300w, https:\/\/xn--hftessamlarna-bfb.se\/wp-content\/uploads\/tabelltryckpress-1024x888.jpg 1024w, https:\/\/xn--hftessamlarna-bfb.se\/wp-content\/uploads\/tabelltryckpress-345x300.jpg 345w\" sizes=\"auto, (max-width: 2134px) 100vw, 2134px\" \/><\/a><\/p>\n<p>Man kan trycka flera f\u00e4rger genom att g\u00e5 ett varv till genom en annan tryckpress t ex G8<\/p>\n<p>Man \u00a0kan trycka 5 f\u00e4rger i G8, antingen 5 f\u00e4rger p\u00e5 ena sidan eller 4 p\u00e5 ena och 1 p\u00e5 baksidan. F\u00f6r ytterligare f\u00e4rger \u00e4r det m\u00f6jligt med flera passager, men det \u00e4r v\u00e4ldigt ovanligt.<\/p>\n","protected":false},"excerpt":{"rendered":"<p>Fr\u00e5n och med januari 2014 byter Posten frim\u00e4rksformat De nya formaten g\u00e4ller sj\u00e4lvh\u00e4ftande h\u00e4ften och rullm\u00e4rken De nya modulbaserade formaten erbjuder b\u00e5de m\u00f6jligheter att f\u00f6rnya frim\u00e4rksdesignen och att effektivisera resursutnyttjandet Modult\u00e4nket st\u00f6djer b\u00e5de h\u00e4ften och rullar Tre grundmoduler A, B &hellip; <a href=\"https:\/\/xn--hftessamlarna-bfb.se\/?page_id=4052\">Forts\u00e4tt l\u00e4sa <span class=\"meta-nav\">&rarr;<\/span><\/a><\/p>\n","protected":false},"author":1,"featured_media":0,"parent":1060,"menu_order":1,"comment_status":"open","ping_status":"closed","template":"","meta":{"footnotes":""},"class_list":["post-4052","page","type-page","status-publish","hentry"],"_links":{"self":[{"href":"https:\/\/xn--hftessamlarna-bfb.se\/index.php?rest_route=\/wp\/v2\/pages\/4052","targetHints":{"allow":["GET"]}}],"collection":[{"href":"https:\/\/xn--hftessamlarna-bfb.se\/index.php?rest_route=\/wp\/v2\/pages"}],"about":[{"href":"https:\/\/xn--hftessamlarna-bfb.se\/index.php?rest_route=\/wp\/v2\/types\/page"}],"author":[{"embeddable":true,"href":"https:\/\/xn--hftessamlarna-bfb.se\/index.php?rest_route=\/wp\/v2\/users\/1"}],"replies":[{"embeddable":true,"href":"https:\/\/xn--hftessamlarna-bfb.se\/index.php?rest_route=%2Fwp%2Fv2%2Fcomments&post=4052"}],"version-history":[{"count":0,"href":"https:\/\/xn--hftessamlarna-bfb.se\/index.php?rest_route=\/wp\/v2\/pages\/4052\/revisions"}],"up":[{"embeddable":true,"href":"https:\/\/xn--hftessamlarna-bfb.se\/index.php?rest_route=\/wp\/v2\/pages\/1060"}],"wp:attachment":[{"href":"https:\/\/xn--hftessamlarna-bfb.se\/index.php?rest_route=%2Fwp%2Fv2%2Fmedia&parent=4052"}],"curies":[{"name":"wp","href":"https:\/\/api.w.org\/{rel}","templated":true}]}}