{"id":392,"date":"2011-10-19T13:16:59","date_gmt":"2011-10-19T11:16:59","guid":{"rendered":"http:\/\/xn--hftessamlarna-bfb.se\/?page_id=392"},"modified":"2023-05-07T18:21:05","modified_gmt":"2023-05-07T17:21:05","slug":"sh14-stockholms-skargard-2","status":"publish","type":"page","link":"https:\/\/xn--hftessamlarna-bfb.se\/?page_id=392","title":{"rendered":"SH14 Stockholms sk\u00e4rg\u00e5rd"},"content":{"rendered":"<p><a href=\"https:\/\/xn--hftessamlarna-bfb.se\/wp-content\/uploads\/SH-0014-header-2004.jpg\" rel=\"attachment wp-att-1980\"><img loading=\"lazy\" decoding=\"async\" class=\"alignnone wp-image-7048 size-full\" title=\"SH14\" src=\"https:\/\/xn--hftessamlarna-bfb.se\/wp-content\/uploads\/SH-0014-header-2004.jpg\" alt=\"\" width=\"960\" height=\"893\" srcset=\"https:\/\/xn--hftessamlarna-bfb.se\/wp-content\/uploads\/SH-0014-header-2004.jpg 960w, https:\/\/xn--hftessamlarna-bfb.se\/wp-content\/uploads\/SH-0014-header-2004-300x279.jpg 300w, https:\/\/xn--hftessamlarna-bfb.se\/wp-content\/uploads\/SH-0014-header-2004-150x140.jpg 150w, https:\/\/xn--hftessamlarna-bfb.se\/wp-content\/uploads\/SH-0014-header-2004-768x714.jpg 768w, https:\/\/xn--hftessamlarna-bfb.se\/wp-content\/uploads\/SH-0014-header-2004-323x300.jpg 323w\" sizes=\"auto, (max-width: 960px) 100vw, 960px\" \/><\/a>Utgivningsdag 2004-05-13<br \/>F 2425 &#8211; 2428<br \/>10 \u00d7 inrikes brev, fyra motiv<br \/>Tryckt i fyrf\u00e4rgs offset<br \/>75 mm breda, 10 inlagor\/varv<\/p>\n<p><strong>Ny indelning december 2018 och juli 2021<\/strong><\/p>\n<h2>Typer<\/h2>\n<p><strong>A 38<\/strong> punkters vikperforering slagen fr\u00e5n frim\u00e4rkssidan<br \/><strong>a<\/strong> med frim\u00e4rken utan vitmedel<br \/><strong>b<\/strong> med frim\u00e4rken med vitmedel<\/p>\n<p><strong>B Utan<\/strong> vikperforering (med frim\u00e4rken utan vitmedel)<br \/><a href=\"https:\/\/xn--hftessamlarna-bfb.se\/wp-content\/uploads\/SH-0014-AB-2004.jpg\"><img loading=\"lazy\" decoding=\"async\" class=\"alignnone size-medium wp-image-7049\" src=\"https:\/\/xn--hftessamlarna-bfb.se\/wp-content\/uploads\/SH-0014-AB-2004-300x141.jpg\" alt=\"\" width=\"300\" height=\"141\" srcset=\"https:\/\/xn--hftessamlarna-bfb.se\/wp-content\/uploads\/SH-0014-AB-2004-300x141.jpg 300w, https:\/\/xn--hftessamlarna-bfb.se\/wp-content\/uploads\/SH-0014-AB-2004-1024x482.jpg 1024w, https:\/\/xn--hftessamlarna-bfb.se\/wp-content\/uploads\/SH-0014-AB-2004-150x71.jpg 150w, https:\/\/xn--hftessamlarna-bfb.se\/wp-content\/uploads\/SH-0014-AB-2004-768x362.jpg 768w, https:\/\/xn--hftessamlarna-bfb.se\/wp-content\/uploads\/SH-0014-AB-2004-1536x723.jpg 1536w, https:\/\/xn--hftessamlarna-bfb.se\/wp-content\/uploads\/SH-0014-AB-2004-500x235.jpg 500w, https:\/\/xn--hftessamlarna-bfb.se\/wp-content\/uploads\/SH-0014-AB-2004.jpg 1801w\" sizes=\"auto, (max-width: 300px) 100vw, 300px\" \/><\/a><\/p>\n<p>SH14 har normalt 38 punkters vikperforering (perf 10) slagen fr\u00e5n frim\u00e4rkssidan, men det finns h\u00e4ften utan vikperforering, SH14B finns med kn vid 96-tusen i kombination med c 1. <em>F\u00f6rekomsten av SH14B med enkel c 1 indikerar att SH14B med enkelt kn eller kn + c 2 med eller utan FM kan finnas.<\/em><\/p>\n<p><strong>SH14Aa<\/strong> finns i tv\u00e5 varianter: Den r\u00f6da f\u00e4rgen p\u00e5 sj\u00f6bodarna<br \/><strong>a<\/strong> f\u00f6rblir r\u00f6d I UV-ljus<br \/><strong>b<\/strong> blir orange i UV-ljus<\/p>\n<p>De tv\u00e5 varianter ges nu beteckningarna SH14Aaa och SH14Aab. Varje frim\u00e4rke i de tv\u00e5 varianterna SH14Aaa och SHA14ab skiljer sig \u00e5t i UV-ljus. F\u00f6r ett helt h\u00e4fte \u00e4r det l\u00e4ttast att skilja tv\u00e5 varianterna \u00e5t genom att studera sj\u00f6bodarna. SH14Aab finns med kn i intervallet 70\u201375-tusen och d\u00e5 alltid i kombination med c 1. Notera att en motsvarande indelning har gjorts med avseende p\u00e5 lingonens f\u00e4rg i UV-ljus f\u00f6r SH15 Skogens skafferi.<\/p>\n<p>Beteckningarna f\u00f6r SH14 \u00e4r uppbyggda analogt med dem f\u00f6r SH42 Svenska slott: Indelning med avseende p\u00e5<\/p>\n<ol>\n<li>ryggperforering,<\/li>\n<li>frim\u00e4rkenas vitmedel<\/li>\n<li>fluorescens i UV-ljus.<\/li>\n<\/ol>\n<p>D\u00e5 inget h\u00e4fte av SH14Ab och eller SH14B har hittats d\u00e4r den r\u00f6da f\u00e4rgen blir orange i UV-ljus, finns det nu ingen anledning att ut\u00f6ka beteckningarna f\u00f6r dem s\u00e5 SH14Ab respektive SH14B duger bra.<\/p>\n<p>Delade kn f\u00f6rekommer utan kombination med cyls. Kn 2.5\/2.5 \u00e4r k\u00e4nd i intervallet 36\u201338-tusen. Kn 1.5\/3.5 \u00e4r k\u00e4nd f\u00f6r kn 38\u201340-tusen. Kn 4\/1 \u00e4r k\u00e4nd f\u00f6r kn 44-tusen. FM sitter \u00f6ver slut\u00e4ndan av kn men dess position i sidled i f\u00f6r h\u00e5llanden till kn varierar. Ibland blir det helt FM, men ofta delat FM. Det kan allts\u00e5 f\u00f6rekomma fler varianter med kombination delat kn och helt respektive delat FM \u00e4n vads som tagits upp i tabellen. Rapporter \u00e4r v\u00e4lkomna.<\/p>\n<h2>Markeringar<\/h2>\n<p><strong>A<\/strong><br \/>centralt regm<br \/>FM<br \/>cyls 1<br \/>cyls 2<br \/>helt kn BS<br \/>delat kn BS (5\/1 | 3,5\/1,5 | 2,5\/2,5)<\/p>\n<p><strong>B<\/strong><br \/>centralt regm<br \/>FM<br \/>cyls 1<br \/>cyls 2<br \/>helt kn BS<\/p>\n<div id=\"attachment_7047\" style=\"width: 310px\" class=\"wp-caption alignnone\"><a href=\"https:\/\/xn--hftessamlarna-bfb.se\/wp-content\/uploads\/SH-0014-mark-2004.jpg\"><img loading=\"lazy\" decoding=\"async\" aria-describedby=\"caption-attachment-7047\" class=\"size-medium wp-image-7047\" src=\"https:\/\/xn--hftessamlarna-bfb.se\/wp-content\/uploads\/SH-0014-mark-2004-300x139.jpg\" alt=\"\" width=\"300\" height=\"139\" srcset=\"https:\/\/xn--hftessamlarna-bfb.se\/wp-content\/uploads\/SH-0014-mark-2004-300x139.jpg 300w, https:\/\/xn--hftessamlarna-bfb.se\/wp-content\/uploads\/SH-0014-mark-2004-150x70.jpg 150w, https:\/\/xn--hftessamlarna-bfb.se\/wp-content\/uploads\/SH-0014-mark-2004-768x357.jpg 768w, https:\/\/xn--hftessamlarna-bfb.se\/wp-content\/uploads\/SH-0014-mark-2004-500x232.jpg 500w, https:\/\/xn--hftessamlarna-bfb.se\/wp-content\/uploads\/SH-0014-mark-2004.jpg 960w\" sizes=\"auto, (max-width: 300px) 100vw, 300px\" \/><\/a><p id=\"caption-attachment-7047\" class=\"wp-caption-text\">Illustration \u00f6ver markeringarnas placering<\/p><\/div>\n<h2>K\u00e4nda kombinationer<\/h2>\n<p><img loading=\"lazy\" decoding=\"async\" class=\"alignnone size-large wp-image-6620\" src=\"https:\/\/xn--hftessamlarna-bfb.se\/wp-content\/uploads\/SH14tabell1-1-1024x291.jpg\" alt=\"\" width=\"584\" height=\"166\" srcset=\"https:\/\/xn--hftessamlarna-bfb.se\/wp-content\/uploads\/SH14tabell1-1-1024x291.jpg 1024w, https:\/\/xn--hftessamlarna-bfb.se\/wp-content\/uploads\/SH14tabell1-1-300x85.jpg 300w, https:\/\/xn--hftessamlarna-bfb.se\/wp-content\/uploads\/SH14tabell1-1-150x43.jpg 150w, https:\/\/xn--hftessamlarna-bfb.se\/wp-content\/uploads\/SH14tabell1-1-768x219.jpg 768w, https:\/\/xn--hftessamlarna-bfb.se\/wp-content\/uploads\/SH14tabell1-1-1536x437.jpg 1536w, https:\/\/xn--hftessamlarna-bfb.se\/wp-content\/uploads\/SH14tabell1-1-500x142.jpg 500w, https:\/\/xn--hftessamlarna-bfb.se\/wp-content\/uploads\/SH14tabell1-1.jpg 1862w\" sizes=\"auto, (max-width: 584px) 100vw, 584px\" \/><\/p>\n<p>\u00a0<\/p>\n\n","protected":false},"excerpt":{"rendered":"<p>Utgivningsdag 2004-05-13F 2425 &#8211; 242810 \u00d7 inrikes brev, fyra motivTryckt i fyrf\u00e4rgs offset75 mm breda, 10 inlagor\/varv Ny indelning december 2018 och juli 2021 Typer A 38 punkters vikperforering slagen fr\u00e5n frim\u00e4rkssidana med frim\u00e4rken utan vitmedelb med frim\u00e4rken med vitmedel &hellip; <a href=\"https:\/\/xn--hftessamlarna-bfb.se\/?page_id=392\">Forts\u00e4tt l\u00e4sa <span class=\"meta-nav\">&rarr;<\/span><\/a><\/p>\n","protected":false},"author":1,"featured_media":0,"parent":307,"menu_order":14,"comment_status":"open","ping_status":"closed","template":"","meta":{"footnotes":""},"class_list":["post-392","page","type-page","status-publish","hentry"],"_links":{"self":[{"href":"https:\/\/xn--hftessamlarna-bfb.se\/index.php?rest_route=\/wp\/v2\/pages\/392","targetHints":{"allow":["GET"]}}],"collection":[{"href":"https:\/\/xn--hftessamlarna-bfb.se\/index.php?rest_route=\/wp\/v2\/pages"}],"about":[{"href":"https:\/\/xn--hftessamlarna-bfb.se\/index.php?rest_route=\/wp\/v2\/types\/page"}],"author":[{"embeddable":true,"href":"https:\/\/xn--hftessamlarna-bfb.se\/index.php?rest_route=\/wp\/v2\/users\/1"}],"replies":[{"embeddable":true,"href":"https:\/\/xn--hftessamlarna-bfb.se\/index.php?rest_route=%2Fwp%2Fv2%2Fcomments&post=392"}],"version-history":[{"count":0,"href":"https:\/\/xn--hftessamlarna-bfb.se\/index.php?rest_route=\/wp\/v2\/pages\/392\/revisions"}],"up":[{"embeddable":true,"href":"https:\/\/xn--hftessamlarna-bfb.se\/index.php?rest_route=\/wp\/v2\/pages\/307"}],"wp:attachment":[{"href":"https:\/\/xn--hftessamlarna-bfb.se\/index.php?rest_route=%2Fwp%2Fv2%2Fmedia&parent=392"}],"curies":[{"name":"wp","href":"https:\/\/api.w.org\/{rel}","templated":true}]}}