{"id":3879,"date":"2013-11-21T15:58:52","date_gmt":"2013-11-21T13:58:52","guid":{"rendered":"http:\/\/xn--hftessamlarna-bfb.se\/?page_id=3879"},"modified":"2021-01-21T15:28:22","modified_gmt":"2021-01-21T14:28:22","slug":"ha26-gamla-skyltar","status":"publish","type":"page","link":"https:\/\/xn--hftessamlarna-bfb.se\/?page_id=3879","title":{"rendered":"HA26 Gamla skyltar"},"content":{"rendered":"<p>Utgivningsdag: 1985-08-28<br \/>\nF1359 B, F1360 B, F1361 B, F1362 B samt F1363 BB<br \/>\n1 x 10 \u00f6re, 2 x 20 \u00f6re, 1 x 50 \u00f6re, 2 x 2kr, 5 motiv<br \/>\nSt\u00e5lgravyrtryck<br \/>\nUpplaga: ok\u00e4nd<br \/>\nOmslag: R\u00f6daktigt ljusbrun kartong med svart tryck fr\u00e5n 10 klich\u00e9er<\/p>\n<h2>Typer<\/h2>\n<p><strong>A<\/strong> Omslag A. z=14 mm<\/p>\n<p><strong>B<\/strong> Omslag B. z= 11mm<br \/>\n<strong>B1<\/strong> Smala\u00a0 kn, Vit UV-reaktion<br \/>\n<strong>B2a<\/strong> Feta kn. Lila UV-reaktion. \u00d6vre reg-m\u00e4rket ofta trasigt genom sl\u00f6 kniv.<br \/>\n<strong>B2b<\/strong> Feta kn. Vit UV-reaktion.<br \/>\n<strong>B3 <\/strong>\u00a0 Smalt kn. F\u00e4rgl\u00f6sa cyls. Lila UV-reaktion.<\/p>\n<div id=\"attachment_6122\" style=\"width: 310px\" class=\"wp-caption alignnone\"><a href=\"https:\/\/xn--hftessamlarna-bfb.se\/wp-content\/uploads\/HA26BofargadC2.jpg\"><img loading=\"lazy\" decoding=\"async\" aria-describedby=\"caption-attachment-6122\" class=\"size-medium wp-image-6122\" src=\"https:\/\/xn--hftessamlarna-bfb.se\/wp-content\/uploads\/HA26BofargadC2-300x279.jpg\" alt=\"\" width=\"300\" height=\"279\" srcset=\"https:\/\/xn--hftessamlarna-bfb.se\/wp-content\/uploads\/HA26BofargadC2-300x279.jpg 300w, https:\/\/xn--hftessamlarna-bfb.se\/wp-content\/uploads\/HA26BofargadC2-150x140.jpg 150w, https:\/\/xn--hftessamlarna-bfb.se\/wp-content\/uploads\/HA26BofargadC2-322x300.jpg 322w, https:\/\/xn--hftessamlarna-bfb.se\/wp-content\/uploads\/HA26BofargadC2.jpg 560w\" sizes=\"auto, (max-width: 300px) 100vw, 300px\" \/><\/a><p id=\"caption-attachment-6122\" class=\"wp-caption-text\">f\u00e4rgl\u00f6sa cyls<\/p><\/div>\n<h2><b>Markeringar<\/b><\/h2>\n<p>1fana\u00a0 I B3 \u00e4r cyls of\u00e4rgade.<br \/>\n1fot<br \/>\n2<br \/>\nRT8<\/p>\n<h2><b>Kontrollnummer <\/b><\/h2>\n<p><a href=\"http:\/\/xn--hftessamlarna-bfb.se\/?attachment_id=3880\" rel=\"attachment wp-att-3880\"><img loading=\"lazy\" decoding=\"async\" class=\"alignleft wp-image-3880\" src=\"http:\/\/xn--hftessamlarna-bfb.se\/wp-content\/uploads\/HA26tabell.jpg\" alt=\"HA26tabell\" width=\"348\" height=\"326\" srcset=\"https:\/\/xn--hftessamlarna-bfb.se\/wp-content\/uploads\/HA26tabell.jpg 1381w, https:\/\/xn--hftessamlarna-bfb.se\/wp-content\/uploads\/HA26tabell-150x140.jpg 150w, https:\/\/xn--hftessamlarna-bfb.se\/wp-content\/uploads\/HA26tabell-300x281.jpg 300w, https:\/\/xn--hftessamlarna-bfb.se\/wp-content\/uploads\/HA26tabell-1024x959.jpg 1024w, https:\/\/xn--hftessamlarna-bfb.se\/wp-content\/uploads\/HA26tabell-320x300.jpg 320w\" sizes=\"auto, (max-width: 348px) 100vw, 348px\" \/><\/a><\/p>\n<h2><b>Varianter<\/b><\/h2>\n<p>Delar av reg-m\u00e4rke p\u00e5 kantremsan.<br \/>\nBrunt streck i kantremsan.<\/p>\n<h2>Klich\u00e9k\u00e4nnetecken f\u00f6r Typ A<\/h2>\n<p><strong>Ytterklich\u00e9er<\/strong><br \/>\n<strong>1<\/strong> \u00f6vre v\u00e4nstra delen av 1:a \u201de\u201d i Bodeckers sid IV rad 2 saknas.<br \/>\n<strong>2<\/strong> liten punk t h om bokpressen i symbolen\u00a0 f\u00f6r bokbinderi.<br \/>\n<strong>3<\/strong> brott p\u00e5 nedre ramlinjen t v under symbolen f\u00f6r rakstuga.<br \/>\n<strong>4<\/strong> l\u00e4ngst ned t h p\u00e5 sid IV finns 1 streck och en fl\u00e4ck i \u00f6vre klykan p\u00e5 \u201dk\u201d i krona.<br \/>\n<strong>5<\/strong> tunt streck t h om f\u00f6rsta A i GAMLA sid 1.<br \/>\n<strong>6<\/strong> punkt nedtill i symbolen f\u00f6r vagnmakare.<br \/>\n<strong>7<\/strong> brott t h i cirkeln runt symbolen f\u00f6r handskmakare.<br \/>\n<strong>8<\/strong> liten punkt t h ovanf\u00f6r hyveln i symbolen f\u00f6r snickare.<br \/>\n<strong>9<\/strong> liten punkt rakt under h\u00e4stskon i symbolen smedja.<br \/>\n<strong>10<\/strong> punkt ovanf\u00f6r symbolen f\u00f6r urmakare.<\/p>\n<p><strong>Innerklich\u00e9er<\/strong><br \/>\n<strong>1<\/strong> mycket liten punkt \u00f6ver \u201dl\u201d i Kunglig sid III rad 5.<br \/>\n<strong>2<\/strong><br \/>\n<strong>a<\/strong> litet kort streck under \u201da\u201d i man sid III rad 2.<br \/>\n<strong>b<\/strong> \u201dh\u201d i\u00a0 hamnstorg sista raden Sid III saknar nedre h\u00f6gra delen. Samma som 4.<br \/>\n<strong>c<\/strong> sid III nederst t h punkten efter forts saknas, dock inte alltid. Samma som 3b och 10.<br \/>\n<strong>3<\/strong><br \/>\n<strong>a<\/strong> \u201di\u201d i augusti sid II rad 1 saknar prick.<br \/>\n<strong>b<\/strong> sid III nederst t h punkten efter forts saknas. Samma som 2c och 10.<br \/>\n<strong>4<\/strong> \u201dh\u201d hamnstorg sista raden Sid III saknar nedre h\u00f6gra delen. Samma som 2b. Inte alltid i serie 2.<br \/>\n<strong>5<\/strong><br \/>\n<strong>a<\/strong> punkt \u00f6ver 85 i 1985 sid II rad 1.\u00a0 Kan saknas.<br \/>\n<strong>b<\/strong> punkt under \u201dm\u201d i som sid III rad 9. Kan saknas.<br \/>\n<strong>6<\/strong> punkt upptill mellan \u201dn\u201d och \u201dg\u201d i h\u00e4ngt sid III n\u00e4st nedersta raden.<br \/>\n<strong>7<\/strong> \u201da\u201d i Riga sid III rad 11 saknar nedre h\u00f6gra delen.<br \/>\n<strong>8<\/strong> \u201d\u00e5\u201d i S\u00e5 saknar h\u00f6ga delen av ringen sid III f\u00f6rst i \u00f6versta raden.\u00a0 Kan saknas.<br \/>\n<strong>9<\/strong> en stor och en mindre punkt under 1:a stapeln i \u201dn\u201d i under sid III rad 1 t h. Utan f\u00f6rstoring syns den som en tydlig stor fl\u00e4ck.<br \/>\n<strong> 10<\/strong> sid III nederst t h punkten efter fortskan saknas. Samma som 2c och 3b.<\/p>\n<h2>Klich\u00e9k\u00e4nnetecken f\u00f6r Typ B<\/h2>\n<p><strong>1a<\/strong> sid 1: Punkt under bokpressen.<br \/>\n<strong>2<br \/>\na<\/strong> sid 1: Nedre h\u00f6gra h\u00f6rnet ordet M\u00c4RKE. Punkt p\u00e5 toppen av R. Punkt under 1:a stapeln p\u00e5 N.<br \/>\n<strong>b<\/strong> sid 4: Rad 6 fr\u00e5n botten ordet st\u00f6rre. Punkt under \u00f6.<br \/>\n<strong>c<\/strong> sid 4: Rad 5 ordet Skomakarskylt. Under foten p\u00e5 r liten punkt.<br \/>\n<strong>3<\/strong><br \/>\n<strong>a<\/strong> sid1: Punkt 1mm \u00f6ver grova linjen under GAMLA SKYLTAR. Punkten under GA.<br \/>\n<strong>b<\/strong> sid 4: Rad 9 efter ordet Musikhandelsskylt ett utropstecken 0,5 mm \u00f6ver rad botten.<br \/>\n<strong>c<\/strong> sid 4: Rad 6 fr\u00e5n botten ordet under. Avbrott i botten p\u00e5 e.<br \/>\n<strong>4<br \/>\na<\/strong> sid 1: I G i ordet GAMLA. Punkt i \u00f6ppningen p\u00e5 G.<br \/>\n<strong>b<\/strong> sid 4: 11:e raden uppifr\u00e5n. Under \u00f6 i ordet Tillh\u00f6r en punkt.<br \/>\n<strong>5<br \/>\na<\/strong> sid 1: Murarskylten. P\u00e5 v\u00e4nster sidan av triangeln en punkt.<br \/>\n<strong>b<\/strong> sid 4: 12:e raden uppifr\u00e5n. I ordet Kopparslagsskylten. Punkt \u00f6ver 1:a l.<br \/>\n<strong>6<br \/>\na<\/strong> sid 1:Inom ramen punkt uppe h\u00f6gra h\u00f6rnet.<br \/>\n<strong>b<\/strong> sid 4: 11:e raden ordet Norrk\u00f6ping. Liten punkt till v\u00e4nster om k upptill.<br \/>\n<strong>7<br \/>\na<\/strong> se 6 a.<br \/>\n<strong>b<\/strong> sid 1: Skr\u00e4ddar skylt. Punkt p\u00e5 fingrarna till v\u00e4nster.<br \/>\n<strong>8<br \/>\na<\/strong> se 3 a.<br \/>\n<strong>b<\/strong> sid 4: Rad 9. Punkt under d i ordet Musikhandelsskylt.<br \/>\n<strong>c<\/strong> sid 4: Snickarskylten. P\u00e5 passarens v\u00e4nster ben en punkt.<br \/>\n<strong>9<br \/>\na<\/strong> se 3 a.<br \/>\n<strong>b<\/strong> sid 4: 6:e raden ordet Norrk\u00f6ping. Liten punkt \u00f6ver 1:a stapeln p\u00e5 N.<br \/>\n<strong>c<\/strong> sid 4: 3:e raden underifr\u00e5n ordet talet. Punkt under l.<br \/>\n<strong>10<br \/>\na<\/strong> sid 1: Snedstreck p\u00e5 lodr\u00e4ta linjen \u00f6ver grova linjen i botten.<br \/>\n<strong>b<\/strong> sid 4: 4:e raden fr\u00e5n botten ordet kaffekittel. Punkt \u00f6ver ff.<\/p>\n<h2>Artiklar<\/h2>\n<p><a href=\"http:\/\/xn--hftessamlarna-bfb.se\/wp-content\/uploads\/HA26-Gunnar-Struck.pdf\">HA26 Gunnar Struck<\/a><\/p>\n","protected":false},"excerpt":{"rendered":"<p>Utgivningsdag: 1985-08-28 F1359 B, F1360 B, F1361 B, F1362 B samt F1363 BB 1 x 10 \u00f6re, 2 x 20 \u00f6re, 1 x 50 \u00f6re, 2 x 2kr, 5 motiv St\u00e5lgravyrtryck Upplaga: ok\u00e4nd Omslag: R\u00f6daktigt ljusbrun kartong med svart tryck &hellip; <a href=\"https:\/\/xn--hftessamlarna-bfb.se\/?page_id=3879\">Forts\u00e4tt l\u00e4sa <span class=\"meta-nav\">&rarr;<\/span><\/a><\/p>\n","protected":false},"author":1,"featured_media":0,"parent":3707,"menu_order":26,"comment_status":"open","ping_status":"closed","template":"","meta":{"footnotes":""},"class_list":["post-3879","page","type-page","status-publish","hentry"],"_links":{"self":[{"href":"https:\/\/xn--hftessamlarna-bfb.se\/index.php?rest_route=\/wp\/v2\/pages\/3879","targetHints":{"allow":["GET"]}}],"collection":[{"href":"https:\/\/xn--hftessamlarna-bfb.se\/index.php?rest_route=\/wp\/v2\/pages"}],"about":[{"href":"https:\/\/xn--hftessamlarna-bfb.se\/index.php?rest_route=\/wp\/v2\/types\/page"}],"author":[{"embeddable":true,"href":"https:\/\/xn--hftessamlarna-bfb.se\/index.php?rest_route=\/wp\/v2\/users\/1"}],"replies":[{"embeddable":true,"href":"https:\/\/xn--hftessamlarna-bfb.se\/index.php?rest_route=%2Fwp%2Fv2%2Fcomments&post=3879"}],"version-history":[{"count":0,"href":"https:\/\/xn--hftessamlarna-bfb.se\/index.php?rest_route=\/wp\/v2\/pages\/3879\/revisions"}],"up":[{"embeddable":true,"href":"https:\/\/xn--hftessamlarna-bfb.se\/index.php?rest_route=\/wp\/v2\/pages\/3707"}],"wp:attachment":[{"href":"https:\/\/xn--hftessamlarna-bfb.se\/index.php?rest_route=%2Fwp%2Fv2%2Fmedia&parent=3879"}],"curies":[{"name":"wp","href":"https:\/\/api.w.org\/{rel}","templated":true}]}}