{"id":3875,"date":"2013-11-21T15:32:38","date_gmt":"2013-11-21T13:32:38","guid":{"rendered":"http:\/\/xn--hftessamlarna-bfb.se\/?page_id=3875"},"modified":"2018-06-12T15:32:08","modified_gmt":"2018-06-12T14:32:08","slug":"ha24-anglok","status":"publish","type":"page","link":"https:\/\/xn--hftessamlarna-bfb.se\/?page_id=3875","title":{"rendered":"HA24 \u00c5nglok"},"content":{"rendered":"<p>Utgivningsdag: 1975-08-27<br \/>\nF935 BB, F936 BB samt F937 BB.<br \/>\n4 x 5 \u00f6re, 2 x 90 \u00f6re, 3 motiv<br \/>\nSt\u00e5lgravyrtryck p\u00e5 gult fluorescerande papper.<br \/>\nUpplaga: 2,50 milj. h\u00e4ften<br \/>\nOmslag: bl\u00e5 kartong med svart tryck fr\u00e5n 10 klich\u00e9er<\/p>\n<h2>Typer<\/h2>\n<p><strong>A<\/strong><b> <\/b>Klich\u00e9typ 1~1.<br \/>\n<strong>A1<\/strong> Omslag utan avtryck.<br \/>\n<strong>A2<\/strong> Omslag med ritsar.<\/p>\n<p><strong>B<\/strong> Klich\u00e9typ 1~2<br \/>\n<strong>B1<\/strong> Omslag utan avtryck.<br \/>\n<strong>B2<\/strong> Omslag med ritsar.<\/p>\n<p><strong>C<\/strong> Klich\u00e9typ 1~3.<br \/>\n<strong>C1<\/strong> Omslag utan avtryc<br \/>\n<strong>C2<\/strong> Omslag med ritsar.<\/p>\n<h2><b>Markeringar<\/b><\/h2>\n<p>Cylindersiffror och kontrollnummer saknas.<br \/>\nRT8 svart finns i alla h\u00e4ftestyper.<\/p>\n<h2><b>Ryggtryck<\/b><\/h2>\n<p><a href=\"http:\/\/xn--hftessamlarna-bfb.se\/?attachment_id=3876\" rel=\"attachment wp-att-3876\"><img loading=\"lazy\" decoding=\"async\" class=\"alignleft wp-image-3876\" src=\"http:\/\/xn--hftessamlarna-bfb.se\/wp-content\/uploads\/HA24tabell.jpg\" alt=\"HA24tabell\" width=\"323\" height=\"221\" srcset=\"https:\/\/xn--hftessamlarna-bfb.se\/wp-content\/uploads\/HA24tabell.jpg 898w, https:\/\/xn--hftessamlarna-bfb.se\/wp-content\/uploads\/HA24tabell-150x102.jpg 150w, https:\/\/xn--hftessamlarna-bfb.se\/wp-content\/uploads\/HA24tabell-300x205.jpg 300w, https:\/\/xn--hftessamlarna-bfb.se\/wp-content\/uploads\/HA24tabell-438x300.jpg 438w\" sizes=\"auto, (max-width: 323px) 100vw, 323px\" \/><\/a><\/p>\n<h2><b>Varianter<\/b><\/h2>\n<p>Snedcentrerade h\u00e4ften med dubbla grav\u00f6r initialer finns.<\/p>\n<div id=\"attachment_5140\" style=\"width: 970px\" class=\"wp-caption alignleft\"><a href=\"http:\/\/xn--hftessamlarna-bfb.se\/wp-content\/uploads\/HA24olikaRT.jpg\"><img loading=\"lazy\" decoding=\"async\" aria-describedby=\"caption-attachment-5140\" class=\"wp-image-5140 size-full\" src=\"http:\/\/xn--hftessamlarna-bfb.se\/wp-content\/uploads\/HA24olikaRT.jpg\" alt=\"HA24olikaRT\" width=\"960\" height=\"240\" srcset=\"https:\/\/xn--hftessamlarna-bfb.se\/wp-content\/uploads\/HA24olikaRT.jpg 960w, https:\/\/xn--hftessamlarna-bfb.se\/wp-content\/uploads\/HA24olikaRT-150x38.jpg 150w, https:\/\/xn--hftessamlarna-bfb.se\/wp-content\/uploads\/HA24olikaRT-300x75.jpg 300w, https:\/\/xn--hftessamlarna-bfb.se\/wp-content\/uploads\/HA24olikaRT-500x125.jpg 500w\" sizes=\"auto, (max-width: 960px) 100vw, 960px\" \/><\/a><p id=\"caption-attachment-5140\" class=\"wp-caption-text\">olika utseende p\u00e5 RT &#8211; m\u00f6jligen n\u00e5got efterhandstryck?<\/p><\/div>\n<h2>Klich\u00e9k\u00e4nnetecken<\/h2>\n<p><strong>Ytterklich\u00e9er<\/strong><br \/>\n<strong>1<\/strong> tydlig punkt \u00f6ver h\u00f6gra delen av \u201dv\u201d i j\u00e4rnv\u00e4gsmuseum sid IV rad 7.<br \/>\n<strong>2<\/strong><br \/>\n<strong>a<\/strong> tydlig punkt \u00f6ver 3:e stapeln i \u201dm\u201d i mellan sid IV rad 8.<br \/>\n<strong>b<\/strong> punkt ovanf\u00f6r R i PRINS AUGUST sid IV rad 3.<br \/>\n<strong>3<\/strong> saknar k\u00e4nnetecken.<br \/>\n<strong>4<\/strong> svag punkt ovanf\u00f6r 7 i 1878 sid IV rad 8.<br \/>\n<strong>5<\/strong> punkt ovanf\u00f6r v\u00e4nstra kanten p\u00e5 personvagnen sid I.<br \/>\n<strong>6<\/strong> tydlig punkt under tv\u00e4rstrecket p\u00e5 2 kr sid I.<br \/>\n<strong>7<\/strong> saknar k\u00e4nnetecken.<br \/>\n<strong>8<\/strong> punkt till v\u00e4nster under sista \u201de\u201d i \u00e5terst\u00e5ende sid I rad 1.<br \/>\n<strong>9<\/strong> tydlig punkt t h om ramen i h\u00f6jd med Jernbans- sid I.<br \/>\n<strong>10<\/strong> tydlig punkt ovanf\u00f6r \u201dve\u201d i levererades sid IV rad 11.<\/p>\n<p><strong>Innerklich\u00e9er<\/strong><br \/>\n<strong>1<\/strong> tydlig punkt mitt ovanf\u00f6r \u201dd\u201d i vid sid III rad 2.<br \/>\n<strong>2<\/strong> tydlig punkt t h under \u201de\u201d i under sid III rad 1.<br \/>\n<strong>3<\/strong><br \/>\n<strong>a<\/strong> punkt mitt ovanf\u00f6r 1:a \u201da\u201d i banans sid III rad 7.<br \/>\n<strong>b<\/strong> punkt nedtill t v om mittstapeln p\u00e5 \u201dm\u201d i Malm\u00f6<br \/>\n<strong>4<\/strong> punkt t v under % i 1975 sid II rad 1.<br \/>\n<strong>5<\/strong> trafiken p\u00e5 sid iii n\u00e4st nedersta raden avslutas med n\u00e5got liknande semikolon.<br \/>\n<strong>6<\/strong> en svag punkt t v under 1:a \u201ds\u201d i Eskilstuna sid III rad 3. Kan saknas.<br \/>\n<strong>7<\/strong> mycket tydlig punkt ovanf\u00f6r tv\u00e4rstrecket mellan \u00e5rtalen sid III rad 1.<br \/>\n<strong>8<\/strong> punkt uppe t v om 2 i 27 sid II rad 1.<br \/>\n<strong>9<\/strong> punkt ovanf\u00f6r 53 . 1853 sid III rad 1<br \/>\n<strong>10<\/strong><br \/>\n<strong>a<\/strong> tydlig punkt ovanf\u00f6r \u201de\u201d i \u00e5ren sid III rad 1<br \/>\n<strong>b<\/strong> liten punkt ovanf\u00f6r t h 1:a \u201dn\u201d i utgivningsdag sid II rad 1.<\/p>\n<h2>Artiklar<\/h2>\n<p><a href=\"http:\/\/xn--hftessamlarna-bfb.se\/wp-content\/uploads\/HA24-Gunnar-Struck.pdf\">HA24 Gunnar Struck<\/a><\/p>\n","protected":false},"excerpt":{"rendered":"<p>Utgivningsdag: 1975-08-27 F935 BB, F936 BB samt F937 BB. 4 x 5 \u00f6re, 2 x 90 \u00f6re, 3 motiv St\u00e5lgravyrtryck p\u00e5 gult fluorescerande papper. Upplaga: 2,50 milj. h\u00e4ften Omslag: bl\u00e5 kartong med svart tryck fr\u00e5n 10 klich\u00e9er Typer A Klich\u00e9typ &hellip; <a href=\"https:\/\/xn--hftessamlarna-bfb.se\/?page_id=3875\">Forts\u00e4tt l\u00e4sa <span class=\"meta-nav\">&rarr;<\/span><\/a><\/p>\n","protected":false},"author":1,"featured_media":0,"parent":3707,"menu_order":24,"comment_status":"open","ping_status":"closed","template":"","meta":{"footnotes":""},"class_list":["post-3875","page","type-page","status-publish","hentry"],"_links":{"self":[{"href":"https:\/\/xn--hftessamlarna-bfb.se\/index.php?rest_route=\/wp\/v2\/pages\/3875","targetHints":{"allow":["GET"]}}],"collection":[{"href":"https:\/\/xn--hftessamlarna-bfb.se\/index.php?rest_route=\/wp\/v2\/pages"}],"about":[{"href":"https:\/\/xn--hftessamlarna-bfb.se\/index.php?rest_route=\/wp\/v2\/types\/page"}],"author":[{"embeddable":true,"href":"https:\/\/xn--hftessamlarna-bfb.se\/index.php?rest_route=\/wp\/v2\/users\/1"}],"replies":[{"embeddable":true,"href":"https:\/\/xn--hftessamlarna-bfb.se\/index.php?rest_route=%2Fwp%2Fv2%2Fcomments&post=3875"}],"version-history":[{"count":0,"href":"https:\/\/xn--hftessamlarna-bfb.se\/index.php?rest_route=\/wp\/v2\/pages\/3875\/revisions"}],"up":[{"embeddable":true,"href":"https:\/\/xn--hftessamlarna-bfb.se\/index.php?rest_route=\/wp\/v2\/pages\/3707"}],"wp:attachment":[{"href":"https:\/\/xn--hftessamlarna-bfb.se\/index.php?rest_route=%2Fwp%2Fv2%2Fmedia&parent=3875"}],"curies":[{"name":"wp","href":"https:\/\/api.w.org\/{rel}","templated":true}]}}