{"id":3855,"date":"2013-11-20T14:24:09","date_gmt":"2013-11-20T12:24:09","guid":{"rendered":"http:\/\/xn--hftessamlarna-bfb.se\/?page_id=3855"},"modified":"2018-06-12T15:27:57","modified_gmt":"2018-06-12T14:27:57","slug":"ha19-svensk-konstsmida","status":"publish","type":"page","link":"https:\/\/xn--hftessamlarna-bfb.se\/?page_id=3855","title":{"rendered":"HA19 Svensk konstsmide"},"content":{"rendered":"<p>Utgivningdag: 1970-02-09<br \/>\nF686 BB, F687 BB, F688 BB, F689A<br \/>\n2x 5 \u00f6re, 2 x 10 \u00f6re, 2 x 30 \u00f6re samt 2 x 55 \u00f6re, 4 motiv<br \/>\nSt\u00e5lgravyrtryck p\u00e5 gult\u00a0 fluorescerande papper<br \/>\nUpplaga: 3,18 milj. h\u00e4ften<br \/>\nOmslag: vit kartong med brunt tryck fr\u00e5n 10 klich\u00e9er.<\/p>\n<h2>Typer<\/h2>\n<p><strong>A<\/strong><b> <b>1<\/b><\/b>9 punkters streckperforering.<br \/>\n<strong>A1<\/strong> avst\u00e5ndet w=37 mm (text syns i 2:a perf.raden)<br \/>\n<strong>A2<\/strong> avst\u00e5ndet w=40 mm (ingen text syns)<\/p>\n<p><strong>B<\/strong><b> <\/b>11 punkters streckperforering.<\/p>\n<h2><b>Markeringar<\/b><\/h2>\n<p><a href=\"http:\/\/xn--hftessamlarna-bfb.se\/?attachment_id=3856\" rel=\"attachment wp-att-3856\"><img loading=\"lazy\" decoding=\"async\" class=\"alignleft size-full wp-image-3856\" src=\"http:\/\/xn--hftessamlarna-bfb.se\/wp-content\/uploads\/HA19tabell.jpg\" alt=\"HA19tabell\" width=\"1600\" height=\"1204\" srcset=\"https:\/\/xn--hftessamlarna-bfb.se\/wp-content\/uploads\/HA19tabell.jpg 1600w, https:\/\/xn--hftessamlarna-bfb.se\/wp-content\/uploads\/HA19tabell-150x112.jpg 150w, https:\/\/xn--hftessamlarna-bfb.se\/wp-content\/uploads\/HA19tabell-300x225.jpg 300w, https:\/\/xn--hftessamlarna-bfb.se\/wp-content\/uploads\/HA19tabell-1024x770.jpg 1024w, https:\/\/xn--hftessamlarna-bfb.se\/wp-content\/uploads\/HA19tabell-398x300.jpg 398w\" sizes=\"auto, (max-width: 1600px) 100vw, 1600px\" \/><\/a><\/p>\n<h2><b>Ryggtryck<\/b><\/h2>\n<p><a href=\"http:\/\/xn--hftessamlarna-bfb.se\/?attachment_id=3857\" rel=\"attachment wp-att-3857\"><img loading=\"lazy\" decoding=\"async\" class=\"alignleft wp-image-3857\" src=\"http:\/\/xn--hftessamlarna-bfb.se\/wp-content\/uploads\/HA19RT.jpg\" alt=\"HA19RT\" width=\"336\" height=\"438\" srcset=\"https:\/\/xn--hftessamlarna-bfb.se\/wp-content\/uploads\/HA19RT.jpg 1166w, https:\/\/xn--hftessamlarna-bfb.se\/wp-content\/uploads\/HA19RT-114x150.jpg 114w, https:\/\/xn--hftessamlarna-bfb.se\/wp-content\/uploads\/HA19RT-229x300.jpg 229w, https:\/\/xn--hftessamlarna-bfb.se\/wp-content\/uploads\/HA19RT-784x1024.jpg 784w\" sizes=\"auto, (max-width: 336px) 100vw, 336px\" \/><\/a><\/p>\n<h2><b>H\u00e4ftesl\u00e4ngd<\/b><\/h2>\n<p>73 mm\u00a0\u00a0\u00a0\u00a0\u00a0 serie 2b2<br \/>\n74 mm\u00a0\u00a0\u00a0\u00a0\u00a0 Serie 1, 2a, 2b1, 4, 5, 6, 7, 8 ,9, 10<br \/>\n75 mm\u00a0\u00a0\u00a0\u00a0\u00a0 3<\/p>\n<h2><b>Varianter<\/b><\/h2>\n<p><strong>HA19A1<\/strong>\u00a0\u00a0 Serie 10 saknat perforeringsh\u00e5l l\u00e4ngs hela nedre raden finns.<\/p>\n<h2>HA19 Klich\u00e9k\u00e4nnetecken<\/h2>\n<p>Klich\u00e9upps\u00e4ttning 1-10<\/p>\n<p><strong>Ytterklich\u00e9er<\/strong><br \/>\n<strong>1<\/strong><br \/>\na tydlig punkt strax ovanf\u00f6r den grova v\u00e5gr\u00e4ta linjen och under E i KONSTSMIDE.(= 6).<br \/>\nOBS 3b har samma punkt fast mindre.<br \/>\nb liten punkt under 1:a stapeln p\u00e5 \u201dn\u201d i Bergslagen Sid IV rad 11.<br \/>\n<strong>2<\/strong> punkt under sista \u201de\u201d i Bergslagen sid IV rad 11.<br \/>\n<strong>3<\/strong><br \/>\na tydlig punkt under 3:e stapeln p\u00e5 \u201dm\u201d i med sid IV rad 2.<br \/>\nb liten punkt strax ovanf\u00f6r den grova v\u00e5gr\u00e4ta linjen och under E i KONSTSMIDE.<br \/>\n<strong>4<\/strong> tydlig punkt strax ovanf\u00f6r den v\u00e5gr\u00e4ta linjen t h om 2 i 2:- sid I.<br \/>\n<strong>5<\/strong> 2 sm\u00e5 punkter t h i snurran n\u00e4rmast ovanf\u00f6r E i KONSTSMIDE.<br \/>\n<strong>6<\/strong> tydlig punkt strax ovanf\u00f6r den grova v\u00e5gr\u00e4ta linjen och under E i KONSTSMIDE. (= 1a).<br \/>\n<strong>7<br \/>\n<\/strong>a punkt mellan 2 i 2:- och nedre delen av ramen sid I.<br \/>\nb tydlig punkt t h nedanf\u00f6r den \u00f6vre snurran ovanf\u00f6r E i KONSTSMIDE .<br \/>\nc tydlig punkt ovanf\u00f6r \u201ds\u201d i livstr\u00e4d sid IV rad 5.<br \/>\n<strong>8<\/strong> tydlig punkt inuti snurran i \u00f6vre h\u00f6gra h\u00f6rnet sid I.<br \/>\n<strong>9<\/strong> tydlig punkt ovanf\u00f6r det nedre hj\u00e4rtat ovanf\u00f6r 1:a S i KONSTSMIDE.<br \/>\n<strong>10<br \/>\n<\/strong>a punkt snett t h ovanf\u00f6r D i D\u00f6rren sid iv rad 5.<br \/>\nb punkt och tydlig fl\u00e4ck i nedre cirkeln ovanf\u00f6r EN\u00a0 i M\u00c4RKEN sid I.<\/p>\n<p><strong>Innerklich\u00e9er<\/strong><br \/>\n<strong>1<\/strong> saknar k\u00e4nnetecken<br \/>\n<strong>2<\/strong> urgr\u00f6pning i 2:a sv\u00e4ngen p\u00e5 \u201dm\u201d i masttopp sid III rad 6.<br \/>\n<strong>3<\/strong> saknar k\u00e4nnetecken<br \/>\n<strong>4<\/strong> mycket tydlig punkt \u00f6ver \u201dn\u201d i S\u00f6deralafl\u00f6jeln<br \/>\n<strong>5<br \/>\n<\/strong>a tydlig punkt t v ovanf\u00f6r \u201dg\u201d ii ringlande sid III rad 2.<br \/>\nb punkt mellan \u201dr\u201d och \u201de\u201d i senare\u00a0 sid III rad 8.<br \/>\nc tydlig punkt efter s i anv\u00e4ndas sid III rad 8.<br \/>\n<strong>6<\/strong><br \/>\na fl\u00e4ck ovanf\u00f6r sista \u201dr\u201d i v\u00e4derfanor sid III rad 5.<br \/>\nb punkt nedtill mellan \u201do\u201d och \u201dr\u201d i Majvor sid II rad 2.<br \/>\n<strong>7<\/strong> saknar k\u00e4nnetecken<br \/>\n<strong>8<\/strong> tydlig punkt ovanf\u00f6r v\u00e4nstra stapeln i N i N\u00e5gra sid III rad 7 samt liten punkt snett ovanf\u00f6r vid sista \u201da\u201d i standar. Rad 6.<br \/>\n<strong>9<\/strong> urgr\u00f6pning i stapeln i 1:a\u00a0 \u201dr\u201d f\u00f6rvaras sid III rad 10.<br \/>\n<strong>10<\/strong> urgr\u00f6pning i nedre delen av h\u00f6gra stapeln i \u201dn\u201d i Statens sid III 10.<\/p>\n<p>Klich\u00e9upps\u00e4ttning 11-20<br \/>\n<strong>Ytterklich\u00e9er<\/strong><br \/>\n<strong>11<\/strong><br \/>\na tydlig punkt efter \u201d\u00e5\u201d i P\u00e5 sid IV rad 9.<br \/>\nb tydlig punkt i den \u00f6vre v\u00e4nstra lilla cirkeln ovanf\u00f6r FRI sid I.<br \/>\n<strong>12<\/strong><br \/>\na tv\u00e5 punkter ovanf\u00f6r \u201dr\u201d i livstr\u00e4d sid IV rad 5.<br \/>\nb b\u00f6jd linje t h om den mellersta stora cirkeln ovanf\u00f6r FRI sid I.<br \/>\n<strong>13<\/strong> tydliga punkter dels i \u201dD\u201d dels ovanf\u00f6r \u201dE\u201d i KONSTSMIDE.<br \/>\n<strong>14<\/strong><br \/>\na tydlig punkt under stapeln p\u00e5 \u201dd\u201d i h\u00e4rads sid IV rad 9.<br \/>\nb tydlig punkt t v under \u201da\u201d i spelande sid IV rad 8.<br \/>\nc liten punkt t h om \u00f6vre delen av stapel i \u201dh\u201d i och sid IV rad 4.<br \/>\nd liten punkt ovanf\u00f6r den v\u00e5gr\u00e4ta linjen och under\u201dE\u201d i KONSTSMIDE.(0 6 a).<br \/>\n<strong>15<\/strong><br \/>\na brott uppe t h om den mellersta stora cirkeln ovanf\u00f6r FRI sid I.<br \/>\nb mycket liten punkt t v om D i D\u00f6rr Sid IV rad 2.<br \/>\n<strong>16<\/strong><br \/>\na liten punkt ovanf\u00f6r den v\u00e5gr\u00e4ta linjen och under \u201dE\u201d i KONSTSMIDE. (0 14 d).<br \/>\nb f\u00f6rtjockning uppe t h p\u00e5 mellersta stora cirkeln ovanf\u00f6r FRI sid I.<br \/>\n<strong>17<\/strong> punkt t h ovanf\u00f6r \u201dv\u201d i av sid IV rad 5.<br \/>\n<strong>18<\/strong><br \/>\na tydlig punkt ovanf\u00f6r \u201ded\u201d i smeden sid IV rad 6.<br \/>\nb mycket tydlig punkt \u00f6ver v\u00e4nstra stapeln i \u201du\u201d i Rudinger sid IV rad 6.<br \/>\nc tydlig punkt t h om stapeln i \u201dh\u201d i och sid IV rad 4.<br \/>\n<strong>19<\/strong> punkt under sista kommat i sista citattecknet sid IV sista raden. Kan vara mycket liten.<br \/>\n<strong>20<\/strong><br \/>\na Tydlig punkt f\u00f6re punkterna i \u00c4 i \u00c4ven sid IV rad 6.<br \/>\nb liten punkt t h ovanf\u00f6r \u201de\u201d i D\u00f6rren sid IV rad 5.<\/p>\n<p><strong>Innerklich\u00e9er<\/strong><br \/>\n<strong>11<\/strong> tydlig punkt mitt \u00f6ver 1000 sid III rad 3.<br \/>\n<strong>12<\/strong> tydlig fl\u00e4ck h\u00f6gst upp t h om 2: \u201dl\u201d i fullt sid III rad 4.<br \/>\n<strong>13<\/strong><br \/>\na nedtill f\u00f6re \u201ds\u201d i st\u00e4v sid III rad 6.<br \/>\nb liten punkt i \u201dd\u201d i standar sid III rad 6.<br \/>\nc mycket liten punkt nedtill till v om \u201d\u00f6\u201d i kyrkfl\u00f6jlar sid III rad 8.<br \/>\n<strong>14<\/strong><br \/>\na tydlig punkt \u00f6ver \u201d1\u201d i 1970 sid II rad 1.<br \/>\nb punkt under 2:a \u201dr\u201d i pryder sid III rad 5.<br \/>\n<strong>15<\/strong> saknar k\u00e4nnetecken<br \/>\n<strong>16<\/strong> liten punkt mellan \u201di\u201d och \u201dd\u201d i sida sid III sista raden.<br \/>\n<strong>17<\/strong> liten punkt ovanf\u00f6r 2:a \u201dl\u201d i S\u00f6deralafl\u00f6jlen sid III rad 1.<br \/>\n<strong>18<br \/>\n<\/strong>a punkt ovanf\u00f6r \u201dng\u201d i vikingaskepp sid III rad 6. I serie 5 kan 18 a och b saknas.<br \/>\nb tydlig punkt nedtill f\u00f6re fullt sid III rad 4.<br \/>\n<strong>19<\/strong> tydlig punkt ovanf\u00f6r 2:a \u201dr\u201d i pryder sid III rad 5.<br \/>\n<strong>20<\/strong> punkt i 1:a \u201da\u201d i v\u00e4derfanan sid III rad 9. Kan variera fr\u00e5n mycket liten till tydlig.<\/p>\n<h2>Artiklar<\/h2>\n<p><a href=\"http:\/\/xn--hftessamlarna-bfb.se\/wp-content\/uploads\/HA19-Gunnar-Struck.pdf\">HA19 Gunnar Struck<\/a><\/p>\n","protected":false},"excerpt":{"rendered":"<p>Utgivningdag: 1970-02-09 F686 BB, F687 BB, F688 BB, F689A 2x 5 \u00f6re, 2 x 10 \u00f6re, 2 x 30 \u00f6re samt 2 x 55 \u00f6re, 4 motiv St\u00e5lgravyrtryck p\u00e5 gult\u00a0 fluorescerande papper Upplaga: 3,18 milj. h\u00e4ften Omslag: vit kartong med &hellip; <a href=\"https:\/\/xn--hftessamlarna-bfb.se\/?page_id=3855\">Forts\u00e4tt l\u00e4sa <span class=\"meta-nav\">&rarr;<\/span><\/a><\/p>\n","protected":false},"author":1,"featured_media":0,"parent":3707,"menu_order":19,"comment_status":"open","ping_status":"closed","template":"","meta":{"footnotes":""},"class_list":["post-3855","page","type-page","status-publish","hentry"],"_links":{"self":[{"href":"https:\/\/xn--hftessamlarna-bfb.se\/index.php?rest_route=\/wp\/v2\/pages\/3855","targetHints":{"allow":["GET"]}}],"collection":[{"href":"https:\/\/xn--hftessamlarna-bfb.se\/index.php?rest_route=\/wp\/v2\/pages"}],"about":[{"href":"https:\/\/xn--hftessamlarna-bfb.se\/index.php?rest_route=\/wp\/v2\/types\/page"}],"author":[{"embeddable":true,"href":"https:\/\/xn--hftessamlarna-bfb.se\/index.php?rest_route=\/wp\/v2\/users\/1"}],"replies":[{"embeddable":true,"href":"https:\/\/xn--hftessamlarna-bfb.se\/index.php?rest_route=%2Fwp%2Fv2%2Fcomments&post=3855"}],"version-history":[{"count":0,"href":"https:\/\/xn--hftessamlarna-bfb.se\/index.php?rest_route=\/wp\/v2\/pages\/3855\/revisions"}],"up":[{"embeddable":true,"href":"https:\/\/xn--hftessamlarna-bfb.se\/index.php?rest_route=\/wp\/v2\/pages\/3707"}],"wp:attachment":[{"href":"https:\/\/xn--hftessamlarna-bfb.se\/index.php?rest_route=%2Fwp%2Fv2%2Fmedia&parent=3855"}],"curies":[{"name":"wp","href":"https:\/\/api.w.org\/{rel}","templated":true}]}}