{"id":3848,"date":"2013-11-20T11:50:25","date_gmt":"2013-11-20T09:50:25","guid":{"rendered":"http:\/\/xn--hftessamlarna-bfb.se\/?page_id=3848"},"modified":"2021-11-21T15:02:08","modified_gmt":"2021-11-21T14:02:08","slug":"ha16","status":"publish","type":"page","link":"https:\/\/xn--hftessamlarna-bfb.se\/?page_id=3848","title":{"rendered":"HA16"},"content":{"rendered":"\n<p><a href=\"https:\/\/xn--hftessamlarna-bfb.se\/wp-content\/uploads\/HA-16-Header-1966.jpg\"><img loading=\"lazy\" decoding=\"async\" class=\"alignnone size-full wp-image-6694\" src=\"https:\/\/xn--hftessamlarna-bfb.se\/wp-content\/uploads\/HA-16-Header-1966.jpg\" alt=\"\" width=\"960\" height=\"1084\" srcset=\"https:\/\/xn--hftessamlarna-bfb.se\/wp-content\/uploads\/HA-16-Header-1966.jpg 960w, https:\/\/xn--hftessamlarna-bfb.se\/wp-content\/uploads\/HA-16-Header-1966-266x300.jpg 266w, https:\/\/xn--hftessamlarna-bfb.se\/wp-content\/uploads\/HA-16-Header-1966-907x1024.jpg 907w, https:\/\/xn--hftessamlarna-bfb.se\/wp-content\/uploads\/HA-16-Header-1966-133x150.jpg 133w, https:\/\/xn--hftessamlarna-bfb.se\/wp-content\/uploads\/HA-16-Header-1966-768x867.jpg 768w\" sizes=\"auto, (max-width: 960px) 100vw, 960px\" \/><\/a><\/p>\n\n\n<p>Utgivningsdag:1966-04-18 A, 1966-12-01 B, 1966-12-28 C<br \/>F394 BB,F395 BB, F397 BB, F423 BB och F428 DD<br \/>2 \u00d7 5 \u00f6re, 2 \u00d7 10 \u00f6re, 2 \u00d7 15 \u00f6re, 2 \u00d7 30 \u00f6re samt 2 \u00d7 40 \u00f6re. 2 motiv.<br \/>St\u00e5lgravyrtryck.<br \/>Upplaga: 1,27 milj. h\u00e4ften.<br \/>Omslag: vit kartong med gr\u00f6n text fr\u00e5n 6 klich\u00e9er.<\/p>\n<h2>Typer<br \/><a href=\"https:\/\/xn--hftessamlarna-bfb.se\/wp-content\/uploads\/HA-16-info-1966.jpg\"><img loading=\"lazy\" decoding=\"async\" class=\"alignnone wp-image-6695 size-medium\" src=\"https:\/\/xn--hftessamlarna-bfb.se\/wp-content\/uploads\/HA-16-info-1966-300x274.jpg\" alt=\"\" width=\"300\" height=\"274\" srcset=\"https:\/\/xn--hftessamlarna-bfb.se\/wp-content\/uploads\/HA-16-info-1966-300x274.jpg 300w, https:\/\/xn--hftessamlarna-bfb.se\/wp-content\/uploads\/HA-16-info-1966-1024x937.jpg 1024w, https:\/\/xn--hftessamlarna-bfb.se\/wp-content\/uploads\/HA-16-info-1966-150x137.jpg 150w, https:\/\/xn--hftessamlarna-bfb.se\/wp-content\/uploads\/HA-16-info-1966-768x702.jpg 768w, https:\/\/xn--hftessamlarna-bfb.se\/wp-content\/uploads\/HA-16-info-1966-328x300.jpg 328w, https:\/\/xn--hftessamlarna-bfb.se\/wp-content\/uploads\/HA-16-info-1966.jpg 1500w\" sizes=\"auto, (max-width: 300px) 100vw, 300px\" \/><\/a><\/h2>\n<p><strong>A<\/strong><b> <\/b>Framsida posthorn, sida III Postbanken, baksida Frim\u00e4rkshuset.<\/p>\n<p><strong>A1<\/strong> 5 punkters streckperforering. R-h\u00e4ften med snedstreck.<br \/><strong>A1a<\/strong> smal streckperforering.<br \/><strong>A1b<\/strong> bred streckperforering (samma som HA15E2). Mycket ovanlig.<\/p>\n<p><strong>A2<\/strong> Skuren h\u00e4ftesrygg.<\/p>\n<p><strong>B<\/strong><b> <\/b>Framsida Posthorn, sida II Postens adressregister, sida III H\u00e4rligt med pengar, baksida Saxen. Skuren h\u00e4ftesrygg. R-h\u00e4ften med snedstreck.<\/p>\n<p><strong>C<\/strong> Framsida Posthorn, sida II Postens Adressregister, sida III Saxen, baksida Postkalendern. Skuren h\u00e4ftesrygg.<br \/><strong>C1<\/strong> centralt regm\u00e4rke. R-h\u00e4ften med 2 snedstreck<br \/><strong>C2<\/strong> Delat regm\u00e4rke. R-h\u00e4ften med centralt snedstreck<\/p>\n<h2>Markeringar<\/h2>\n<p><a href=\"http:\/\/xn--hftessamlarna-bfb.se\/?attachment_id=3849\" rel=\"attachment wp-att-3849\"><img loading=\"lazy\" decoding=\"async\" class=\"alignleft wp-image-3849\" src=\"http:\/\/xn--hftessamlarna-bfb.se\/wp-content\/uploads\/HA16tabell.jpg\" alt=\"HA16tabell\" width=\"358\" height=\"381\" srcset=\"https:\/\/xn--hftessamlarna-bfb.se\/wp-content\/uploads\/HA16tabell.jpg 931w, https:\/\/xn--hftessamlarna-bfb.se\/wp-content\/uploads\/HA16tabell-140x150.jpg 140w, https:\/\/xn--hftessamlarna-bfb.se\/wp-content\/uploads\/HA16tabell-281x300.jpg 281w\" sizes=\"auto, (max-width: 358px) 100vw, 358px\" \/><\/a><\/p>\n<div id=\"attachment_6759\" style=\"width: 310px\" class=\"wp-caption alignnone\"><a href=\"https:\/\/xn--hftessamlarna-bfb.se\/wp-content\/uploads\/HA16-Cyls1-1966.jpg\"><img loading=\"lazy\" decoding=\"async\" aria-describedby=\"caption-attachment-6759\" class=\"wp-image-6759 size-medium\" src=\"https:\/\/xn--hftessamlarna-bfb.se\/wp-content\/uploads\/HA16-Cyls1-1966-300x204.jpg\" alt=\"\" width=\"300\" height=\"204\" srcset=\"https:\/\/xn--hftessamlarna-bfb.se\/wp-content\/uploads\/HA16-Cyls1-1966-300x204.jpg 300w, https:\/\/xn--hftessamlarna-bfb.se\/wp-content\/uploads\/HA16-Cyls1-1966-1024x697.jpg 1024w, https:\/\/xn--hftessamlarna-bfb.se\/wp-content\/uploads\/HA16-Cyls1-1966-150x102.jpg 150w, https:\/\/xn--hftessamlarna-bfb.se\/wp-content\/uploads\/HA16-Cyls1-1966-768x523.jpg 768w, https:\/\/xn--hftessamlarna-bfb.se\/wp-content\/uploads\/HA16-Cyls1-1966-441x300.jpg 441w, https:\/\/xn--hftessamlarna-bfb.se\/wp-content\/uploads\/HA16-Cyls1-1966.jpg 1514w\" sizes=\"auto, (max-width: 300px) 100vw, 300px\" \/><\/a><p id=\"caption-attachment-6759\" class=\"wp-caption-text\">illustration p\u00e5 f\u00e4rgl\u00f6s cylindersiffra<\/p><\/div>\n<h2><b><br \/>Varianter<\/b><\/h2>\n<p><strong>A,B<\/strong> och <strong>C1<\/strong> r\u00e4ttv\u00e4nda h\u00e4ften finns med G VI A-m\u00e4rkena f\u00f6rskjutna 0,4 mm.<br \/><strong>A<\/strong> och <strong>B<\/strong> finns med gr\u00f6nt f\u00e4rgband i IR i r\u00e4ttv\u00e4nda h\u00e4ften.<br \/><strong>B<\/strong> finns med ej inklistrad inlaga.<br \/><strong>C2<\/strong> finns med r\u00f6tt f\u00e4rgband i IR och fram till 5-\u00f6resm\u00e4rkena.<br \/><strong>C2<\/strong> finns med omslag fr\u00e5n 2 klich\u00e9er.<\/p>\n<h2><b>Klich\u00e9typer<\/b><\/h2>\n<p><strong>A1<\/strong>\u00a0 Kl-typ 1~1<br \/><strong>A2<\/strong>\u00a0 Kl-typ 1~3<br \/><strong>B1<\/strong>\u00a0 Kl-typ 1~1<br \/><strong>C<\/strong>\u00a0 kan inte fastst\u00e4llas eftersom innerklich\u00e9erna saknar skiljaktigheter.<\/p>\n<h2><b>Kryss<\/b><\/h2>\n<p><strong>A1<\/strong><b>\u00a0 <\/b>Helt X \u00a016-17,7 mm fr\u00e5n h\u00f6ger kant.<br \/><strong>A2<\/strong>\u00a0 Helt X\u00a0 15,5 . 17,3 mm fr\u00e5n h\u00f6ger kant.<br \/><strong>B<\/strong>\u00a0\u00a0\u00a0 Helt X\u00a0 15,7-16,5 mm fr\u00e5n h\u00f6ger kant.<br \/><strong> C1<\/strong>\u00a0 Helt X 16-17 mm fr\u00e5n h\u00f6ger kant.<br \/><strong>C2<\/strong>\u00a0 Helt X 9,6\u201312,5 mm d\u00e4r 9,6 \u2013 11,5 avser 4+1 11,5-12,5 avser 4\u00bd+\u00bd\u00a0 N\u00e5got X<br \/>avseende helt kn har inte publicerats.<\/p>\n<h2><b><b>K<\/b>lich\u00e9k\u00e4nnetecken<\/b><\/h2>\n<p><strong>HA16A<\/strong><br \/><strong> Ytterklich\u00e9er<\/strong><br \/><strong>1<\/strong><br \/>a mycket liten punkt i 2:a \u201dn\u201d penningplacering sid IV rad 1.<br \/>b punkt p\u00e5 v\u00e4nster sida av \u201dc\u201d i och sid IV rad 6.<br \/>c mycket sm\u00e5 punkter dels i 2:a delen av \u201dm\u201d dels upptill mellan \u201di\u201d och \u201dn\u201d i genom<br \/>inbetalning sid IV rad 7.<br \/><strong>2<\/strong><br \/>a mycket liten punkt nedtill i \u00f6ppningen p\u00e5 E i FRM\u00c4RKEN.<br \/>b punkter p\u00e5 b\u00e5da sidor om\u00a0 mitten om \u201do\u201d i FACIT-katalogen sid IV rad 6.<br \/><strong>3<\/strong><br \/>a mycket liten punkt nedtill t v om stapel i \u201dh\u201d i och sid IV rad 2.<br \/>b punkt t v om ringen p\u00e5 \u201d\u00e5\u201d i s\u00e5 sid IV rad 6.<br \/>c punkt upptill mellan \u201dm\u201d och \u201di\u201d i minst sid IV rad 8.<br \/><strong>4<\/strong><br \/>a punkt upptill t h om \u201da\u201d i ha sid IV rad 2<br \/>b punkt mitt \u00f6ver \u201dm\u201d igenom sid IV rad 7.<br \/><strong>5<\/strong> liten punkt t h i andra delen av \u201dm\u201d igenom sid IV rad 7 (= 6c).<br \/><strong>6<\/strong><br \/>a litet lodr\u00e4tt streck under stapeln p\u00e5 \u201dk\u201d i rekvirera sid IV rad 6.<br \/>b en liten punkt i h\u00f6gra klykan p\u00e5 N i Ni f\u00f6rst i rad 8 sid IV. (kan saknas)<br \/>c liten punkt t h i andra delen av \u201dm\u201d igenom sid IV rad 7 (=5).<\/p>\n<p><strong>Innerklich\u00e9er<\/strong><br \/><strong>1<\/strong><br \/>a Mycket liten punkt t h om A i \u00f6versta N\u00c4RA TILL.<br \/>b punkt t v om v\u00e4nstra pricken \u00f6ver \u00d6 i nedre \u00d6PPET L\u00c4NGE samt punkt upptill<br \/>t h om O i POSTBANKEN i samma cirkel.<br \/><strong>2<\/strong><br \/>a Punkt inne t h i \u00d6 i \u00f6versta \u00d6VER ALLT.<br \/>b streck upptill mellan P och P i nedre \u00d6PPET L\u00c4NGE.<br \/><strong>3<\/strong><br \/>a punkt mittemellan L och L i \u00f6vre\u00a0 \u00d6VER ALLT.<br \/>b punkt t v om \u00c4 i \u00f6vre \u00d6PPET L\u00c4NGE.<br \/>c punkt t h om R i nedre N\u00c4RA TILL.<br \/>d punkt t v under sista E i nedre \u00d6PPET L\u00c4NGE.<br \/><strong>4<\/strong><br \/>a punkt under ringen mellan L och \u00c4 i \u00f6vre \u00d6PPET L\u00c4NGE.<br \/>b punkt \u00f6ver f\u00f6rsta E i nedre \u00d6PPET L\u00c4NGE.<br \/><strong>5<\/strong><br \/>a punkt under cirkeln mitt f\u00f6r f\u00f6rsta L i \u00f6vre N\u00c4RA TILL.<br \/>b svag punkt vid cirkeln 1 mm f\u00f6re L i \u00f6versta \u00d6PPET L\u00c4NGE.<br \/>c punkt vid cirkeln mellan R och A i nedre N\u00c4RA TILL.<br \/><strong>6<\/strong> punkt under N i POSTBANKEN i \u00f6vre \u00d6PPET L\u00c4NGE.<\/p>\n<p>Strecket mellan E och T i nedre \u00d6PPET L\u00e4nge finns i samtliga klich\u00e9er.<br \/>I <strong>HA16A2<\/strong>\u00a0 \u00e4r k\u00e4nnetecknen tydligare \u00e4n i <strong>HA16A1a<\/strong> d\u00e4r de kan vara svaga eller saknas helt.<br \/>I de <strong>HA16A1b<\/strong> jag har \u00e4r trycket kraftigt och k\u00e4nnetecknen mycket tydliga.<\/p>\n<p><strong>HA16B<\/strong><br \/><strong> Ytterklich\u00e9er<\/strong><br \/><strong>1<\/strong><br \/>a urgr\u00f6pning nedtill i stapeln p\u00e5 f\u00f6rsta R i FRIM\u00c4RKE (= 4a).<br \/>b mycket liten punkt t h om O i OCH sid 4 rad 3.<br \/><strong>2<\/strong> inbuktning t v i stapeln p\u00e5 F i FRIM\u00c4RKEN.<br \/><strong>3<br \/><\/strong>a punkt nedtill i andra delen p\u00e5 2:a N i TIDNINGSURKLIPP sid IV rad 6.<br \/>b ovalen i R i TIDNINGSURKLIPP \u00e4r \u00f6ppen nedtill till h.<br \/><strong>4<\/strong><br \/>a urgr\u00f6pning nedtill i stapeln p\u00e5 f\u00f6rsta R i FRIM\u00c4RKE (=1a).<br \/><strong>5<\/strong><br \/>a Fl\u00e4ck under 1:a stapeln i N i KRONOR.<br \/>b punkt \u00f6ver \u00f6versta nedflyttningstecknet f\u00f6r stycken.<br \/><strong>6<\/strong> nollan i 30 \u00f6ppen nedtill.<\/p>\n<p><strong>Innerklich\u00e9er<\/strong><br \/><strong>1<\/strong> tydlig punkt i \u00f6vre delen av 2:a E i ADRESSREGISTER sid II rad 6.<br \/><strong>2<\/strong><br \/>a tydlig punkt upptill mellan 4 och 5 i telefonnumret sid II rad 5.<br \/>b stor fl\u00e4ck uppe t v om \u201d\u00f6\u201d i k\u00f6pas sid III rad 5.<br \/><strong>3<\/strong><br \/>a punkt ovan ovalen p\u00e5 \u201dd\u201d i undan sid III rad 2.<br \/>b liten punkt omedelbart t h om \u00f6vre delen av stapeln i \u201dk\u201d i skall sid III rad 5.<br \/><strong>4<\/strong><br \/>a Liten punkt nedtill t v om v\u00e4nster snedstreck i A logotypen sid II rad 5<br \/>b liten punkt omedelbart th om andra stapeln i \u201dn\u201d i Postbanken sid III nedersta raden.<br \/><strong>5<\/strong><br \/>a punkt upptill i \u201dg\u201d i Pengar sid III rad 2.<br \/>b stapeln i \u201dt\u201d i ta sid III sist saknar mittdelen.<br \/>c tre prickar \u00f6ver \u201d\u00f6\u201d i beh\u00f6ver sid III rad 7.<br \/><strong>6<\/strong> tydlig punkt nedtill till v om \u201dv\u201d i vardagar sid III rad 8.<\/p>\n<p><strong>HA16C<\/strong><br \/><strong> Ytterklich\u00e9er<\/strong><br \/><strong>1<\/strong><br \/>a den vita ovalen i 0 30 \u00e4r inte rund nedtill (=5a).<br \/>b tydlig punkt efter \u201dr\u201d i f\u00f6r sid iv rad 5<br \/><strong>2<\/strong><br \/>a punkt upptill mellan \u201dt\u201d och \u201do\u201d Stockholm sid IV rad 7.<br \/>b kulan i toppen p\u00e5 kronan p\u00e5 framsidan saknas i HA16C1(=6 b).<br \/><strong>3<\/strong> saknar k\u00e4nnetecken.<br \/><strong>4<\/strong> 0 i 30 saknar rundningen nere till h\u00f6ger.<br \/><strong>5<\/strong><br \/>a den vita ovalen i 0 30 \u00e4r inte rund nedtill (=1a) dessutom \u00e4r 0 platt nedtill dock ej = 4.<br \/>b endast HA16C2.<br \/><strong>6<\/strong><br \/>a \u201dn\u201d i utlands saknar \u00f6vre delen av v\u00e4nstra stapeln sid IV rad 4.<br \/>b \u2019kulan i toppen p\u00e5 kronan p\u00e5 framsidan saknas i HA16C1 (= 2b).<\/p>\n<p><strong>HA16 C Innerklich\u00e9er<\/strong> saknar k\u00e4nnetecken<\/p>\n<h2>Artiklar<\/h2>\n<p><a href=\"http:\/\/xn--hftessamlarna-bfb.se\/wp-content\/uploads\/HA16-Gunnar-Struck.pdf\">HA16 Gunnar Struck<\/a><\/p>","protected":false},"excerpt":{"rendered":"<p>Utgivningsdag:1966-04-18 A, 1966-12-01 B, 1966-12-28 CF394 BB,F395 BB, F397 BB, F423 BB och F428 DD2 \u00d7 5 \u00f6re, 2 \u00d7 10 \u00f6re, 2 \u00d7 15 \u00f6re, 2 \u00d7 30 \u00f6re samt 2 \u00d7 40 \u00f6re. 2 motiv.St\u00e5lgravyrtryck.Upplaga: 1,27 milj. h\u00e4ften.Omslag: &hellip; <a href=\"https:\/\/xn--hftessamlarna-bfb.se\/?page_id=3848\">Forts\u00e4tt l\u00e4sa <span class=\"meta-nav\">&rarr;<\/span><\/a><\/p>\n","protected":false},"author":1,"featured_media":0,"parent":3707,"menu_order":16,"comment_status":"open","ping_status":"closed","template":"","meta":{"footnotes":""},"class_list":["post-3848","page","type-page","status-publish","hentry"],"_links":{"self":[{"href":"https:\/\/xn--hftessamlarna-bfb.se\/index.php?rest_route=\/wp\/v2\/pages\/3848","targetHints":{"allow":["GET"]}}],"collection":[{"href":"https:\/\/xn--hftessamlarna-bfb.se\/index.php?rest_route=\/wp\/v2\/pages"}],"about":[{"href":"https:\/\/xn--hftessamlarna-bfb.se\/index.php?rest_route=\/wp\/v2\/types\/page"}],"author":[{"embeddable":true,"href":"https:\/\/xn--hftessamlarna-bfb.se\/index.php?rest_route=\/wp\/v2\/users\/1"}],"replies":[{"embeddable":true,"href":"https:\/\/xn--hftessamlarna-bfb.se\/index.php?rest_route=%2Fwp%2Fv2%2Fcomments&post=3848"}],"version-history":[{"count":0,"href":"https:\/\/xn--hftessamlarna-bfb.se\/index.php?rest_route=\/wp\/v2\/pages\/3848\/revisions"}],"up":[{"embeddable":true,"href":"https:\/\/xn--hftessamlarna-bfb.se\/index.php?rest_route=\/wp\/v2\/pages\/3707"}],"wp:attachment":[{"href":"https:\/\/xn--hftessamlarna-bfb.se\/index.php?rest_route=%2Fwp%2Fv2%2Fmedia&parent=3848"}],"curies":[{"name":"wp","href":"https:\/\/api.w.org\/{rel}","templated":true}]}}