{"id":383,"date":"2011-10-19T13:07:34","date_gmt":"2011-10-19T11:07:34","guid":{"rendered":"http:\/\/xn--hftessamlarna-bfb.se\/?page_id=383"},"modified":"2018-12-22T14:46:23","modified_gmt":"2018-12-22T13:46:23","slug":"sh13-svensk-fotboll","status":"publish","type":"page","link":"https:\/\/xn--hftessamlarna-bfb.se\/?page_id=383","title":{"rendered":"SH13 Svensk Fotboll"},"content":{"rendered":"<p><a href=\"http:\/\/xn--hftessamlarna-bfb.se\/?attachment_id=1977\" rel=\"attachment wp-att-1977\"><img loading=\"lazy\" decoding=\"async\" class=\"aligncenter size-full wp-image-1977\" title=\"SH13\" src=\"http:\/\/xn--hftessamlarna-bfb.se\/wp-content\/uploads\/SH13.jpg\" alt=\"\" width=\"960\" height=\"742\" srcset=\"https:\/\/xn--hftessamlarna-bfb.se\/wp-content\/uploads\/SH13.jpg 960w, https:\/\/xn--hftessamlarna-bfb.se\/wp-content\/uploads\/SH13-150x115.jpg 150w, https:\/\/xn--hftessamlarna-bfb.se\/wp-content\/uploads\/SH13-300x231.jpg 300w, https:\/\/xn--hftessamlarna-bfb.se\/wp-content\/uploads\/SH13-388x300.jpg 388w\" sizes=\"auto, (max-width: 960px) 100vw, 960px\" \/><\/a>Utgivningsdag 2004-03-26<br \/>\nF 2415 &#8211; 2420<br \/>\n6 x inrikes brev,\u00a0sex motiv<br \/>\nFrim\u00e4rkena \u00e4r tryckta i fyrf\u00e4rgs offset<br \/>\n62,5 mm breda, 12 inlagor\/varv<\/p>\n<h2>Typer<\/h2>\n<p>H\u00e4ftet har 31 punkters vikperforering (perf 10) slagen fr\u00e5n frim\u00e4rkssidan.<\/p>\n<h2>Markeringar<\/h2>\n<p>FM mellan 1:a och 2:a par<br \/>\ncyls 1 (mellan de \u00f6versta m\u00e4rkena i 1:a och 2:a paren)<br \/>\ncyls 2 (mellan de \u00f6versta m\u00e4rkena i 1:a och 2:a paren)<br \/>\nhelt kn BS p\u00e5 IR under mitt regm<\/p>\n<h2>K\u00e4nda kombinationer<\/h2>\n<h2><a href=\"http:\/\/xn--hftessamlarna-bfb.se\/?attachment_id=4152\" rel=\"attachment wp-att-4152\"><img loading=\"lazy\" decoding=\"async\" class=\"alignleft size-full wp-image-4152\" src=\"http:\/\/xn--hftessamlarna-bfb.se\/wp-content\/uploads\/SH13tabell.jpg\" alt=\"SH13tabell\" width=\"1847\" height=\"183\" srcset=\"https:\/\/xn--hftessamlarna-bfb.se\/wp-content\/uploads\/SH13tabell.jpg 1847w, https:\/\/xn--hftessamlarna-bfb.se\/wp-content\/uploads\/SH13tabell-150x14.jpg 150w, https:\/\/xn--hftessamlarna-bfb.se\/wp-content\/uploads\/SH13tabell-300x29.jpg 300w, https:\/\/xn--hftessamlarna-bfb.se\/wp-content\/uploads\/SH13tabell-1024x101.jpg 1024w, https:\/\/xn--hftessamlarna-bfb.se\/wp-content\/uploads\/SH13tabell-500x49.jpg 500w\" sizes=\"auto, (max-width: 1847px) 100vw, 1847px\" \/><\/a>Bild p\u00e5 variant<\/h2>\n<div id=\"attachment_4903\" style=\"width: 310px\" class=\"wp-caption alignleft\"><a href=\"http:\/\/xn--hftessamlarna-bfb.se\/wp-content\/uploads\/SH13variant.jpg\"><img loading=\"lazy\" decoding=\"async\" aria-describedby=\"caption-attachment-4903\" class=\"wp-image-4903 size-medium\" src=\"http:\/\/xn--hftessamlarna-bfb.se\/wp-content\/uploads\/SH13variant-300x121.jpg\" alt=\"SH13variant\" width=\"300\" height=\"121\" srcset=\"https:\/\/xn--hftessamlarna-bfb.se\/wp-content\/uploads\/SH13variant-300x121.jpg 300w, https:\/\/xn--hftessamlarna-bfb.se\/wp-content\/uploads\/SH13variant-150x61.jpg 150w, https:\/\/xn--hftessamlarna-bfb.se\/wp-content\/uploads\/SH13variant-1024x414.jpg 1024w, https:\/\/xn--hftessamlarna-bfb.se\/wp-content\/uploads\/SH13variant-500x202.jpg 500w, https:\/\/xn--hftessamlarna-bfb.se\/wp-content\/uploads\/SH13variant.jpg 1442w\" sizes=\"auto, (max-width: 300px) 100vw, 300px\" \/><\/a><p id=\"caption-attachment-4903\" class=\"wp-caption-text\">f\u00e4rgvariant?<\/p><\/div>\n<div id=\"attachment_4958\" style=\"width: 310px\" class=\"wp-caption alignleft\"><a href=\"http:\/\/xn--hftessamlarna-bfb.se\/wp-content\/uploads\/SH14brev.jpg\"><img loading=\"lazy\" decoding=\"async\" aria-describedby=\"caption-attachment-4958\" class=\"wp-image-4958 size-medium\" src=\"http:\/\/xn--hftessamlarna-bfb.se\/wp-content\/uploads\/SH14brev-300x207.jpg\" alt=\"SH14brev\" width=\"300\" height=\"207\" srcset=\"https:\/\/xn--hftessamlarna-bfb.se\/wp-content\/uploads\/SH14brev-300x207.jpg 300w, https:\/\/xn--hftessamlarna-bfb.se\/wp-content\/uploads\/SH14brev-150x104.jpg 150w, https:\/\/xn--hftessamlarna-bfb.se\/wp-content\/uploads\/SH14brev-1024x708.jpg 1024w, https:\/\/xn--hftessamlarna-bfb.se\/wp-content\/uploads\/SH14brev-434x300.jpg 434w\" sizes=\"auto, (max-width: 300px) 100vw, 300px\" \/><\/a><p id=\"caption-attachment-4958\" class=\"wp-caption-text\">Andreas Lindekvist &#8211; Hur man lurat Posten<\/p><\/div>\n","protected":false},"excerpt":{"rendered":"<p>Utgivningsdag 2004-03-26 F 2415 &#8211; 2420 6 x inrikes brev,\u00a0sex motiv Frim\u00e4rkena \u00e4r tryckta i fyrf\u00e4rgs offset 62,5 mm breda, 12 inlagor\/varv Typer H\u00e4ftet har 31 punkters vikperforering (perf 10) slagen fr\u00e5n frim\u00e4rkssidan. Markeringar FM mellan 1:a och 2:a par &hellip; <a href=\"https:\/\/xn--hftessamlarna-bfb.se\/?page_id=383\">Forts\u00e4tt l\u00e4sa <span class=\"meta-nav\">&rarr;<\/span><\/a><\/p>\n","protected":false},"author":1,"featured_media":0,"parent":307,"menu_order":13,"comment_status":"open","ping_status":"closed","template":"","meta":{"footnotes":""},"class_list":["post-383","page","type-page","status-publish","hentry"],"_links":{"self":[{"href":"https:\/\/xn--hftessamlarna-bfb.se\/index.php?rest_route=\/wp\/v2\/pages\/383","targetHints":{"allow":["GET"]}}],"collection":[{"href":"https:\/\/xn--hftessamlarna-bfb.se\/index.php?rest_route=\/wp\/v2\/pages"}],"about":[{"href":"https:\/\/xn--hftessamlarna-bfb.se\/index.php?rest_route=\/wp\/v2\/types\/page"}],"author":[{"embeddable":true,"href":"https:\/\/xn--hftessamlarna-bfb.se\/index.php?rest_route=\/wp\/v2\/users\/1"}],"replies":[{"embeddable":true,"href":"https:\/\/xn--hftessamlarna-bfb.se\/index.php?rest_route=%2Fwp%2Fv2%2Fcomments&post=383"}],"version-history":[{"count":0,"href":"https:\/\/xn--hftessamlarna-bfb.se\/index.php?rest_route=\/wp\/v2\/pages\/383\/revisions"}],"up":[{"embeddable":true,"href":"https:\/\/xn--hftessamlarna-bfb.se\/index.php?rest_route=\/wp\/v2\/pages\/307"}],"wp:attachment":[{"href":"https:\/\/xn--hftessamlarna-bfb.se\/index.php?rest_route=%2Fwp%2Fv2%2Fmedia&parent=383"}],"curies":[{"name":"wp","href":"https:\/\/api.w.org\/{rel}","templated":true}]}}