{"id":3740,"date":"2013-09-18T10:53:24","date_gmt":"2013-09-18T08:53:24","guid":{"rendered":"http:\/\/xn--hftessamlarna-bfb.se\/?page_id=3740"},"modified":"2021-09-12T13:47:45","modified_gmt":"2021-09-12T12:47:45","slug":"ha11","status":"publish","type":"page","link":"https:\/\/xn--hftessamlarna-bfb.se\/?page_id=3740","title":{"rendered":"HA11"},"content":{"rendered":"<p><a href=\"https:\/\/xn--hftessamlarna-bfb.se\/wp-content\/uploads\/HA-11-header-1962.jpg\"><img loading=\"lazy\" decoding=\"async\" class=\"alignnone wp-image-6486 size-full\" src=\"https:\/\/xn--hftessamlarna-bfb.se\/wp-content\/uploads\/HA-11-header-1962.jpg\" alt=\"\" width=\"960\" height=\"1083\" srcset=\"https:\/\/xn--hftessamlarna-bfb.se\/wp-content\/uploads\/HA-11-header-1962.jpg 960w, https:\/\/xn--hftessamlarna-bfb.se\/wp-content\/uploads\/HA-11-header-1962-266x300.jpg 266w, https:\/\/xn--hftessamlarna-bfb.se\/wp-content\/uploads\/HA-11-header-1962-908x1024.jpg 908w, https:\/\/xn--hftessamlarna-bfb.se\/wp-content\/uploads\/HA-11-header-1962-133x150.jpg 133w, https:\/\/xn--hftessamlarna-bfb.se\/wp-content\/uploads\/HA-11-header-1962-768x866.jpg 768w\" sizes=\"auto, (max-width: 960px) 100vw, 960px\" \/><\/a><\/p>\n<p>Utgivningsdag: 1962-12-08<br \/>\nF 395B, D och 425B, D<br \/>\n3 \u00d7 10 \u00f6re och 2 \u00d7 35 \u00f6re. 2 motiv samt textruta.<br \/>\nSt\u00e5lgravyrtryck<br \/>\nUpplaga: 3,83 milj. h\u00e4ften<br \/>\nOmslag: vit kartong med bl\u00e5tt tryck<\/p>\n<h2>Typer<\/h2>\n<p><a href=\"https:\/\/xn--hftessamlarna-bfb.se\/wp-content\/uploads\/HA-11-A-B-info-1962.jpg\"><img loading=\"lazy\" decoding=\"async\" class=\"alignnone wp-image-6487 size-medium\" src=\"https:\/\/xn--hftessamlarna-bfb.se\/wp-content\/uploads\/HA-11-A-B-info-1962-300x129.jpg\" alt=\"\" width=\"300\" height=\"129\" srcset=\"https:\/\/xn--hftessamlarna-bfb.se\/wp-content\/uploads\/HA-11-A-B-info-1962-300x129.jpg 300w, https:\/\/xn--hftessamlarna-bfb.se\/wp-content\/uploads\/HA-11-A-B-info-1962-150x64.jpg 150w, https:\/\/xn--hftessamlarna-bfb.se\/wp-content\/uploads\/HA-11-A-B-info-1962-768x330.jpg 768w, https:\/\/xn--hftessamlarna-bfb.se\/wp-content\/uploads\/HA-11-A-B-info-1962-500x215.jpg 500w, https:\/\/xn--hftessamlarna-bfb.se\/wp-content\/uploads\/HA-11-A-B-info-1962.jpg 804w\" sizes=\"auto, (max-width: 300px) 100vw, 300px\" \/><\/a><\/p>\n<p><strong>A<\/strong> \u00a0\u00a0 \u00a0omslagstryck fr\u00e5n 6 klich\u00e9er.<br \/>\n<strong>Ba<\/strong>\u00a0\u00a0 omslag med upprepad text, frim\u00e4rken utan fluorescens.<br \/>\n<strong>Bb<\/strong> \u00a0 omslag med upprepad text, frim\u00e4rken med vit fluorescens.<\/p>\n<h2>Markeringar<\/h2>\n<div id=\"Bok3_27854\" align=\"center\">\n<table class=\"alignleft\" style=\"width: 651px; border: 0px solid #000000;\" border=\"0\" cellspacing=\"2\" cellpadding=\"2\" align=\"left\">\n<colgroup>\n<col style=\"mso-width-source: userset; mso-width-alt: 5376; width: 110pt;\" width=\"147\" \/>\n<col style=\"mso-width-source: userset; mso-width-alt: 3876; width: 80pt;\" width=\"106\" \/>\n<col style=\"mso-width-source: userset; mso-width-alt: 4534; width: 93pt;\" width=\"124\" \/>\n<col style=\"mso-width-source: userset; mso-width-alt: 5449; width: 112pt;\" width=\"149\" \/>\n<col style=\"mso-width-source: userset; mso-width-alt: 4571; width: 94pt;\" width=\"125\" \/><\/colgroup>\n<tbody>\n<tr style=\"height: 18.75pt;\">\n<td style=\"width: 147px; height: 25px; border: 1px solid #000000;\">OH<\/td>\n<td style=\"width: 147px; height: 25px; border: 1px solid #000000;\">OV<\/td>\n<td style=\"width: 147px; height: 25px; border: 1px solid #000000;\" colspan=\"3\"><\/td>\n<\/tr>\n<tr style=\"height: 18.75pt;\">\n<td style=\"width: 147px; height: 25px; border: 1px solid #000000;\">1 fana<\/td>\n<td style=\"width: 147px; height: 25px; border: 1px solid #000000;\">1<\/td>\n<td style=\"width: 147px; height: 25px; border: 1px solid #000000;\" colspan=\"3\">Finns b\u00e5de skuggade och oskuggade<span style=\"display: none;\">gade och oskuggade<\/span><\/td>\n<\/tr>\n<tr style=\"height: 18.75pt;\">\n<td style=\"width: 147px; height: 25px; border: 1px solid #000000;\">1 fot<\/td>\n<td style=\"width: 147px; height: 25px; border: 1px solid #000000;\">2 slinga<\/td>\n<td style=\"width: 147px; height: 25px; border: 1px solid #000000;\" colspan=\"3\">dito<\/td>\n<\/tr>\n<tr style=\"height: 18.75pt;\">\n<td style=\"width: 147px; height: 25px; border: 1px solid #000000;\">2<\/td>\n<td style=\"width: 147px; height: 25px; border: 1px solid #000000;\">2 fot<\/td>\n<td style=\"width: 147px; height: 25px; border: 1px solid #000000;\" colspan=\"3\">dito<\/td>\n<\/tr>\n<tr style=\"height: 18.75pt;\">\n<td style=\"width: 147px; height: 25px; border: 1px solid #000000;\"><strong>Kontrollnummer<\/strong><\/td>\n<td style=\"width: 147px; height: 25px; border: 1px solid #000000;\" colspan=\"4\"><\/td>\n<\/tr>\n<tr style=\"height: 18.75pt;\">\n<td style=\"width: 147px; height: 25px; border: 1px solid #000000;\">Serie 1 och 2<\/td>\n<td style=\"width: 147px; height: 25px; border: 1px solid #000000;\">Serie 3<\/td>\n<td style=\"width: 147px; height: 25px; border: 1px solid #000000;\">Serie 4<\/td>\n<td style=\"width: 147px; height: 25px; border: 1px solid #000000;\">Serie 5<\/td>\n<td style=\"width: 147px; height: 25px; border: 1px solid #000000;\">Serie 6<\/td>\n<\/tr>\n<tr style=\"height: 18.75pt;\">\n<td style=\"width: 147px; height: 25px; border: 1px solid #000000;\">A OH, OV<\/td>\n<td style=\"width: 147px; height: 25px; border: 1px solid #000000;\">A OV<\/td>\n<td style=\"width: 147px; height: 25px; border: 1px solid #000000;\">A, Ba OH,OV<\/td>\n<td style=\"width: 147px; height: 25px; border: 1px solid #000000;\">A,Ba<span style=\"mso-spacerun: yes;\">\u00a0 <\/span>OH,OV<\/td>\n<td style=\"width: 147px; height: 25px; border: 1px solid #000000;\">Ba<\/td>\n<\/tr>\n<tr style=\"height: 18.75pt;\">\n<td style=\"width: 147px; height: 25px; border: 1px solid #000000;\">Blockstil 4+1<\/td>\n<td style=\"width: 147px; height: 25px; border: 1px solid #000000;\">Blockstil 2+3<\/td>\n<td style=\"width: 147px; height: 25px; border: 1px solid #000000;\">Blockstil 2+3<\/td>\n<td style=\"width: 147px; height: 25px; border: 1px solid #000000;\">Blockstil 4+1<\/td>\n<td style=\"width: 147px; height: 25px; border: 1px solid #000000;\">Blockstil 2+3<\/td>\n<\/tr>\n<tr style=\"height: 18.75pt;\">\n<td style=\"width: 147px; height: 25px; border: 1px solid #000000;\" colspan=\"5\"><\/td>\n<\/tr>\n<tr style=\"height: 18.75pt;\">\n<td style=\"width: 147px; height: 25px; border: 1px solid #000000;\">Serie 7<\/td>\n<td style=\"width: 147px; height: 25px; border: 1px solid #000000;\">Serie 8<\/td>\n<td style=\"width: 147px; height: 25px; border: 1px solid #000000;\">Serie 9<\/td>\n<td style=\"width: 147px; height: 25px; border: 1px solid #000000;\"><\/td>\n<td style=\"width: 147px; height: 25px; border: 1px solid #000000;\"><\/td>\n<\/tr>\n<tr style=\"height: 18.75pt;\">\n<td style=\"width: 147px; height: 25px; border: 1px solid #000000;\">Ba<span style=\"mso-spacerun: yes;\">\u00a0 <\/span>OV<\/td>\n<td style=\"width: 147px; height: 25px; border: 1px solid #000000;\">Ba OH,OV<\/td>\n<td style=\"width: 147px; height: 25px; border: 1px solid #000000;\">Ba, Bb<span style=\"mso-spacerun: yes;\">\u00a0 <\/span>OH,OV<\/td>\n<td style=\"width: 147px; height: 25px; border: 1px solid #000000;\"><\/td>\n<td style=\"width: 147px; height: 25px; border: 1px solid #000000;\"><\/td>\n<\/tr>\n<tr style=\"height: 18.75pt;\">\n<td style=\"width: 147px; height: 25px; border: 1px solid #000000;\">Blockstil 3+2<\/td>\n<td style=\"width: 147px; height: 25px; border: 1px solid #000000;\">Blockstil 3+2<\/td>\n<td style=\"width: 147px; height: 25px; border: 1px solid #000000;\">Antikva helt<\/td>\n<td style=\"width: 147px; height: 25px; border: 1px solid #000000;\"><\/td>\n<td style=\"width: 147px; height: 25px; border: 1px solid #000000;\"><\/td>\n<\/tr>\n<tr style=\"display: none;\">\n<td style=\"width: 147px; height: 25px; border: 1px solid #000000;\"><\/td>\n<td style=\"width: 147px; height: 25px; border: 1px solid #000000;\"><\/td>\n<td style=\"width: 147px; height: 25px; border: 1px solid #000000;\"><\/td>\n<td style=\"width: 147px; height: 25px; border: 1px solid #000000;\"><\/td>\n<td style=\"width: 147px; height: 25px; border: 1px solid #000000;\"><\/td>\n<\/tr>\n<\/tbody>\n<\/table>\n<\/div>\n<p><!-----------------------------><br \/>\n<!--SLUTET P\u00c5 UTDATA FR\u00c5N GUIDEN PUBLICERA SOM WEBBSIDA I EXCEL--><br \/>\n<!-----------------------------><\/p>\n<h2>Varianter<\/h2>\n<p>1. Ett litet streck i marginalen ovanf\u00f6r hj\u00e4ssan p\u00e5 nedersta 35-\u00f6resm\u00e4rket.<br \/>\n2. Ett litet streck nedtill i v\u00e4nster marginal p\u00e5 \u00f6versta 10-\u00f6resm\u00e4rket.<br \/>\n3. Ett litet streck efter &#8217;&#8230;mycket&#8217; i textrutan<br \/>\n4. F\u00f6rskjuten textruta, 0,5 mm \u00e5t v\u00e4nster.<br \/>\n5. Trasigt posthorn p\u00e5 omslaget i A<\/p>\n<div id=\"attachment_6484\" style=\"width: 310px\" class=\"wp-caption alignnone\"><a href=\"https:\/\/xn--hftessamlarna-bfb.se\/wp-content\/uploads\/HA-11-variant1-1962.jpg\"><img loading=\"lazy\" decoding=\"async\" aria-describedby=\"caption-attachment-6484\" class=\"wp-image-6484 size-medium\" src=\"https:\/\/xn--hftessamlarna-bfb.se\/wp-content\/uploads\/HA-11-variant1-1962-300x237.jpg\" alt=\"\" width=\"300\" height=\"237\" srcset=\"https:\/\/xn--hftessamlarna-bfb.se\/wp-content\/uploads\/HA-11-variant1-1962-300x237.jpg 300w, https:\/\/xn--hftessamlarna-bfb.se\/wp-content\/uploads\/HA-11-variant1-1962-1024x810.jpg 1024w, https:\/\/xn--hftessamlarna-bfb.se\/wp-content\/uploads\/HA-11-variant1-1962-150x119.jpg 150w, https:\/\/xn--hftessamlarna-bfb.se\/wp-content\/uploads\/HA-11-variant1-1962-768x608.jpg 768w, https:\/\/xn--hftessamlarna-bfb.se\/wp-content\/uploads\/HA-11-variant1-1962-379x300.jpg 379w, https:\/\/xn--hftessamlarna-bfb.se\/wp-content\/uploads\/HA-11-variant1-1962.jpg 1079w\" sizes=\"auto, (max-width: 300px) 100vw, 300px\" \/><\/a><p id=\"caption-attachment-6484\" class=\"wp-caption-text\">variant 1<\/p><\/div>\n<div id=\"attachment_6485\" style=\"width: 310px\" class=\"wp-caption alignnone\"><a href=\"https:\/\/xn--hftessamlarna-bfb.se\/wp-content\/uploads\/HA-11-variant4-1962.jpg\"><img loading=\"lazy\" decoding=\"async\" aria-describedby=\"caption-attachment-6485\" class=\"wp-image-6485 size-medium\" src=\"https:\/\/xn--hftessamlarna-bfb.se\/wp-content\/uploads\/HA-11-variant4-1962-300x232.jpg\" alt=\"\" width=\"300\" height=\"232\" srcset=\"https:\/\/xn--hftessamlarna-bfb.se\/wp-content\/uploads\/HA-11-variant4-1962-300x232.jpg 300w, https:\/\/xn--hftessamlarna-bfb.se\/wp-content\/uploads\/HA-11-variant4-1962-1024x791.jpg 1024w, https:\/\/xn--hftessamlarna-bfb.se\/wp-content\/uploads\/HA-11-variant4-1962-150x116.jpg 150w, https:\/\/xn--hftessamlarna-bfb.se\/wp-content\/uploads\/HA-11-variant4-1962-768x593.jpg 768w, https:\/\/xn--hftessamlarna-bfb.se\/wp-content\/uploads\/HA-11-variant4-1962-389x300.jpg 389w, https:\/\/xn--hftessamlarna-bfb.se\/wp-content\/uploads\/HA-11-variant4-1962.jpg 1079w\" sizes=\"auto, (max-width: 300px) 100vw, 300px\" \/><\/a><p id=\"caption-attachment-6485\" class=\"wp-caption-text\">variant 4<\/p><\/div>\n<p><strong>\u00a0Klich\u00e9k\u00e4nnetcken<\/strong><\/p>\n<p>Eftersom HA11B har upprepat tryck \u00e4r det endast HA11A som har k\u00e4nnetecken f\u00f6r ytterklich\u00e9er.<\/p>\n<p><strong>1.<br \/>\n<\/strong>a bl\u00e5 fl\u00e4ck till v\u00e4nster nedanf\u00f6r posthornets mynning.<br \/>\nb punkt under tv\u00e4rstrecket i 5 i 35 \u00f6re.<br \/>\nc punkt tv \u00f6ver R i KRONA 0,5 mm ned p\u00e5 stapeln finns 1 bl\u00e5 punkt. I flera fall \u00e4r stapeln deformerad.<br \/>\n<strong> 2.<br \/>\n<\/strong>a punkt under R i FRIM\u00c4RKEN.<br \/>\nb punkt tv under 2 i 2 stycken<br \/>\nc punkt \u00f6ver k i stycken.<br \/>\n<strong>3.<br \/>\n<\/strong>a punkt t h i h\u00f6gra stapeln p\u00e5 \u00c4 FRIM\u00c4RKEN<br \/>\nb<b> <\/b>punkt t v om mitten av snedstapeln i N i KRONA<br \/>\n<strong>4.<\/strong><br \/>\na punkter i 1:a och 4:e f\u00e4lten i kronan samt stor bl\u00e5 fl\u00e4ck i 3:e.<br \/>\nb punkt t h under 2 i 2 stycken<br \/>\nc bl\u00e5 fl\u00e4ck nedtill v\u00e4nster p\u00e5 stapeln i K<br \/>\n<strong>5.<br \/>\n<\/strong>a s i stycken har en extra sl\u00e4ng.<br \/>\nb liten bl\u00e5 fl\u00e4ck ovanp\u00e5 r i \u00f6re<br \/>\n<strong>6.<br \/>\n<\/strong>a punkt eller fl\u00e4ck ovanf\u00f6r kronan<br \/>\nb punkt vid 1:ans fot i 10 samt punkt mitt i nedflyttningstecknet f\u00f6r \u00f6re.<br \/>\nc liten punkt under tv\u00e4rstrecket i A samt sm\u00e5 punkter under h\u00f6ra stapeln i A i KRONA<\/p>\n<h2>Artiklar<\/h2>\n<p><a href=\"http:\/\/xn--hftessamlarna-bfb.se\/wp-content\/uploads\/HA11-Gunnar-Struck.pdf\">HA11 Gunnar Struck<\/a><\/p>\n","protected":false},"excerpt":{"rendered":"<p>Utgivningsdag: 1962-12-08 F 395B, D och 425B, D 3 \u00d7 10 \u00f6re och 2 \u00d7 35 \u00f6re. 2 motiv samt textruta. St\u00e5lgravyrtryck Upplaga: 3,83 milj. h\u00e4ften Omslag: vit kartong med bl\u00e5tt tryck Typer A \u00a0\u00a0 \u00a0omslagstryck fr\u00e5n 6 klich\u00e9er. Ba\u00a0\u00a0 &hellip; <a href=\"https:\/\/xn--hftessamlarna-bfb.se\/?page_id=3740\">Forts\u00e4tt l\u00e4sa <span class=\"meta-nav\">&rarr;<\/span><\/a><\/p>\n","protected":false},"author":1,"featured_media":0,"parent":3707,"menu_order":11,"comment_status":"open","ping_status":"closed","template":"","meta":{"footnotes":""},"class_list":["post-3740","page","type-page","status-publish","hentry"],"_links":{"self":[{"href":"https:\/\/xn--hftessamlarna-bfb.se\/index.php?rest_route=\/wp\/v2\/pages\/3740","targetHints":{"allow":["GET"]}}],"collection":[{"href":"https:\/\/xn--hftessamlarna-bfb.se\/index.php?rest_route=\/wp\/v2\/pages"}],"about":[{"href":"https:\/\/xn--hftessamlarna-bfb.se\/index.php?rest_route=\/wp\/v2\/types\/page"}],"author":[{"embeddable":true,"href":"https:\/\/xn--hftessamlarna-bfb.se\/index.php?rest_route=\/wp\/v2\/users\/1"}],"replies":[{"embeddable":true,"href":"https:\/\/xn--hftessamlarna-bfb.se\/index.php?rest_route=%2Fwp%2Fv2%2Fcomments&post=3740"}],"version-history":[{"count":0,"href":"https:\/\/xn--hftessamlarna-bfb.se\/index.php?rest_route=\/wp\/v2\/pages\/3740\/revisions"}],"up":[{"embeddable":true,"href":"https:\/\/xn--hftessamlarna-bfb.se\/index.php?rest_route=\/wp\/v2\/pages\/3707"}],"wp:attachment":[{"href":"https:\/\/xn--hftessamlarna-bfb.se\/index.php?rest_route=%2Fwp%2Fv2%2Fmedia&parent=3740"}],"curies":[{"name":"wp","href":"https:\/\/api.w.org\/{rel}","templated":true}]}}