{"id":3739,"date":"2013-09-18T10:18:26","date_gmt":"2013-09-18T08:18:26","guid":{"rendered":"http:\/\/xn--hftessamlarna-bfb.se\/?page_id=3739"},"modified":"2021-09-12T13:48:43","modified_gmt":"2021-09-12T12:48:43","slug":"ha10","status":"publish","type":"page","link":"https:\/\/xn--hftessamlarna-bfb.se\/?page_id=3739","title":{"rendered":"HA10"},"content":{"rendered":"<p><img loading=\"lazy\" decoding=\"async\" class=\"alignnone size-large wp-image-6157\" src=\"https:\/\/xn--hftessamlarna-bfb.se\/wp-content\/uploads\/HA-10-Header-1962-907x1024.jpg\" alt=\"\" width=\"584\" height=\"659\" srcset=\"https:\/\/xn--hftessamlarna-bfb.se\/wp-content\/uploads\/HA-10-Header-1962-907x1024.jpg 907w, https:\/\/xn--hftessamlarna-bfb.se\/wp-content\/uploads\/HA-10-Header-1962-266x300.jpg 266w, https:\/\/xn--hftessamlarna-bfb.se\/wp-content\/uploads\/HA-10-Header-1962-133x150.jpg 133w, https:\/\/xn--hftessamlarna-bfb.se\/wp-content\/uploads\/HA-10-Header-1962-768x867.jpg 768w, https:\/\/xn--hftessamlarna-bfb.se\/wp-content\/uploads\/HA-10-Header-1962-1360x1536.jpg 1360w, https:\/\/xn--hftessamlarna-bfb.se\/wp-content\/uploads\/HA-10-Header-1962-1814x2048.jpg 1814w\" sizes=\"auto, (max-width: 584px) 100vw, 584px\" \/><\/p>\n<p>Utgivningsdag: 1962-09-03<br \/>\nF395 B,D och F425 B,D<br \/>\n3 \u00d7 10 \u00f6re och 2 \u00d7 35 \u00f6re. 2 motiv och en blank ruta.<br \/>\nUpplaga: 1,25 milj. H\u00e4ften<br \/>\nVit kartong med bl\u00e5tt tryck fr\u00e5n 6 klich\u00e9er. 5 punkters streckperforering.<\/p>\n<h2>Markeringar<\/h2>\n<div id=\"Bok2_4377\" align=\"center\">\n<table class=\"aligncenter\" style=\"border-collapse: collapse; table-layout: fixed; width: 404px;\" border=\"0\" cellspacing=\"2\" cellpadding=\"2\" align=\"left\">\n<colgroup>\n<col style=\"mso-width-source: userset; mso-width-alt: 4205; width: 86pt;\" width=\"115\" \/>\n<col style=\"mso-width-source: userset; mso-width-alt: 3876; width: 80pt;\" width=\"106\" \/>\n<col style=\"mso-width-source: userset; mso-width-alt: 6692; width: 137pt;\" width=\"183\" \/><\/colgroup>\n<tbody>\n<tr style=\"height: 15.0pt;\">\n<td style=\"width: 115px; height: 20px; border: 1px solid #000000;\" align=\"left\" valign=\"top\"><span style=\"mso-spacerun: yes;\">\u00a0<\/span>OH<\/td>\n<td style=\"width: 115px; height: 20px; border: 1px solid #000000;\" align=\"left\" valign=\"top\">OV<\/td>\n<td style=\"width: 115px; height: 20px; border: 1px solid #000000;\" align=\"left\" valign=\"top\">Kommentar<\/td>\n<\/tr>\n<tr style=\"height: 15.0pt;\">\n<td style=\"width: 115px; height: 20px; border: 1px solid #000000;\" align=\"left\" valign=\"top\">1 fana<\/td>\n<td style=\"width: 115px; height: 20px; border: 1px solid #000000;\" align=\"left\" valign=\"top\">1<\/td>\n<td style=\"width: 115px; height: 20px; border: 1px solid #000000;\" align=\"left\" valign=\"top\">Finns skuggad och<br \/>\noskuggad<\/td>\n<\/tr>\n<tr style=\"height: 15.0pt;\">\n<td style=\"width: 115px; height: 20px; border: 1px solid #000000;\" align=\"left\" valign=\"top\">1fot<\/td>\n<td style=\"width: 115px; height: 20px; border: 1px solid #000000;\" align=\"left\" valign=\"top\">2 slinga<\/td>\n<td style=\"width: 115px; height: 20px; border: 1px solid #000000;\" align=\"left\" valign=\"top\">Dito<\/td>\n<\/tr>\n<tr style=\"height: 15.0pt;\">\n<td style=\"width: 115px; height: 20px; border: 1px solid #000000;\" align=\"left\" valign=\"top\">2<\/td>\n<td style=\"width: 115px; height: 20px; border: 1px solid #000000;\" align=\"left\" valign=\"top\">2 fot<\/td>\n<td style=\"width: 115px; height: 20px; border: 1px solid #000000;\" align=\"left\" valign=\"top\">Dito<\/td>\n<\/tr>\n<tr style=\"height: 15.0pt;\">\n<td style=\"width: 115px; height: 20px; border: 1px solid #000000;\" align=\"left\" valign=\"top\"><strong>Kontrollnummer<\/strong>:<\/td>\n<td style=\"width: 115px; height: 20px; border: 1px solid #000000;\" align=\"left\" valign=\"top\"><\/td>\n<td style=\"width: 115px; height: 20px; border: 1px solid #000000;\" align=\"left\" valign=\"top\"><\/td>\n<\/tr>\n<tr style=\"height: 15.0pt;\">\n<td style=\"width: 115px; height: 20px; border: 1px solid #000000;\" align=\"left\" valign=\"top\">Serie 1 och 2<\/td>\n<td style=\"width: 115px; height: 20px; border: 1px solid #000000;\" align=\"left\" valign=\"top\">Serie 3<\/td>\n<td style=\"width: 115px; height: 20px; border: 1px solid #000000;\" align=\"left\" valign=\"top\"><\/td>\n<\/tr>\n<tr style=\"height: 15.0pt;\">\n<td style=\"width: 115px; height: 20px; border: 1px solid #000000;\" align=\"left\" valign=\"top\">Antikva<br \/>\n1\u00bd+3\u00bd<span style=\"mso-spacerun: yes;\">\u00a0<\/span><\/td>\n<td style=\"width: 115px; height: 20px; border: 1px solid #000000;\" align=\"left\" valign=\"top\"><a name=\"RANGE!B7\"><\/a>Blockstil<br \/>\n4+1<\/td>\n<td style=\"width: 115px; height: 20px; border: 1px solid #000000;\" align=\"left\" valign=\"top\"><\/td>\n<\/tr>\n<tr style=\"height: 15.0pt;\">\n<td style=\"width: 115px; height: 20px; border: 1px solid #000000;\" align=\"left\" valign=\"top\">eller 2+3<\/td>\n<td style=\"width: 115px; height: 20px; border: 1px solid #000000;\" align=\"left\" valign=\"top\"><\/td>\n<td style=\"width: 115px; height: 20px; border: 1px solid #000000;\" align=\"left\" valign=\"top\"><\/td>\n<\/tr>\n<tr style=\"display: none;\">\n<td style=\"width: 115px; height: 20px; border: 1px solid #000000;\" align=\"left\" valign=\"top\"><\/td>\n<td style=\"width: 115px; height: 20px; border: 1px solid #000000;\" align=\"left\" valign=\"top\"><\/td>\n<td style=\"width: 115px; height: 20px; border: 1px solid #000000;\" align=\"left\" valign=\"top\"><\/td>\n<\/tr>\n<\/tbody>\n<\/table>\n<\/div>\n<p><!-----------------------------><br \/>\n<!--SLUTET P\u00c5 UTDATA FR\u00c5N GUIDEN PUBLICERA SOM WEBBSIDA I EXCEL--><br \/>\n<!-----------------------------><\/p>\n<h2>Varianter<\/h2>\n<p>1: Ett litet streck i marginalen ovanf\u00f6r hj\u00e4ssan p\u00e5 nedersta 35-\u00f6res m\u00e4rket.<br \/>\n2: Ett litet streck nedtill i v\u00e4nster marginal p\u00e5 \u00f6versta 10-\u00f6res m\u00e4rket.<\/p>\n<p>I Samband med M\u00e4ssan NORD 63 gjordes 2 tilltryck i tomrutan:<br \/>\n1. \u201d<strong>Nord 63 5-13 oktober G\u00d6TEBORG<\/strong>\u201d\u00a0 finns i f\u00e4rgerna bl\u00e5, gr\u00e5 och gr\u00f6n p\u00e5 samtliga inh\u00e4ftningar.<br \/>\n2. \u201d<strong>NORD 63 6 oktober LORENSBERG<\/strong>&#8221;. Finns bara i RV och med Specialst\u00e4mpeln p\u00e5 baksidan.<\/p>\n<div id=\"attachment_4234\" style=\"width: 116px\" class=\"wp-caption alignleft\"><a href=\"http:\/\/xn--hftessamlarna-bfb.se\/wp-content\/uploads\/HA10gladpask.jpg\" rel=\"attachment wp-att-4234\"><img loading=\"lazy\" decoding=\"async\" aria-describedby=\"caption-attachment-4234\" class=\" wp-image-4234\" src=\"http:\/\/xn--hftessamlarna-bfb.se\/wp-content\/uploads\/HA10gladpask-169x300.jpg\" alt=\"HA10gladpask\" width=\"106\" height=\"187\" srcset=\"https:\/\/xn--hftessamlarna-bfb.se\/wp-content\/uploads\/HA10gladpask-169x300.jpg 169w, https:\/\/xn--hftessamlarna-bfb.se\/wp-content\/uploads\/HA10gladpask.jpg 261w\" sizes=\"auto, (max-width: 106px) 100vw, 106px\" \/><\/a><p id=\"caption-attachment-4234\" class=\"wp-caption-text\">tilltryck &#8221;GLAD P\u00c5SK&#8221;<\/p><\/div>\n<div id=\"attachment_4929\" style=\"width: 310px\" class=\"wp-caption alignleft\"><a href=\"http:\/\/xn--hftessamlarna-bfb.se\/wp-content\/uploads\/HA10nord63.jpg\"><img loading=\"lazy\" decoding=\"async\" aria-describedby=\"caption-attachment-4929\" class=\"wp-image-4929 size-medium\" src=\"http:\/\/xn--hftessamlarna-bfb.se\/wp-content\/uploads\/HA10nord63-300x187.jpg\" alt=\"HA10nord63\" width=\"300\" height=\"187\" srcset=\"https:\/\/xn--hftessamlarna-bfb.se\/wp-content\/uploads\/HA10nord63-300x187.jpg 300w, https:\/\/xn--hftessamlarna-bfb.se\/wp-content\/uploads\/HA10nord63-150x94.jpg 150w, https:\/\/xn--hftessamlarna-bfb.se\/wp-content\/uploads\/HA10nord63-1024x640.jpg 1024w, https:\/\/xn--hftessamlarna-bfb.se\/wp-content\/uploads\/HA10nord63-480x300.jpg 480w, https:\/\/xn--hftessamlarna-bfb.se\/wp-content\/uploads\/HA10nord63.jpg 1607w\" sizes=\"auto, (max-width: 300px) 100vw, 300px\" \/><\/a><p id=\"caption-attachment-4929\" class=\"wp-caption-text\">tilltryck &#8221;nord 63&#8221; i tv\u00e5 f\u00e4rger<\/p><\/div>\n<h2>Klich\u00e9k\u00e4nnetcken<\/h2>\n<p><strong>1.<\/strong><br \/>\na bl\u00e5 fl\u00e4ck till v\u00e4nster nedanf\u00f6r posthornets mynning.<br \/>\nb punkt under tv\u00e4rstrecket i 5 i 35 \u00f6re.<br \/>\nc punkt tv \u00f6ver R i KRONA 0,5 mm ned p\u00e5 stapeln finns 1 bl\u00e5 punkt. I flera fall \u00e4r stapeln deformerad.<br \/>\n<strong> 2.<\/strong><br \/>\na punkt under R i FRIM\u00c4RKEN.<br \/>\nb punkt tv under 2 i 2 stycken<br \/>\nc punkt \u00f6ver k i stycken.<br \/>\n<strong>3.<\/strong><br \/>\na punkt t h i h\u00f6gra stapeln p\u00e5 \u00c4 FRIM\u00c4RKEN<br \/>\nb<b> <\/b>punkt t v om mitten av snedstapeln i N i KRONA<br \/>\n<strong>4.<\/strong><br \/>\na punkter i 1:a och 4:e f\u00e4lten i kronan samt stor bl\u00e5 fl\u00e4ck i 3:e.<br \/>\nb punkt t h under 2 i 2 stycken<br \/>\nc bl\u00e5 fl\u00e4ck nedtill v\u00e4nster p\u00e5 stapeln i K<br \/>\n<strong>5.<\/strong><br \/>\na s i stycken har en extra sl\u00e4ng.<br \/>\nb liten bl\u00e5 fl\u00e4ck ovanp\u00e5 r i \u00f6re<br \/>\n<strong>6.<\/strong><br \/>\na punkt eller fl\u00e4ck ovanf\u00f6r kronan<br \/>\nb punkt vid 1:ans fot i 10 samt punkt mitt i nedflyttningstecknet f\u00f6r \u00f6re.<br \/>\nc liten punkt under tv\u00e4rstrecket i A samt sm\u00e5 punkter under h\u00f6ra stapeln i A i KRONA<\/p>\n<h2>Artiklar<\/h2>\n<p><a href=\"http:\/\/xn--hftessamlarna-bfb.se\/wp-content\/uploads\/HA10-Gunnar-Struck.pdf\">HA10 Gunnar Struck<\/a><\/p>\n","protected":false},"excerpt":{"rendered":"<p>Utgivningsdag: 1962-09-03 F395 B,D och F425 B,D 3 \u00d7 10 \u00f6re och 2 \u00d7 35 \u00f6re. 2 motiv och en blank ruta. Upplaga: 1,25 milj. H\u00e4ften Vit kartong med bl\u00e5tt tryck fr\u00e5n 6 klich\u00e9er. 5 punkters streckperforering. Markeringar \u00a0OH OV &hellip; <a href=\"https:\/\/xn--hftessamlarna-bfb.se\/?page_id=3739\">Forts\u00e4tt l\u00e4sa <span class=\"meta-nav\">&rarr;<\/span><\/a><\/p>\n","protected":false},"author":1,"featured_media":0,"parent":3707,"menu_order":10,"comment_status":"open","ping_status":"closed","template":"","meta":{"footnotes":""},"class_list":["post-3739","page","type-page","status-publish","hentry"],"_links":{"self":[{"href":"https:\/\/xn--hftessamlarna-bfb.se\/index.php?rest_route=\/wp\/v2\/pages\/3739","targetHints":{"allow":["GET"]}}],"collection":[{"href":"https:\/\/xn--hftessamlarna-bfb.se\/index.php?rest_route=\/wp\/v2\/pages"}],"about":[{"href":"https:\/\/xn--hftessamlarna-bfb.se\/index.php?rest_route=\/wp\/v2\/types\/page"}],"author":[{"embeddable":true,"href":"https:\/\/xn--hftessamlarna-bfb.se\/index.php?rest_route=\/wp\/v2\/users\/1"}],"replies":[{"embeddable":true,"href":"https:\/\/xn--hftessamlarna-bfb.se\/index.php?rest_route=%2Fwp%2Fv2%2Fcomments&post=3739"}],"version-history":[{"count":0,"href":"https:\/\/xn--hftessamlarna-bfb.se\/index.php?rest_route=\/wp\/v2\/pages\/3739\/revisions"}],"up":[{"embeddable":true,"href":"https:\/\/xn--hftessamlarna-bfb.se\/index.php?rest_route=\/wp\/v2\/pages\/3707"}],"wp:attachment":[{"href":"https:\/\/xn--hftessamlarna-bfb.se\/index.php?rest_route=%2Fwp%2Fv2%2Fmedia&parent=3739"}],"curies":[{"name":"wp","href":"https:\/\/api.w.org\/{rel}","templated":true}]}}