{"id":3717,"date":"2013-09-04T14:08:37","date_gmt":"2013-09-04T12:08:37","guid":{"rendered":"http:\/\/xn--hftessamlarna-bfb.se\/?page_id=3717"},"modified":"2021-09-12T13:51:29","modified_gmt":"2021-09-12T12:51:29","slug":"ha6","status":"publish","type":"page","link":"https:\/\/xn--hftessamlarna-bfb.se\/?page_id=3717","title":{"rendered":"HA6"},"content":{"rendered":"<p><img loading=\"lazy\" decoding=\"async\" class=\"alignnone size-large wp-image-6153\" src=\"https:\/\/xn--hftessamlarna-bfb.se\/wp-content\/uploads\/HA-06-Header-1957-907x1024.jpg\" alt=\"\" width=\"584\" height=\"659\" srcset=\"https:\/\/xn--hftessamlarna-bfb.se\/wp-content\/uploads\/HA-06-Header-1957-907x1024.jpg 907w, https:\/\/xn--hftessamlarna-bfb.se\/wp-content\/uploads\/HA-06-Header-1957-266x300.jpg 266w, https:\/\/xn--hftessamlarna-bfb.se\/wp-content\/uploads\/HA-06-Header-1957-133x150.jpg 133w, https:\/\/xn--hftessamlarna-bfb.se\/wp-content\/uploads\/HA-06-Header-1957-768x867.jpg 768w, https:\/\/xn--hftessamlarna-bfb.se\/wp-content\/uploads\/HA-06-Header-1957-1360x1536.jpg 1360w, https:\/\/xn--hftessamlarna-bfb.se\/wp-content\/uploads\/HA-06-Header-1957-1814x2048.jpg 1814w\" sizes=\"auto, (max-width: 584px) 100vw, 584px\" \/><\/p>\n<p>Utgivningdag: 1957-06-01<br \/>\nF395B och 416B<br \/>\n1 \u00d7 10 \u00f6re och 3 \u00d7 30 \u00f6re. 2 motiv.<br \/>\nSt\u00e5lgravyrtryck<br \/>\nUpplaga: 7,10 milj. H\u00e4ften<br \/>\nOmslag: vit kartong med bl\u00e5tt tryck fr\u00e5n 6 klich\u00e9er.<\/p>\n<h2>Typer<\/h2>\n<p><strong>HA6A1<\/strong> Omslag med v\u00e5gr\u00e4ta ritsar p\u00e5 framsidan<br \/>\n<strong>HA6A2<\/strong> Omslag med v\u00e5gr\u00e4ta ritsar p\u00e5 fram och baksida<br \/>\n<strong>HA6A3<\/strong> Omslag med b\u00e5de Punkter och ritsar<br \/>\n<strong>HA6A4<\/strong> Omslag utan n\u00e5gra avtryck<br \/>\n<strong>HA6B\u00a0 \u00a0<\/strong>Omslag med enbart punkter<\/p>\n<h2>Markeringar<\/h2>\n<p><!-- [if !excel]>&nbsp;&nbsp;<![endif]-->RH,RV utan snedstreck<br \/>\nRH,RV med snedstreck och andrahandstryck<br \/>\n<!-----------------------------><\/p>\n<div id=\"Bok1_14816\" align=\"center\">\n<table class=\"alignleft\" style=\"width: 246px;\" border=\"0\" cellspacing=\"0\" cellpadding=\"0\" align=\"center\">\n<colgroup>\n<col style=\"mso-width-source: userset; mso-width-alt: 4498; width: 92pt;\" span=\"2\" width=\"123\" \/><\/colgroup>\n<tbody>\n<tr style=\"height: 18.75pt;\">\n<td style=\"height: 25px; border: 1px solid #000000;\">OH<\/td>\n<td style=\"height: 25px; border: 1px solid #000000;\">OV<\/td>\n<\/tr>\n<tr style=\"height: 18.75pt;\">\n<td style=\"height: 25px; border: 1px solid #000000;\">1<\/td>\n<td style=\"height: 25px; border: 1px solid #000000;\">1 fana<\/td>\n<\/tr>\n<tr style=\"height: 18.75pt;\">\n<td style=\"height: 25px; border: 1px solid #000000;\">2 slinga<\/td>\n<td style=\"height: 25px; border: 1px solid #000000;\">1 fot<\/td>\n<\/tr>\n<tr style=\"height: 18.75pt;\">\n<td style=\"height: 25px; border: 1px solid #000000;\">2 fot<\/td>\n<td style=\"height: 25px; border: 1px solid #000000;\">2<\/td>\n<\/tr>\n<tr style=\"height: 18.75pt;\">\n<td style=\"height: 25px; border: 1px solid #000000;\">kn antikva 3+2<\/td>\n<td style=\"height: 25px; border: 1px solid #000000;\">kn antikva 3+2<\/td>\n<\/tr>\n<tr style=\"display: none;\">\n<td style=\"height: 25px; border: 1px solid #000000;\"><\/td>\n<td style=\"height: 25px; border: 1px solid #000000;\"><\/td>\n<\/tr>\n<\/tbody>\n<\/table>\n<\/div>\n<p><!----------------------------->Kontrollnummer f\u00f6rekommer inte mer \u00e4n fr\u00e5n sista tryckningen och \u00e4r mycket s\u00e4llsynta.<br \/>\nVarianten bl\u00e5 rektangel f\u00f6rekommer i klich\u00e9 1 i HA6A4.<br \/>\n<!-----------------------------><\/p>\n<h2>Klich\u00e9k\u00e4nnetcken<\/h2>\n<p><strong>1.<\/strong><br \/>\na. tv\u00e5 punkter strax under posthornet.<br \/>\nb nedre delen av stapeln i R . KRONA deformerad.<br \/>\n<strong>2.<\/strong><br \/>\na punkt nedanf\u00f6r v\u00e4nstra pricken \u00f6ver \u00c4 i FRIM\u00c4RKEN.<br \/>\nb liten punkt i c i stycken, samt st\u00f6rre punkt nedtill p\u00e5 c.et.<br \/>\n<strong>3.<\/strong><br \/>\na punkt till h\u00f6ger om kronan.<br \/>\nb nedre delen av h\u00f6gra stapeln i K i KRONA saknas.<br \/>\nc punkt nere till v\u00e4nster om 3 i 30 samt fl\u00e4ck i \u00f6vre delen av \u201da\u201d i \u00e0.<br \/>\n<strong>4.<\/strong><br \/>\na yttre ringen i posthornet skadat kl 11.<br \/>\nb punkt under 1 i 1 KRONA.<br \/>\n<strong>5.<\/strong><br \/>\na punkt under nedflyttningstecknet f\u00f6r stycken.<br \/>\nb punkt under eller p\u00e5 v\u00e4nstra \u00f6vre tv\u00e4rstrecket p\u00e5 K i KRONA.<br \/>\n<strong>6.<\/strong><br \/>\na punkter till v\u00e4nster och h\u00f6ger om kronan samt litet streck nere till v\u00e4nster o<br \/>\nposthornet.<br \/>\nb grop nedtill till v\u00e4nster i O i KRONOR.<br \/>\nc punkt upptill till v\u00e4nster om nedflyttningstecknet f\u00f6r stycken.<\/p>\n<p>Observera att alla k\u00e4nnetecknen inte finns\u00a0 i hela upplagan.<\/p>\n<h2>Artiklar<\/h2>\n<p><a href=\"http:\/\/xn--hftessamlarna-bfb.se\/wp-content\/uploads\/HA6-Gunnar-Struck.pdf\">HA6 Gunnar Struck<\/a><\/p>\n","protected":false},"excerpt":{"rendered":"<p>Utgivningdag: 1957-06-01 F395B och 416B 1 \u00d7 10 \u00f6re och 3 \u00d7 30 \u00f6re. 2 motiv. St\u00e5lgravyrtryck Upplaga: 7,10 milj. H\u00e4ften Omslag: vit kartong med bl\u00e5tt tryck fr\u00e5n 6 klich\u00e9er. Typer HA6A1 Omslag med v\u00e5gr\u00e4ta ritsar p\u00e5 framsidan HA6A2 Omslag &hellip; <a href=\"https:\/\/xn--hftessamlarna-bfb.se\/?page_id=3717\">Forts\u00e4tt l\u00e4sa <span class=\"meta-nav\">&rarr;<\/span><\/a><\/p>\n","protected":false},"author":1,"featured_media":0,"parent":3707,"menu_order":6,"comment_status":"open","ping_status":"closed","template":"","meta":{"footnotes":""},"class_list":["post-3717","page","type-page","status-publish","hentry"],"_links":{"self":[{"href":"https:\/\/xn--hftessamlarna-bfb.se\/index.php?rest_route=\/wp\/v2\/pages\/3717","targetHints":{"allow":["GET"]}}],"collection":[{"href":"https:\/\/xn--hftessamlarna-bfb.se\/index.php?rest_route=\/wp\/v2\/pages"}],"about":[{"href":"https:\/\/xn--hftessamlarna-bfb.se\/index.php?rest_route=\/wp\/v2\/types\/page"}],"author":[{"embeddable":true,"href":"https:\/\/xn--hftessamlarna-bfb.se\/index.php?rest_route=\/wp\/v2\/users\/1"}],"replies":[{"embeddable":true,"href":"https:\/\/xn--hftessamlarna-bfb.se\/index.php?rest_route=%2Fwp%2Fv2%2Fcomments&post=3717"}],"version-history":[{"count":0,"href":"https:\/\/xn--hftessamlarna-bfb.se\/index.php?rest_route=\/wp\/v2\/pages\/3717\/revisions"}],"up":[{"embeddable":true,"href":"https:\/\/xn--hftessamlarna-bfb.se\/index.php?rest_route=\/wp\/v2\/pages\/3707"}],"wp:attachment":[{"href":"https:\/\/xn--hftessamlarna-bfb.se\/index.php?rest_route=%2Fwp%2Fv2%2Fmedia&parent=3717"}],"curies":[{"name":"wp","href":"https:\/\/api.w.org\/{rel}","templated":true}]}}